{"id":2099,"date":"2017-04-07T08:41:32","date_gmt":"2017-04-07T08:41:32","guid":{"rendered":"http:\/\/www.fmsdocumentation.com\/travel-summary-report\/"},"modified":"2018-12-20T15:51:55","modified_gmt":"2018-12-20T13:51:55","slug":"informe-de-resumen-del-viaje","status":"publish","type":"page","link":"https:\/\/www.fmsdocumentation.com\/es\/menu-de-informes\/informe-de-resumen-del-viaje\/","title":{"rendered":"Informe de resumen del viaje"},"content":{"rendered":"<p><strong>Informe de resumen del viaje<\/strong> \u2013 este tipo de informe se centra en res\u00famenes de viajes, kilometraje, ubicaciones de inicio \/ final y similar. Al principio el usuario debe seleccionar el per\u00edodo, para el cu\u00e1l se generar\u00e1 este informe.<\/p>\n<p><strong>Rango de fecha<\/strong>\u00a0\u2013 para seleccionar un rango de fecha (per\u00edodo) el usuario debe hacer clic en \u201cElegir rango de fechas\u201d, se abrir\u00e1 un calendario emergente. El calendario es el mismo en todo FMS. Para seleccionar la fecha de inicio \/ final, el usuario simplemente tiene que hacer clic en la fecha deseada y entonces hacer clic en la fecha opuesta. Los d\u00edas seleccionados se resaltar\u00e1n en azul. El d\u00eda actual est\u00e1 resaltado con un tri\u00e1ngulo azul peque\u00f1o. Si se selecciona el d\u00eda actual, el tri\u00e1ngulo estar\u00e1 blanco. El rango m\u00e1ximo es 6 meses. Despu\u00e9s de seleccionar la fecha, se la mostrar\u00e1 en el resumen del informe.<\/p>\n<p><a href=\"https:\/\/www.fmsdocumentation.com\/wp-content\/uploads\/2017\/04\/136-1ES.png\"><img loading=\"lazy\" decoding=\"async\" class=\"alignnone size-full wp-image-3148\" src=\"https:\/\/www.fmsdocumentation.com\/wp-content\/uploads\/2017\/04\/136-1ES.png\" alt=\"\" width=\"600\" height=\"485\" srcset=\"https:\/\/www.fmsdocumentation.com\/wp-content\/uploads\/2017\/04\/136-1ES.png 600w, https:\/\/www.fmsdocumentation.com\/wp-content\/uploads\/2017\/04\/136-1ES-300x243.png 300w\" sizes=\"auto, (max-width: 600px) 100vw, 600px\" \/><\/a><\/p>\n<p>La longitud m\u00ednima del per\u00edodo es un d\u00eda. Para seleccionar un s\u00f3lo d\u00eda, el usuario simplemente tiene que hacer doble clic en el d\u00eda deseado. Luego, el usuario debe seleccionar el basis, para el cu\u00e1l se generar\u00e1 el informe.<\/p>\n<p><strong>Reportar por\u00a0<\/strong>\u2013 este ajuste define el basis principal del informe. Hay dos opciones disponibles:<\/p>\n<ul>\n<li>Objetos<\/li>\n<li>Conductores<\/li>\n<\/ul>\n<p>El informe generado mostrar\u00e1 informaci\u00f3n (<em>par\u00e1metros: distancia de viaje, ubicaci\u00f3n al inicio etc.<\/em>) para el basis seleccionado (<em>objetos o conductores<\/em>). Si se selecciona objetos, el informe mostrar\u00e1 informaci\u00f3n para los objetos seleccionados.<\/p>\n<p>Si se selecciona\u00a0<em>Objetos<\/em>, la lista tambi\u00e9n incluir\u00e1\u00a0<strong>grupos<\/strong>\u00a0de objetos. El usuario puede seleccionar un grupo entero marcando la casilla cerca del grupo. Se puede extender el grupo haciendo clic en el s\u00edmbolo m\u00e1s y se puede hacer clic en el s\u00edmbolo menos para colapsar el grupo.\u00a0<strong>Se puede seleccionar objetos individuales.<\/strong>\u00a0Hay que notar que si se selecciona un objeto, pertenecido a varios grupos, se resaltar\u00e1 en cada grupo, como se muestra en la imagen a continuaci\u00f3n. Si se selecciona un grupo entero, la casilla estar\u00e1 resaltada en azul con una marca blanca. Si se selecciona una parte de grupo, la casilla estar\u00e1 resaltada en azul (mostrado en la imagen a continuaci\u00f3n). El usuario tambi\u00e9n puede utilizar una barra de b\u00fasqueda para encontrar grupos y objectos con rapidez. Se puede seleccionar\/deseleccionar todos los grupos marcando la casilla al lado de \u201cSeleccionar todos los grupos\u201d. La cantidad de objetos seleccionados y todos los objetos se muestra en la esquina derecha superior de la lista.<\/p>\n<p><a href=\"https:\/\/www.fmsdocumentation.com\/wp-content\/uploads\/2017\/04\/281ES.png\" data-featherlight=\"image\"><img loading=\"lazy\" decoding=\"async\" class=\"alignnone wp-image-3115 size-full\" src=\"https:\/\/www.fmsdocumentation.com\/wp-content\/uploads\/2017\/04\/281ES.png\" sizes=\"auto, (max-width: 574px) 100vw, 574px\" srcset=\"https:\/\/www.fmsdocumentation.com\/wp-content\/uploads\/2017\/04\/281ES.png 574w, https:\/\/www.fmsdocumentation.com\/wp-content\/uploads\/2017\/04\/281ES-300x218.png 300w\" alt=\"\" width=\"574\" height=\"418\" \/><\/a><\/p>\n<p>Si se selecciona\u00a0<em>Conductores<\/em>, se mostrar\u00e1n conductores en la lista desplegable. Para seleccionar a un conductor, el usuario tiene que marcar la casilla al lado del conductor. Marcando la casilla \u201cSeleccionar todo\u201d seleccionar\u00e1\/deseleccionar\u00e1 a todos los conductores. La lista se actualiza autom\u00e1ticamente con cada s\u00edmbolo introducido a la barra de b\u00fasqueda.\u00a0La cantidad de conductores seleccionados y todos los conductores se muestra en la esquina derecha superior de la lista.<\/p>\n<p><a href=\"https:\/\/www.fmsdocumentation.com\/wp-content\/uploads\/2018\/12\/340ES.png\" data-featherlight=\"image\"><img loading=\"lazy\" decoding=\"async\" class=\"alignnone size-full wp-image-6804\" src=\"https:\/\/www.fmsdocumentation.com\/wp-content\/uploads\/2018\/12\/340ES.png\" sizes=\"auto, (max-width: 549px) 100vw, 549px\" srcset=\"https:\/\/www.fmsdocumentation.com\/wp-content\/uploads\/2018\/12\/340ES.png 549w, https:\/\/www.fmsdocumentation.com\/wp-content\/uploads\/2018\/12\/340ES-300x162.png 300w\" alt=\"\" width=\"549\" height=\"296\" \/><\/a><\/p>\n<p>Despu\u00e9s de seleccionar los objetos \/ conductores, el usuario debe seleccionar par\u00e1metros en la lista de columnas. Este informe incluir\u00e1 los siguientes par\u00e1metros, seleccionados por defecto:<\/p>\n<ul>\n<li>Ubicaci\u00f3n de inicio del trabajo \u2013 la ubicaci\u00f3n del veh\u00edculo al encender la ignici\u00f3n por la primera vez ese d\u00eda, no puede ser eliminado;<\/li>\n<li>Ubicaci\u00f3n de fin de trabajo \u2013 la ubicaci\u00f3n del veh\u00edculo al apagar la ignici\u00f3n por la \u00faltima vez ese d\u00eda, no puede ser eliminado;<\/li>\n<li>Fecha \u2013 la fecha y d\u00eda de semana cuando un registro tiene datos, no puede ser eliminado;<\/li>\n<li>Fecha de inicio del trabajo \u2013 la fecha y hora al encender la ignici\u00f3n por la primera vez ese d\u00eda, puede ser eliminado;<\/li>\n<li>Fecha de fin del trabajo \u2013 la fecha y hora al apagar la ignici\u00f3n por la \u00faltima vez ese d\u00eda, puede ser eliminado;<\/li>\n<li>Kilometraje al inicio \u2013 el kilometraje al inicio de un d\u00eda de trabajo, puede ser eliminado;<\/li>\n<li>Kilometraje al final \u2013 el kilometraje al final de un d\u00eda de trabajo, puede ser eliminado;<\/li>\n<li>Kilometraje pasado \u2013 el kilometraje recorrido en un d\u00eda de trabajo, puede ser eliminado;<\/li>\n<li>Combustible consumido \u2013 la cantidad de combustible consumido en un d\u00eda de trabajo en litros, puede ser eliminado.<\/li>\n<\/ul>\n<p>Los otros par\u00e1metros que son opcionales:<\/p>\n<ul>\n<li>Combustible medio consumido;<\/li>\n<li>Kilometraje de viaje de trabajo;<\/li>\n<li>Firma del conductor \u2013 incluye un campo vac\u00edo, en el que el conductor puede poner su firma;<\/li>\n<li>Conductores \u2013 nombre del conductor;<\/li>\n<li>Tiempo de inactividad;<\/li>\n<li>Kilometraje de viaje privado;<\/li>\n<li>Duraci\u00f3n de trabajo total \u2013 la cantidad total de horas de trabajo para todos los d\u00edas seleccionados;<\/li>\n<li>Kilometraje de viaje de negocios;<\/li>\n<li>Diferencia de kilometraje y od\u00f3metro virtual;<\/li>\n<li>Nivel de combustible al inicio;<\/li>\n<li>Nivel de combustible al final;<\/li>\n<li>Velocidad media;<\/li>\n<li>Velocidad m\u00e1xima.<\/li>\n<\/ul>\n<p>Despu\u00e9s de seleccionar los par\u00e1metros en la lista de columnas, el usuario puede habilitar o deshabilitar el resumen del informe.<\/p>\n<p><strong>Resumen del informe\u00a0<\/strong>\u2013 habilitado por defecto, incluir\u00e1 una secci\u00f3n de resumen en el informe. Esto resumir\u00e1 toda la informaci\u00f3n en el informe.<\/p>\n<p><strong>Se muestran los d\u00edas sin entradas<\/strong>\u00a0\u2013 incluir\u00e1 los d\u00edas sin entradas en el informe.<\/p>\n<p><a href=\"https:\/\/www.fmsdocumentation.com\/wp-content\/uploads\/2017\/04\/205ES.png\"><img loading=\"lazy\" decoding=\"async\" class=\"alignnone wp-image-3151 size-full\" src=\"https:\/\/www.fmsdocumentation.com\/wp-content\/uploads\/2017\/04\/205ES.png\" alt=\"\" width=\"1216\" height=\"551\" srcset=\"https:\/\/www.fmsdocumentation.com\/wp-content\/uploads\/2017\/04\/205ES.png 1216w, https:\/\/www.fmsdocumentation.com\/wp-content\/uploads\/2017\/04\/205ES-300x136.png 300w, https:\/\/www.fmsdocumentation.com\/wp-content\/uploads\/2017\/04\/205ES-768x348.png 768w, https:\/\/www.fmsdocumentation.com\/wp-content\/uploads\/2017\/04\/205ES-1024x464.png 1024w\" sizes=\"auto, (max-width: 1216px) 100vw, 1216px\" \/><\/a><\/p>\n<p>Para finalizar y generar el informe, el usuario debe hacer clic en el bot\u00f3n &#8220;Generar&#8221;. Para cancelar la creaci\u00f3n del informe el usuario tiene que hacer clic en el bot\u00f3n &#8220;Cancelar&#8221;, o en cualquier otro bot\u00f3n fuera de la ventana &#8220;Generar nuevo informe&#8221;.<\/p>\n<p><a href=\"https:\/\/www.fmsdocumentation.com\/wp-content\/uploads\/2017\/04\/202ES.png\"><img loading=\"lazy\" decoding=\"async\" class=\"alignnone size-full wp-image-3121\" src=\"https:\/\/www.fmsdocumentation.com\/wp-content\/uploads\/2017\/04\/202ES.png\" alt=\"\" width=\"528\" height=\"82\" srcset=\"https:\/\/www.fmsdocumentation.com\/wp-content\/uploads\/2017\/04\/202ES.png 528w, https:\/\/www.fmsdocumentation.com\/wp-content\/uploads\/2017\/04\/202ES-300x47.png 300w\" sizes=\"auto, (max-width: 528px) 100vw, 528px\" \/><\/a><\/p>\n<hr \/>\n<p><div class=\"alignleft\"><a href=\"https:\/\/www.fmsdocumentation.com\/es\/menu-de-informes\/informe-de-temperaturas\/\" title=\"Informe de temperaturas\"><span class=\"arrow\">\u2039 &nbsp <\/span> Informe de temperaturas <\/a><\/div> <div class=\"alignright\"><a href=\"https:\/\/www.fmsdocumentation.com\/es\/menu-de-informes\/informe-de-trayectos\/\" title=\"Informe de trayectos\">Informe de trayectos <span class=\"arrow\"> &nbsp\u203a <\/span> <\/a><\/div><\/p>\n<p>&nbsp;<\/p>\n<p>&nbsp;<\/p>\n","protected":false},"excerpt":{"rendered":"<p>Informe de resumen del viaje \u2013 este tipo de informe se centra en res\u00famenes de viajes, kilometraje, ubicaciones de inicio \/ final y similar. Al principio el usuario debe seleccionar el per\u00edodo, para el cu\u00e1l se generar\u00e1 este informe. Rango de fecha\u00a0\u2013 para seleccionar un rango de fecha (per\u00edodo) el usuario debe hacer clic en &hellip; <a href=\"https:\/\/www.fmsdocumentation.com\/es\/menu-de-informes\/informe-de-resumen-del-viaje\/\" class=\"more-link\">Sigue leyendo <span class=\"screen-reader-text\">Informe de resumen del viaje<\/span><\/a><\/p>\n","protected":false},"author":1,"featured_media":0,"parent":2139,"menu_order":12,"comment_status":"closed","ping_status":"closed","template":"","meta":{"footnotes":""},"class_list":["post-2099","page","type-page","status-publish","hentry"],"_links":{"self":[{"href":"https:\/\/www.fmsdocumentation.com\/es\/wp-json\/wp\/v2\/pages\/2099","targetHints":{"allow":["GET"]}}],"collection":[{"href":"https:\/\/www.fmsdocumentation.com\/es\/wp-json\/wp\/v2\/pages"}],"about":[{"href":"https:\/\/www.fmsdocumentation.com\/es\/wp-json\/wp\/v2\/types\/page"}],"author":[{"embeddable":true,"href":"https:\/\/www.fmsdocumentation.com\/es\/wp-json\/wp\/v2\/users\/1"}],"replies":[{"embeddable":true,"href":"https:\/\/www.fmsdocumentation.com\/es\/wp-json\/wp\/v2\/comments?post=2099"}],"version-history":[{"count":15,"href":"https:\/\/www.fmsdocumentation.com\/es\/wp-json\/wp\/v2\/pages\/2099\/revisions"}],"predecessor-version":[{"id":6850,"href":"https:\/\/www.fmsdocumentation.com\/es\/wp-json\/wp\/v2\/pages\/2099\/revisions\/6850"}],"up":[{"embeddable":true,"href":"https:\/\/www.fmsdocumentation.com\/es\/wp-json\/wp\/v2\/pages\/2139"}],"wp:attachment":[{"href":"https:\/\/www.fmsdocumentation.com\/es\/wp-json\/wp\/v2\/media?parent=2099"}],"curies":[{"name":"wp","href":"https:\/\/api.w.org\/{rel}","templated":true}]}}