{"id":2101,"date":"2017-04-07T08:37:53","date_gmt":"2017-04-07T08:37:53","guid":{"rendered":"http:\/\/www.fmsdocumentation.com\/temperatures-report\/"},"modified":"2018-12-20T15:42:06","modified_gmt":"2018-12-20T13:42:06","slug":"informe-de-temperaturas","status":"publish","type":"page","link":"https:\/\/www.fmsdocumentation.com\/es\/menu-de-informes\/informe-de-temperaturas\/","title":{"rendered":"Informe de temperaturas"},"content":{"rendered":"<p><strong>Informe de temperaturas<\/strong> \u2013 este tipo de informe se centra en datos recibidos desde sensores de temperatura. Al principio el usuario debe seleccionar el periodo, para el que se generar\u00e1 el informe.<\/p>\n<p><strong>Rango de fecha<\/strong>\u00a0\u2013 para seleccionar un rango de fecha (per\u00edodo) el usuario debe hacer clic en \u201cElegir rango de fechas\u201d, se abrir\u00e1 un calendario emergente. El calendario es el mismo en todo FMS. Para seleccionar la fecha de inicio \/ final, el usuario simplemente tiene que hacer clic en la fecha deseada y entonces hacer clic en la fecha opuesta. Los d\u00edas seleccionados se resaltar\u00e1n en azul. El d\u00eda actual est\u00e1 resaltado con un tri\u00e1ngulo azul peque\u00f1o. Si se selecciona el d\u00eda actual, el tri\u00e1ngulo estar\u00e1 blanco. Luego, el usuario puede especificar las horas exactas, las cu\u00e1les incluir en el informe. Para guardar los cambios hay que hacer clic en el bot\u00f3n \u201cAplicar\u201d, si no, los cambios no se guardar\u00e1n.<\/p>\n<p><a href=\"https:\/\/www.fmsdocumentation.com\/wp-content\/uploads\/2017\/04\/136ES.png\"><img loading=\"lazy\" decoding=\"async\" class=\"alignnone size-full wp-image-3119\" src=\"https:\/\/www.fmsdocumentation.com\/wp-content\/uploads\/2017\/04\/136ES.png\" alt=\"\" width=\"575\" height=\"552\" srcset=\"https:\/\/www.fmsdocumentation.com\/wp-content\/uploads\/2017\/04\/136ES.png 575w, https:\/\/www.fmsdocumentation.com\/wp-content\/uploads\/2017\/04\/136ES-300x288.png 300w\" sizes=\"auto, (max-width: 575px) 100vw, 575px\" \/><\/a><\/p>\n<p>La longitud m\u00ednima del per\u00edodo es un d\u00eda. Para seleccionar un s\u00f3lo d\u00eda, el usuario simplemente tiene que hacer doble clic en el d\u00eda deseado. Luego, el usuario tiene que seleccionar, para cu\u00e1les objetos se generar\u00e1 el informe.<\/p>\n<p><strong>Objetos<\/strong>\u00a0\u2013 esto permite al usuario elegir para cuales objetos se generar\u00e1 el informe. La lista tambi\u00e9n incluir\u00e1\u00a0<strong>grupos<\/strong>\u00a0de objetos. El usuario puede seleccionar un grupo entero marcando la casilla cerca del grupo. Se puede extender el grupo haciendo clic en el s\u00edmbolo m\u00e1s y se puede hacer clic en el s\u00edmbolo menos para colapsar el grupo.\u00a0<strong>Se puede seleccionar objetos individuales.<\/strong>\u00a0Hay que notar que si se selecciona un objeto, pertenecido a varios grupos, se resaltar\u00e1 en cada grupo, como se muestra en la imagen a continuaci\u00f3n. Si se selecciona un grupo entero, la casilla estar\u00e1 resaltada en azul con una marca blanca. Si se selecciona una parte de grupo, la casilla estar\u00e1 resaltada en azul (mostrado en la imagen a continuaci\u00f3n). El usuario tambi\u00e9n puede utilizar una barra de b\u00fasqueda para encontrar grupos y objectos con rapidez. Se puede seleccionar\/deseleccionar todos los grupos marcando la casilla al lado de \u201cSeleccionar todos los grupos\u201d. La cantidad de objetos seleccionados y todos los objetos se muestra en la esquina derecha superior de la lista.<\/p>\n<p><a href=\"https:\/\/www.fmsdocumentation.com\/wp-content\/uploads\/2017\/04\/281ES.png\" data-featherlight=\"image\"><img loading=\"lazy\" decoding=\"async\" class=\"alignnone wp-image-3115 size-full\" src=\"https:\/\/www.fmsdocumentation.com\/wp-content\/uploads\/2017\/04\/281ES.png\" sizes=\"auto, (max-width: 574px) 100vw, 574px\" srcset=\"https:\/\/www.fmsdocumentation.com\/wp-content\/uploads\/2017\/04\/281ES.png 574w, https:\/\/www.fmsdocumentation.com\/wp-content\/uploads\/2017\/04\/281ES-300x218.png 300w\" alt=\"\" width=\"574\" height=\"418\" \/><\/a><\/p>\n<p>Despu\u00e9s de seleccionar los objetos, el usuario debe fijar el intervalo de divisi\u00f3n.<\/p>\n<p><strong>Intervalo de divisi\u00f3n<\/strong>\u00a0\u2013 permite al usuario elegir el per\u00edodo de tiempo entre datos de temperatura. Esto significa que las temperaturas se mostrar\u00e1n cada per\u00edodo seleccionado (por ejemplo cada 30 minutos). Este ajuste puede ser fijado solo con intervalos predefinidos:<\/p>\n<ul>\n<li>5 min\u00a0\u2013 por defecto<\/li>\n<li>15 min<\/li>\n<li>30 min<\/li>\n<li>45 min<\/li>\n<li>1 hora<\/li>\n<li>1 hora 30 min<\/li>\n<li>2 horas<\/li>\n<\/ul>\n<p>Despu\u00e9s de configurar el intervalo de divisi\u00f3n, el usuario debe seleccionar par\u00e1metros en <strong>la lista de columnas<\/strong>. Este informe incluir\u00e1 los siguientes par\u00e1metros, seleccionados por defecto:<\/p>\n<ul>\n<li>Per\u00edodo \u2013 no puede ser eliminado, muestra el per\u00edodo de tiempo, para el cu\u00e1l se muestran los datos de temperatura;<\/li>\n<li>Media de entrada \u2013 puede ser eliminado, muestra el valor medio del sensor de temepratura;<\/li>\n<li>M\u00e1x entrada \u2013 puede ser eliminado, muestra el m\u00e1ximo valor registrado por el sensor de temperatura;<\/li>\n<li>M\u00edn entrada \u2013 puede ser eliminado, muestra el m\u00ednimo valor registrado por el sensor de temperatura.<\/li>\n<\/ul>\n<p>Mientras no seleccionada por defecto, una columna de sensor es necesaria para mostrar datos de temperatura, tambi\u00e9n se puede seleccionar los siguientes par\u00e1metros (aqu\u00ed X &#8211; el n\u00famero del sensor (de 0 a 3)):<\/p>\n<ul>\n<li>Conductor\u00a0\u2013 el conductor del veh\u00edculo;<\/li>\n<li>Sensor X m\u00edn \u2013 la temperatura m\u00ednima, registrada por sensor X;<\/li>\n<li>Media sensor X \u2013 la temperatura media, registrada por sensor X;<\/li>\n<li>Sensor X m\u00e1x \u2013 la temperatura m\u00e1xima, registrada por sensor X;<\/li>\n<li>Posici\u00f3n de fin \u2013 la \u00faltima ubicaci\u00f3n durante el per\u00edodo seleccionado;<\/li>\n<li>Posici\u00f3n de inicio \u2013 la primera ubicaci\u00f3n durante el per\u00edodo seleccionado.<\/li>\n<\/ul>\n<p>Despu\u00e9s de seleccionar los par\u00e1metros en la lista de columnas, el usuario puede habilitar o deshabilitar el resumen del informe.<\/p>\n<p><strong>Resumen del informe\u00a0<\/strong>\u2013 habilitado por defecto, incluir\u00e1 una secci\u00f3n de resumen en el informe. Esto resumir\u00e1 toda la informaci\u00f3n en el informe.<\/p>\n<p>Entonces el usuario puede seleccionar el intervalo de divisi\u00f3n.<\/p>\n<p><a href=\"https:\/\/www.fmsdocumentation.com\/wp-content\/uploads\/2017\/04\/204ES.png\"><img loading=\"lazy\" decoding=\"async\" class=\"alignnone wp-image-3142 size-full\" src=\"https:\/\/www.fmsdocumentation.com\/wp-content\/uploads\/2017\/04\/204ES.png\" alt=\"\" width=\"1209\" height=\"324\" srcset=\"https:\/\/www.fmsdocumentation.com\/wp-content\/uploads\/2017\/04\/204ES.png 1209w, https:\/\/www.fmsdocumentation.com\/wp-content\/uploads\/2017\/04\/204ES-300x80.png 300w, https:\/\/www.fmsdocumentation.com\/wp-content\/uploads\/2017\/04\/204ES-768x206.png 768w, https:\/\/www.fmsdocumentation.com\/wp-content\/uploads\/2017\/04\/204ES-1024x274.png 1024w\" sizes=\"auto, (max-width: 1209px) 100vw, 1209px\" \/><\/a><\/p>\n<p>Para finalizar y generar el informe, el usuario debe hacer clic en el bot\u00f3n &#8220;Generar&#8221;. Para cancelar la creaci\u00f3n del informe el usuario tiene que hacer clic en el bot\u00f3n &#8220;Cancelar&#8221;, o en cualquier otro bot\u00f3n fuera de la ventana &#8220;Generar nuevo informe&#8221;.<\/p>\n<p><a href=\"https:\/\/www.fmsdocumentation.com\/wp-content\/uploads\/2017\/04\/202ES.png\"><img loading=\"lazy\" decoding=\"async\" class=\"alignnone size-full wp-image-3121\" src=\"https:\/\/www.fmsdocumentation.com\/wp-content\/uploads\/2017\/04\/202ES.png\" alt=\"\" width=\"528\" height=\"82\" srcset=\"https:\/\/www.fmsdocumentation.com\/wp-content\/uploads\/2017\/04\/202ES.png 528w, https:\/\/www.fmsdocumentation.com\/wp-content\/uploads\/2017\/04\/202ES-300x47.png 300w\" sizes=\"auto, (max-width: 528px) 100vw, 528px\" \/><\/a><\/p>\n<hr \/>\n<p><div class=\"alignleft\"><a href=\"https:\/\/www.fmsdocumentation.com\/es\/menu-de-informes\/informe-de-parametros-sobre-el-limite\/\" title=\"Informe de par\u00e1metros sobre el l\u00edmite\"><span class=\"arrow\">\u2039 &nbsp <\/span> Informe de par\u00e1metros sobre el l\u00edmite <\/a><\/div> <div class=\"alignright\"><a href=\"https:\/\/www.fmsdocumentation.com\/es\/menu-de-informes\/informe-de-resumen-del-viaje\/\" title=\"Informe de resumen del viaje\">Informe de resumen del viaje <span class=\"arrow\"> &nbsp\u203a <\/span> <\/a><\/div><\/p>\n<p>&nbsp;<\/p>\n","protected":false},"excerpt":{"rendered":"<p>Informe de temperaturas \u2013 este tipo de informe se centra en datos recibidos desde sensores de temperatura. Al principio el usuario debe seleccionar el periodo, para el que se generar\u00e1 el informe. Rango de fecha\u00a0\u2013 para seleccionar un rango de fecha (per\u00edodo) el usuario debe hacer clic en \u201cElegir rango de fechas\u201d, se abrir\u00e1 un &hellip; <a href=\"https:\/\/www.fmsdocumentation.com\/es\/menu-de-informes\/informe-de-temperaturas\/\" class=\"more-link\">Sigue leyendo <span class=\"screen-reader-text\">Informe de temperaturas<\/span><\/a><\/p>\n","protected":false},"author":1,"featured_media":0,"parent":2139,"menu_order":11,"comment_status":"closed","ping_status":"closed","template":"","meta":{"footnotes":""},"class_list":["post-2101","page","type-page","status-publish","hentry"],"_links":{"self":[{"href":"https:\/\/www.fmsdocumentation.com\/es\/wp-json\/wp\/v2\/pages\/2101","targetHints":{"allow":["GET"]}}],"collection":[{"href":"https:\/\/www.fmsdocumentation.com\/es\/wp-json\/wp\/v2\/pages"}],"about":[{"href":"https:\/\/www.fmsdocumentation.com\/es\/wp-json\/wp\/v2\/types\/page"}],"author":[{"embeddable":true,"href":"https:\/\/www.fmsdocumentation.com\/es\/wp-json\/wp\/v2\/users\/1"}],"replies":[{"embeddable":true,"href":"https:\/\/www.fmsdocumentation.com\/es\/wp-json\/wp\/v2\/comments?post=2101"}],"version-history":[{"count":8,"href":"https:\/\/www.fmsdocumentation.com\/es\/wp-json\/wp\/v2\/pages\/2101\/revisions"}],"predecessor-version":[{"id":6840,"href":"https:\/\/www.fmsdocumentation.com\/es\/wp-json\/wp\/v2\/pages\/2101\/revisions\/6840"}],"up":[{"embeddable":true,"href":"https:\/\/www.fmsdocumentation.com\/es\/wp-json\/wp\/v2\/pages\/2139"}],"wp:attachment":[{"href":"https:\/\/www.fmsdocumentation.com\/es\/wp-json\/wp\/v2\/media?parent=2101"}],"curies":[{"name":"wp","href":"https:\/\/api.w.org\/{rel}","templated":true}]}}