{"id":2103,"date":"2017-04-07T08:20:35","date_gmt":"2017-04-07T08:20:35","guid":{"rendered":"http:\/\/www.fmsdocumentation.com\/geozones-report\/"},"modified":"2018-12-20T15:34:19","modified_gmt":"2018-12-20T13:34:19","slug":"informe-de-geozonas","status":"publish","type":"page","link":"https:\/\/www.fmsdocumentation.com\/es\/menu-de-informes\/informe-de-geozonas\/","title":{"rendered":"Informe de geozonas"},"content":{"rendered":"<p><strong>Informe de geozonas<\/strong>\u00a0&#8211; este tipo de informe se centra en actividad alrededor de y dentro de geozonas, fijadas por el usuario en el <a href=\"https:\/\/www.fmsdocumentation.com\/es\/menu-de-geozonas\/?lang=es\">men\u00fa<\/a> de geozonas. Al principio el usuario debe seleccionar el per\u00edodo, para el cu\u00e1l se generar\u00e1 este informe.<\/p>\n<p><strong>Rango de fecha<\/strong>\u00a0\u2013 para seleccionar un rango de fecha (per\u00edodo) el usuario debe hacer clic en \u201cElegir rango de fechas\u201d, se abrir\u00e1 un calendario emergente. El calendario es el mismo en todo FMS. Para seleccionar la fecha de inicio \/ final, el usuario simplemente tiene que hacer clic en la fecha deseada y entonces hacer clic en la fecha opuesta. Los d\u00edas seleccionados se resaltar\u00e1n en azul. El d\u00eda actual est\u00e1 resaltado con un tri\u00e1ngulo azul peque\u00f1o. Si se selecciona el d\u00eda actual, el tri\u00e1ngulo estar\u00e1 blanco. Luego, el usuario puede especificar las horas exactas, las cu\u00e1les incluir en el informe. Para guardar los cambios hay que hacer clic en el bot\u00f3n \u201cAplicar\u201d, si no, los cambios no se guardar\u00e1n.<\/p>\n<p><a href=\"https:\/\/www.fmsdocumentation.com\/wp-content\/uploads\/2017\/04\/136ES.png\"><img loading=\"lazy\" decoding=\"async\" class=\"alignnone size-full wp-image-3119\" src=\"https:\/\/www.fmsdocumentation.com\/wp-content\/uploads\/2017\/04\/136ES.png\" alt=\"\" width=\"575\" height=\"552\" srcset=\"https:\/\/www.fmsdocumentation.com\/wp-content\/uploads\/2017\/04\/136ES.png 575w, https:\/\/www.fmsdocumentation.com\/wp-content\/uploads\/2017\/04\/136ES-300x288.png 300w\" sizes=\"auto, (max-width: 575px) 100vw, 575px\" \/><\/a><\/p>\n<p>La longitud m\u00ednima del per\u00edodo es un d\u00eda. Para seleccionar un s\u00f3lo d\u00eda, el usuario simplemente tiene que hacer doble clic en el d\u00eda deseado. Luego, el usuario debe seleccionar el basis, para el cu\u00e1l se generar\u00e1 el informe.<\/p>\n<p><strong>Reportar por\u00a0<\/strong>\u2013 este ajuste define el basis principal del informe. Hay dos opciones disponibles:<\/p>\n<ul>\n<li>Objetos<\/li>\n<li>Conductores<\/li>\n<\/ul>\n<p>El informe generado mostrar\u00e1 informaci\u00f3n (<em>par\u00e1metros: distancia de viaje, ubicaci\u00f3n al inicio etc.<\/em>) para el basis seleccionado (<em>objetos o conductores<\/em>). Si se selecciona objetos, el informe mostrar\u00e1 informaci\u00f3n para los objetos seleccionados.<\/p>\n<p><strong>Objetos\/Conductores\u00a0<\/strong>\u2013 (<em>depende de la selecci\u00f3n de &#8220;Reportar por&#8221;<\/em>) permite al usuario elegir para qu\u00e9 objetos \/ conductores se generar\u00e1 el informe.<\/p>\n<p>Si se selecciona\u00a0<em>Objetos<\/em>, la lista tambi\u00e9n incluir\u00e1\u00a0<strong>grupos<\/strong>\u00a0de objetos. El usuario puede seleccionar un grupo entero marcando la casilla cerca del grupo. Se puede extender el grupo haciendo clic en el s\u00edmbolo m\u00e1s y se puede hacer clic en el s\u00edmbolo menos para colapsar el grupo.\u00a0<strong>Se puede seleccionar objetos individuales.<\/strong>\u00a0Hay que notar que si se selecciona un objeto, pertenecido a varios grupos, se resaltar\u00e1 en cada grupo, como se muestra en la imagen a continuaci\u00f3n. Si se selecciona un grupo entero, la casilla estar\u00e1 resaltada en azul con una marca blanca. Si se selecciona una parte de grupo, la casilla estar\u00e1 resaltada en azul (mostrado en la imagen a continuaci\u00f3n). El usuario tambi\u00e9n puede utilizar una barra de b\u00fasqueda para encontrar grupos y objectos con rapidez. Se puede seleccionar\/deseleccionar todos los grupos marcando la casilla al lado de \u201cSeleccionar todos los grupos\u201d. La cantidad de objetos seleccionados y todos los objetos se muestra en la esquina derecha superior de la lista.<\/p>\n<p><a href=\"https:\/\/www.fmsdocumentation.com\/wp-content\/uploads\/2017\/04\/281ES.png\"><img loading=\"lazy\" decoding=\"async\" class=\"alignnone wp-image-3115 size-full\" src=\"https:\/\/www.fmsdocumentation.com\/wp-content\/uploads\/2017\/04\/281ES.png\" sizes=\"auto, (max-width: 574px) 100vw, 574px\" srcset=\"https:\/\/www.fmsdocumentation.com\/wp-content\/uploads\/2017\/04\/281ES.png 574w, https:\/\/www.fmsdocumentation.com\/wp-content\/uploads\/2017\/04\/281ES-300x218.png 300w\" alt=\"\" width=\"574\" height=\"418\" \/><\/a><\/p>\n<p>Si se selecciona\u00a0<em>Conductores<\/em>, se mostrar\u00e1n conductores en la lista desplegable. Para seleccionar a un conductor, el usuario tiene que marcar la casilla al lado del conductor. Marcando la casilla \u201cSeleccionar todo\u201d seleccionar\u00e1\/deseleccionar\u00e1 a todos los conductores. La lista se actualiza autom\u00e1ticamente con cada s\u00edmbolo introducido a la barra de b\u00fasqueda.\u00a0La cantidad de conductores seleccionados y todos los conductores se muestra en la esquina derecha superior de la lista.<\/p>\n<p><a href=\"https:\/\/www.fmsdocumentation.com\/wp-content\/uploads\/2018\/12\/340ES.png\" data-featherlight=\"image\"><img loading=\"lazy\" decoding=\"async\" class=\"alignnone size-full wp-image-6804\" src=\"https:\/\/www.fmsdocumentation.com\/wp-content\/uploads\/2018\/12\/340ES.png\" sizes=\"auto, (max-width: 549px) 100vw, 549px\" srcset=\"https:\/\/www.fmsdocumentation.com\/wp-content\/uploads\/2018\/12\/340ES.png 549w, https:\/\/www.fmsdocumentation.com\/wp-content\/uploads\/2018\/12\/340ES-300x162.png 300w\" alt=\"\" width=\"549\" height=\"296\" \/><\/a><\/p>\n<p>Despu\u00e9s de seleccionar los objetos \/ conductores, el usuario debe seleccionar como agrupar el informe.<\/p>\n<p><strong>Agrupar por<\/strong>\u00a0\u2013 permite seleccionar como agrupar el informe, para este tipo de informe las siguientes opciones est\u00e1n disponibles:<\/p>\n<ul>\n<li>Conductor<\/li>\n<li>Geozona<\/li>\n<li>Objeto<\/li>\n<\/ul>\n<p>Entonces el usuario debe configurar <strong>la lista de columnas<\/strong>. Este informe incluir\u00e1 los siguientes par\u00e1metros, seleccionados por defecto (no pueden ser eliminados):<\/p>\n<ul>\n<li>Tiempo de introducci\u00f3n \u2013 la fecha y hora cuando el conductor \/ veh\u00edculo entr\u00f3 una geozona predeterminada;<\/li>\n<li>Tiempo de fin \u2013 la fecha y hora cuando el conductor \/ veh\u00edculo sali\u00f3 de una geozona predeterminada;<\/li>\n<li>Nombre de geozona.<\/li>\n<\/ul>\n<p>Los otros par\u00e1metros que son opcionales:<\/p>\n<ul>\n<li>Combustible consumido \u2013 combustible consumido dentro de la geozona, en litros;<\/li>\n<li>Combustible medio consumido \u2013 consumo medio de combustible dentro de la geozona;<\/li>\n<li>Kilometraje al final \u2013 el kilometraje al salir de una geozona;<\/li>\n<li>Kilometraje al inicio \u2013 el kilometraje al entrar una geozona;<\/li>\n<li>Kilometraje pasado \u2013 el kilometraje total recorrido en la geozona;<\/li>\n<li>Nombre del conductor;<\/li>\n<li>Tiempo de conducci\u00f3n \u2013 tiempo gastado con la ignici\u00f3n encendida;<\/li>\n<li>Tiempo de trabajo DINX (donde X = 1~4) \u2013 mostrar\u00e1 el tiempo de trabajo para un veh\u00edculo (si la ignici\u00f3n fue configurada en la entrada digital seleccionada (DIN1~4));<\/li>\n<li>Tiempo detenido \u2013 tiempo gastado con la ignici\u00f3n apagada;<\/li>\n<li>Tiempo visitado \u2013 tiempo total gastado en la geozona;<\/li>\n<li>Ubicaci\u00f3n de fin \u2013 la ubicaci\u00f3n, donde el conductor \/ objeto sali\u00f3 de la geozona;<\/li>\n<li>Ubicaci\u00f3n de inicio \u2013 la ubicaci\u00f3n, donde el conductor \/ objeto entr\u00f3 la geozona.<\/li>\n<\/ul>\n<p>Despu\u00e9s de seleccionar los par\u00e1metros, el usuario debe seleccionar las geozonas, para las cu\u00e1les se generar\u00e1 este informe. As\u00ed que, solo los eventos vinculados a las geozonas seleccionadas se mostrar\u00e1n en el informe. La selecci\u00f3n es id\u00e9ntica a la de conductores \/ objetos.<\/p>\n<p>Despu\u00e9s de seleccionar geozonas hay un selector adicional.<\/p>\n<ul>\n<li><strong>Versi\u00f3n minimizada del informe<\/strong>\u00a0\u2013 deshabilitado por defecto. Si est\u00e1 habilitado, todos los datos de geozonas para un objeto\/conductor se reunir\u00e1n en una sola tabla de resumen y detalles, en lugar de haber tablas distintas para cada d\u00eda seleccionado. Si est\u00e1 habilitado, <strong>Resumen del informe<\/strong> tambi\u00e9n se habilitar\u00e1;<\/li>\n<li><strong>Resumen del informe\u00a0<\/strong>\u2013 habilitado por defecto, incluir\u00e1 una secci\u00f3n de resumen en el informe. Esto resumir\u00e1 toda la informaci\u00f3n en el informe.<\/li>\n<\/ul>\n<p><a href=\"https:\/\/www.fmsdocumentation.com\/wp-content\/uploads\/2018\/03\/222ES.png\"><img loading=\"lazy\" decoding=\"async\" class=\"alignnone wp-image-4793\" src=\"https:\/\/www.fmsdocumentation.com\/wp-content\/uploads\/2018\/03\/222ES.png\" alt=\"\" width=\"990\" height=\"500\" srcset=\"https:\/\/www.fmsdocumentation.com\/wp-content\/uploads\/2018\/03\/222ES.png 1218w, https:\/\/www.fmsdocumentation.com\/wp-content\/uploads\/2018\/03\/222ES-300x151.png 300w, https:\/\/www.fmsdocumentation.com\/wp-content\/uploads\/2018\/03\/222ES-768x388.png 768w, https:\/\/www.fmsdocumentation.com\/wp-content\/uploads\/2018\/03\/222ES-1024x517.png 1024w\" sizes=\"auto, (max-width: 990px) 100vw, 990px\" \/><\/a><\/p>\n<p>Para finalizar y generar el informe, el usuario debe hacer clic en el bot\u00f3n &#8220;Generar&#8221;. Para cancelar la creaci\u00f3n del informe el usuario tiene que hacer clic en el bot\u00f3n &#8220;Cancelar&#8221;, o en cualquier otro bot\u00f3n fuera de la ventana &#8220;Generar nuevo informe&#8221;.<\/p>\n<p><a href=\"https:\/\/www.fmsdocumentation.com\/wp-content\/uploads\/2017\/04\/202ES.png\"><img loading=\"lazy\" decoding=\"async\" class=\"alignnone size-full wp-image-3121\" src=\"https:\/\/www.fmsdocumentation.com\/wp-content\/uploads\/2017\/04\/202ES.png\" alt=\"\" width=\"528\" height=\"82\" srcset=\"https:\/\/www.fmsdocumentation.com\/wp-content\/uploads\/2017\/04\/202ES.png 528w, https:\/\/www.fmsdocumentation.com\/wp-content\/uploads\/2017\/04\/202ES-300x47.png 300w\" sizes=\"auto, (max-width: 528px) 100vw, 528px\" \/><\/a><\/p>\n<hr \/>\n<p><div class=\"alignleft\"><a href=\"https:\/\/www.fmsdocumentation.com\/es\/menu-de-informes\/informe-de-tanque-de-combustible\/\" title=\"Informe de tanque de combustible\"><span class=\"arrow\">\u2039 &nbsp <\/span> Informe de tanque de combustible <\/a><\/div> <div class=\"alignright\"><a href=\"https:\/\/www.fmsdocumentation.com\/es\/menu-de-informes\/informe-de-parametros-sobre-el-limite\/\" title=\"Informe de par\u00e1metros sobre el l\u00edmite\">Informe de par\u00e1metros sobre el l\u00edmite <span class=\"arrow\"> &nbsp\u203a <\/span> <\/a><\/div><\/p>\n<p>&nbsp;<\/p>\n","protected":false},"excerpt":{"rendered":"<p>Informe de geozonas\u00a0&#8211; este tipo de informe se centra en actividad alrededor de y dentro de geozonas, fijadas por el usuario en el men\u00fa de geozonas. Al principio el usuario debe seleccionar el per\u00edodo, para el cu\u00e1l se generar\u00e1 este informe. Rango de fecha\u00a0\u2013 para seleccionar un rango de fecha (per\u00edodo) el usuario debe hacer &hellip; <a href=\"https:\/\/www.fmsdocumentation.com\/es\/menu-de-informes\/informe-de-geozonas\/\" class=\"more-link\">Sigue leyendo <span class=\"screen-reader-text\">Informe de geozonas<\/span><\/a><\/p>\n","protected":false},"author":1,"featured_media":0,"parent":2139,"menu_order":9,"comment_status":"closed","ping_status":"closed","template":"","meta":{"footnotes":""},"class_list":["post-2103","page","type-page","status-publish","hentry"],"_links":{"self":[{"href":"https:\/\/www.fmsdocumentation.com\/es\/wp-json\/wp\/v2\/pages\/2103","targetHints":{"allow":["GET"]}}],"collection":[{"href":"https:\/\/www.fmsdocumentation.com\/es\/wp-json\/wp\/v2\/pages"}],"about":[{"href":"https:\/\/www.fmsdocumentation.com\/es\/wp-json\/wp\/v2\/types\/page"}],"author":[{"embeddable":true,"href":"https:\/\/www.fmsdocumentation.com\/es\/wp-json\/wp\/v2\/users\/1"}],"replies":[{"embeddable":true,"href":"https:\/\/www.fmsdocumentation.com\/es\/wp-json\/wp\/v2\/comments?post=2103"}],"version-history":[{"count":12,"href":"https:\/\/www.fmsdocumentation.com\/es\/wp-json\/wp\/v2\/pages\/2103\/revisions"}],"predecessor-version":[{"id":6834,"href":"https:\/\/www.fmsdocumentation.com\/es\/wp-json\/wp\/v2\/pages\/2103\/revisions\/6834"}],"up":[{"embeddable":true,"href":"https:\/\/www.fmsdocumentation.com\/es\/wp-json\/wp\/v2\/pages\/2139"}],"wp:attachment":[{"href":"https:\/\/www.fmsdocumentation.com\/es\/wp-json\/wp\/v2\/media?parent=2103"}],"curies":[{"name":"wp","href":"https:\/\/api.w.org\/{rel}","templated":true}]}}