{"id":2106,"date":"2017-04-07T08:15:17","date_gmt":"2017-04-07T08:15:17","guid":{"rendered":"http:\/\/www.fmsdocumentation.com\/fuel-tank-report\/"},"modified":"2018-12-20T15:34:00","modified_gmt":"2018-12-20T13:34:00","slug":"informe-de-tanque-de-combustible","status":"publish","type":"page","link":"https:\/\/www.fmsdocumentation.com\/es\/menu-de-informes\/informe-de-tanque-de-combustible\/","title":{"rendered":"Informe de tanque de combustible"},"content":{"rendered":"<p><strong>Informe de tanque de combustible<\/strong> \u2013 este tipo de informe se centra en consumo de combustible, repostajes, drenajes y varias fluctuaciones. Al principio el usuario debe seleccionar el periodo, para el que se generar\u00e1 el informe.<\/p>\n<p><strong>Rango de fecha<\/strong>\u00a0\u2013 para seleccionar un rango de fecha (per\u00edodo) el usuario debe hacer clic en \u201cElegir rango de fechas\u201d, se abrir\u00e1 un calendario emergente. El calendario es el mismo en todo FMS. Para seleccionar la fecha de inicio \/ final, el usuario simplemente tiene que hacer clic en la fecha deseada y entonces hacer clic en la fecha opuesta. Los d\u00edas seleccionados se resaltar\u00e1n en azul. El d\u00eda actual est\u00e1 resaltado con un tri\u00e1ngulo azul peque\u00f1o. Si se selecciona el d\u00eda actual, el tri\u00e1ngulo estar\u00e1 blanco. Luego, el usuario puede especificar las horas exactas, las cu\u00e1les incluir en el informe. Para guardar los cambios hay que hacer clic en el bot\u00f3n \u201cAplicar\u201d, si no, los cambios no se guardar\u00e1n.<\/p>\n<p><a href=\"https:\/\/www.fmsdocumentation.com\/wp-content\/uploads\/2017\/04\/136ES.png\"><img loading=\"lazy\" decoding=\"async\" class=\"alignnone wp-image-3119 size-full\" src=\"https:\/\/www.fmsdocumentation.com\/wp-content\/uploads\/2017\/04\/136ES.png\" alt=\"\" width=\"575\" height=\"552\" srcset=\"https:\/\/www.fmsdocumentation.com\/wp-content\/uploads\/2017\/04\/136ES.png 575w, https:\/\/www.fmsdocumentation.com\/wp-content\/uploads\/2017\/04\/136ES-300x288.png 300w\" sizes=\"auto, (max-width: 575px) 100vw, 575px\" \/><\/a><\/p>\n<p>La longitud m\u00ednima del per\u00edodo es un d\u00eda. Para seleccionar un s\u00f3lo d\u00eda, el usuario simplemente tiene que hacer doble clic en el d\u00eda deseado. Luego, el usuario tiene que seleccionar, para cu\u00e1les objetos se generar\u00e1 el informe.<\/p>\n<p><strong>Objetos<\/strong>\u00a0\u2013 esto permite al usuario elegir para cuales objetos se generar\u00e1 el informe. La lista tambi\u00e9n incluir\u00e1\u00a0<strong>grupos<\/strong>\u00a0de objetos. El usuario puede seleccionar un grupo entero marcando la casilla cerca del grupo. Se puede extender el grupo haciendo clic en el s\u00edmbolo m\u00e1s y se puede hacer clic en el s\u00edmbolo menos para colapsar el grupo.\u00a0<strong>Se puede seleccionar objetos individuales.<\/strong>\u00a0Hay que notar que si se selecciona un objeto, pertenecido a varios grupos, se resaltar\u00e1 en cada grupo, como se muestra en la imagen a continuaci\u00f3n. Si se selecciona un grupo entero, la casilla estar\u00e1 resaltada en azul con una marca blanca. Si se selecciona una parte de grupo, la casilla estar\u00e1 resaltada en azul (mostrado en la imagen a continuaci\u00f3n). El usuario tambi\u00e9n puede utilizar una barra de b\u00fasqueda para encontrar grupos y objectos con rapidez. Se puede seleccionar\/deseleccionar todos los grupos marcando la casilla al lado de \u201cSeleccionar todos los grupos\u201d. La cantidad de objetos seleccionados y todos los objetos se muestra en la esquina derecha superior de la lista.<\/p>\n<p><a href=\"https:\/\/www.fmsdocumentation.com\/wp-content\/uploads\/2017\/04\/281ES.png\"><img loading=\"lazy\" decoding=\"async\" class=\"alignnone wp-image-3115 size-full\" src=\"https:\/\/www.fmsdocumentation.com\/wp-content\/uploads\/2017\/04\/281ES.png\" sizes=\"auto, (max-width: 574px) 100vw, 574px\" srcset=\"https:\/\/www.fmsdocumentation.com\/wp-content\/uploads\/2017\/04\/281ES.png 574w, https:\/\/www.fmsdocumentation.com\/wp-content\/uploads\/2017\/04\/281ES-300x218.png 300w\" alt=\"\" width=\"574\" height=\"418\" \/><\/a><\/p>\n<p><strong>Resumir la lista de columnas<\/strong>\u00a0\u2013 este campo permite seleccionar qu\u00e9 columnas se incluir\u00e1n en el resumen del informe (habilitado por defecto para este tipo de informe). Se puede seleccionar 9 columnas como m\u00e1ximo para un informe. La selecci\u00f3n consiste en 28 columnas posibles, sus nombres son f\u00e1ciles de entender.<\/p>\n<p>Despu\u00e9s de seleccionar las columnas de resumen, el usuario debe seleccionar los par\u00e1metros del informe en <strong>la lista de columnas<\/strong>. Este informe incluye los siguientes par\u00e1metros por defecto (pueden ser eliminados):<\/p>\n<ul>\n<li>Fecha y hora de inicio \u2013 la fecha y hora cuando se registr\u00f3 un cambio en el nivel de combustible;<\/li>\n<li>Nivel de combustible al inicio \u2013 el nivel de combustible al inicio de un cambio registrado en el nivel de combustible;<\/li>\n<li>Nivel de combustible al final \u2013 el nivel de combustible al final de un cambio registrado en el nivel de combustible;<\/li>\n<li>Diferencia \u2013 la diferencia entre el valor inicial y el valor final de nivel de combustible.<\/li>\n<\/ul>\n<p>Los otros par\u00e1metros que son opcionales:<\/p>\n<ul>\n<li>Conductor \u2013 el nombre del conductor;<\/li>\n<li>Fecha y hora de fin \u2013 la fecha y hora cuando se registr\u00f3 un cambio en el nivel de combustible;<\/li>\n<li>Ubicaci\u00f3n al inicio del evento \u2013 la ubicaci\u00f3n, donde se registro el cambio en el nivel de combustible.<\/li>\n<\/ul>\n<p>Despu\u00e9s de seleccionar los par\u00e1metros, el usuario puede habilitar o deshabilitar lo siguiente:<\/p>\n<ul>\n<li><strong>Mostrar datos a trav\u00e9s de flotaci\u00f3n<\/strong>\u00a0\u2013 deshabilitado por defecto, mostrar\u00e1 informaci\u00f3n en el informe individualmente para cada sensor de nivel de combustible instalado (si hay m\u00e1s de un sensor instalado);<\/li>\n<li><strong>Resumen del informe\u00a0<\/strong>\u2013 habilitado por defecto, incluir\u00e1 una secci\u00f3n de resumen en el informe. Esto resumir\u00e1 toda la informaci\u00f3n en el informe y incluir\u00e1 <strong>las columnas de resumen<\/strong>, seleccionadas anteriormente;<\/li>\n<li><strong>Mostrar gr\u00e1fico de nivel de combustible <\/strong>\u2013 habilitado por defecto, incluir\u00e1 un gr\u00e1fico de nivel de combustible en el informe generado;<\/li>\n<li><strong>Mostrar mapa <\/strong>\u2013\u00a0habilitado por defecto, incluir\u00e1 un mapa en el informe, con todos los eventos de repostaje \/ drenaje marcados.<\/li>\n<\/ul>\n<p><a href=\"https:\/\/www.fmsdocumentation.com\/wp-content\/uploads\/2017\/04\/203ES.png\"><img loading=\"lazy\" decoding=\"async\" class=\"alignnone wp-image-3130 size-large\" src=\"https:\/\/www.fmsdocumentation.com\/wp-content\/uploads\/2017\/04\/203ES-1024x469.png\" alt=\"\" width=\"660\" height=\"302\" srcset=\"https:\/\/www.fmsdocumentation.com\/wp-content\/uploads\/2017\/04\/203ES-1024x469.png 1024w, https:\/\/www.fmsdocumentation.com\/wp-content\/uploads\/2017\/04\/203ES-300x138.png 300w, https:\/\/www.fmsdocumentation.com\/wp-content\/uploads\/2017\/04\/203ES-768x352.png 768w, https:\/\/www.fmsdocumentation.com\/wp-content\/uploads\/2017\/04\/203ES.png 1204w\" sizes=\"auto, (max-width: 660px) 100vw, 660px\" \/><\/a><\/p>\n<p>Para finalizar y generar el informe, el usuario debe hacer clic en el bot\u00f3n &#8220;Generar&#8221;. Para cancelar la creaci\u00f3n del informe el usuario tiene que hacer clic en el bot\u00f3n &#8220;Cancelar&#8221;, o en cualquier otro bot\u00f3n fuera de la ventana &#8220;Generar nuevo informe&#8221;.<\/p>\n<p><a href=\"https:\/\/www.fmsdocumentation.com\/wp-content\/uploads\/2017\/04\/202ES.png\"><img loading=\"lazy\" decoding=\"async\" class=\"alignnone size-full wp-image-3121\" src=\"https:\/\/www.fmsdocumentation.com\/wp-content\/uploads\/2017\/04\/202ES.png\" alt=\"\" width=\"528\" height=\"82\" srcset=\"https:\/\/www.fmsdocumentation.com\/wp-content\/uploads\/2017\/04\/202ES.png 528w, https:\/\/www.fmsdocumentation.com\/wp-content\/uploads\/2017\/04\/202ES-300x47.png 300w\" sizes=\"auto, (max-width: 528px) 100vw, 528px\" \/><\/a><\/p>\n<hr \/>\n<p><div class=\"alignleft\"><a href=\"https:\/\/www.fmsdocumentation.com\/es\/menu-de-informes\/informe-de-eventos\/\" title=\"Informe de eventos\"><span class=\"arrow\">\u2039 &nbsp <\/span> Informe de eventos <\/a><\/div> <div class=\"alignright\"><a href=\"https:\/\/www.fmsdocumentation.com\/es\/menu-de-informes\/informe-de-geozonas\/\" title=\"Informe de geozonas\">Informe de geozonas <span class=\"arrow\"> &nbsp\u203a <\/span> <\/a><\/div><\/p>\n","protected":false},"excerpt":{"rendered":"<p>Informe de tanque de combustible \u2013 este tipo de informe se centra en consumo de combustible, repostajes, drenajes y varias fluctuaciones. Al principio el usuario debe seleccionar el periodo, para el que se generar\u00e1 el informe. Rango de fecha\u00a0\u2013 para seleccionar un rango de fecha (per\u00edodo) el usuario debe hacer clic en \u201cElegir rango de &hellip; <a href=\"https:\/\/www.fmsdocumentation.com\/es\/menu-de-informes\/informe-de-tanque-de-combustible\/\" class=\"more-link\">Sigue leyendo <span class=\"screen-reader-text\">Informe de tanque de combustible<\/span><\/a><\/p>\n","protected":false},"author":1,"featured_media":0,"parent":2139,"menu_order":8,"comment_status":"closed","ping_status":"closed","template":"","meta":{"footnotes":""},"class_list":["post-2106","page","type-page","status-publish","hentry"],"_links":{"self":[{"href":"https:\/\/www.fmsdocumentation.com\/es\/wp-json\/wp\/v2\/pages\/2106","targetHints":{"allow":["GET"]}}],"collection":[{"href":"https:\/\/www.fmsdocumentation.com\/es\/wp-json\/wp\/v2\/pages"}],"about":[{"href":"https:\/\/www.fmsdocumentation.com\/es\/wp-json\/wp\/v2\/types\/page"}],"author":[{"embeddable":true,"href":"https:\/\/www.fmsdocumentation.com\/es\/wp-json\/wp\/v2\/users\/1"}],"replies":[{"embeddable":true,"href":"https:\/\/www.fmsdocumentation.com\/es\/wp-json\/wp\/v2\/comments?post=2106"}],"version-history":[{"count":8,"href":"https:\/\/www.fmsdocumentation.com\/es\/wp-json\/wp\/v2\/pages\/2106\/revisions"}],"predecessor-version":[{"id":6833,"href":"https:\/\/www.fmsdocumentation.com\/es\/wp-json\/wp\/v2\/pages\/2106\/revisions\/6833"}],"up":[{"embeddable":true,"href":"https:\/\/www.fmsdocumentation.com\/es\/wp-json\/wp\/v2\/pages\/2139"}],"wp:attachment":[{"href":"https:\/\/www.fmsdocumentation.com\/es\/wp-json\/wp\/v2\/media?parent=2106"}],"curies":[{"name":"wp","href":"https:\/\/api.w.org\/{rel}","templated":true}]}}