{"id":2108,"date":"2017-04-07T08:12:52","date_gmt":"2017-04-07T08:12:52","guid":{"rendered":"http:\/\/www.fmsdocumentation.com\/events-report\/"},"modified":"2018-12-20T16:03:03","modified_gmt":"2018-12-20T14:03:03","slug":"informe-de-eventos","status":"publish","type":"page","link":"https:\/\/www.fmsdocumentation.com\/es\/menu-de-informes\/informe-de-eventos\/","title":{"rendered":"Informe de eventos"},"content":{"rendered":"<p><strong>Informe de eventos<\/strong> &#8211; este tipo de informes se centra en eventos, tiempo de desencadenar, duraci\u00f3n y otros par\u00e1metros al desencadenamiento del evento. Al principio, el usuario debe seleccionar el periodo, para el cu\u00e1l se generar\u00e1 este informe.<\/p>\n<p><strong>Reportar por\u00a0<\/strong>\u2013 este ajuste define la base principal del informe. Hay dos opciones disponibles:<\/p>\n<ul>\n<li>Objetos<\/li>\n<li>Conductores<\/li>\n<\/ul>\n<p>El informe generado mostrar\u00e1 informaci\u00f3n (<em>par\u00e1metros: distancia de viaje, ubicaci\u00f3n al inicio etc.<\/em>) para el basis seleccionado (<em>objetos o conductores<\/em>). Si se selecciona objetos, el informe mostrar\u00e1 informaci\u00f3n para los objetos seleccionados.<\/p>\n<p>Si se selecciona\u00a0<em>Objetos<\/em>, la lista tambi\u00e9n incluir\u00e1\u00a0<strong>grupos<\/strong>\u00a0de objetos. El usuario puede seleccionar un grupo entero marcando la casilla cerca del grupo. Se puede extender el grupo haciendo clic en el s\u00edmbolo m\u00e1s y se puede hacer clic en el s\u00edmbolo menos para colapsar el grupo.\u00a0<strong>Se puede seleccionar objetos individuales.<\/strong>\u00a0Hay que notar que si se selecciona un objeto, pertenecido a varios grupos, se resaltar\u00e1 en cada grupo, como se muestra en la imagen a continuaci\u00f3n. Si se selecciona un grupo entero, la casilla estar\u00e1 resaltada en azul con una marca blanca. Si se selecciona una parte de grupo, la casilla estar\u00e1 resaltada en azul (mostrado en la imagen a continuaci\u00f3n). El usuario tambi\u00e9n puede utilizar una barra de b\u00fasqueda para encontrar grupos y objectos con rapidez. Se puede seleccionar\/deseleccionar todos los grupos marcando la casilla al lado de \u201cSeleccionar todos los grupos\u201d. La cantidad de objetos seleccionados y todos los objetos se muestra en la esquina derecha superior de la lista.<\/p>\n<p><a href=\"https:\/\/www.fmsdocumentation.com\/wp-content\/uploads\/2017\/04\/281ES.png\"><img loading=\"lazy\" decoding=\"async\" class=\"alignnone wp-image-3115 size-full\" src=\"https:\/\/www.fmsdocumentation.com\/wp-content\/uploads\/2017\/04\/281ES.png\" sizes=\"auto, (max-width: 574px) 100vw, 574px\" srcset=\"https:\/\/www.fmsdocumentation.com\/wp-content\/uploads\/2017\/04\/281ES.png 574w, https:\/\/www.fmsdocumentation.com\/wp-content\/uploads\/2017\/04\/281ES-300x218.png 300w\" alt=\"\" width=\"574\" height=\"418\" \/><\/a><\/p>\n<p>Si se selecciona\u00a0<em>Conductores<\/em>, se mostrar\u00e1n conductores en la lista desplegable. Para seleccionar a un conductor, el usuario tiene que marcar la casilla al lado del conductor. Marcando la casilla \u201cSeleccionar todo\u201d seleccionar\u00e1\/deseleccionar\u00e1 a todos los conductores. La lista se actualiza autom\u00e1ticamente con cada s\u00edmbolo introducido a la barra de b\u00fasqueda.\u00a0La cantidad de conductores seleccionados y todos los conductores se muestra en la esquina derecha superior de la lista.<\/p>\n<p><a href=\"https:\/\/www.fmsdocumentation.com\/wp-content\/uploads\/2018\/12\/340ES.png\" data-featherlight=\"image\"><img loading=\"lazy\" decoding=\"async\" class=\"alignnone size-full wp-image-6804\" src=\"https:\/\/www.fmsdocumentation.com\/wp-content\/uploads\/2018\/12\/340ES.png\" sizes=\"auto, (max-width: 549px) 100vw, 549px\" srcset=\"https:\/\/www.fmsdocumentation.com\/wp-content\/uploads\/2018\/12\/340ES.png 549w, https:\/\/www.fmsdocumentation.com\/wp-content\/uploads\/2018\/12\/340ES-300x162.png 300w\" alt=\"\" width=\"549\" height=\"296\" \/><\/a><\/p>\n<p>Despu\u00e9s de seleccionar los objetos\/conductores, el usuario debe seleccionar como agrupar el informe.<\/p>\n<p><strong>Agrupar por<\/strong> \u2013 permite seleccionar como agrupar el informe, para este tipo de informe las siguientes opciones est\u00e1n disponibles:<\/p>\n<ul>\n<li>D\u00eda \u2013 los datos se agrupar\u00e1n por d\u00edas;<\/li>\n<li>Eventos \u2013 los datos se agrupar\u00e1n por eventos;<\/li>\n<li>Objetos \u2013 los datos se agrupar\u00e1n por objetos.<\/li>\n<\/ul>\n<p>Entonces el usuario puede seleccionar <strong>los eventos<\/strong>, para los cu\u00e1les se generar\u00e1 este informe. La lista funciona de la misma manera como la lista de conductores. Los eventos no seleccionados no ser\u00e1n mostrados en el informe.<\/p>\n<p>Despu\u00e9s, el usuario puede seleccionar, si habilitar el resumen del informe o no.<\/p>\n<p><strong>Resumen del informe<\/strong> \u2013 habilitando esta opci\u00f3n incluir\u00e1 un resumen en el informe. En el resumen se mostrar\u00e1 toda la informaci\u00f3n resumida (<em>Por ejemplo, el informe de trayectos contiene una lista larga de todos los trayectos. El resumen mostrar\u00e1 una suma de cada columna como &#8220;Duraci\u00f3n del trabajo&#8221;, &#8220;Duraci\u00f3n de parada&#8221; y m\u00e1s, como si todos los trayectos fueran un s\u00f3lo trayecto largo<\/em>). Esta opci\u00f3n est\u00e1 deshabilitada por defecto;<\/p>\n<p><strong>Rango de fecha<\/strong>\u00a0\u2013 para seleccionar un rango de fecha (per\u00edodo) el usuario debe hacer clic en &#8220;Elegir rango de fechas&#8221;, se abrir\u00e1 un calendario emergente. El calendario es el mismo en todo FMS. Para seleccionar la fecha de inicio \/ final, el usuario simplemente tiene que hacer clic en la fecha deseada y entonces hacer clic en la fecha opuesta. Los d\u00edas seleccionados se resaltar\u00e1n en azul. El d\u00eda actual est\u00e1 resaltado con un tri\u00e1ngulo azul peque\u00f1o. Si se selecciona el d\u00eda actual, el tri\u00e1ngulo estar\u00e1 blanco. Luego, el usuario puede especificar las horas exactas, las cu\u00e1les incluir en el informe. Para guardar los cambios hay que hacer clic en el bot\u00f3n &#8220;Aplicar&#8221;, si no, los cambios no se guardar\u00e1n.<\/p>\n<p><a href=\"https:\/\/www.fmsdocumentation.com\/wp-content\/uploads\/2017\/04\/136ES.png\"><img loading=\"lazy\" decoding=\"async\" class=\"alignnone size-full wp-image-3119\" src=\"https:\/\/www.fmsdocumentation.com\/wp-content\/uploads\/2017\/04\/136ES.png\" alt=\"\" width=\"575\" height=\"552\" srcset=\"https:\/\/www.fmsdocumentation.com\/wp-content\/uploads\/2017\/04\/136ES.png 575w, https:\/\/www.fmsdocumentation.com\/wp-content\/uploads\/2017\/04\/136ES-300x288.png 300w\" sizes=\"auto, (max-width: 575px) 100vw, 575px\" \/><\/a><\/p>\n<p>La longitud m\u00ednima del per\u00edodo es un d\u00eda. Para seleccionar un s\u00f3lo d\u00eda, el usuario simplemente tiene que hacer doble clic en el d\u00eda deseado.<\/p>\n<p>Tras el rango de fecha viene <strong>la lista de columnas<\/strong>. Este informe incluir\u00e1 los siguientes par\u00e1metros por defecto (sus nombres son f\u00e1ciles de entender):<\/p>\n<ul>\n<li>Hora de inicio de evento;<\/li>\n<li>Nombre de evento.<\/li>\n<\/ul>\n<p>Los otros par\u00e1metros adicionales:<\/p>\n<ul>\n<li>Activaci\u00f3n de alerta \u2013 muestra, cuando el sistema desencaden\u00f3 el evento (al inicio, al final o ambos);<\/li>\n<li>Conductor \u2013 nombre de conductor;<\/li>\n<li>Duraci\u00f3n \u2013 duraci\u00f3n entre el inicio y fin de evento;<\/li>\n<li>Hora de fin de evento &#8211; cuando termin\u00f3 el evento;<\/li>\n<li>Ubicaci\u00f3n al final\u00a0 \u2013 ubicaci\u00f3n, donde termin\u00f3 el evento;<\/li>\n<li>Ubicaci\u00f3n al inicio \u2013 ubicaci\u00f3n, donde empez\u00f3 el evento;<\/li>\n<li>Kilometraje al final \u2013 kilometraje, cuando termin\u00f3 el evento;<\/li>\n<li>Kilometraje al inicio \u2013 kilometraje, cuando empez\u00f3 el evento;<\/li>\n<li>Tipo de notificaci\u00f3n \u2013 muestra, qu\u00e9 tipo de notificaci\u00f3n se env\u00eda despu\u00e9s de registrar el evento (ning\u00fan, correo electr\u00f3nico, notificaci\u00f3n por sistema o notificaci\u00f3n por sistema y correo electr\u00f3nico);<\/li>\n<li>Notificaciones entregadas \u2013 muestra si la notificaci\u00f3n fue entregada o no;<\/li>\n<li>Nombre de objeto;<\/li>\n<li>Clase de viaje \u2013 tipo de viaje, si definido (ejecutivo o privado).<\/li>\n<\/ul>\n<p><a href=\"https:\/\/www.fmsdocumentation.com\/wp-content\/uploads\/2017\/04\/201-1ES.png\"><img loading=\"lazy\" decoding=\"async\" class=\"alignnone size-large wp-image-3120\" src=\"https:\/\/www.fmsdocumentation.com\/wp-content\/uploads\/2017\/04\/201-1ES-1024x452.png\" alt=\"\" width=\"660\" height=\"291\" srcset=\"https:\/\/www.fmsdocumentation.com\/wp-content\/uploads\/2017\/04\/201-1ES-1024x452.png 1024w, https:\/\/www.fmsdocumentation.com\/wp-content\/uploads\/2017\/04\/201-1ES-300x132.png 300w, https:\/\/www.fmsdocumentation.com\/wp-content\/uploads\/2017\/04\/201-1ES-768x339.png 768w, https:\/\/www.fmsdocumentation.com\/wp-content\/uploads\/2017\/04\/201-1ES.png 1228w\" sizes=\"auto, (max-width: 660px) 100vw, 660px\" \/><\/a><\/p>\n<p>Para finalizar y generar el informe, el usuario debe hacer clic en el bot\u00f3n &#8220;Generar&#8221;. Para cancelar la creaci\u00f3n del informe el usuario tiene que hacer clic en el bot\u00f3n &#8220;Cancelar&#8221;, o en cualquier otro bot\u00f3n fuera de la ventana &#8220;Generar nuevo informe&#8221;.<\/p>\n<p><a href=\"https:\/\/www.fmsdocumentation.com\/wp-content\/uploads\/2017\/04\/202ES.png\"><img loading=\"lazy\" decoding=\"async\" class=\"alignnone size-full wp-image-3121\" src=\"https:\/\/www.fmsdocumentation.com\/wp-content\/uploads\/2017\/04\/202ES.png\" alt=\"\" width=\"528\" height=\"82\" srcset=\"https:\/\/www.fmsdocumentation.com\/wp-content\/uploads\/2017\/04\/202ES.png 528w, https:\/\/www.fmsdocumentation.com\/wp-content\/uploads\/2017\/04\/202ES-300x47.png 300w\" sizes=\"auto, (max-width: 528px) 100vw, 528px\" \/><\/a><\/p>\n<hr \/>\n<p><div class=\"alignleft\"><a href=\"https:\/\/www.fmsdocumentation.com\/es\/menu-de-informes\/informe-de-eco-conduccion\/\" title=\"Informe de eco-conducci\u00f3n\"><span class=\"arrow\">\u2039 &nbsp <\/span> Informe de eco-conducci\u00f3n <\/a><\/div> <div class=\"alignright\"><a href=\"https:\/\/www.fmsdocumentation.com\/es\/menu-de-informes\/informe-de-tanque-de-combustible\/\" title=\"Informe de tanque de combustible\">Informe de tanque de combustible <span class=\"arrow\"> &nbsp\u203a <\/span> <\/a><\/div><\/p>\n<p>&nbsp;<\/p>\n","protected":false},"excerpt":{"rendered":"<p>Informe de eventos &#8211; este tipo de informes se centra en eventos, tiempo de desencadenar, duraci\u00f3n y otros par\u00e1metros al desencadenamiento del evento. Al principio, el usuario debe seleccionar el periodo, para el cu\u00e1l se generar\u00e1 este informe. Reportar por\u00a0\u2013 este ajuste define la base principal del informe. Hay dos opciones disponibles: Objetos Conductores El &hellip; <a href=\"https:\/\/www.fmsdocumentation.com\/es\/menu-de-informes\/informe-de-eventos\/\" class=\"more-link\">Sigue leyendo <span class=\"screen-reader-text\">Informe de eventos<\/span><\/a><\/p>\n","protected":false},"author":1,"featured_media":0,"parent":2139,"menu_order":7,"comment_status":"closed","ping_status":"closed","template":"","meta":{"footnotes":""},"class_list":["post-2108","page","type-page","status-publish","hentry"],"_links":{"self":[{"href":"https:\/\/www.fmsdocumentation.com\/es\/wp-json\/wp\/v2\/pages\/2108","targetHints":{"allow":["GET"]}}],"collection":[{"href":"https:\/\/www.fmsdocumentation.com\/es\/wp-json\/wp\/v2\/pages"}],"about":[{"href":"https:\/\/www.fmsdocumentation.com\/es\/wp-json\/wp\/v2\/types\/page"}],"author":[{"embeddable":true,"href":"https:\/\/www.fmsdocumentation.com\/es\/wp-json\/wp\/v2\/users\/1"}],"replies":[{"embeddable":true,"href":"https:\/\/www.fmsdocumentation.com\/es\/wp-json\/wp\/v2\/comments?post=2108"}],"version-history":[{"count":17,"href":"https:\/\/www.fmsdocumentation.com\/es\/wp-json\/wp\/v2\/pages\/2108\/revisions"}],"predecessor-version":[{"id":6874,"href":"https:\/\/www.fmsdocumentation.com\/es\/wp-json\/wp\/v2\/pages\/2108\/revisions\/6874"}],"up":[{"embeddable":true,"href":"https:\/\/www.fmsdocumentation.com\/es\/wp-json\/wp\/v2\/pages\/2139"}],"wp:attachment":[{"href":"https:\/\/www.fmsdocumentation.com\/es\/wp-json\/wp\/v2\/media?parent=2108"}],"curies":[{"name":"wp","href":"https:\/\/api.w.org\/{rel}","templated":true}]}}