{"id":2118,"date":"2017-04-06T09:39:17","date_gmt":"2017-04-06T09:39:17","guid":{"rendered":"http:\/\/www.fmsdocumentation.com\/navigation-menu\/"},"modified":"2017-12-14T10:44:33","modified_gmt":"2017-12-14T10:44:33","slug":"menu-de-navegacion","status":"publish","type":"page","link":"https:\/\/www.fmsdocumentation.com\/es\/instalar-y-iniciar-sesion-en-ontrack\/menu-de-navegacion\/","title":{"rendered":"Men\u00fa de navegaci\u00f3n"},"content":{"rendered":"<p>Para acceder al men\u00fa de navegaci\u00f3n el usuario debe hacer clic en las tres l\u00edneas grises en la esquina superior izquierda de la pantalla.<\/p>\n<p><a href=\"https:\/\/www.fmsdocumentation.com\/wp-content\/uploads\/2017\/04\/179.png\"><img loading=\"lazy\" decoding=\"async\" class=\"alignnone wp-image-430 size-medium\" src=\"https:\/\/www.fmsdocumentation.com\/wp-content\/uploads\/2017\/04\/179-300x215.png\" alt=\"\" width=\"300\" height=\"215\" srcset=\"https:\/\/www.fmsdocumentation.com\/wp-content\/uploads\/2017\/04\/179-300x215.png 300w, https:\/\/www.fmsdocumentation.com\/wp-content\/uploads\/2017\/04\/179.png 534w\" sizes=\"auto, (max-width: 300px) 100vw, 300px\" \/><\/a><\/p>\n<p>Se abrir\u00e1 el men\u00fa de navegaci\u00f3n. En la parte superior del men\u00fa se mostrar\u00e1 el nombre del conductor y las siguientes opciones estar\u00e1n disponibles:<\/p>\n<ul>\n<li><a href=\"https:\/\/www.fmsdocumentation.com\/instalar-y-iniciar-sesion-en-ontrack\/navigation-menu\/?lang=es\">My tasks<\/a>\u00a0(Mis tareas) \u2013 permite resumir las tareas asignadas al usuario. Abierta por defecto;<\/li>\n<li><a href=\"https:\/\/www.fmsdocumentation.com\/instalar-y-iniciar-sesion-en-ontrack\/communication\/?lang=es\">Communication<\/a>\u00a0(Comunicaci\u00f3n) \u2013 permite al usuario comunicarse con el operador trabajando con FMS;<\/li>\n<li>Log out (Cerrar sesi\u00f3n).<\/li>\n<\/ul>\n<p><a href=\"https:\/\/www.fmsdocumentation.com\/wp-content\/uploads\/2017\/04\/180.png\"><img loading=\"lazy\" decoding=\"async\" class=\"alignnone wp-image-291 size-medium\" src=\"https:\/\/www.fmsdocumentation.com\/wp-content\/uploads\/2017\/04\/180-300x239.png\" alt=\"\" width=\"300\" height=\"239\" srcset=\"https:\/\/www.fmsdocumentation.com\/wp-content\/uploads\/2017\/04\/180-300x239.png 300w, https:\/\/www.fmsdocumentation.com\/wp-content\/uploads\/2017\/04\/180.png 720w\" sizes=\"auto, (max-width: 300px) 100vw, 300px\" \/><\/a><\/p>\n<hr \/>\n<p> <div class=\"alignright\"><a href=\"https:\/\/www.fmsdocumentation.com\/es\/\" title=\"Gu\u00eda de FMS\">Gu\u00eda de FMS <span class=\"arrow\"> &nbsp\u203a <\/span> <\/a><\/div><\/p>\n","protected":false},"excerpt":{"rendered":"<p>Para acceder al men\u00fa de navegaci\u00f3n el usuario debe hacer clic en las tres l\u00edneas grises en la esquina superior izquierda de la pantalla. Se abrir\u00e1 el men\u00fa de navegaci\u00f3n. En la parte superior del men\u00fa se mostrar\u00e1 el nombre del conductor y las siguientes opciones estar\u00e1n disponibles: My tasks\u00a0(Mis tareas) \u2013 permite resumir las &hellip; <a href=\"https:\/\/www.fmsdocumentation.com\/es\/instalar-y-iniciar-sesion-en-ontrack\/menu-de-navegacion\/\" class=\"more-link\">Sigue leyendo <span class=\"screen-reader-text\">Men\u00fa de navegaci\u00f3n<\/span><\/a><\/p>\n","protected":false},"author":1,"featured_media":0,"parent":2120,"menu_order":2,"comment_status":"closed","ping_status":"closed","template":"","meta":{"footnotes":""},"class_list":["post-2118","page","type-page","status-publish","hentry"],"_links":{"self":[{"href":"https:\/\/www.fmsdocumentation.com\/es\/wp-json\/wp\/v2\/pages\/2118","targetHints":{"allow":["GET"]}}],"collection":[{"href":"https:\/\/www.fmsdocumentation.com\/es\/wp-json\/wp\/v2\/pages"}],"about":[{"href":"https:\/\/www.fmsdocumentation.com\/es\/wp-json\/wp\/v2\/types\/page"}],"author":[{"embeddable":true,"href":"https:\/\/www.fmsdocumentation.com\/es\/wp-json\/wp\/v2\/users\/1"}],"replies":[{"embeddable":true,"href":"https:\/\/www.fmsdocumentation.com\/es\/wp-json\/wp\/v2\/comments?post=2118"}],"version-history":[{"count":6,"href":"https:\/\/www.fmsdocumentation.com\/es\/wp-json\/wp\/v2\/pages\/2118\/revisions"}],"predecessor-version":[{"id":4153,"href":"https:\/\/www.fmsdocumentation.com\/es\/wp-json\/wp\/v2\/pages\/2118\/revisions\/4153"}],"up":[{"embeddable":true,"href":"https:\/\/www.fmsdocumentation.com\/es\/wp-json\/wp\/v2\/pages\/2120"}],"wp:attachment":[{"href":"https:\/\/www.fmsdocumentation.com\/es\/wp-json\/wp\/v2\/media?parent=2118"}],"curies":[{"name":"wp","href":"https:\/\/api.w.org\/{rel}","templated":true}]}}