{"id":2123,"date":"2017-04-06T09:36:35","date_gmt":"2017-04-06T09:36:35","guid":{"rendered":"http:\/\/www.fmsdocumentation.com\/analysis-by-driver\/"},"modified":"2017-12-14T10:20:04","modified_gmt":"2017-12-14T10:20:04","slug":"analisis-por-conductor","status":"publish","type":"page","link":"https:\/\/www.fmsdocumentation.com\/es\/menu-de-conduccion-ecologica\/analisis-por-conductor\/","title":{"rendered":"An\u00e1lisis por conductor"},"content":{"rendered":"<p>La pesta\u00f1a &#8220;An\u00e1lisis por conductor&#8221; proporciona un an\u00e1lisis de par\u00e1metros de conducci\u00f3n ecol\u00f3gica m\u00e1s detallado para conductores en lugar de veh\u00edculos. Est\u00e1 pesta\u00f1a es muy parecida a &#8220;An\u00e1lisis por veh\u00edculo&#8221;. En este cap\u00edtulo se describen solo las diferencias.<\/p>\n<p><a href=\"https:\/\/www.fmsdocumentation.com\/wp-content\/uploads\/2017\/04\/175ES.png\"><img loading=\"lazy\" decoding=\"async\" class=\"alignnone wp-image-3451\" src=\"https:\/\/www.fmsdocumentation.com\/wp-content\/uploads\/2017\/04\/175ES-1024x313.png\" alt=\"\" width=\"1000\" height=\"305\" srcset=\"https:\/\/www.fmsdocumentation.com\/wp-content\/uploads\/2017\/04\/175ES-1024x313.png 1024w, https:\/\/www.fmsdocumentation.com\/wp-content\/uploads\/2017\/04\/175ES-300x92.png 300w, https:\/\/www.fmsdocumentation.com\/wp-content\/uploads\/2017\/04\/175ES-768x234.png 768w, https:\/\/www.fmsdocumentation.com\/wp-content\/uploads\/2017\/04\/175ES.png 1861w\" sizes=\"auto, (max-width: 1000px) 100vw, 1000px\" \/><\/a><\/p>\n<p>La diferencia principal es la que la lista de veh\u00edculos se sustituye por una lista de conductores. Se pueden seleccionar 5 conductores como m\u00e1ximo. Haciendo clic en los tres puntos en la parte superior derecha de la lista de conductores se abrir\u00e1 una ventana nueva con una lista de todos los conductores.<\/p>\n<p><a href=\"https:\/\/www.fmsdocumentation.com\/wp-content\/uploads\/2017\/04\/176ES.png\"><img loading=\"lazy\" decoding=\"async\" class=\"alignnone size-full wp-image-3452\" src=\"https:\/\/www.fmsdocumentation.com\/wp-content\/uploads\/2017\/04\/176ES.png\" alt=\"\" width=\"753\" height=\"518\" srcset=\"https:\/\/www.fmsdocumentation.com\/wp-content\/uploads\/2017\/04\/176ES.png 753w, https:\/\/www.fmsdocumentation.com\/wp-content\/uploads\/2017\/04\/176ES-300x206.png 300w\" sizes=\"auto, (max-width: 753px) 100vw, 753px\" \/><\/a><\/p>\n<p>Despu\u00e9s de hacer cambios, hay que hacer clic en el bot\u00f3n &#8220;Aplicar&#8221;, si no, los cambios no se guardar\u00e1n.<br \/>\n<p class=\"note\">Nota<br \/>\nSi se han eliminado todos los conductores haciendo clic en el bot\u00f3n \u201cEliminar\u201d o desmarcando cada conductor en la lista, todos los datos desaparecer\u00e1n. Para habilitar la lista de conductores de nuevo, el usuario tiene que ir a cualquier otra pesta\u00f1a y volver a \u201cAn\u00e1lisis por conductor\u201d.<\/p><\/p>\n<p>El resto es id\u00e9ntico a la pesta\u00f1a &#8220;An\u00e1lisis por conductor&#8221;, excepto que no hay un bot\u00f3n &#8220;Mostrar mapa&#8221;.<\/p>\n<hr \/>\n<p><div class=\"alignleft\"><a href=\"https:\/\/www.fmsdocumentation.com\/es\/menu-de-conduccion-ecologica\/analisis-por-vehiculo\/\" title=\"An\u00e1lisis por veh\u00edculo\"><span class=\"arrow\">\u2039 &nbsp <\/span> An\u00e1lisis por veh\u00edculo <\/a><\/div> <div class=\"alignright\"><a href=\"https:\/\/www.fmsdocumentation.com\/es\/menu-de-tacografo-2\/\" title=\"Men\u00fa de tac\u00f3grafo\">Men\u00fa de tac\u00f3grafo <span class=\"arrow\"> &nbsp\u203a <\/span> <\/a><\/div><\/p>\n","protected":false},"excerpt":{"rendered":"<p>La pesta\u00f1a &#8220;An\u00e1lisis por conductor&#8221; proporciona un an\u00e1lisis de par\u00e1metros de conducci\u00f3n ecol\u00f3gica m\u00e1s detallado para conductores en lugar de veh\u00edculos. Est\u00e1 pesta\u00f1a es muy parecida a &#8220;An\u00e1lisis por veh\u00edculo&#8221;. En este cap\u00edtulo se describen solo las diferencias. La diferencia principal es la que la lista de veh\u00edculos se sustituye por una lista de conductores. &hellip; <a href=\"https:\/\/www.fmsdocumentation.com\/es\/menu-de-conduccion-ecologica\/analisis-por-conductor\/\" class=\"more-link\">Sigue leyendo <span class=\"screen-reader-text\">An\u00e1lisis por conductor<\/span><\/a><\/p>\n","protected":false},"author":1,"featured_media":0,"parent":2130,"menu_order":4,"comment_status":"closed","ping_status":"closed","template":"","meta":{"footnotes":""},"class_list":["post-2123","page","type-page","status-publish","hentry"],"_links":{"self":[{"href":"https:\/\/www.fmsdocumentation.com\/es\/wp-json\/wp\/v2\/pages\/2123","targetHints":{"allow":["GET"]}}],"collection":[{"href":"https:\/\/www.fmsdocumentation.com\/es\/wp-json\/wp\/v2\/pages"}],"about":[{"href":"https:\/\/www.fmsdocumentation.com\/es\/wp-json\/wp\/v2\/types\/page"}],"author":[{"embeddable":true,"href":"https:\/\/www.fmsdocumentation.com\/es\/wp-json\/wp\/v2\/users\/1"}],"replies":[{"embeddable":true,"href":"https:\/\/www.fmsdocumentation.com\/es\/wp-json\/wp\/v2\/comments?post=2123"}],"version-history":[{"count":5,"href":"https:\/\/www.fmsdocumentation.com\/es\/wp-json\/wp\/v2\/pages\/2123\/revisions"}],"predecessor-version":[{"id":4147,"href":"https:\/\/www.fmsdocumentation.com\/es\/wp-json\/wp\/v2\/pages\/2123\/revisions\/4147"}],"up":[{"embeddable":true,"href":"https:\/\/www.fmsdocumentation.com\/es\/wp-json\/wp\/v2\/pages\/2130"}],"wp:attachment":[{"href":"https:\/\/www.fmsdocumentation.com\/es\/wp-json\/wp\/v2\/media?parent=2123"}],"curies":[{"name":"wp","href":"https:\/\/api.w.org\/{rel}","templated":true}]}}