{"id":2127,"date":"2017-04-06T09:32:05","date_gmt":"2017-04-06T09:32:05","guid":{"rendered":"http:\/\/www.fmsdocumentation.com\/fleet-summary\/"},"modified":"2017-12-14T10:08:56","modified_gmt":"2017-12-14T10:08:56","slug":"resumen-de-la-flota","status":"publish","type":"page","link":"https:\/\/www.fmsdocumentation.com\/es\/menu-de-conduccion-ecologica\/resumen-de-la-flota\/","title":{"rendered":"Resumen de la flota"},"content":{"rendered":"<p>&#8220;Resumen de la flota&#8221; es la pesta\u00f1a abierta por defecto al hacer clic en el icono de conducci\u00f3n ecol\u00f3gica. Se muestra el an\u00e1lisis de los \u00faltimos 7 d\u00edas pasados, si el usuario no cambia el rango de fecha.<br \/>\n<p class=\"note\">Nota<br \/>\nEl an\u00e1lisis de conducci\u00f3n ecol\u00f3gica compara los datos con los de un per\u00edodo igual justo antes del per\u00edodo seleccionado <em>(Por ejemplo, el rango de fecha es desde el 15 de octubre hasta el 25 de octubre, 11 d\u00edas. Los datos para este per\u00edodo se comparar\u00e1n con los datos para 11 d\u00edas antes el 15 de octubre, para un per\u00edodo de comparaci\u00f3n desde el 4 de octubre hasta el 15 de octubre. Los d\u00edas de inicio y fin se incluyen en el an\u00e1lisis, as\u00ed que si el rango de fecha se cambia, el per\u00edodo de comparaci\u00f3n se cambia tambi\u00e9n).<\/em><\/p><\/p>\n<p>Se puede dividir el resumen de la flota en tres partes:<\/p>\n<ol>\n<li><strong>An\u00e1lisis general<\/strong>;<\/li>\n<li><strong>Calificaciones de veh\u00edculos<\/strong>;<\/li>\n<li><strong>Calificaciones de conductores<\/strong>.<\/li>\n<\/ol>\n<p>&nbsp;<\/p>\n<p><a href=\"https:\/\/www.fmsdocumentation.com\/wp-content\/uploads\/2017\/04\/157ES.png\"><img loading=\"lazy\" decoding=\"async\" class=\"alignnone wp-image-3422\" src=\"https:\/\/www.fmsdocumentation.com\/wp-content\/uploads\/2017\/04\/157ES-1024x351.png\" alt=\"\" width=\"1458\" height=\"500\" srcset=\"https:\/\/www.fmsdocumentation.com\/wp-content\/uploads\/2017\/04\/157ES-1024x351.png 1024w, https:\/\/www.fmsdocumentation.com\/wp-content\/uploads\/2017\/04\/157ES-300x103.png 300w, https:\/\/www.fmsdocumentation.com\/wp-content\/uploads\/2017\/04\/157ES-768x263.png 768w, https:\/\/www.fmsdocumentation.com\/wp-content\/uploads\/2017\/04\/157ES.png 1860w\" sizes=\"auto, (max-width: 1458px) 100vw, 1458px\" \/><\/a><\/p>\n<p><strong>An\u00e1lisis general<\/strong> \u2013 muestra un an\u00e1lisis de informaci\u00f3n est\u00e1ndar. Cada criterio tiene un peque\u00f1o gr\u00e1fico de columnas a su lado.\u00a0 Este gr\u00e1fico representa la comparaci\u00f3n de datos actuales y anteriores. El m\u00e9todo de comparaci\u00f3n se describe en el inicio de este cap\u00edtulo. La columna superior es\u00a0<span style=\"background-color: #00ff00; color: #000000;\">verde<\/span>\u00a0o\u00a0<span style=\"background-color: #ff0000; color: #ffffff;\">rojo<\/span> y representa los datos actuales. La columna inferior siempre es\u00a0<span style=\"background-color: #808080; color: #ffffff;\">gris<\/span>\u00a0y representa los datos del per\u00edodo anterior. El color de la columna superior depende de la diferencia entre las dos columnas. Si el cambio es positivo (por ejemplo se ha consumido menos combustible o hay menos puntos de conducci\u00f3n peligrosa) la columna se pondr\u00e1 de color <span style=\"background-color: #00ff00; color: #000000;\">verde<\/span>, si el cambio es negativo (por ejemplo hay m\u00e1s eventos de frenado extremo, se ha consumido m\u00e1s combustible, etc.) la columna se pondr\u00e1 de color\u00a0<span style=\"background-color: #ff0000; color: #ffffff;\">rojo<\/span>. Al lado de cada columna se muestra el cambio porcentual en el color respectivo. Si no hay cambios, no se mostrar\u00e1n ni columnas ni porcentajes para estos criterios.<br \/>\n<p class=\"note\">Nota<br \/>\nLos cambios hechos en &#8220;Configurar clasificaciones&#8221; afectan los colores de resumen de la flota. La coloraci\u00f3n descrita anteriormente es para la configuraci\u00f3n por defecto. Si hubo cambios, los colores se cambiar\u00e1n respectivamente.<\/p><\/p>\n<p><a href=\"https:\/\/www.fmsdocumentation.com\/wp-content\/uploads\/2017\/04\/158ES.png\"><img loading=\"lazy\" decoding=\"async\" class=\"alignnone size-full wp-image-3423\" src=\"https:\/\/www.fmsdocumentation.com\/wp-content\/uploads\/2017\/04\/158ES.png\" alt=\"\" width=\"745\" height=\"140\" srcset=\"https:\/\/www.fmsdocumentation.com\/wp-content\/uploads\/2017\/04\/158ES.png 745w, https:\/\/www.fmsdocumentation.com\/wp-content\/uploads\/2017\/04\/158ES-300x56.png 300w\" sizes=\"auto, (max-width: 745px) 100vw, 745px\" \/><\/a><\/p>\n<p>Moviendo el rat\u00f3n sobre el valor de un criterio mostrar\u00e1 informaci\u00f3n adicional. La estructura de esta informaci\u00f3n es id\u00e9ntica para cada criterio y contiene lo siguiente:<\/p>\n<ul>\n<li>Valor para el per\u00edodo seleccionado;<\/li>\n<li>Valor para el per\u00edodo anterior;<\/li>\n<li>Diferencia entre los dos valores.<\/li>\n<\/ul>\n<p><a href=\"https:\/\/www.fmsdocumentation.com\/wp-content\/uploads\/2017\/04\/159ES.png\"><img loading=\"lazy\" decoding=\"async\" class=\"alignnone size-full wp-image-3424\" src=\"https:\/\/www.fmsdocumentation.com\/wp-content\/uploads\/2017\/04\/159ES.png\" alt=\"\" width=\"371\" height=\"280\" srcset=\"https:\/\/www.fmsdocumentation.com\/wp-content\/uploads\/2017\/04\/159ES.png 371w, https:\/\/www.fmsdocumentation.com\/wp-content\/uploads\/2017\/04\/159ES-300x226.png 300w\" sizes=\"auto, (max-width: 371px) 100vw, 371px\" \/><\/a><\/p>\n<p>El c\u00e1lculo de algunos criterios puede ser poco claro. Para esto hay un icono de informaci\u00f3n al lado del nombre de los criterios. Moviendo el rat\u00f3n sobre el icono de informaci\u00f3n autom\u00e1ticamente mostrar\u00e1 informaci\u00f3n adicional sobre el c\u00e1lculo del criterio.<\/p>\n<p><a href=\"https:\/\/www.fmsdocumentation.com\/wp-content\/uploads\/2017\/04\/160ES.png\"><img loading=\"lazy\" decoding=\"async\" class=\"alignnone size-full wp-image-3425\" src=\"https:\/\/www.fmsdocumentation.com\/wp-content\/uploads\/2017\/04\/160ES.png\" alt=\"\" width=\"300\" height=\"219\" \/><\/a><\/p>\n<p>La informaci\u00f3n general consiste en lo siguiente:<\/p>\n<ol>\n<li><strong>Veh\u00edculos\u00a0<\/strong>\u2013 la cantidad total de veh\u00edculos en la flota que soportan conducci\u00f3n ecol\u00f3gica. Los veh\u00edculos que no soportan conducci\u00f3n ecol\u00f3gica (con un dispositivo FM m\u00e1s b\u00e1sico, de un modelo antiguo, etc.) no se mostrar\u00e1n aqu\u00ed, hay una nota en la parte inferior izquierda;<\/li>\n<li><strong>Conductores<\/strong> \u2013 la cantidad de conductores que han conducido durante el per\u00edodo seleccionado;<\/li>\n<li><strong>Combustible consumido\u00a0<\/strong>(litros) \u2013 combustible consumido por todos los veh\u00edculos durante el per\u00edodo seleccionado;<\/li>\n<li><strong>Combustible desperdiciado<\/strong>\u00a0(litros) \u2013 combustible desperdiciado (valor calculado) por todos los veh\u00edculos durante el per\u00edodo seleccionado;<\/li>\n<li><strong>Conducci\u00f3n peligrosa<\/strong> (puntos) \u2013 puntos de conducci\u00f3n peligrosa (valor calculado) para todos los veh\u00edculos durante el per\u00edodo seleccionado;<\/li>\n<li><strong>Distancia conducida<\/strong>\u00a0(kil\u00f3metros) \u2013 la distancia conducida por todos los veh\u00edculos durante el per\u00edodo seleccionado;<\/li>\n<li><strong>Duraci\u00f3n de conducci\u00f3n<\/strong>\u00a0\u2013 la duraci\u00f3n de conducci\u00f3n de todos los conductores durante el per\u00edodo seleccionado;<\/li>\n<li><strong>Duraci\u00f3n de inactividad\u00a0<\/strong>\u2013 la duraci\u00f3n de inactividad para todos los veh\u00edculos durante el per\u00edodo seleccionado;<\/li>\n<li><strong>Frenado extremo<\/strong>\u00a0(eventos) \u2013 la cantidad de eventos de frenado extremo para todos los conductores durante el per\u00edodo seleccionado;<\/li>\n<li><strong>Aceleraci\u00f3n fuerte\u00a0<\/strong>(eventos) \u2013 la cantidad de eventos de aceleraci\u00f3n fuerte para todos los conductores durante el per\u00edodo seleccionado.<\/li>\n<\/ol>\n<p>&nbsp;<\/p>\n<p><a href=\"https:\/\/www.fmsdocumentation.com\/wp-content\/uploads\/2017\/04\/162ES.png\"><img loading=\"lazy\" decoding=\"async\" class=\"alignnone wp-image-3426\" src=\"https:\/\/www.fmsdocumentation.com\/wp-content\/uploads\/2017\/04\/162ES-1024x156.png\" alt=\"\" width=\"1000\" height=\"152\" srcset=\"https:\/\/www.fmsdocumentation.com\/wp-content\/uploads\/2017\/04\/162ES-1024x156.png 1024w, https:\/\/www.fmsdocumentation.com\/wp-content\/uploads\/2017\/04\/162ES-300x46.png 300w, https:\/\/www.fmsdocumentation.com\/wp-content\/uploads\/2017\/04\/162ES-768x117.png 768w, https:\/\/www.fmsdocumentation.com\/wp-content\/uploads\/2017\/04\/162ES.png 1860w\" sizes=\"auto, (max-width: 1000px) 100vw, 1000px\" \/><\/a><\/p>\n<p><strong>Calificaciones de veh\u00edculos<\/strong>\u00a0\u2013 muestra las calificaciones de veh\u00edculos para el criterio seleccionado en orden descendente. La coloraci\u00f3n es predeterminada y puede ser cambiada en &#8220;Configurar clasificaciones&#8221;. Se puede seleccionar el criterio haciendo clic en los tres puntos en la parte superior derecha. El nombre del par\u00e1metro actualmente seleccionado se mostrar\u00e1 al lado de los tres puntos.<\/p>\n<p><a href=\"https:\/\/www.fmsdocumentation.com\/wp-content\/uploads\/2017\/04\/163ES.png\"><img loading=\"lazy\" decoding=\"async\" class=\"alignnone size-full wp-image-3427\" src=\"https:\/\/www.fmsdocumentation.com\/wp-content\/uploads\/2017\/04\/163ES.png\" alt=\"\" width=\"931\" height=\"365\" srcset=\"https:\/\/www.fmsdocumentation.com\/wp-content\/uploads\/2017\/04\/163ES.png 931w, https:\/\/www.fmsdocumentation.com\/wp-content\/uploads\/2017\/04\/163ES-300x118.png 300w, https:\/\/www.fmsdocumentation.com\/wp-content\/uploads\/2017\/04\/163ES-768x301.png 768w\" sizes=\"auto, (max-width: 931px) 100vw, 931px\" \/><\/a><\/p>\n<p><strong>Configurar clasificaciones<\/strong> \u2013 despu\u00e9s de hacer clic en los tres puntos aparecer\u00e1 una nueva ventana llamada &#8220;Configurar clasificaciones&#8221;. El criterio actualmente seleccionado se resalta de un color gris claro y con una barra azul a la derecha del nombre del criterio. Para seleccionar otro criterio, el usuario simplemente tiene que hacer clic en el criterio deseado. Se puede seleccionar un s\u00f3lo criterio a la misma vez.<\/p>\n<p><a href=\"https:\/\/www.fmsdocumentation.com\/wp-content\/uploads\/2017\/04\/164ES.png\"><img loading=\"lazy\" decoding=\"async\" class=\"alignnone size-full wp-image-3428\" src=\"https:\/\/www.fmsdocumentation.com\/wp-content\/uploads\/2017\/04\/164ES.png\" alt=\"\" width=\"482\" height=\"761\" srcset=\"https:\/\/www.fmsdocumentation.com\/wp-content\/uploads\/2017\/04\/164ES.png 482w, https:\/\/www.fmsdocumentation.com\/wp-content\/uploads\/2017\/04\/164ES-190x300.png 190w\" sizes=\"auto, (max-width: 482px) 100vw, 482px\" \/><\/a><\/p>\n<p>Las calificaciones de veh\u00edculos se actualizar\u00e1n autom\u00e1ticamente despu\u00e9s de seleccionar otro criterio. Se muestran los nombres de los veh\u00edculos al lado de cada columna.<br \/>\n<p class=\"note\">Nota<br \/>\nLa ventana &#8220;Configurar clasificaciones&#8221; es id\u00e9ntica para calificaciones de ambos veh\u00edculos y conductores, pero el funcionamiento es distinto para cada calificaci\u00f3n.<\/p><\/p>\n<p><strong>Calificaciones de conductores<\/strong> \u2013 muestra las calificaciones de conductores para el criterio seleccionado en orden descendente.\u00a0La coloraci\u00f3n es predeterminada y puede ser cambiada en &#8220;Configurar clasificaciones&#8221;. Se puede seleccionar el criterio haciendo clic en los tres puntos en la parte superior derecha. El nombre del par\u00e1metro actualmente seleccionado se mostrar\u00e1 al lado de los tres puntos.<\/p>\n<p><a href=\"https:\/\/www.fmsdocumentation.com\/wp-content\/uploads\/2017\/04\/165ES.png\"><img loading=\"lazy\" decoding=\"async\" class=\"alignnone size-full wp-image-3429\" src=\"https:\/\/www.fmsdocumentation.com\/wp-content\/uploads\/2017\/04\/165ES.png\" alt=\"\" width=\"932\" height=\"286\" srcset=\"https:\/\/www.fmsdocumentation.com\/wp-content\/uploads\/2017\/04\/165ES.png 932w, https:\/\/www.fmsdocumentation.com\/wp-content\/uploads\/2017\/04\/165ES-300x92.png 300w, https:\/\/www.fmsdocumentation.com\/wp-content\/uploads\/2017\/04\/165ES-768x236.png 768w\" sizes=\"auto, (max-width: 932px) 100vw, 932px\" \/><\/a><br \/>\n<p class=\"note\">Nota<br \/>\nHaciendo clic en el nombre de un conductor o su respectiva columna redirigir\u00e1 al usuario a la pesta\u00f1a &#8220;An\u00e1lisis por conductor&#8221; y mostrar\u00e1 estad\u00edstica para el conductor seleccionado.<\/p><\/p>\n<hr \/>\n<p><div class=\"alignleft\"><a href=\"https:\/\/www.fmsdocumentation.com\/es\/menu-de-conduccion-ecologica\/\" title=\"Men\u00fa de conducci\u00f3n ecol\u00f3gica\"><span class=\"arrow\">\u2039 &nbsp <\/span> Men\u00fa de conducci\u00f3n ecol\u00f3gica <\/a><\/div> <div class=\"alignright\"><a href=\"https:\/\/www.fmsdocumentation.com\/es\/menu-de-conduccion-ecologica\/analisis-por-vehiculo\/\" title=\"An\u00e1lisis por veh\u00edculo\">An\u00e1lisis por veh\u00edculo <span class=\"arrow\"> &nbsp\u203a <\/span> <\/a><\/div><\/p>\n<p>&nbsp;<\/p>\n","protected":false},"excerpt":{"rendered":"<p>&#8220;Resumen de la flota&#8221; es la pesta\u00f1a abierta por defecto al hacer clic en el icono de conducci\u00f3n ecol\u00f3gica. Se muestra el an\u00e1lisis de los \u00faltimos 7 d\u00edas pasados, si el usuario no cambia el rango de fecha. Nota El an\u00e1lisis de conducci\u00f3n ecol\u00f3gica compara los datos con los de un per\u00edodo igual justo antes &hellip; <a href=\"https:\/\/www.fmsdocumentation.com\/es\/menu-de-conduccion-ecologica\/resumen-de-la-flota\/\" class=\"more-link\">Sigue leyendo <span class=\"screen-reader-text\">Resumen de la flota<\/span><\/a><\/p>\n","protected":false},"author":1,"featured_media":0,"parent":2130,"menu_order":1,"comment_status":"closed","ping_status":"closed","template":"","meta":{"footnotes":""},"class_list":["post-2127","page","type-page","status-publish","hentry"],"_links":{"self":[{"href":"https:\/\/www.fmsdocumentation.com\/es\/wp-json\/wp\/v2\/pages\/2127","targetHints":{"allow":["GET"]}}],"collection":[{"href":"https:\/\/www.fmsdocumentation.com\/es\/wp-json\/wp\/v2\/pages"}],"about":[{"href":"https:\/\/www.fmsdocumentation.com\/es\/wp-json\/wp\/v2\/types\/page"}],"author":[{"embeddable":true,"href":"https:\/\/www.fmsdocumentation.com\/es\/wp-json\/wp\/v2\/users\/1"}],"replies":[{"embeddable":true,"href":"https:\/\/www.fmsdocumentation.com\/es\/wp-json\/wp\/v2\/comments?post=2127"}],"version-history":[{"count":10,"href":"https:\/\/www.fmsdocumentation.com\/es\/wp-json\/wp\/v2\/pages\/2127\/revisions"}],"predecessor-version":[{"id":4145,"href":"https:\/\/www.fmsdocumentation.com\/es\/wp-json\/wp\/v2\/pages\/2127\/revisions\/4145"}],"up":[{"embeddable":true,"href":"https:\/\/www.fmsdocumentation.com\/es\/wp-json\/wp\/v2\/pages\/2130"}],"wp:attachment":[{"href":"https:\/\/www.fmsdocumentation.com\/es\/wp-json\/wp\/v2\/media?parent=2127"}],"curies":[{"name":"wp","href":"https:\/\/api.w.org\/{rel}","templated":true}]}}