{"id":2130,"date":"2017-04-06T09:28:31","date_gmt":"2017-04-06T09:28:31","guid":{"rendered":"http:\/\/www.fmsdocumentation.com\/eco-driving-menu\/"},"modified":"2020-06-09T14:22:05","modified_gmt":"2020-06-09T11:22:05","slug":"menu-de-conduccion-ecologica","status":"publish","type":"page","link":"https:\/\/www.fmsdocumentation.com\/es\/menu-de-conduccion-ecologica\/","title":{"rendered":"Men\u00fa de conducci\u00f3n ecol\u00f3gica"},"content":{"rendered":"<p>Conducci\u00f3n ecol\u00f3gica es un resumen de an\u00e1lisis de todo lo relacionado con un estilo de conducci\u00f3n econ\u00f3mico y amigable para ambos conductores y veh\u00edculos.\u00a0Para acceder al menu de conducci\u00f3n ecol\u00f3gica, el usuario debe hacer clic en el icono respectivo en el panel de navegaci\u00f3n, situado al lado izquierdo de la pantalla.<\/p>\n<p><a href=\"https:\/\/www.fmsdocumentation.com\/wp-content\/uploads\/2017\/04\/151ES.png\"><img loading=\"lazy\" decoding=\"async\" class=\"alignnone wp-image-3405\" src=\"https:\/\/www.fmsdocumentation.com\/wp-content\/uploads\/2017\/04\/151ES-1024x506.png\" alt=\"\" width=\"1012\" height=\"500\" srcset=\"https:\/\/www.fmsdocumentation.com\/wp-content\/uploads\/2017\/04\/151ES-1024x506.png 1024w, https:\/\/www.fmsdocumentation.com\/wp-content\/uploads\/2017\/04\/151ES-300x148.png 300w, https:\/\/www.fmsdocumentation.com\/wp-content\/uploads\/2017\/04\/151ES-768x380.png 768w, https:\/\/www.fmsdocumentation.com\/wp-content\/uploads\/2017\/04\/151ES.png 1920w\" sizes=\"auto, (max-width: 1012px) 100vw, 1012px\" \/><\/a><\/p>\n<p>El resumen de conducci\u00f3n ecol\u00f3gica consiste en tres pesta\u00f1as entre las que se puede cambiarse en la parte superior de la pantalla. Las siguientes pesta\u00f1as est\u00e1n disponibles:<\/p>\n<ol>\n<li><a href=\"https:\/\/www.fmsdocumentation.com\/es\/menu-de-conduccion-ecologica\/resumen-de-la-flota\/?lang=es\"><strong>Resumen del flete<\/strong><\/a>\u00a0(abierta por defecto);<\/li>\n<li><a href=\"https:\/\/www.fmsdocumentation.com\/es\/menu-de-conduccion-ecologica\/analisis-por-vehiculo\/?lang=es\"><strong>An\u00e1lisis por veh\u00edculo<\/strong><\/a>;<\/li>\n<li><a href=\"https:\/\/www.fmsdocumentation.com\/es\/menu-de-conduccion-ecologica\/analisis-por-conductor\/?lang=es\"><strong>An\u00e1lisis por conductor.<\/strong><\/a><br \/>\n<strong><br \/>\n<\/strong><\/li>\n<\/ol>\n<p><a href=\"https:\/\/www.fmsdocumentation.com\/wp-content\/uploads\/2017\/04\/152.png\"><img loading=\"lazy\" decoding=\"async\" class=\"alignnone wp-image-255 size-full\" src=\"https:\/\/www.fmsdocumentation.com\/wp-content\/uploads\/2017\/04\/152.png\" alt=\"\" width=\"379\" height=\"65\" srcset=\"https:\/\/www.fmsdocumentation.com\/wp-content\/uploads\/2017\/04\/152.png 379w, https:\/\/www.fmsdocumentation.com\/wp-content\/uploads\/2017\/04\/152-300x51.png 300w\" sizes=\"auto, (max-width: 379px) 100vw, 379px\" \/><\/a><\/p>\n<p>La pesta\u00f1a actualmente seleccionada se resaltar\u00e1 en azul mientras las otras pesta\u00f1as estar\u00e1n en gris. Cada pesta\u00f1a se describe en su propio cap\u00edtulo. La secci\u00f3n de pesta\u00f1as queda la misma en todos casos. Hay tres otras funcionalidades disponibles en la parte superior derecha de la pantalla que quedan las mismas en todos casos:<\/p>\n<ol>\n<li><strong>Configurar clasificaciones<\/strong>\u00a0\u2013 descrita a continuaci\u00f3n;<\/li>\n<li><strong>Descargar archivo .xlsx<\/strong>\u00a0\u2013 descarga un archivo .xlsx (Excel) con toda la informaci\u00f3n;<\/li>\n<li><strong>Rango de fecha<\/strong>\u00a0\u2013 descrita a continuaci\u00f3n.<\/li>\n<\/ol>\n<p>&nbsp;<\/p>\n<p><a href=\"https:\/\/www.fmsdocumentation.com\/wp-content\/uploads\/2017\/04\/153ES.png\"><img loading=\"lazy\" decoding=\"async\" class=\"alignnone size-full wp-image-3406\" src=\"https:\/\/www.fmsdocumentation.com\/wp-content\/uploads\/2017\/04\/153ES.png\" alt=\"\" width=\"330\" height=\"60\" srcset=\"https:\/\/www.fmsdocumentation.com\/wp-content\/uploads\/2017\/04\/153ES.png 330w, https:\/\/www.fmsdocumentation.com\/wp-content\/uploads\/2017\/04\/153ES-300x55.png 300w\" sizes=\"auto, (max-width: 330px) 100vw, 330px\" \/><\/a><\/p>\n<p><strong>Configurar clasificaciones<\/strong> \u2013 permite configurar el rango de valores para definir el color de los par\u00e1metros. Se puede configurar los siguientes par\u00e1metros:<\/p>\n<ul>\n<li>Combustible consumido (litros);<\/li>\n<li>Consumo de combustible (litros \/ 100km);<\/li>\n<li>Combustible gastado (litros);<\/li>\n<li>Combustible gastado (litros \/ 100km);<\/li>\n<li>Conducci\u00f3n peligrosa (puntos);<\/li>\n<li>Conducci\u00f3n peligrosa (puntos \/ 100km);<\/li>\n<li>Distancia conducida (kil\u00f3metros);<\/li>\n<li>Duraci\u00f3n de conducci\u00f3n (minutos);<\/li>\n<li>Duraci\u00f3n de inactividad (minutos);<\/li>\n<li>Frenado extremo (eventos);<\/li>\n<li>Eventos de frenado extremo (eventos \/ 100km);<\/li>\n<li>Aceleraci\u00f3n severa (eventos);<\/li>\n<li>Eventos de aceleraci\u00f3n severa (eventos \/ 100km);<\/li>\n<li>Frenado brusco (eventos);<\/li>\n<li>Eventos de frenado brusco (eventos \/ 100km).<\/li>\n<\/ul>\n<p>Estos par\u00e1metros se sit\u00faan en la barra de desplazamiento a la izquierda. La parte de configuraci\u00f3n se sit\u00faa a la derecha y es id\u00e9ntica para cada par\u00e1metro.<\/p>\n<p><a href=\"https:\/\/www.fmsdocumentation.com\/wp-content\/uploads\/2017\/04\/154ES.png\"><img loading=\"lazy\" decoding=\"async\" class=\"alignnone size-full wp-image-3408\" src=\"https:\/\/www.fmsdocumentation.com\/wp-content\/uploads\/2017\/04\/154ES.png\" alt=\"\" width=\"748\" height=\"598\" srcset=\"https:\/\/www.fmsdocumentation.com\/wp-content\/uploads\/2017\/04\/154ES.png 748w, https:\/\/www.fmsdocumentation.com\/wp-content\/uploads\/2017\/04\/154ES-300x240.png 300w\" sizes=\"auto, (max-width: 748px) 100vw, 748px\" \/><\/a><\/p>\n<p>La parte de configuraci\u00f3n consiste en lo siguiente:<\/p>\n<ol>\n<li>Nombre del par\u00e1metro seleccionado;<\/li>\n<li>Invertir valores \u2013 invierte los colores de valores (puede ser encendido \/ apagado, apagado por defecto);<\/li>\n<li>Valores (los valores mostrados dependen del par\u00e1metro seleccionado (litros, litros \/ 100km, puntos, eventos, etc.));<\/li>\n<li>Barra corredera de valores \u2013 el rango depende del par\u00e1metro seleccionado, cada par\u00e1metro tiene su propio rango de valores;<\/li>\n<li>Entrada de valores personalizados \u2013 el rango tambi\u00e9n depende del par\u00e1metro seleccionado;<\/li>\n<li>Rango de valores \u2013 se muestra solo si los valores introducidos son fuera del rango permitido.<\/li>\n<\/ol>\n<p>&nbsp;<\/p>\n<p><a href=\"https:\/\/www.fmsdocumentation.com\/wp-content\/uploads\/2017\/04\/155ES.png\"><img loading=\"lazy\" decoding=\"async\" class=\"alignnone size-full wp-image-3409\" src=\"https:\/\/www.fmsdocumentation.com\/wp-content\/uploads\/2017\/04\/155ES.png\" alt=\"\" width=\"472\" height=\"315\" srcset=\"https:\/\/www.fmsdocumentation.com\/wp-content\/uploads\/2017\/04\/155ES.png 472w, https:\/\/www.fmsdocumentation.com\/wp-content\/uploads\/2017\/04\/155ES-300x200.png 300w\" sizes=\"auto, (max-width: 472px) 100vw, 472px\" \/><\/a><\/p>\n<p>Despu\u00e9s de seleccionar la opciones preferidas hay que hacer clic en el bot\u00f3n &#8220;Hecho&#8221; para guardar la nueva configuraci\u00f3n.<\/p>\n<p><p class=\"note\">Nota<br \/>\nLas configuraciones se almacenan en el servidor y todos los cambios permanecer\u00e1n a\u00fan despu\u00e9s de terminar la sesi\u00f3n.<\/p><\/p>\n<p><p class=\"note\">Nota<br \/>\nNo se puede cancelar los cambios, incluso si no se hace clic en el bot\u00f3n &#8220;Hecho&#8221; o se cierra la ventana de configuraci\u00f3n, todos los cambios todav\u00eda se guardar\u00e1n.\u00a0 <\/p><\/p>\n<p><strong>Rango de fecha\u00a0<\/strong>\u2013 interfaz b\u00e1sica de calendario, limitada a selecci\u00f3n de d\u00edas (no se puede seleccionar horas o minutos). Esta interfaz permite seleccionar un per\u00edodo de tiempo para el cu\u00e1l mostrar el resumen de an\u00e1lisis de conducci\u00f3n ecol\u00f3gica. Se seleccionan los 7 \u00faltimos d\u00edas pasados por defecto (no se selecciona el d\u00eda actual porque a\u00fan no ha terminado). Se puede seleccionar el d\u00eda actual a mano. El d\u00eda actual siempre se resalta con un tri\u00e1ngulo azul, si est\u00e1 seleccionado, el tri\u00e1ngulo ser\u00e1 blanco.<\/p>\n<p><a href=\"https:\/\/www.fmsdocumentation.com\/wp-content\/uploads\/2017\/04\/156ES.png\"><img loading=\"lazy\" decoding=\"async\" class=\"alignnone size-full wp-image-3410\" src=\"https:\/\/www.fmsdocumentation.com\/wp-content\/uploads\/2017\/04\/156ES.png\" alt=\"\" width=\"349\" height=\"449\" srcset=\"https:\/\/www.fmsdocumentation.com\/wp-content\/uploads\/2017\/04\/156ES.png 349w, https:\/\/www.fmsdocumentation.com\/wp-content\/uploads\/2017\/04\/156ES-233x300.png 233w\" sizes=\"auto, (max-width: 349px) 100vw, 349px\" \/><\/a><\/p>\n<p><strong>Selecci\u00f3n de fecha<\/strong>\u00a0\u2013 para seleccionar el rango de fecha hay que hacer clic en la fecha de inicio \/ fin y luego hacer clic en la otra fecha (fin \/ inicio). No hay diferencia entre el orden de selecci\u00f3n. Despu\u00e9s de seleccionar el rango de fecha el sistema autom\u00e1ticamente actualizar\u00e1 el resumen de an\u00e1lisis, no necesita hacer nada m\u00e1s. El rango de fecha no cambia al cambiar pesta\u00f1as y solo revertir\u00e1 al rango por defecto despu\u00e9s de terminar sesi\u00f3n. El rango m\u00e1ximo de fecha es 3 meses.<\/p>\n<p><strong>Selecci\u00f3n de un s\u00f3lo d\u00eda<\/strong>\u00a0\u2013 para seleccionar un s\u00f3lo d\u00eda, hay que hacer doble clic en el d\u00eda deseado.<\/p>\n<hr \/>\n<p><div class=\"alignleft\"><a href=\"https:\/\/www.fmsdocumentation.com\/es\/menu-de-tareas-de-mantenimiento\/revision-de-tareas-de-mantenimiento\/\" title=\"Revisi\u00f3n de tareas de mantenimiento\"><span class=\"arrow\">\u2039 &nbsp <\/span> Revisi\u00f3n de tareas de mantenimiento <\/a><\/div> <div class=\"alignright\"><a href=\"https:\/\/www.fmsdocumentation.com\/es\/menu-de-conduccion-ecologica\/resumen-de-la-flota\/\" title=\"Resumen de la flota\">Resumen de la flota <span class=\"arrow\"> &nbsp\u203a <\/span> <\/a><\/div><\/p>\n","protected":false},"excerpt":{"rendered":"<p>Conducci\u00f3n ecol\u00f3gica es un resumen de an\u00e1lisis de todo lo relacionado con un estilo de conducci\u00f3n econ\u00f3mico y amigable para ambos conductores y veh\u00edculos.\u00a0Para acceder al menu de conducci\u00f3n ecol\u00f3gica, el usuario debe hacer clic en el icono respectivo en el panel de navegaci\u00f3n, situado al lado izquierdo de la pantalla. El resumen de conducci\u00f3n &hellip; <a href=\"https:\/\/www.fmsdocumentation.com\/es\/menu-de-conduccion-ecologica\/\" class=\"more-link\">Sigue leyendo <span class=\"screen-reader-text\">Men\u00fa de conducci\u00f3n ecol\u00f3gica<\/span><\/a><\/p>\n","protected":false},"author":1,"featured_media":0,"parent":0,"menu_order":87,"comment_status":"closed","ping_status":"closed","template":"","meta":{"footnotes":""},"class_list":["post-2130","page","type-page","status-publish","hentry"],"_links":{"self":[{"href":"https:\/\/www.fmsdocumentation.com\/es\/wp-json\/wp\/v2\/pages\/2130","targetHints":{"allow":["GET"]}}],"collection":[{"href":"https:\/\/www.fmsdocumentation.com\/es\/wp-json\/wp\/v2\/pages"}],"about":[{"href":"https:\/\/www.fmsdocumentation.com\/es\/wp-json\/wp\/v2\/types\/page"}],"author":[{"embeddable":true,"href":"https:\/\/www.fmsdocumentation.com\/es\/wp-json\/wp\/v2\/users\/1"}],"replies":[{"embeddable":true,"href":"https:\/\/www.fmsdocumentation.com\/es\/wp-json\/wp\/v2\/comments?post=2130"}],"version-history":[{"count":16,"href":"https:\/\/www.fmsdocumentation.com\/es\/wp-json\/wp\/v2\/pages\/2130\/revisions"}],"predecessor-version":[{"id":7859,"href":"https:\/\/www.fmsdocumentation.com\/es\/wp-json\/wp\/v2\/pages\/2130\/revisions\/7859"}],"wp:attachment":[{"href":"https:\/\/www.fmsdocumentation.com\/es\/wp-json\/wp\/v2\/media?parent=2130"}],"curies":[{"name":"wp","href":"https:\/\/api.w.org\/{rel}","templated":true}]}}