{"id":2132,"date":"2017-04-06T09:10:59","date_gmt":"2017-04-06T09:10:59","guid":{"rendered":"http:\/\/www.fmsdocumentation.com\/report-overview\/"},"modified":"2018-12-03T16:20:00","modified_gmt":"2018-12-03T14:20:00","slug":"resumen-de-informes","status":"publish","type":"page","link":"https:\/\/www.fmsdocumentation.com\/es\/menu-de-informes\/resumen-de-informes\/","title":{"rendered":"Resumen de informes"},"content":{"rendered":"<p>Se pueden filtrar informes por lo siguiente:<\/p>\n<ul>\n<li>Nombre de suscripci\u00f3n &#8211; una barra de b\u00fasqueda que filtrar\u00e1 informes generados por suscripciones;<\/li>\n<li>Tipo de informe;<\/li>\n<li>Informe basado en (Objetos \/ Conductores);<\/li>\n<li>Rango de fecha &#8211; el usuario puede seleccionar que se muestren informes con un rango de fecha seleccionado.<\/li>\n<\/ul>\n<p>Estos filtros se sit\u00faan en la parte superior de la p\u00e1gina, por encima de las cabeceras.<\/p>\n<p><a href=\"https:\/\/www.fmsdocumentation.com\/wp-content\/uploads\/2018\/12\/274ES.png\"><img loading=\"lazy\" decoding=\"async\" class=\"alignnone wp-image-6350\" src=\"https:\/\/www.fmsdocumentation.com\/wp-content\/uploads\/2018\/12\/274ES-1024x191.png\" alt=\"\" width=\"1000\" height=\"186\" srcset=\"https:\/\/www.fmsdocumentation.com\/wp-content\/uploads\/2018\/12\/274ES-1024x191.png 1024w, https:\/\/www.fmsdocumentation.com\/wp-content\/uploads\/2018\/12\/274ES-300x56.png 300w, https:\/\/www.fmsdocumentation.com\/wp-content\/uploads\/2018\/12\/274ES-768x143.png 768w, https:\/\/www.fmsdocumentation.com\/wp-content\/uploads\/2018\/12\/274ES.png 1852w\" sizes=\"auto, (max-width: 1000px) 100vw, 1000px\" \/><\/a><\/p>\n<p>Los informes se muestran en orden cronol\u00f3gico con los informes m\u00e1s recientes en la parte superior. Cada informe se muestra con informaci\u00f3n b\u00e1sica sobre sus contenidos:<\/p>\n<ul>\n<li><strong>Tipo de informe<\/strong>;<\/li>\n<li><strong>Informaci\u00f3n de informe;<\/strong><\/li>\n<li><strong>Nombre de suscripci\u00f3n;<\/strong><\/li>\n<li><strong>Informe basado en;<\/strong><\/li>\n<li><strong>Generado (fecha de generaci\u00f3n)<\/strong>.<\/li>\n<\/ul>\n<p><a href=\"https:\/\/www.fmsdocumentation.com\/wp-content\/uploads\/2017\/04\/147ES.png\"><img loading=\"lazy\" decoding=\"async\" class=\"alignnone wp-image-3354 size-full\" src=\"https:\/\/www.fmsdocumentation.com\/wp-content\/uploads\/2017\/04\/147ES.png\" alt=\"\" width=\"1860\" height=\"248\" srcset=\"https:\/\/www.fmsdocumentation.com\/wp-content\/uploads\/2017\/04\/147ES.png 1860w, https:\/\/www.fmsdocumentation.com\/wp-content\/uploads\/2017\/04\/147ES-300x40.png 300w, https:\/\/www.fmsdocumentation.com\/wp-content\/uploads\/2017\/04\/147ES-768x102.png 768w, https:\/\/www.fmsdocumentation.com\/wp-content\/uploads\/2017\/04\/147ES-1024x137.png 1024w\" sizes=\"auto, (max-width: 1860px) 100vw, 1860px\" \/><\/a><\/p>\n<p>Para abrir un informe, el usuario debe hacer clic en el bot\u00f3n &#8220;Ver informe&#8221;, situado al derecho de la columna &#8220;Generado&#8221;.<\/p>\n<p><a href=\"https:\/\/www.fmsdocumentation.com\/wp-content\/uploads\/2017\/04\/148ES.png\"><img loading=\"lazy\" decoding=\"async\" class=\"alignnone wp-image-3355 size-full\" src=\"https:\/\/www.fmsdocumentation.com\/wp-content\/uploads\/2017\/04\/148ES.png\" alt=\"\" width=\"1843\" height=\"210\" srcset=\"https:\/\/www.fmsdocumentation.com\/wp-content\/uploads\/2017\/04\/148ES.png 1843w, https:\/\/www.fmsdocumentation.com\/wp-content\/uploads\/2017\/04\/148ES-300x34.png 300w, https:\/\/www.fmsdocumentation.com\/wp-content\/uploads\/2017\/04\/148ES-768x88.png 768w, https:\/\/www.fmsdocumentation.com\/wp-content\/uploads\/2017\/04\/148ES-1024x117.png 1024w\" sizes=\"auto, (max-width: 1843px) 100vw, 1843px\" \/><\/a><\/p>\n<p>El informe se abrir\u00e1 en una ventana nueva y el usuario ser\u00e1 redirigido all\u00ed. Se puede abrir m\u00e1s de un informe, cada informe se abrir\u00e1 en una ventana nueva.\u00a0Si el informe es grande, puede tardar un tiempo en cargar el informe.<\/p>\n<p>Se muestra una vista previa de informe a continuaci\u00f3n. El informe contendr\u00e1 todos los par\u00e1metros que el usuario ha seleccionado en los ajustes del informe. Si el usuario desea imprimir el informe, debe hacer clic en el icono de impresora, situado en el lado superior derecho del informe.<\/p>\n<p><a href=\"https:\/\/www.fmsdocumentation.com\/wp-content\/uploads\/2017\/04\/149ES.png\"><img loading=\"lazy\" decoding=\"async\" class=\"alignnone wp-image-3356 size-full\" src=\"https:\/\/www.fmsdocumentation.com\/wp-content\/uploads\/2017\/04\/149ES.png\" alt=\"\" width=\"1920\" height=\"950\" srcset=\"https:\/\/www.fmsdocumentation.com\/wp-content\/uploads\/2017\/04\/149ES.png 1920w, https:\/\/www.fmsdocumentation.com\/wp-content\/uploads\/2017\/04\/149ES-300x148.png 300w, https:\/\/www.fmsdocumentation.com\/wp-content\/uploads\/2017\/04\/149ES-768x380.png 768w, https:\/\/www.fmsdocumentation.com\/wp-content\/uploads\/2017\/04\/149ES-1024x507.png 1024w\" sizes=\"auto, (max-width: 1920px) 100vw, 1920px\" \/><\/a><\/p>\n<p>El usuario tambi\u00e9n puede descargar el informe en formatos .pdf o .xls (Excel) haciendo clic en el icono respectivo en el extremo derecho de la pantalla de informes.<\/p>\n<p><a href=\"https:\/\/www.fmsdocumentation.com\/wp-content\/uploads\/2017\/04\/150ES.png\"><img loading=\"lazy\" decoding=\"async\" class=\"alignnone wp-image-3357 size-full\" src=\"https:\/\/www.fmsdocumentation.com\/wp-content\/uploads\/2017\/04\/150ES.png\" alt=\"\" width=\"1859\" height=\"210\" srcset=\"https:\/\/www.fmsdocumentation.com\/wp-content\/uploads\/2017\/04\/150ES.png 1859w, https:\/\/www.fmsdocumentation.com\/wp-content\/uploads\/2017\/04\/150ES-300x34.png 300w, https:\/\/www.fmsdocumentation.com\/wp-content\/uploads\/2017\/04\/150ES-768x87.png 768w, https:\/\/www.fmsdocumentation.com\/wp-content\/uploads\/2017\/04\/150ES-1024x116.png 1024w\" sizes=\"auto, (max-width: 1859px) 100vw, 1859px\" \/><\/a><\/p>\n<hr \/>\n<p><div class=\"alignleft\"><a href=\"https:\/\/www.fmsdocumentation.com\/es\/menu-de-informes\/gestion-de-informes\/\" title=\"Gesti\u00f3n de informes\"><span class=\"arrow\">\u2039 &nbsp <\/span> Gesti\u00f3n de informes <\/a><\/div> <div class=\"alignright\"><a href=\"https:\/\/www.fmsdocumentation.com\/es\/uso-de-la-aplicacion-movil\/\" title=\"Uso de la aplicaci\u00f3n m\u00f3vil\">Uso de la aplicaci\u00f3n m\u00f3vil <span class=\"arrow\"> &nbsp\u203a <\/span> <\/a><\/div><\/p>\n<p>&nbsp;<\/p>\n","protected":false},"excerpt":{"rendered":"<p>Se pueden filtrar informes por lo siguiente: Nombre de suscripci\u00f3n &#8211; una barra de b\u00fasqueda que filtrar\u00e1 informes generados por suscripciones; Tipo de informe; Informe basado en (Objetos \/ Conductores); Rango de fecha &#8211; el usuario puede seleccionar que se muestren informes con un rango de fecha seleccionado. Estos filtros se sit\u00faan en la parte &hellip; <a href=\"https:\/\/www.fmsdocumentation.com\/es\/menu-de-informes\/resumen-de-informes\/\" class=\"more-link\">Sigue leyendo <span class=\"screen-reader-text\">Resumen de informes<\/span><\/a><\/p>\n","protected":false},"author":1,"featured_media":0,"parent":2139,"menu_order":16,"comment_status":"closed","ping_status":"closed","template":"","meta":{"footnotes":""},"class_list":["post-2132","page","type-page","status-publish","hentry"],"_links":{"self":[{"href":"https:\/\/www.fmsdocumentation.com\/es\/wp-json\/wp\/v2\/pages\/2132","targetHints":{"allow":["GET"]}}],"collection":[{"href":"https:\/\/www.fmsdocumentation.com\/es\/wp-json\/wp\/v2\/pages"}],"about":[{"href":"https:\/\/www.fmsdocumentation.com\/es\/wp-json\/wp\/v2\/types\/page"}],"author":[{"embeddable":true,"href":"https:\/\/www.fmsdocumentation.com\/es\/wp-json\/wp\/v2\/users\/1"}],"replies":[{"embeddable":true,"href":"https:\/\/www.fmsdocumentation.com\/es\/wp-json\/wp\/v2\/comments?post=2132"}],"version-history":[{"count":9,"href":"https:\/\/www.fmsdocumentation.com\/es\/wp-json\/wp\/v2\/pages\/2132\/revisions"}],"predecessor-version":[{"id":6352,"href":"https:\/\/www.fmsdocumentation.com\/es\/wp-json\/wp\/v2\/pages\/2132\/revisions\/6352"}],"up":[{"embeddable":true,"href":"https:\/\/www.fmsdocumentation.com\/es\/wp-json\/wp\/v2\/pages\/2139"}],"wp:attachment":[{"href":"https:\/\/www.fmsdocumentation.com\/es\/wp-json\/wp\/v2\/media?parent=2132"}],"curies":[{"name":"wp","href":"https:\/\/api.w.org\/{rel}","templated":true}]}}