{"id":2135,"date":"2017-04-06T09:09:20","date_gmt":"2017-04-06T09:09:20","guid":{"rendered":"http:\/\/www.fmsdocumentation.com\/reports-managing\/"},"modified":"2019-02-11T12:16:48","modified_gmt":"2019-02-11T10:16:48","slug":"gestion-de-informes","status":"publish","type":"page","link":"https:\/\/www.fmsdocumentation.com\/es\/menu-de-informes\/gestion-de-informes\/","title":{"rendered":"Gesti\u00f3n de informes"},"content":{"rendered":"<p>Despu\u00e9s de hacer clic en el bot\u00f3n &#8220;Generar&#8221;, el informe se generar\u00e1 y el usuario ver\u00e1 una ventana similar a la mostrada a continuaci\u00f3n.<\/p>\n<p><a href=\"https:\/\/www.fmsdocumentation.com\/wp-content\/uploads\/2019\/02\/145ES.png\"><img loading=\"lazy\" decoding=\"async\" class=\"alignnone size-large wp-image-7318\" src=\"https:\/\/www.fmsdocumentation.com\/wp-content\/uploads\/2019\/02\/145ES-1024x468.png\" alt=\"\" width=\"660\" height=\"302\" srcset=\"https:\/\/www.fmsdocumentation.com\/wp-content\/uploads\/2019\/02\/145ES-1024x468.png 1024w, https:\/\/www.fmsdocumentation.com\/wp-content\/uploads\/2019\/02\/145ES-300x137.png 300w, https:\/\/www.fmsdocumentation.com\/wp-content\/uploads\/2019\/02\/145ES-768x351.png 768w, https:\/\/www.fmsdocumentation.com\/wp-content\/uploads\/2019\/02\/145ES.png 1920w\" sizes=\"auto, (max-width: 660px) 100vw, 660px\" \/><\/a><\/p>\n<p>Para borrar un informe, el usuario debe marcar la casilla del informe que desea borrar. Se activar\u00e1 el bot\u00f3n &#8220;Borrar la selecci\u00f3n&#8221;.<\/p>\n<p><a href=\"https:\/\/www.fmsdocumentation.com\/wp-content\/uploads\/2017\/04\/145ES.png\"><img loading=\"lazy\" decoding=\"async\" class=\"alignnone wp-image-3347 size-full\" src=\"https:\/\/www.fmsdocumentation.com\/wp-content\/uploads\/2017\/04\/145ES.png\" alt=\"\" width=\"1854\" height=\"493\" srcset=\"https:\/\/www.fmsdocumentation.com\/wp-content\/uploads\/2017\/04\/145ES.png 1854w, https:\/\/www.fmsdocumentation.com\/wp-content\/uploads\/2017\/04\/145ES-300x80.png 300w, https:\/\/www.fmsdocumentation.com\/wp-content\/uploads\/2017\/04\/145ES-768x204.png 768w, https:\/\/www.fmsdocumentation.com\/wp-content\/uploads\/2017\/04\/145ES-1024x272.png 1024w\" sizes=\"auto, (max-width: 1854px) 100vw, 1854px\" \/><\/a><\/p>\n<p>Haciendo clic en el bot\u00f3n &#8220;Borrar la selecci\u00f3n&#8221; abrir\u00e1 una ventana de confirmaci\u00f3n, en la que el usuario debe confirmar el borrado.<\/p>\n<p>El usuario puede seleccionar todos los informes a la misma vez haciendo clic en la casilla, situada en la cabecera. Se marcar\u00e1n todas las casillas, incluyendo las ya marcadas (<em>la selecci\u00f3n no se inverte<\/em>). Se puede desmarcar todas las casillas haciendo doble clic en la casilla en la cabecera (<em>el primer clic seleccionar\u00e1 todos los informes, el segundo clic los deseleccionar\u00e1<\/em>). Si el usuario selecciona todos los informes por mano, la casilla en la cabecera se marcar\u00e1 autom\u00e1ticamente.<\/p>\n<p><a href=\"https:\/\/www.fmsdocumentation.com\/wp-content\/uploads\/2017\/04\/146ES.png\"><img loading=\"lazy\" decoding=\"async\" class=\"alignnone wp-image-3348 size-full\" src=\"https:\/\/www.fmsdocumentation.com\/wp-content\/uploads\/2017\/04\/146ES.png\" alt=\"\" width=\"1845\" height=\"625\" srcset=\"https:\/\/www.fmsdocumentation.com\/wp-content\/uploads\/2017\/04\/146ES.png 1845w, https:\/\/www.fmsdocumentation.com\/wp-content\/uploads\/2017\/04\/146ES-300x102.png 300w, https:\/\/www.fmsdocumentation.com\/wp-content\/uploads\/2017\/04\/146ES-768x260.png 768w, https:\/\/www.fmsdocumentation.com\/wp-content\/uploads\/2017\/04\/146ES-1024x347.png 1024w\" sizes=\"auto, (max-width: 1845px) 100vw, 1845px\" \/><\/a><\/p>\n<hr \/>\n<p><div class=\"alignleft\"><a href=\"https:\/\/www.fmsdocumentation.com\/es\/menu-de-informes\/informe-de-horas-de-trabajo\/\" title=\"Informe de horas de trabajo\"><span class=\"arrow\">\u2039 &nbsp <\/span> Informe de horas de trabajo <\/a><\/div> <div class=\"alignright\"><a href=\"https:\/\/www.fmsdocumentation.com\/es\/menu-de-informes\/resumen-de-informes\/\" title=\"Resumen de informes\">Resumen de informes <span class=\"arrow\"> &nbsp\u203a <\/span> <\/a><\/div><\/p>\n","protected":false},"excerpt":{"rendered":"<p>Despu\u00e9s de hacer clic en el bot\u00f3n &#8220;Generar&#8221;, el informe se generar\u00e1 y el usuario ver\u00e1 una ventana similar a la mostrada a continuaci\u00f3n. Para borrar un informe, el usuario debe marcar la casilla del informe que desea borrar. Se activar\u00e1 el bot\u00f3n &#8220;Borrar la selecci\u00f3n&#8221;. Haciendo clic en el bot\u00f3n &#8220;Borrar la selecci\u00f3n&#8221; abrir\u00e1 &hellip; <a href=\"https:\/\/www.fmsdocumentation.com\/es\/menu-de-informes\/gestion-de-informes\/\" class=\"more-link\">Sigue leyendo <span class=\"screen-reader-text\">Gesti\u00f3n de informes<\/span><\/a><\/p>\n","protected":false},"author":1,"featured_media":0,"parent":2139,"menu_order":15,"comment_status":"closed","ping_status":"closed","template":"","meta":{"footnotes":""},"class_list":["post-2135","page","type-page","status-publish","hentry"],"_links":{"self":[{"href":"https:\/\/www.fmsdocumentation.com\/es\/wp-json\/wp\/v2\/pages\/2135","targetHints":{"allow":["GET"]}}],"collection":[{"href":"https:\/\/www.fmsdocumentation.com\/es\/wp-json\/wp\/v2\/pages"}],"about":[{"href":"https:\/\/www.fmsdocumentation.com\/es\/wp-json\/wp\/v2\/types\/page"}],"author":[{"embeddable":true,"href":"https:\/\/www.fmsdocumentation.com\/es\/wp-json\/wp\/v2\/users\/1"}],"replies":[{"embeddable":true,"href":"https:\/\/www.fmsdocumentation.com\/es\/wp-json\/wp\/v2\/comments?post=2135"}],"version-history":[{"count":8,"href":"https:\/\/www.fmsdocumentation.com\/es\/wp-json\/wp\/v2\/pages\/2135\/revisions"}],"predecessor-version":[{"id":7319,"href":"https:\/\/www.fmsdocumentation.com\/es\/wp-json\/wp\/v2\/pages\/2135\/revisions\/7319"}],"up":[{"embeddable":true,"href":"https:\/\/www.fmsdocumentation.com\/es\/wp-json\/wp\/v2\/pages\/2139"}],"wp:attachment":[{"href":"https:\/\/www.fmsdocumentation.com\/es\/wp-json\/wp\/v2\/media?parent=2135"}],"curies":[{"name":"wp","href":"https:\/\/api.w.org\/{rel}","templated":true}]}}