{"id":2137,"date":"2017-04-06T09:07:35","date_gmt":"2017-04-06T09:07:35","guid":{"rendered":"http:\/\/www.fmsdocumentation.com\/generate-new-report\/"},"modified":"2019-02-11T12:06:29","modified_gmt":"2019-02-11T10:06:29","slug":"generacion-de-nuevos-informes","status":"publish","type":"page","link":"https:\/\/www.fmsdocumentation.com\/es\/menu-de-informes\/generacion-de-nuevos-informes\/","title":{"rendered":"Generaci\u00f3n de nuevos informes"},"content":{"rendered":"<p>El men\u00fa de informes consiste en tres pesta\u00f1as principales:<\/p>\n<ul>\n<li>Informes generados (abierta por defecto);<\/li>\n<li>Suscripciones;<\/li>\n<li>Plantillas.<\/li>\n<\/ul>\n<p>Para generar un nuevo informe, el usuario debe hacer clic en el bot\u00f3n &#8220;Generar nuevo informe&#8221;, situado al lado superior derecho del panel en la pesta\u00f1a &#8220;Informes generados&#8221;.<\/p>\n<p><a href=\"https:\/\/www.fmsdocumentation.com\/wp-content\/uploads\/2018\/12\/134ES.png\"><img loading=\"lazy\" decoding=\"async\" class=\"alignnone size-large wp-image-6317\" src=\"https:\/\/www.fmsdocumentation.com\/wp-content\/uploads\/2018\/12\/134ES-1024x500.png\" alt=\"\" width=\"660\" height=\"322\" srcset=\"https:\/\/www.fmsdocumentation.com\/wp-content\/uploads\/2018\/12\/134ES-1024x500.png 1024w, https:\/\/www.fmsdocumentation.com\/wp-content\/uploads\/2018\/12\/134ES-300x147.png 300w, https:\/\/www.fmsdocumentation.com\/wp-content\/uploads\/2018\/12\/134ES-768x375.png 768w, https:\/\/www.fmsdocumentation.com\/wp-content\/uploads\/2018\/12\/134ES.png 1920w\" sizes=\"auto, (max-width: 660px) 100vw, 660px\" \/><\/a><\/p>\n<hr \/>\n<h3>Creaci\u00f3n de informes desde el principio<\/h3>\n<p>Si el usuario decide crear un nuevo informe desde el principio, se abrir\u00e1 una nueva ventana de creaci\u00f3n de informes. Al principio el usuario tiene que elegir el tipo del informe. Cada tipo de informe tiene unos par\u00e1metros predefinidos, los cu\u00e1les se mostrar\u00e1n en el informe y no pueden ser eliminados. Cada tipo de informe tambi\u00e9n tiene ajustes personalizables, no disponibles para otros tipos de informes. Actualmente los siguientes tipos de informes est\u00e1n disponibles:<\/p>\n<ul>\n<li>Informe de pa\u00edses<\/li>\n<li>Informe de tiempo de trabajo de conductor;<\/li>\n<li>Informe de Eco-Drive;<\/li>\n<li>Informe de eventos;<\/li>\n<li>Informe de tanque de combustible;<\/li>\n<li>Informe de geozonas;<\/li>\n<li>Informe de par\u00e1metros sobre el l\u00edmite;<\/li>\n<li>Informe de temperaturas;<\/li>\n<li>Informe de resumen del viaje;<\/li>\n<li>Informe de trayectos;<\/li>\n<li>Informe de horas de trabajo.<\/li>\n<\/ul>\n<p>Se describe cada tipo de informes individualmente. El tipo de informe se selecciona en la primera lista desplegable. Es importante seleccionar el tipo de informe al principio y solo luego configurar los par\u00e1metros de informe, porque los ajustes de cada tipo son diferentes y los datos introducidos se perder\u00e1n si se cambia el tipo de informe.<\/p>\n<p><a href=\"https:\/\/www.fmsdocumentation.com\/wp-content\/uploads\/2017\/04\/200ES.png\"><img loading=\"lazy\" decoding=\"async\" class=\"alignnone size-full wp-image-3105\" src=\"https:\/\/www.fmsdocumentation.com\/wp-content\/uploads\/2017\/04\/200ES.png\" alt=\"\" width=\"576\" height=\"279\" srcset=\"https:\/\/www.fmsdocumentation.com\/wp-content\/uploads\/2017\/04\/200ES.png 576w, https:\/\/www.fmsdocumentation.com\/wp-content\/uploads\/2017\/04\/200ES-300x145.png 300w\" sizes=\"auto, (max-width: 576px) 100vw, 576px\" \/><\/a><\/p>\n<hr \/>\n<h3>Creaci\u00f3n de informes con plantillas<\/h3>\n<p>Si el usuario decide crear un nuevo informe usando una plantilla existente, se abrir\u00e1 una ventana de selecci\u00f3n de plantilla. Hay una barra de b\u00fasqueda, la lista se actualiza autom\u00e1ticamente con cada letra introducida. Las plantillas tambi\u00e9n se pueden filtrar por tipo de informe. Para seleccionar una plantilla, el usuario debe hacerle clic y hacer clic en el bot\u00f3n &#8220;Hecho&#8221;.<\/p>\n<p><p class=\"note\">Nota<br \/>\nLa creaci\u00f3n de informes con plantillas no estar\u00e1 disponible si no hay plantillas existentes.<\/p><\/p>\n<p><a href=\"https:\/\/www.fmsdocumentation.com\/wp-content\/uploads\/2018\/12\/380ES.png\"><img loading=\"lazy\" decoding=\"async\" class=\"alignnone size-full wp-image-6321\" src=\"https:\/\/www.fmsdocumentation.com\/wp-content\/uploads\/2018\/12\/380ES.png\" alt=\"\" width=\"750\" height=\"750\" srcset=\"https:\/\/www.fmsdocumentation.com\/wp-content\/uploads\/2018\/12\/380ES.png 750w, https:\/\/www.fmsdocumentation.com\/wp-content\/uploads\/2018\/12\/380ES-150x150.png 150w, https:\/\/www.fmsdocumentation.com\/wp-content\/uploads\/2018\/12\/380ES-300x300.png 300w\" sizes=\"auto, (max-width: 750px) 100vw, 750px\" \/><\/a><\/p>\n<p>Se abrir\u00e1 una nueva ventana de creaci\u00f3n de informes, todos los campos y ajustes se copiar\u00e1n desde la plantilla.\u00a0Lo \u00fanico que el usuario debe introducir es el rango de fecha. Se mostrar\u00e1n s\u00f3lo unos campos y ajustes al inicio. El usuario puede hacer clic en <strong>Mostrar todos los ajustes<\/strong> para mostrar todos los campos y ajustes.<\/p>\n<p><a href=\"https:\/\/www.fmsdocumentation.com\/wp-content\/uploads\/2019\/02\/389ES.png\"><img loading=\"lazy\" decoding=\"async\" class=\"alignnone size-full wp-image-7313\" src=\"https:\/\/www.fmsdocumentation.com\/wp-content\/uploads\/2019\/02\/389ES.png\" alt=\"\" width=\"593\" height=\"397\" srcset=\"https:\/\/www.fmsdocumentation.com\/wp-content\/uploads\/2019\/02\/389ES.png 593w, https:\/\/www.fmsdocumentation.com\/wp-content\/uploads\/2019\/02\/389ES-300x201.png 300w\" sizes=\"auto, (max-width: 593px) 100vw, 593px\" \/><\/a><\/p>\n<hr \/>\n<h3>Duplicaci\u00f3n de informes<\/h3>\n<p>Es posible duplicar informes existentes para crear un nuevo informe, basado en un informe existente. Para duplicar un informe, el usuario tiene que hacer clic en los tres puntos a la derecha y hacer clic en &#8220;Duplicar informe&#8221;. Se abrir\u00e1 una ventana nueva de creaci\u00f3n de informes, todos los campos y ajustes se copiar\u00e1n desde el informe existente. Lo \u00fanico que el usuario debe introducir es el rango de fecha.<\/p>\n<p><a href=\"https:\/\/www.fmsdocumentation.com\/wp-content\/uploads\/2018\/10\/377ES.png\"><img loading=\"lazy\" decoding=\"async\" class=\"alignnone size-full wp-image-5961\" src=\"https:\/\/www.fmsdocumentation.com\/wp-content\/uploads\/2018\/10\/377ES.png\" alt=\"\" width=\"204\" height=\"250\" \/><\/a><\/p>\n<hr \/>\n<p><div class=\"alignleft\"><a href=\"https:\/\/www.fmsdocumentation.com\/es\/menu-de-informes\/\" title=\"Men\u00fa de informes\"><span class=\"arrow\">\u2039 &nbsp <\/span> Men\u00fa de informes <\/a><\/div> <div class=\"alignright\"><a href=\"https:\/\/www.fmsdocumentation.com\/es\/menu-de-informes\/creacion-de-suscripciones-de-informes\/\" title=\"Suscripciones de informes\">Suscripciones de informes <span class=\"arrow\"> &nbsp\u203a <\/span> <\/a><\/div><\/p>\n","protected":false},"excerpt":{"rendered":"<p>El men\u00fa de informes consiste en tres pesta\u00f1as principales: Informes generados (abierta por defecto); Suscripciones; Plantillas. Para generar un nuevo informe, el usuario debe hacer clic en el bot\u00f3n &#8220;Generar nuevo informe&#8221;, situado al lado superior derecho del panel en la pesta\u00f1a &#8220;Informes generados&#8221;. Creaci\u00f3n de informes desde el principio Si el usuario decide crear &hellip; <a href=\"https:\/\/www.fmsdocumentation.com\/es\/menu-de-informes\/generacion-de-nuevos-informes\/\" class=\"more-link\">Sigue leyendo <span class=\"screen-reader-text\">Generaci\u00f3n de nuevos informes<\/span><\/a><\/p>\n","protected":false},"author":1,"featured_media":0,"parent":2139,"menu_order":1,"comment_status":"closed","ping_status":"closed","template":"","meta":{"footnotes":""},"class_list":["post-2137","page","type-page","status-publish","hentry"],"_links":{"self":[{"href":"https:\/\/www.fmsdocumentation.com\/es\/wp-json\/wp\/v2\/pages\/2137","targetHints":{"allow":["GET"]}}],"collection":[{"href":"https:\/\/www.fmsdocumentation.com\/es\/wp-json\/wp\/v2\/pages"}],"about":[{"href":"https:\/\/www.fmsdocumentation.com\/es\/wp-json\/wp\/v2\/types\/page"}],"author":[{"embeddable":true,"href":"https:\/\/www.fmsdocumentation.com\/es\/wp-json\/wp\/v2\/users\/1"}],"replies":[{"embeddable":true,"href":"https:\/\/www.fmsdocumentation.com\/es\/wp-json\/wp\/v2\/comments?post=2137"}],"version-history":[{"count":9,"href":"https:\/\/www.fmsdocumentation.com\/es\/wp-json\/wp\/v2\/pages\/2137\/revisions"}],"predecessor-version":[{"id":7314,"href":"https:\/\/www.fmsdocumentation.com\/es\/wp-json\/wp\/v2\/pages\/2137\/revisions\/7314"}],"up":[{"embeddable":true,"href":"https:\/\/www.fmsdocumentation.com\/es\/wp-json\/wp\/v2\/pages\/2139"}],"wp:attachment":[{"href":"https:\/\/www.fmsdocumentation.com\/es\/wp-json\/wp\/v2\/media?parent=2137"}],"curies":[{"name":"wp","href":"https:\/\/api.w.org\/{rel}","templated":true}]}}