{"id":2142,"date":"2017-04-06T09:02:23","date_gmt":"2017-04-06T09:02:23","guid":{"rendered":"http:\/\/www.fmsdocumentation.com\/maintenance-task-vehicle-edit\/"},"modified":"2019-02-11T14:02:04","modified_gmt":"2019-02-11T12:02:04","slug":"revision-de-tareas-de-mantenimiento","status":"publish","type":"page","link":"https:\/\/www.fmsdocumentation.com\/es\/menu-de-tareas-de-mantenimiento\/revision-de-tareas-de-mantenimiento\/","title":{"rendered":"Revisi\u00f3n de tareas de mantenimiento"},"content":{"rendered":"<p>Debido a lo que toda la informaci\u00f3n se generaliza al crear tareas de mantenimiento, alguna informaci\u00f3n puede ser inexacta y necesitar cambios. Se puede editar las tareas marcando las casillas al inicio de la fila de veh\u00edculos. Despu\u00e9s de seleccionar los veh\u00edculos el usuario tiene que hacer clic en el bot\u00f3n &#8220;Editar&#8221;.<\/p>\n<p><a href=\"https:\/\/www.fmsdocumentation.com\/wp-content\/uploads\/2017\/04\/130ES.png\"><img loading=\"lazy\" decoding=\"async\" class=\"alignnone wp-image-3074 size-full\" src=\"https:\/\/www.fmsdocumentation.com\/wp-content\/uploads\/2017\/04\/130ES.png\" alt=\"\" width=\"1497\" height=\"181\" srcset=\"https:\/\/www.fmsdocumentation.com\/wp-content\/uploads\/2017\/04\/130ES.png 1497w, https:\/\/www.fmsdocumentation.com\/wp-content\/uploads\/2017\/04\/130ES-300x36.png 300w, https:\/\/www.fmsdocumentation.com\/wp-content\/uploads\/2017\/04\/130ES-768x93.png 768w, https:\/\/www.fmsdocumentation.com\/wp-content\/uploads\/2017\/04\/130ES-1024x124.png 1024w\" sizes=\"auto, (max-width: 1497px) 100vw, 1497px\" \/><\/a><\/p>\n<p>Tras completar los pasos previos, se abrir\u00e1 una nueva ventana, donde el usuario puede editar algunos ajustes de mantenimiento para los veh\u00edculos seleccionados. Siempre se aparecer\u00e1 una ventana de advertencia al lado derecho, advirtiendo que cambios a la tarea afectar\u00e1n todos los veh\u00edculos seleccionados (casillas marcadas) en la lista de veh\u00edculos. Para desbloquear los ajustes, el usuario simplemente tiene que hacer clic en el bot\u00f3n &#8220;Desbloquear&#8221; en cada secci\u00f3n de ajustes.<\/p>\n<p><a href=\"https:\/\/www.fmsdocumentation.com\/wp-content\/uploads\/2017\/04\/131ES.png\"><img loading=\"lazy\" decoding=\"async\" class=\"alignnone wp-image-3075\" src=\"https:\/\/www.fmsdocumentation.com\/wp-content\/uploads\/2017\/04\/131ES.png\" alt=\"\" width=\"582\" height=\"550\" srcset=\"https:\/\/www.fmsdocumentation.com\/wp-content\/uploads\/2017\/04\/131ES.png 804w, https:\/\/www.fmsdocumentation.com\/wp-content\/uploads\/2017\/04\/131ES-300x284.png 300w, https:\/\/www.fmsdocumentation.com\/wp-content\/uploads\/2017\/04\/131ES-768x726.png 768w\" sizes=\"auto, (max-width: 582px) 100vw, 582px\" \/><\/a><\/p>\n<p>Haciendo clic en el bot\u00f3n &#8220;Desbloquear&#8221; permitir\u00e1 al usuario cambiar algunos ajustes. No todos los ajustes pueden ser cambiados despu\u00e9s de crear la tarea. Se puede editar los siguientes campos:<\/p>\n<ul>\n<li>Descripci\u00f3n;<\/li>\n<li>Introducir \u00faltimo kilometraje\/\u00faltima fecha\/\u00faltimas horas de trabajo de servicio;<\/li>\n<li>Repetir tarea despu\u00e9s de;<\/li>\n<li>Confirmaci\u00f3n de tarea;<\/li>\n<li>Direcci\u00f3n de correo electr\u00f3nico;<\/li>\n<li>Selecci\u00f3n de tiempo de alerta.<\/li>\n<\/ul>\n<p>Despu\u00e9s de hacer cambios hay que hacer clic en el bot\u00f3n &#8220;Guardar&#8221; o los cambios no se guardar\u00e1n. Si el usuario no desea guardar los cambios, tiene que hacer clic en el bot\u00f3n &#8220;Cerrar&#8221;, o en cualquier lugar fuera de la ventana.<\/p>\n<p><a href=\"https:\/\/www.fmsdocumentation.com\/wp-content\/uploads\/2017\/04\/132ES.png\"><img loading=\"lazy\" decoding=\"async\" class=\"alignnone size-full wp-image-3076\" src=\"https:\/\/www.fmsdocumentation.com\/wp-content\/uploads\/2017\/04\/132ES.png\" alt=\"\" width=\"386\" height=\"540\" srcset=\"https:\/\/www.fmsdocumentation.com\/wp-content\/uploads\/2017\/04\/132ES.png 386w, https:\/\/www.fmsdocumentation.com\/wp-content\/uploads\/2017\/04\/132ES-214x300.png 214w\" sizes=\"auto, (max-width: 386px) 100vw, 386px\" \/><\/a><\/p>\n<p>El usuario puede cambiar el inicial generalizado valor del &#8220;\u00daltimo servicio&#8221; y cambiar el periodo de servicio para cada veh\u00edculo individualmente. No se puede cambiar el tipo del par\u00e1metro, as\u00ed que se hace una tarea de mantenimiento para cada tipo de periodo (kilometraje \/ fecha \/ horas de trabajo).<\/p>\n<hr \/>\n<p><div class=\"alignleft\"><a href=\"https:\/\/www.fmsdocumentation.com\/es\/menu-de-tareas-de-mantenimiento\/resumen-de-tareas-de-mantenimiento\/\" title=\"Resumen de tareas de mantenimiento\"><span class=\"arrow\">\u2039 &nbsp <\/span> Resumen de tareas de mantenimiento <\/a><\/div> <div class=\"alignright\"><a href=\"https:\/\/www.fmsdocumentation.com\/es\/menu-de-conduccion-ecologica\/\" title=\"Men\u00fa de conducci\u00f3n ecol\u00f3gica\">Men\u00fa de conducci\u00f3n ecol\u00f3gica <span class=\"arrow\"> &nbsp\u203a <\/span> <\/a><\/div><\/p>\n","protected":false},"excerpt":{"rendered":"<p>Debido a lo que toda la informaci\u00f3n se generaliza al crear tareas de mantenimiento, alguna informaci\u00f3n puede ser inexacta y necesitar cambios. Se puede editar las tareas marcando las casillas al inicio de la fila de veh\u00edculos. Despu\u00e9s de seleccionar los veh\u00edculos el usuario tiene que hacer clic en el bot\u00f3n &#8220;Editar&#8221;. Tras completar los &hellip; <a href=\"https:\/\/www.fmsdocumentation.com\/es\/menu-de-tareas-de-mantenimiento\/revision-de-tareas-de-mantenimiento\/\" class=\"more-link\">Sigue leyendo <span class=\"screen-reader-text\">Revisi\u00f3n de tareas de mantenimiento<\/span><\/a><\/p>\n","protected":false},"author":1,"featured_media":0,"parent":2149,"menu_order":3,"comment_status":"closed","ping_status":"closed","template":"","meta":{"footnotes":""},"class_list":["post-2142","page","type-page","status-publish","hentry"],"_links":{"self":[{"href":"https:\/\/www.fmsdocumentation.com\/es\/wp-json\/wp\/v2\/pages\/2142","targetHints":{"allow":["GET"]}}],"collection":[{"href":"https:\/\/www.fmsdocumentation.com\/es\/wp-json\/wp\/v2\/pages"}],"about":[{"href":"https:\/\/www.fmsdocumentation.com\/es\/wp-json\/wp\/v2\/types\/page"}],"author":[{"embeddable":true,"href":"https:\/\/www.fmsdocumentation.com\/es\/wp-json\/wp\/v2\/users\/1"}],"replies":[{"embeddable":true,"href":"https:\/\/www.fmsdocumentation.com\/es\/wp-json\/wp\/v2\/comments?post=2142"}],"version-history":[{"count":8,"href":"https:\/\/www.fmsdocumentation.com\/es\/wp-json\/wp\/v2\/pages\/2142\/revisions"}],"predecessor-version":[{"id":7346,"href":"https:\/\/www.fmsdocumentation.com\/es\/wp-json\/wp\/v2\/pages\/2142\/revisions\/7346"}],"up":[{"embeddable":true,"href":"https:\/\/www.fmsdocumentation.com\/es\/wp-json\/wp\/v2\/pages\/2149"}],"wp:attachment":[{"href":"https:\/\/www.fmsdocumentation.com\/es\/wp-json\/wp\/v2\/media?parent=2142"}],"curies":[{"name":"wp","href":"https:\/\/api.w.org\/{rel}","templated":true}]}}