{"id":2144,"date":"2017-04-06T08:58:46","date_gmt":"2017-04-06T08:58:46","guid":{"rendered":"http:\/\/www.fmsdocumentation.com\/maintenance-tasks-overview\/"},"modified":"2017-11-15T12:04:10","modified_gmt":"2017-11-15T12:04:10","slug":"resumen-de-tareas-de-mantenimiento","status":"publish","type":"page","link":"https:\/\/www.fmsdocumentation.com\/es\/menu-de-tareas-de-mantenimiento\/resumen-de-tareas-de-mantenimiento\/","title":{"rendered":"Resumen de tareas de mantenimiento"},"content":{"rendered":"<p>La lista muestra todas las tareas de mantenimiento creadas por el usuario. Cada tarea tiene informaci\u00f3n adicional, por ejemplo:<\/p>\n<ul>\n<li><strong>Nombre de tarea de mantenimiento<\/strong>;<\/li>\n<li><strong>Cantidad de veh\u00edculos, asignados a la tarea de mantenimiento<\/strong>;<\/li>\n<li><strong>Cantidad de veh\u00edculos para cada estado<\/strong>\u00a0\u2013 muestra un gr\u00e1fico peque\u00f1o y la cantidad de veh\u00edculos para cada estado. Hay tres tipos de estados y tienen colores diferentes:\n<ul>\n<li><strong>Verde \u2013 <\/strong>todo est\u00e1 bien, no necesita atenci\u00f3n, el tiempo o distancia restante hasta el siguiente servicio est\u00e1 m\u00e1s que 20% del valor inicial;<\/li>\n<li><strong>Amarillo \u2013<\/strong>\u00a0estado de esperando, significa que el veh\u00edculo necesita servicio y que\u00a0el tiempo o distancia restante hasta el siguiente servicio est\u00e1 menos que 20% del valor inicial (por ejemplo el periodo es 100 d\u00edas, el veh\u00edculo ha conducido por 85 d\u00edas, quedan 15 d\u00edas hasta servicio) (15% del inicial valor de 100 d\u00edas es menos que 20%);<\/li>\n<li><strong>Rojo \u2013<\/strong> estado de retraso, significa que el tiempo o la distancia ya ha pasado y el servicio est\u00e1 retrasado.<\/li>\n<\/ul>\n<\/li>\n<\/ul>\n<p><a href=\"https:\/\/www.fmsdocumentation.com\/wp-content\/uploads\/2017\/04\/127ES.png\"><img loading=\"lazy\" decoding=\"async\" class=\"alignnone size-full wp-image-2947\" src=\"https:\/\/www.fmsdocumentation.com\/wp-content\/uploads\/2017\/04\/127ES.png\" alt=\"\" width=\"364\" height=\"284\" srcset=\"https:\/\/www.fmsdocumentation.com\/wp-content\/uploads\/2017\/04\/127ES.png 364w, https:\/\/www.fmsdocumentation.com\/wp-content\/uploads\/2017\/04\/127ES-300x234.png 300w\" sizes=\"auto, (max-width: 364px) 100vw, 364px\" \/><\/a><\/p>\n<p>Haciendo clic en una tarea en la lista de tareas de mantenimiento abrir\u00e1 el panel de resumen de la tarea de mantenimiento. La primera tarea est\u00e1 abierta por defecto. Los contenidos del panel de resumen:<\/p>\n<ol>\n<li><strong>Nombre de tarea de mantenimiento<\/strong>;<\/li>\n<li><strong>A\u00f1adir veh\u00edculo<\/strong> <strong>\u2013<\/strong>\u00a0permite a\u00f1adir veh\u00edculos a la tarea actualmente seleccionada. Este panel es similar al panel de tareas de mantenimiento descrito previamente. Aqu\u00ed el usuario puede seleccionar todos los veh\u00edculos que desea a\u00f1adir a la tarea de mantenimiento. El usuario tambi\u00e9n puede cambiar la descripci\u00f3n de la tarea y introducir valores para estos campos:\n<ul>\n<li><strong>\u00daltimo kilometraje de servicio;<\/strong><\/li>\n<li><strong>Repetir tarea despu\u00e9s de;<\/strong><\/li>\n<li><strong>Confirmaci\u00f3n de tarea.<\/strong><\/li>\n<\/ul>\n<\/li>\n<li><strong>Eliminar tarea<\/strong><b>\u00a0<\/b>\u2013 haciendo clic en este bot\u00f3n mostrar\u00e1 una ventana de confirmaci\u00f3n, donde el usuario debe confirmar la eliminaci\u00f3n de la tarea. Si se hizo clic por accidente, el usuario simplemente tiene que hacer clic en el bot\u00f3n &#8220;Cancelar&#8221;, o en cualquier otro lugar fuera de la ventana de confirmaci\u00f3n;<\/li>\n<li><strong>Editar<\/strong> \u2013 permite editar el veh\u00edculo \/ los veh\u00edculos seleccionado(s) (casilla marcada). Esta funcionalidad se describe en el siguiente cap\u00edtulo;<\/li>\n<li><strong>Retirar veh\u00edculo\u00a0<\/strong>\u2013 haciendo clic en este bot\u00f3n retirar\u00e1 los veh\u00edculos seleccionados de la tarea actualmente seleccionada;<\/li>\n<li><strong>Confirmar\u00a0<\/strong>\u2013 se usa este bot\u00f3n para confirmar el mantenimiento para todos los veh\u00edculos seleccionados. Es posible confirmarlo para cada veh\u00edculo individualmente, esto se describe a continuaci\u00f3n. (<strong>NOTA: \u00a1Se puede confirmar el mantenimiento solo para los veh\u00edculos con estado amarillo o rojo! No se puede confirmar los veh\u00edculos en estado verde. Si se intenta confirmar una selecci\u00f3n de veh\u00edculos con todos los estados, solo los veh\u00edculos con estado amarillo o rojo ser\u00e1n confirmados y aparecer\u00e1 una ventana de alerta, informando que no se pudo confirmar algunos (los verdes) veh\u00edculos)<\/strong>;<\/li>\n<li><strong>Lista de veh\u00edculos\u00a0<\/strong>\u2013 lista de todos los veh\u00edculos, asignados a la tarea de mantenimiento actualmente seleccionada. Hay informaci\u00f3n adicional en cada fila para cada veh\u00edculo. Hay una casilla al inicio de cada fila, usada para editar, eliminar veh\u00edculos o confirmar el mantenimiento. Haciendo clic en la casilla en la cabecera seleccionar\u00e1 \/ deseleccionar\u00e1 todos los veh\u00edculos en la lista.<\/li>\n<\/ol>\n<p>&nbsp;<\/p>\n<p><a href=\"https:\/\/www.fmsdocumentation.com\/wp-content\/uploads\/2017\/04\/128ES.png\"><img loading=\"lazy\" decoding=\"async\" class=\"alignnone wp-image-2950\" src=\"https:\/\/www.fmsdocumentation.com\/wp-content\/uploads\/2017\/04\/128ES-1024x270.png\" alt=\"\" width=\"1000\" height=\"264\" srcset=\"https:\/\/www.fmsdocumentation.com\/wp-content\/uploads\/2017\/04\/128ES-1024x270.png 1024w, https:\/\/www.fmsdocumentation.com\/wp-content\/uploads\/2017\/04\/128ES-300x79.png 300w, https:\/\/www.fmsdocumentation.com\/wp-content\/uploads\/2017\/04\/128ES-768x203.png 768w, https:\/\/www.fmsdocumentation.com\/wp-content\/uploads\/2017\/04\/128ES.png 1500w\" sizes=\"auto, (max-width: 1000px) 100vw, 1000px\" \/><\/a><\/p>\n<p>La lista de veh\u00edculos contiene toda la informaci\u00f3n importante, relacionada con el mantenimiento. La informaci\u00f3n puede ser diferente, seg\u00fan el tipo de par\u00e1metro seleccionado. Si &#8220;Kilometraje&#8221; est\u00e1 seleccionado, se aparecer\u00e1 una nueva columna llamada &#8220;Kilometraje&#8221;, mostrando el kilometraje actual de cada veh\u00edculo, lo mismo en el caso de horas de trabajo. Si &#8220;Horas de trabajo&#8221; est\u00e1 seleccionado, se aparecer\u00e1 una columna &#8220;Horas de trabajo&#8221;. Si &#8220;Fecha&#8221; est\u00e1 seleccionado, no hay columnas adicionales. Todas las otras columnas quedan id\u00e9nticas y sus cabeceras son f\u00e1ciles de entender.<\/p>\n<p>La \u00faltima columna en la lista es el <strong>estado de la tarea<\/strong>.\u00a0 Hay un icono de informaci\u00f3n al lado de la columna. Moviendo el cursor del rat\u00f3n sobre el icono mostrar\u00e1 como el sistema define los estados\u00a0<span style=\"background-color: #ff0000; color: #ffffff;\">\u201cRetraso\u201d<\/span> y <span style=\"background-color: #ffff00; color: #000000;\">\u201cEsperando\u201d<\/span>. Cada veh\u00edculo con estado de retraso o esperando tendr\u00e1 un bot\u00f3n de confirmaci\u00f3n al lado del estado actual. Haciendo clic en este bot\u00f3n confirmar\u00e1 el mantenimiento solo para el veh\u00edculo en la misma fila.<\/p>\n<p><a href=\"https:\/\/www.fmsdocumentation.com\/wp-content\/uploads\/2017\/04\/129ES.png\"><img loading=\"lazy\" decoding=\"async\" class=\"alignnone size-full wp-image-2951\" src=\"https:\/\/www.fmsdocumentation.com\/wp-content\/uploads\/2017\/04\/129ES.png\" alt=\"\" width=\"258\" height=\"211\" \/><\/a><\/p>\n<hr \/>\n<p><div class=\"alignleft\"><a href=\"https:\/\/www.fmsdocumentation.com\/es\/menu-de-tareas-de-mantenimiento\/creacion-de-tareas-de-mantenimiento\/\" title=\"Creaci\u00f3n de tareas de mantenimiento\"><span class=\"arrow\">\u2039 &nbsp <\/span> Creaci\u00f3n de tareas de mantenimiento <\/a><\/div> <div class=\"alignright\"><a href=\"https:\/\/www.fmsdocumentation.com\/es\/menu-de-tareas-de-mantenimiento\/revision-de-tareas-de-mantenimiento\/\" title=\"Revisi\u00f3n de tareas de mantenimiento\">Revisi\u00f3n de tareas de mantenimiento <span class=\"arrow\"> &nbsp\u203a <\/span> <\/a><\/div><\/p>\n","protected":false},"excerpt":{"rendered":"<p>La lista muestra todas las tareas de mantenimiento creadas por el usuario. Cada tarea tiene informaci\u00f3n adicional, por ejemplo: Nombre de tarea de mantenimiento; Cantidad de veh\u00edculos, asignados a la tarea de mantenimiento; Cantidad de veh\u00edculos para cada estado\u00a0\u2013 muestra un gr\u00e1fico peque\u00f1o y la cantidad de veh\u00edculos para cada estado. Hay tres tipos de &hellip; <a href=\"https:\/\/www.fmsdocumentation.com\/es\/menu-de-tareas-de-mantenimiento\/resumen-de-tareas-de-mantenimiento\/\" class=\"more-link\">Sigue leyendo <span class=\"screen-reader-text\">Resumen de tareas de mantenimiento<\/span><\/a><\/p>\n","protected":false},"author":1,"featured_media":0,"parent":2149,"menu_order":2,"comment_status":"closed","ping_status":"closed","template":"","meta":{"footnotes":""},"class_list":["post-2144","page","type-page","status-publish","hentry"],"_links":{"self":[{"href":"https:\/\/www.fmsdocumentation.com\/es\/wp-json\/wp\/v2\/pages\/2144","targetHints":{"allow":["GET"]}}],"collection":[{"href":"https:\/\/www.fmsdocumentation.com\/es\/wp-json\/wp\/v2\/pages"}],"about":[{"href":"https:\/\/www.fmsdocumentation.com\/es\/wp-json\/wp\/v2\/types\/page"}],"author":[{"embeddable":true,"href":"https:\/\/www.fmsdocumentation.com\/es\/wp-json\/wp\/v2\/users\/1"}],"replies":[{"embeddable":true,"href":"https:\/\/www.fmsdocumentation.com\/es\/wp-json\/wp\/v2\/comments?post=2144"}],"version-history":[{"count":8,"href":"https:\/\/www.fmsdocumentation.com\/es\/wp-json\/wp\/v2\/pages\/2144\/revisions"}],"predecessor-version":[{"id":3619,"href":"https:\/\/www.fmsdocumentation.com\/es\/wp-json\/wp\/v2\/pages\/2144\/revisions\/3619"}],"up":[{"embeddable":true,"href":"https:\/\/www.fmsdocumentation.com\/es\/wp-json\/wp\/v2\/pages\/2149"}],"wp:attachment":[{"href":"https:\/\/www.fmsdocumentation.com\/es\/wp-json\/wp\/v2\/media?parent=2144"}],"curies":[{"name":"wp","href":"https:\/\/api.w.org\/{rel}","templated":true}]}}