{"id":2147,"date":"2017-04-06T08:57:18","date_gmt":"2017-04-06T08:57:18","guid":{"rendered":"http:\/\/www.fmsdocumentation.com\/create-maintenance-task\/"},"modified":"2017-11-15T12:02:58","modified_gmt":"2017-11-15T12:02:58","slug":"creacion-de-tareas-de-mantenimiento","status":"publish","type":"page","link":"https:\/\/www.fmsdocumentation.com\/es\/menu-de-tareas-de-mantenimiento\/creacion-de-tareas-de-mantenimiento\/","title":{"rendered":"Creaci\u00f3n de tareas de mantenimiento"},"content":{"rendered":"<p>Para crear una nueva tarea de mantenimiento, el usuario debe hacer clic en el bot\u00f3n &#8220;Nueva tarea&#8221;, situado al lado superior izquierdo de la pantalla.<\/p>\n<p><a href=\"https:\/\/www.fmsdocumentation.com\/wp-content\/uploads\/2017\/04\/124ES.png\"><img loading=\"lazy\" decoding=\"async\" class=\"alignnone wp-image-2938\" src=\"https:\/\/www.fmsdocumentation.com\/wp-content\/uploads\/2017\/04\/124ES-1024x351.png\" alt=\"\" width=\"1000\" height=\"343\" srcset=\"https:\/\/www.fmsdocumentation.com\/wp-content\/uploads\/2017\/04\/124ES-1024x351.png 1024w, https:\/\/www.fmsdocumentation.com\/wp-content\/uploads\/2017\/04\/124ES-300x103.png 300w, https:\/\/www.fmsdocumentation.com\/wp-content\/uploads\/2017\/04\/124ES-768x263.png 768w, https:\/\/www.fmsdocumentation.com\/wp-content\/uploads\/2017\/04\/124ES.png 1918w\" sizes=\"auto, (max-width: 1000px) 100vw, 1000px\" \/><\/a><\/p>\n<p>Se abrir\u00e1 una nueva ventana con ajustes de la nueva tarea de mantenimiento. Al principio, el usuario debe elegir veh\u00edculos, para los que esta tarea sea v\u00e1lida. Hay tres m\u00e9todos de elegir veh\u00edculos:<\/p>\n<ol>\n<li><strong>Una barra de b\u00fasqueda<\/strong>\u00a0para encontrar veh\u00edculos con rapidez. La lista de veh\u00edculos se actualizar\u00e1 autom\u00e1ticamente con cada letra introducida, mostrando solo los veh\u00edculos coincidentes en la caja debajo de la barra de b\u00fasqueda.<\/li>\n<li><strong>Seleccionar todo\u00a0<\/strong>\u2013 seleccionar\u00e1 todos los objetos <strong>actualmente mostrados<\/strong> en la caja de selecci\u00f3n. Esto significa que si se usa la barra de b\u00fasqueda para filtrar veh\u00edculos y se hace clic en la casilla &#8220;Seleccionar todo&#8221;, se seleccionan solo los veh\u00edculos mostrados, los otros ocultos por el filtro no estar\u00e1n seleccionados (<strong>\u00a1la barra de b\u00fasqueda debe estar vac\u00eda para que se seleccionen todos los objetos!<\/strong>). Hay un contador &#8220;Veh\u00edculos seleccionados&#8221; al derecho de &#8220;Seleccionar todo&#8221;, que muestra la cantidad de veh\u00edculos actualmente seleccionados.<\/li>\n<li><strong>Caja de selecci\u00f3n <\/strong>\u2013 por defecto muestra todos los veh\u00edculos en la flota en orden alfab\u00e9tico (si la barra de b\u00fasqueda est\u00e1 vac\u00eda). Aqu\u00ed el usuario puede seleccionar los veh\u00edculos que desea a\u00f1adir a la tarea de mantenimiento. Para seleccionar un veh\u00edculo, el usuario debe marcar la casilla al lado del nombre del veh\u00edculo (la casilla estar\u00e1 resaltada en azul con una marca blanca).<\/li>\n<\/ol>\n<p>&nbsp;<\/p>\n<p><a href=\"https:\/\/www.fmsdocumentation.com\/wp-content\/uploads\/2017\/04\/125ES.png\"><img loading=\"lazy\" decoding=\"async\" class=\"alignnone wp-image-2939\" src=\"https:\/\/www.fmsdocumentation.com\/wp-content\/uploads\/2017\/04\/125ES.png\" alt=\"\" width=\"658\" height=\"500\" srcset=\"https:\/\/www.fmsdocumentation.com\/wp-content\/uploads\/2017\/04\/125ES.png 1003w, https:\/\/www.fmsdocumentation.com\/wp-content\/uploads\/2017\/04\/125ES-300x228.png 300w, https:\/\/www.fmsdocumentation.com\/wp-content\/uploads\/2017\/04\/125ES-768x583.png 768w\" sizes=\"auto, (max-width: 658px) 100vw, 658px\" \/><\/a><\/p>\n<p>Despu\u00e9s de seleccionar lo que desea, el usuario debe introducir los par\u00e1metros y la descripci\u00f3n de la tarea. Hay que introducir lo siguiente:<\/p>\n<ol>\n<li><strong>T\u00edtulo<\/strong> \u2013 nombre de la tarea de mantenimiento, mostrado en la lista de tareas de mantenimiento. Esto es el identificador principal de la tarea de mantenimiento.<\/li>\n<li><strong>Tipo de par\u00e1metro\u00a0<\/strong>\u2013 \u00a0define qu\u00e9 par\u00e1metro ser\u00e1 usado para la tarea de mantenimiento. Haciendo clic en la flecha peque\u00f1a abrir\u00e1 una lista desplegable con las siguientes opciones:\n<ul>\n<li><strong>Kilometraje<\/strong>\u00a0\u2013 este par\u00e1metro est\u00e1 seleccionado por defecto y fija el periodo de mantenimiento a kil\u00f3metros (por ejemplo cambio de aceite cada 7000 km);<\/li>\n<li><strong>Fecha<\/strong>\u00a0\u2013 fija el periodo de mantenimiento a tiempo, el usuario puede introducir un valor num\u00e9rico y seleccionar la frecuencia (d\u00edas, semanas, meses, a\u00f1os) (por ejemplo cambio de aceite cada 3 meses o 90 d\u00edas);<\/li>\n<li><strong>Horas de trabajo \u2013<\/strong>\u00a0fija el periodo de mantenimiento a horas de trabajo, solo se puede seleccionar este par\u00e1metro para veh\u00edculos con entradas digitales configuradas (DIN1, DIN2, DIN3 o DIN4) para enviar datos de horas de trabajo a FMS (se aparecer\u00e1 un selector de entrada debajo de \u201cTipo de par\u00e1metro\u201d, donde el usuario puede seleccionar la entrada digital la cu\u00e1l enviar\u00e1 los datos). Seleccionando el tipo del par\u00e1metro autom\u00e1ticamente actualizar\u00e1 la lista de veh\u00edculos con veh\u00edculos que admiten este tipo de par\u00e1metro, cambiando la entrada (DIN1 &#8211; DIN4) tambi\u00e9n actualizar\u00e1 la lista de veh\u00edculos. El periodo se calcula en horas (por ejemplo cambio de aceite cada 450 horas de trabajo).<\/li>\n<\/ul>\n<\/li>\n<li><strong>A\u00f1adir descripci\u00f3n \u2013\u00a0<\/strong>haciendo clic en este bot\u00f3n abrir\u00e1\u00a0un cuadro de texto, donde el usuario puede a\u00f1adir una descripci\u00f3n de la tarea. Esta descripci\u00f3n solo est\u00e1 visible editando los ajustes del veh\u00edculos tras crear la tarea.<\/li>\n<li><strong>Entrada \u2013<\/strong>\u00a0solo disponible si el tipo de par\u00e1metro est\u00e1 fijado a \u201cHoras de trabajo\u201d, permite seleccionar desde cu\u00e1l entrada recibir datos de horas de trabajo. Las entradas deberi\u00e1n selectionarse seg\u00fan la configuraci\u00f3n del dispositivo FM en cada veh\u00edculo individualmente;<\/li>\n<li><strong>Introducir \u00faltimo kilometraje \/ \u00faltima fecha \/ \u00faltimas horas de trabajo de servicio \u2013\u00a0\u00a0<\/strong>marcando esta casilla crear\u00e1 un campo, donde el usuario puede introducir el kilometraje \/ la fecha \/ las horas de trabajo del \u00faltimo servicio (el periodo se calcular\u00e1 empezando desde estos valores);<\/li>\n<li><strong>Repetir tarea despu\u00e9s de \u2013\u00a0<\/strong>permite introducir el periodo deseado\u00a0(cada XXXX kil\u00f3metros, cada XX d\u00edas, cada XX horas de trabajo) de mantenimiento seg\u00fan la selecci\u00f3n del par\u00e1metro (kilometraje \/ fecha \/ horas de trabajo);<\/li>\n<li><strong>Confirmaci\u00f3n de tarea \u2013\u00a0\u00a0<\/strong>permite al usuario seleccionar una de dos opciones de confirmaci\u00f3n de tarea, la cu\u00e1l define cuando empezar\u00e1 un nuevo periodo de mantenimiento. Las opciones disponibles:\n<ul>\n<li><strong>Confirmar manualmente esta tarea cada vez que inicie un nuevo ciclo de tareas \u2013\u00a0<\/strong>significa que el nuevo periodo de mantenimiento empieza solo despu\u00e9s de confirmaci\u00f3n del usuario que el mantenimiento previo est\u00e9 completo;<\/li>\n<li><strong>Confirmar autom\u00e1ticamente esta tarea para iniciar un nuevo ciclo de tareas \u2013\u00a0<\/strong>significa que el nuevo periodo de mantenimiento empieza justo despu\u00e9s del previo, sin necesitar confirmaci\u00f3n del usuario que el mantenimiento est\u00e9 completo.<\/li>\n<\/ul>\n<\/li>\n<\/ol>\n<p><strong>Notificaciones de correo electr\u00f3nico \u2013\u00a0<\/strong>marcando esta casilla permitir\u00e1 recibir notificaciones sobre futuras tareas de mantenimiento\u00a0por correo electr\u00f3nico. Se puede introducir m\u00e1s de un correo electr\u00f3nico, separ\u00e1ndolos por un coma. Haciendo clic en el peque\u00f1o \u201cx\u201d al lado de direcci\u00f3n de correo electr\u00f3nico lo eliminar\u00e1 (no mostrado en la imagen de ejemplo);<\/p>\n<p><strong>Alerta antes \u2013<\/strong>\u00a0este campo solo se muestra si la casilla de notificaciones de correo electr\u00f3nico est\u00e1 marcada, define cuando se env\u00edan las notificaciones (por ejemplo 500 km hasta del fin del periodo de mantenimiento) (las unidades dependen del tipo de par\u00e1metro seleccionado) (no mostrado en la imagen de ejemplo);<strong>\u00a0<\/strong><\/p>\n<p>8.<strong> Guardar \u2013\u00a0<\/strong>hay que hacer clic en este bot\u00f3n para crear\u00a0 tareas de mantenimiento;<\/p>\n<p>9.<strong> Cerrar \u2013\u00a0<\/strong>hay que hacer clic en este bot\u00f3n para cancelar la creaci\u00f3n de la tarea de mantenimiento, el usuario tambi\u00e9n puede simplemente hacer clic en cualquier lugar fuera de la ventana para cerrarla.<\/p>\n<p><a href=\"https:\/\/www.fmsdocumentation.com\/wp-content\/uploads\/2017\/04\/126ES.png\"><img loading=\"lazy\" decoding=\"async\" class=\"alignnone wp-image-2940 size-full\" src=\"https:\/\/www.fmsdocumentation.com\/wp-content\/uploads\/2017\/04\/126ES.png\" alt=\"\" width=\"802\" height=\"763\" srcset=\"https:\/\/www.fmsdocumentation.com\/wp-content\/uploads\/2017\/04\/126ES.png 802w, https:\/\/www.fmsdocumentation.com\/wp-content\/uploads\/2017\/04\/126ES-300x285.png 300w, https:\/\/www.fmsdocumentation.com\/wp-content\/uploads\/2017\/04\/126ES-768x731.png 768w\" sizes=\"auto, (max-width: 802px) 100vw, 802px\" \/><\/a><\/p>\n<p>Despu\u00e9s de hacer clic en el bot\u00f3n &#8220;Guardar&#8221;, la tarea se a\u00f1adir\u00e1 a la lista de tareas de mantenimiento.<\/p>\n<hr \/>\n<p><div class=\"alignleft\"><a href=\"https:\/\/www.fmsdocumentation.com\/es\/menu-de-tareas-de-mantenimiento\/\" title=\"Men\u00fa de tareas de mantenimiento\"><span class=\"arrow\">\u2039 &nbsp <\/span> Men\u00fa de tareas de mantenimiento <\/a><\/div> <div class=\"alignright\"><a href=\"https:\/\/www.fmsdocumentation.com\/es\/menu-de-tareas-de-mantenimiento\/resumen-de-tareas-de-mantenimiento\/\" title=\"Resumen de tareas de mantenimiento\">Resumen de tareas de mantenimiento <span class=\"arrow\"> &nbsp\u203a <\/span> <\/a><\/div><\/p>\n","protected":false},"excerpt":{"rendered":"<p>Para crear una nueva tarea de mantenimiento, el usuario debe hacer clic en el bot\u00f3n &#8220;Nueva tarea&#8221;, situado al lado superior izquierdo de la pantalla. Se abrir\u00e1 una nueva ventana con ajustes de la nueva tarea de mantenimiento. Al principio, el usuario debe elegir veh\u00edculos, para los que esta tarea sea v\u00e1lida. Hay tres m\u00e9todos &hellip; <a href=\"https:\/\/www.fmsdocumentation.com\/es\/menu-de-tareas-de-mantenimiento\/creacion-de-tareas-de-mantenimiento\/\" class=\"more-link\">Sigue leyendo <span class=\"screen-reader-text\">Creaci\u00f3n de tareas de mantenimiento<\/span><\/a><\/p>\n","protected":false},"author":1,"featured_media":0,"parent":2149,"menu_order":1,"comment_status":"closed","ping_status":"closed","template":"","meta":{"footnotes":""},"class_list":["post-2147","page","type-page","status-publish","hentry"],"_links":{"self":[{"href":"https:\/\/www.fmsdocumentation.com\/es\/wp-json\/wp\/v2\/pages\/2147","targetHints":{"allow":["GET"]}}],"collection":[{"href":"https:\/\/www.fmsdocumentation.com\/es\/wp-json\/wp\/v2\/pages"}],"about":[{"href":"https:\/\/www.fmsdocumentation.com\/es\/wp-json\/wp\/v2\/types\/page"}],"author":[{"embeddable":true,"href":"https:\/\/www.fmsdocumentation.com\/es\/wp-json\/wp\/v2\/users\/1"}],"replies":[{"embeddable":true,"href":"https:\/\/www.fmsdocumentation.com\/es\/wp-json\/wp\/v2\/comments?post=2147"}],"version-history":[{"count":7,"href":"https:\/\/www.fmsdocumentation.com\/es\/wp-json\/wp\/v2\/pages\/2147\/revisions"}],"predecessor-version":[{"id":3617,"href":"https:\/\/www.fmsdocumentation.com\/es\/wp-json\/wp\/v2\/pages\/2147\/revisions\/3617"}],"up":[{"embeddable":true,"href":"https:\/\/www.fmsdocumentation.com\/es\/wp-json\/wp\/v2\/pages\/2149"}],"wp:attachment":[{"href":"https:\/\/www.fmsdocumentation.com\/es\/wp-json\/wp\/v2\/media?parent=2147"}],"curies":[{"name":"wp","href":"https:\/\/api.w.org\/{rel}","templated":true}]}}