{"id":2154,"date":"2017-04-06T08:52:04","date_gmt":"2017-04-06T08:52:04","guid":{"rendered":"http:\/\/www.fmsdocumentation.com\/event-list-modifications\/"},"modified":"2018-12-20T10:28:32","modified_gmt":"2018-12-20T08:28:32","slug":"modificacion-de-la-lista-de-eventos","status":"publish","type":"page","link":"https:\/\/www.fmsdocumentation.com\/es\/menu-de-eventos\/modificacion-de-la-lista-de-eventos\/","title":{"rendered":"Modificaci\u00f3n de la lista de eventos"},"content":{"rendered":"<p>La lista de todos los eventos est\u00e1 situada justo debajo del bot\u00f3n &#8220;Nuevo evento&#8221;.<\/p>\n<p><a href=\"https:\/\/www.fmsdocumentation.com\/wp-content\/uploads\/2018\/05\/113ES.png\"><img loading=\"lazy\" decoding=\"async\" class=\"alignnone size-full wp-image-5115\" src=\"https:\/\/www.fmsdocumentation.com\/wp-content\/uploads\/2018\/05\/113ES.png\" alt=\"\" width=\"360\" height=\"457\" srcset=\"https:\/\/www.fmsdocumentation.com\/wp-content\/uploads\/2018\/05\/113ES.png 360w, https:\/\/www.fmsdocumentation.com\/wp-content\/uploads\/2018\/05\/113ES-236x300.png 236w\" sizes=\"auto, (max-width: 360px) 100vw, 360px\" \/><\/a><\/p>\n<p>La lista de eventos autom\u00e1ticamente se ordena en orden alfab\u00e9tico. Hay una barra de b\u00fasqueda, la lista de eventos se actualiza autom\u00e1ticamente con cada letra introducida. Se puede seleccionar un filtro de tipo de eventos para facilitar la b\u00fasqueda de eventos. Para seleccionar un tipo, el usuario debe hacer clic en el campo &#8220;Mostrar eventos&#8221;, se abrir\u00e1 una lista desplegable con los tipos de eventos disponibles. El tipo actualmente seleccionado estar\u00e1 resaltado con un tono m\u00e1s oscuro de gris y marcado con una barra azul al lado derecho. Los siguientes tipos est\u00e1n disponibles:<\/p>\n<ul>\n<li><strong>Todo\u00a0<\/strong>\u2013 se muestran todos los eventos;<\/li>\n<li><strong>Entrada<\/strong>\u00a0\u2013 se muestran los eventos desencadenados por un cambio en el valor de entrada;<\/li>\n<li><strong>Ignici\u00f3n<\/strong> \u2013 se muestran los eventos desencadenados por un cambio en el estado de ignici\u00f3n;<\/li>\n<li><strong>Geozona<\/strong> \u2013 se muestran los eventos desencadenados por entrar en \/ salir de\u00a0una geozona;<\/li>\n<li><strong>Velocidad<\/strong>\u00a0<strong>\u2013 <\/strong>se muestran los eventos desencadenados por superar un l\u00edmite de velocidad configurado;<\/li>\n<li><strong>Tiempo y distancia<\/strong>\u00a0\u2013 se muestran los eventos desencadenados por viajar una distancia espec\u00edfica durante un periodo de tiempo espec\u00edfico;<\/li>\n<li><strong>Mezclado<\/strong>\u00a0\u2013 se muestran los eventos desencadenados por m\u00e1s de una condici\u00f3n.<\/li>\n<\/ul>\n<p>Haciendo clic en el tipo deseado actualizar\u00e1 la lista autom\u00e1ticamente y se mostrar\u00e1n solo eventos del tipo seleccionado. Cada tipo de eventos tiene su propio icono para reconocer diferentes tipos de eventos f\u00e1cilmente.<\/p>\n<p><a href=\"https:\/\/www.fmsdocumentation.com\/wp-content\/uploads\/2018\/08\/114ES.png\"><img loading=\"lazy\" decoding=\"async\" class=\"alignnone size-full wp-image-5838\" src=\"https:\/\/www.fmsdocumentation.com\/wp-content\/uploads\/2018\/08\/114ES.png\" alt=\"\" width=\"360\" height=\"321\" srcset=\"https:\/\/www.fmsdocumentation.com\/wp-content\/uploads\/2018\/08\/114ES.png 360w, https:\/\/www.fmsdocumentation.com\/wp-content\/uploads\/2018\/08\/114ES-300x268.png 300w\" sizes=\"auto, (max-width: 360px) 100vw, 360px\" \/><\/a><\/p>\n<p>Eventos activos (encendidos) tienen iconos azules, mientras los eventos inactivos (apagados) tienen iconos grises.<\/p>\n<p><a href=\"https:\/\/www.fmsdocumentation.com\/wp-content\/uploads\/2018\/03\/328ES.png\"><img loading=\"lazy\" decoding=\"async\" class=\"alignnone size-full wp-image-4677\" src=\"https:\/\/www.fmsdocumentation.com\/wp-content\/uploads\/2018\/03\/328ES.png\" alt=\"\" width=\"352\" height=\"281\" srcset=\"https:\/\/www.fmsdocumentation.com\/wp-content\/uploads\/2018\/03\/328ES.png 352w, https:\/\/www.fmsdocumentation.com\/wp-content\/uploads\/2018\/03\/328ES-300x239.png 300w\" sizes=\"auto, (max-width: 352px) 100vw, 352px\" \/><\/a><\/p>\n<p>Haciendo clic en cualquier evento abrir\u00e1 un panel de detalles del evento con toda al informaci\u00f3n introducida al crear el evento. Al primero hay una barra corredera del estado de evento, que permite activar o desactivar el evento. El ajuste se guarda autom\u00e1ticamente despu\u00e9s de cada cambio. Todo resto es informaci\u00f3n est\u00e1ndar. En adici\u00f3n, en este panel el usuario puede asignar el evento a veh\u00edculos. Para hacerlo, el usuario debe hacer clic en el s\u00edmbolo m\u00e1s en el campo &#8220;Veh\u00edculos&#8221;.<\/p>\n<p><a href=\"https:\/\/www.fmsdocumentation.com\/wp-content\/uploads\/2018\/05\/116ES.png\"><img loading=\"lazy\" decoding=\"async\" class=\"alignnone size-full wp-image-5116\" src=\"https:\/\/www.fmsdocumentation.com\/wp-content\/uploads\/2018\/05\/116ES.png\" alt=\"\" width=\"720\" height=\"889\" srcset=\"https:\/\/www.fmsdocumentation.com\/wp-content\/uploads\/2018\/05\/116ES.png 720w, https:\/\/www.fmsdocumentation.com\/wp-content\/uploads\/2018\/05\/116ES-243x300.png 243w\" sizes=\"auto, (max-width: 720px) 100vw, 720px\" \/><\/a><\/p>\n<p>Se abrir\u00e1 una ventana de selecci\u00f3n con todos los veh\u00edculos y grupos. Para seleccionar un veh\u00edculo\/grupo, el usuario tiene que marcar la casilla a su lado. Se puede marcar veh\u00edculos individuos en un grupo haciendo clic en el signo m\u00e1s al lado del grupo. Marcando la casilla al lado de \u201cSeleccionar todos los grupos\u201d seleccionar\u00e1\/deseleccionar\u00e1 todos los grupos y sus veh\u00edculos. Hay una barra de b\u00fasqueda, la lista se actualiza autom\u00e1ticamente con cada s\u00edmbolo introducido. Haciendo clic en el bot\u00f3n &#8220;Mostrar deseleccionados&#8221; filtrar\u00e1 la lista y expandir\u00e1 todos los grupos para mostrar s\u00f3lo los veh\u00edculos no seleccionados.<\/p>\n<p>Despu\u00e9s de hacer cambios hay que hacer clic en el bot\u00f3n &#8220;Aplicar&#8221;, si no, los cambios no se guardar\u00e1n. Si el usuario no desea guardar los cambios, tiene que hacer clic en el bot\u00f3n &#8220;Cancelar&#8221; o en cualquier otro lugar fuera de la ventana de selecci\u00f3n de veh\u00edculos.<br \/>\n<p class=\"note\">Nota<br \/>\nSi un veh\u00edculo est\u00e1 en gris, significa que el veh\u00edculo no admite un parametro requerido para este evento. El veh\u00edculo en gris no estar\u00e1 disponible para la selecci\u00f3n.<\/p><\/p>\n<p><a href=\"https:\/\/www.fmsdocumentation.com\/wp-content\/uploads\/2018\/12\/117ES.png\"><img loading=\"lazy\" decoding=\"async\" class=\"alignnone size-full wp-image-6769\" src=\"https:\/\/www.fmsdocumentation.com\/wp-content\/uploads\/2018\/12\/117ES.png\" alt=\"\" width=\"750\" height=\"571\" srcset=\"https:\/\/www.fmsdocumentation.com\/wp-content\/uploads\/2018\/12\/117ES.png 750w, https:\/\/www.fmsdocumentation.com\/wp-content\/uploads\/2018\/12\/117ES-300x228.png 300w\" sizes=\"auto, (max-width: 750px) 100vw, 750px\" \/><\/a><\/p>\n<p>Hay que hacer clic en el bot\u00f3n &#8220;Editar&#8221; para editar la otra informaci\u00f3n del evento. Se abrir\u00e1 una nueva ventana igual a &#8220;Crear nuevo evento&#8221;, descrita en el cap\u00edtulo <a href=\"https:\/\/www.fmsdocumentation.com\/es\/menu-de-eventos\/creacion-de-nuevos-eventos\/?lang=es\">anterior<\/a>. Despu\u00e9s de hacer cambios hay que hacer clic en el bot\u00f3n &#8220;Actualizar&#8221;, si no, los cambios no se guardar\u00e1n.<\/p>\n<p><a href=\"https:\/\/www.fmsdocumentation.com\/wp-content\/uploads\/2018\/03\/118ES.png\"><img loading=\"lazy\" decoding=\"async\" class=\"alignnone size-full wp-image-4679\" src=\"https:\/\/www.fmsdocumentation.com\/wp-content\/uploads\/2018\/03\/118ES.png\" alt=\"\" width=\"850\" height=\"759\" srcset=\"https:\/\/www.fmsdocumentation.com\/wp-content\/uploads\/2018\/03\/118ES.png 850w, https:\/\/www.fmsdocumentation.com\/wp-content\/uploads\/2018\/03\/118ES-300x268.png 300w, https:\/\/www.fmsdocumentation.com\/wp-content\/uploads\/2018\/03\/118ES-768x686.png 768w\" sizes=\"auto, (max-width: 850px) 100vw, 850px\" \/><\/a><\/p>\n<p>Si el usuario no desea guardar los cambios, tiene que hacer clic en el bot\u00f3n &#8220;Cerrar&#8221; o en cualquier lugar fuera de la ventana &#8220;Editar evento&#8221;.<\/p>\n<hr \/>\n<p><div class=\"alignleft\"><a href=\"https:\/\/www.fmsdocumentation.com\/es\/menu-de-eventos\/creacion-de-nuevos-eventos\/\" title=\"Creaci\u00f3n de nuevos eventos\"><span class=\"arrow\">\u2039 &nbsp <\/span> Creaci\u00f3n de nuevos eventos <\/a><\/div> <div class=\"alignright\"><a href=\"https:\/\/www.fmsdocumentation.com\/es\/menu-de-tareas-de-mantenimiento\/\" title=\"Men\u00fa de tareas de mantenimiento\">Men\u00fa de tareas de mantenimiento <span class=\"arrow\"> &nbsp\u203a <\/span> <\/a><\/div><\/p>\n","protected":false},"excerpt":{"rendered":"<p>La lista de todos los eventos est\u00e1 situada justo debajo del bot\u00f3n &#8220;Nuevo evento&#8221;. La lista de eventos autom\u00e1ticamente se ordena en orden alfab\u00e9tico. Hay una barra de b\u00fasqueda, la lista de eventos se actualiza autom\u00e1ticamente con cada letra introducida. Se puede seleccionar un filtro de tipo de eventos para facilitar la b\u00fasqueda de eventos. &hellip; <a href=\"https:\/\/www.fmsdocumentation.com\/es\/menu-de-eventos\/modificacion-de-la-lista-de-eventos\/\" class=\"more-link\">Sigue leyendo <span class=\"screen-reader-text\">Modificaci\u00f3n de la lista de eventos<\/span><\/a><\/p>\n","protected":false},"author":1,"featured_media":0,"parent":2159,"menu_order":2,"comment_status":"closed","ping_status":"closed","template":"","meta":{"footnotes":""},"class_list":["post-2154","page","type-page","status-publish","hentry"],"_links":{"self":[{"href":"https:\/\/www.fmsdocumentation.com\/es\/wp-json\/wp\/v2\/pages\/2154","targetHints":{"allow":["GET"]}}],"collection":[{"href":"https:\/\/www.fmsdocumentation.com\/es\/wp-json\/wp\/v2\/pages"}],"about":[{"href":"https:\/\/www.fmsdocumentation.com\/es\/wp-json\/wp\/v2\/types\/page"}],"author":[{"embeddable":true,"href":"https:\/\/www.fmsdocumentation.com\/es\/wp-json\/wp\/v2\/users\/1"}],"replies":[{"embeddable":true,"href":"https:\/\/www.fmsdocumentation.com\/es\/wp-json\/wp\/v2\/comments?post=2154"}],"version-history":[{"count":12,"href":"https:\/\/www.fmsdocumentation.com\/es\/wp-json\/wp\/v2\/pages\/2154\/revisions"}],"predecessor-version":[{"id":6775,"href":"https:\/\/www.fmsdocumentation.com\/es\/wp-json\/wp\/v2\/pages\/2154\/revisions\/6775"}],"up":[{"embeddable":true,"href":"https:\/\/www.fmsdocumentation.com\/es\/wp-json\/wp\/v2\/pages\/2159"}],"wp:attachment":[{"href":"https:\/\/www.fmsdocumentation.com\/es\/wp-json\/wp\/v2\/media?parent=2154"}],"curies":[{"name":"wp","href":"https:\/\/api.w.org\/{rel}","templated":true}]}}