{"id":2156,"date":"2017-04-06T08:48:47","date_gmt":"2017-04-06T08:48:47","guid":{"rendered":"http:\/\/www.fmsdocumentation.com\/create-new-event\/"},"modified":"2020-05-28T16:35:39","modified_gmt":"2020-05-28T13:35:39","slug":"creacion-de-nuevos-eventos","status":"publish","type":"page","link":"https:\/\/www.fmsdocumentation.com\/es\/menu-de-eventos\/creacion-de-nuevos-eventos\/","title":{"rendered":"Creaci\u00f3n de nuevos eventos"},"content":{"rendered":"<p>Para crear un nuevo evento, el usuario tiene que hacer clic en el bot\u00f3n &#8220;Nuevo evento&#8221;.<\/p>\n<p><a href=\"https:\/\/www.fmsdocumentation.com\/wp-content\/uploads\/2017\/04\/104ES.png\"><img loading=\"lazy\" decoding=\"async\" class=\"size-full wp-image-2732 alignnone\" src=\"https:\/\/www.fmsdocumentation.com\/wp-content\/uploads\/2017\/04\/104ES.png\" alt=\"\" width=\"364\" height=\"140\" srcset=\"https:\/\/www.fmsdocumentation.com\/wp-content\/uploads\/2017\/04\/104ES.png 364w, https:\/\/www.fmsdocumentation.com\/wp-content\/uploads\/2017\/04\/104ES-300x115.png 300w\" sizes=\"auto, (max-width: 364px) 100vw, 364px\" \/><\/a><\/p>\n<p>Se abrir\u00e1 una nueva ventana llamada &#8220;Crear nuevo evento&#8221;.<\/p>\n<p><a href=\"https:\/\/www.fmsdocumentation.com\/wp-content\/uploads\/2018\/03\/105ES.png\"><img loading=\"lazy\" decoding=\"async\" class=\"alignnone size-full wp-image-4664\" src=\"https:\/\/www.fmsdocumentation.com\/wp-content\/uploads\/2018\/03\/105ES.png\" alt=\"\" width=\"850\" height=\"759\" srcset=\"https:\/\/www.fmsdocumentation.com\/wp-content\/uploads\/2018\/03\/105ES.png 850w, https:\/\/www.fmsdocumentation.com\/wp-content\/uploads\/2018\/03\/105ES-300x268.png 300w, https:\/\/www.fmsdocumentation.com\/wp-content\/uploads\/2018\/03\/105ES-768x686.png 768w\" sizes=\"auto, (max-width: 850px) 100vw, 850px\" \/><\/a><\/p>\n<p>En esta ventana el usuario debe introducir par\u00e1metros del nuevo evento en los siguientes campos:<\/p>\n<p><strong>Estado de evento\u00a0<\/strong>\u2013 una barra corredera para el estado del evento, puede estar &#8220;ON&#8221; u &#8220;OFF&#8221; (define si el evento est\u00e1 activo y si desencadenar\u00e1 alarmas al asignarlo a un veh\u00edculo, puede ser cambiado despu\u00e9s);<\/p>\n<p><strong>Nombre del evento\u00a0<\/strong>\u2013 nombre deseado del nuevo evento;<\/p>\n<p><strong>Descripci\u00f3n <\/strong>\u2013\u00a0una descripci\u00f3n\u00a0corta del evento, se suele usar para saber el prop\u00f3sito del evento;<\/p>\n<p><strong>Condiciones<\/strong> \u2013 aqu\u00ed el usuario puede seleccionar las condiciones del desencadenamiento del evento. Hay tres condiciones disponibles:<\/p>\n<p><strong>Condici\u00f3n de geocerca<\/strong> \u2013 definida por geozonas, se configura con los siguientes par\u00e1metros:<\/p>\n<ul>\n<li><strong>Dentro <\/strong>\u2013 la alarma se desencadena cuando el objeto entra a la geozona;<\/li>\n<li><strong>Fuera \u2013 <\/strong>la alarma se desencadena cuando el objeto sale de la geozona;<\/li>\n<li><strong>Seleccionar geozona\u00a0<\/strong>\u2013 la geozona del desencadenante. Esta condici\u00f3n puede usarse con varios grupos de geozonas.<\/li>\n<\/ul>\n<p><a href=\"https:\/\/www.fmsdocumentation.com\/wp-content\/uploads\/2019\/05\/107ES.png\"><img loading=\"lazy\" decoding=\"async\" class=\"alignnone size-full wp-image-7994\" src=\"https:\/\/www.fmsdocumentation.com\/wp-content\/uploads\/2019\/05\/107ES.png\" alt=\"\" width=\"845\" height=\"395\" srcset=\"https:\/\/www.fmsdocumentation.com\/wp-content\/uploads\/2019\/05\/107ES.png 845w, https:\/\/www.fmsdocumentation.com\/wp-content\/uploads\/2019\/05\/107ES-300x140.png 300w, https:\/\/www.fmsdocumentation.com\/wp-content\/uploads\/2019\/05\/107ES-768x359.png 768w\" sizes=\"auto, (max-width: 845px) 100vw, 845px\" \/><\/a><\/p>\n<p><strong>Condici\u00f3n de entrada<\/strong>\u00a0\u2013 definida por el estado de entrada, se configura con los siguientes par\u00e1metros:<\/p>\n<ul>\n<li><strong>Seleccionar condici\u00f3n<\/strong> \u2013 se selecciona una entrada en la lista desplegable;<\/li>\n<li><strong>Evaluaci\u00f3n \u2013 <\/strong>compara el valor introducido con el valor de entrada. Las evaluaciones son f\u00e1ciles de entender (igual a, m\u00e1s que, menos que, etc.);<\/li>\n<li><strong>Valor <\/strong>\u2013 un valor num\u00e9rico, usado para la evaluaci\u00f3n (por ejemplo la tensi\u00f3n de la bater\u00eda es menos que o igual a 22000 milivoltios).<\/li>\n<\/ul>\n<p><a href=\"https:\/\/www.fmsdocumentation.com\/wp-content\/uploads\/2018\/03\/108ES.png\"><img loading=\"lazy\" decoding=\"async\" class=\"alignnone size-full wp-image-4666\" src=\"https:\/\/www.fmsdocumentation.com\/wp-content\/uploads\/2018\/03\/108ES.png\" alt=\"\" width=\"845\" height=\"102\" srcset=\"https:\/\/www.fmsdocumentation.com\/wp-content\/uploads\/2018\/03\/108ES.png 845w, https:\/\/www.fmsdocumentation.com\/wp-content\/uploads\/2018\/03\/108ES-300x36.png 300w, https:\/\/www.fmsdocumentation.com\/wp-content\/uploads\/2018\/03\/108ES-768x93.png 768w\" sizes=\"auto, (max-width: 845px) 100vw, 845px\" \/><\/a><\/p>\n<p><strong>Condici\u00f3n de encendido<\/strong> \u2013 definida por el estado de ignici\u00f3n, se configura con un solo par\u00e1metro con dos opciones:<\/p>\n<ul>\n<li><strong>Encendido;<\/strong><\/li>\n<li><strong>Apagado.<\/strong><\/li>\n<\/ul>\n<p><a href=\"https:\/\/www.fmsdocumentation.com\/wp-content\/uploads\/2018\/03\/109ES.png\"><img loading=\"lazy\" decoding=\"async\" class=\"alignnone size-full wp-image-4667\" src=\"https:\/\/www.fmsdocumentation.com\/wp-content\/uploads\/2018\/03\/109ES.png\" alt=\"\" width=\"845\" height=\"102\" srcset=\"https:\/\/www.fmsdocumentation.com\/wp-content\/uploads\/2018\/03\/109ES.png 845w, https:\/\/www.fmsdocumentation.com\/wp-content\/uploads\/2018\/03\/109ES-300x36.png 300w, https:\/\/www.fmsdocumentation.com\/wp-content\/uploads\/2018\/03\/109ES-768x93.png 768w\" sizes=\"auto, (max-width: 845px) 100vw, 845px\" \/><\/a><\/p>\n<p><strong>Condici\u00f3n de velocidad<\/strong> \u2013 definida por la velocidad especificada, se configura con los siguientes par\u00e1metros:<\/p>\n<ul>\n<li><strong>L\u00edmite de velocidad de la carretera \u2013 <\/strong>se desencadena el evento si se supera el l\u00edmite de velocidad de la carretera + un valor de tolerancia espec\u00edficado (por ejemplo, si el l\u00edmite de velocidad de la carretera es 60 km\/h y la tolerancia es 10 km\/h, el evento se desencadena si la velocidad del veh\u00edculo supera 70 km\/h)<strong>;<\/strong><\/li>\n<li><strong>Personalizar l\u00edmite de velocidad \u2013 <\/strong>se desencadena el evento si se supera el l\u00edmite de velocidad personalizado.<\/li>\n<\/ul>\n<p><a href=\"https:\/\/www.fmsdocumentation.com\/wp-content\/uploads\/2018\/03\/315ES.png\"><img loading=\"lazy\" decoding=\"async\" class=\"alignnone size-full wp-image-4668\" src=\"https:\/\/www.fmsdocumentation.com\/wp-content\/uploads\/2018\/03\/315ES.png\" alt=\"\" width=\"845\" height=\"102\" srcset=\"https:\/\/www.fmsdocumentation.com\/wp-content\/uploads\/2018\/03\/315ES.png 845w, https:\/\/www.fmsdocumentation.com\/wp-content\/uploads\/2018\/03\/315ES-300x36.png 300w, https:\/\/www.fmsdocumentation.com\/wp-content\/uploads\/2018\/03\/315ES-768x93.png 768w\" sizes=\"auto, (max-width: 845px) 100vw, 845px\" \/><\/a><\/p>\n<p><strong>Condici\u00f3n de tiempo y distancia<\/strong>\u00a0\u2013 definida por la distancia viajada durante un periodo de tiempo, se configura con los siguientes par\u00e1metros:<\/p>\n<ul>\n<li><strong>Fuente de distancia<\/strong>\u00a0\u2013 puede ser od\u00f3metro virtual o od\u00f3metro de GPS virtual;<\/li>\n<li><strong>Periodo de tiempo<\/strong>\u00a0\u2013 el periodo de tiempo para el cual se mide la distancia;<\/li>\n<li><strong>Distancia<\/strong>\u00a0\u2013 el umbral de distancia al cual se desencadena la condici\u00f3n. La condici\u00f3n puede desencadenarse cuando la distancia viajada durante el definido periodo de tiempo est\u00e1 mayor o menor que el umbral definido.<\/li>\n<\/ul>\n<p><a href=\"https:\/\/www.fmsdocumentation.com\/wp-content\/uploads\/2018\/08\/366ES.png\"><img loading=\"lazy\" decoding=\"async\" class=\"alignnone size-full wp-image-5836\" src=\"https:\/\/www.fmsdocumentation.com\/wp-content\/uploads\/2018\/08\/366ES.png\" alt=\"\" width=\"845\" height=\"193\" srcset=\"https:\/\/www.fmsdocumentation.com\/wp-content\/uploads\/2018\/08\/366ES.png 845w, https:\/\/www.fmsdocumentation.com\/wp-content\/uploads\/2018\/08\/366ES-300x69.png 300w, https:\/\/www.fmsdocumentation.com\/wp-content\/uploads\/2018\/08\/366ES-768x175.png 768w\" sizes=\"auto, (max-width: 845px) 100vw, 845px\" \/><\/a><\/p>\n<p><strong>A\u00f1adir condici\u00f3n <\/strong>\u2013 se puede a\u00f1adir condiciones adicionales haciendo clic en el bot\u00f3n &#8220;A\u00f1adir condici\u00f3n&#8221;, situado debajo de la primera condici\u00f3n.<\/p>\n<p><a href=\"https:\/\/www.fmsdocumentation.com\/wp-content\/uploads\/2018\/03\/110ES.png\"><img loading=\"lazy\" decoding=\"async\" class=\"alignnone size-full wp-image-4669\" src=\"https:\/\/www.fmsdocumentation.com\/wp-content\/uploads\/2018\/03\/110ES.png\" alt=\"\" width=\"845\" height=\"170\" srcset=\"https:\/\/www.fmsdocumentation.com\/wp-content\/uploads\/2018\/03\/110ES.png 845w, https:\/\/www.fmsdocumentation.com\/wp-content\/uploads\/2018\/03\/110ES-300x60.png 300w, https:\/\/www.fmsdocumentation.com\/wp-content\/uploads\/2018\/03\/110ES-768x155.png 768w\" sizes=\"auto, (max-width: 845px) 100vw, 845px\" \/><\/a><\/p>\n<p>Se a\u00f1adir\u00e1 otra condici\u00f3n al evento y aparecer\u00e1 un selector de l\u00f3gica para las condiciones. Un evento puede tener hasta 5 condiciones. La l\u00f3gica tiene dos opciones:<\/p>\n<ul>\n<li><strong>Y<\/strong> \u2013 el evento se desencadena solo si se cumplen todas las condiciones;<\/li>\n<li><strong>O <\/strong>\u2013 el evento se desencadena si se cumple una de las condiciones.<\/li>\n<\/ul>\n<p>Para eliminar una condici\u00f3n el usuario tiene que hacer clic en el bot\u00f3n con el s\u00edmbolo &#8220;<strong>\u2013<\/strong>&#8220;, situado al lado derecho.<\/p>\n<p><a href=\"https:\/\/www.fmsdocumentation.com\/wp-content\/uploads\/2018\/03\/111ES.png\"><img loading=\"lazy\" decoding=\"async\" class=\"alignnone size-full wp-image-4670\" src=\"https:\/\/www.fmsdocumentation.com\/wp-content\/uploads\/2018\/03\/111ES.png\" alt=\"\" width=\"845\" height=\"242\" srcset=\"https:\/\/www.fmsdocumentation.com\/wp-content\/uploads\/2018\/03\/111ES.png 845w, https:\/\/www.fmsdocumentation.com\/wp-content\/uploads\/2018\/03\/111ES-300x86.png 300w, https:\/\/www.fmsdocumentation.com\/wp-content\/uploads\/2018\/03\/111ES-768x220.png 768w\" sizes=\"auto, (max-width: 845px) 100vw, 845px\" \/><\/a><\/p>\n<p><strong>Patr\u00f3n de criterios<\/strong>\u00a0\u2013 este campo muestra la l\u00f3gica seleccionada, que ser\u00e1 usada para determinar cuando desencadenar el evento.<\/p>\n<p><a href=\"https:\/\/www.fmsdocumentation.com\/wp-content\/uploads\/2018\/03\/327ES.png\"><img loading=\"lazy\" decoding=\"async\" class=\"alignnone size-full wp-image-4672\" src=\"https:\/\/www.fmsdocumentation.com\/wp-content\/uploads\/2018\/03\/327ES.png\" alt=\"\" width=\"845\" height=\"64\" srcset=\"https:\/\/www.fmsdocumentation.com\/wp-content\/uploads\/2018\/03\/327ES.png 845w, https:\/\/www.fmsdocumentation.com\/wp-content\/uploads\/2018\/03\/327ES-300x23.png 300w, https:\/\/www.fmsdocumentation.com\/wp-content\/uploads\/2018\/03\/327ES-768x58.png 768w\" sizes=\"auto, (max-width: 845px) 100vw, 845px\" \/><\/a><\/p>\n<p><strong>Activaci\u00f3n de alerta \u2013<\/strong>\u00a0define cuando activar la alarma del evento. Hay tres opciones disponibles:<\/p>\n<ul>\n<li><strong>Al inicio<\/strong> \u2013 la alarma se activar\u00e1 al inicio del evento;<\/li>\n<li><strong>Al final <\/strong>\u2013 la alarma se activar\u00e1 al final del evento;<\/li>\n<li><strong>Ambos\u00a0<\/strong>\u2013 la alarma se activar\u00e1 al inicio y al final del evento (por ejemplo el conductor entra una geozona, la alarma se activa y luego cuando el conductor sale de la geozona la alarma se activa otra vez).<\/li>\n<\/ul>\n<p><a href=\"https:\/\/www.fmsdocumentation.com\/wp-content\/uploads\/2017\/04\/277ES.png\"><img loading=\"lazy\" decoding=\"async\" class=\"size-full wp-image-2745 alignnone\" src=\"https:\/\/www.fmsdocumentation.com\/wp-content\/uploads\/2017\/04\/277ES.png\" alt=\"\" width=\"707\" height=\"206\" srcset=\"https:\/\/www.fmsdocumentation.com\/wp-content\/uploads\/2017\/04\/277ES.png 707w, https:\/\/www.fmsdocumentation.com\/wp-content\/uploads\/2017\/04\/277ES-300x87.png 300w\" sizes=\"auto, (max-width: 707px) 100vw, 707px\" \/><\/a><\/p>\n<p><strong>Evento de activador\u00a0\u2013 <\/strong>fija el tiempo, cuando el evento puede desencadenarse. Las siguientes opciones est\u00e1n disponibles:<\/p>\n<p><strong>Siempre<\/strong> \u2013 el evento puede desencadenarse en cualquier momento;<\/p>\n<p><strong>A los d\u00edas y horas establecidos<\/strong>\u00a0\u2013 en este caso, el usuario puede fijar los d\u00edas y horas, cuando el evento puede desencadenarse.<\/p>\n<p><a href=\"https:\/\/www.fmsdocumentation.com\/wp-content\/uploads\/2017\/04\/276ES.png\"><img loading=\"lazy\" decoding=\"async\" class=\"size-full wp-image-2746 alignnone\" src=\"https:\/\/www.fmsdocumentation.com\/wp-content\/uploads\/2017\/04\/276ES.png\" alt=\"\" width=\"705\" height=\"154\" srcset=\"https:\/\/www.fmsdocumentation.com\/wp-content\/uploads\/2017\/04\/276ES.png 705w, https:\/\/www.fmsdocumentation.com\/wp-content\/uploads\/2017\/04\/276ES-300x66.png 300w\" sizes=\"auto, (max-width: 705px) 100vw, 705px\" \/><\/a><\/p>\n<p><strong>Enviar notificaci\u00f3n\u00a0<\/strong>\u2013 una lista de opciones para informar al usuario sobre el evento desencadenado. Los siguientes tipos de notificaciones est\u00e1n disponibles:<\/p>\n<ul>\n<li><strong>Notificaci\u00f3n en el sistema<\/strong>\u00a0\u2013 si este tipo de notificaciones est\u00e1 seleccionado, las notificaciones solo se mostrar\u00e1n en FMS. En adici\u00f3n, el usuario puede habilitar <strong>prioridad alta<\/strong> para la notificaci\u00f3n. Si la notificaci\u00f3n tiene prioridad alta, el <a href=\"https:\/\/www.fmsdocumentation.com\/es\/ventana-principal-de-fms\/alertas-desde-objetos\/?lang=es\">panel de alertas<\/a>\u00a0se abrir\u00e1 autom\u00e1ticamente al desencadenar el evento. Se mostrar\u00e1 informaci\u00f3n sobre el evento y el veh\u00edculo, el cu\u00e1l desencaden\u00f3 el evento. El usuario tendr\u00e1 que hacer clic en el bot\u00f3n &#8220;Confirmar&#8221; para cerrar la notificaci\u00f3n. En adici\u00f3n, el icono de la pesta\u00f1a de navegador cambiar\u00e1 a una campana. Seleccionando <strong>prioridad alta con sonido de alarma<\/strong> habilitar\u00e1 la misma prioridad alta, en este caso se escuchar\u00e1 un sonido de alarma al desencadenar el evento;<\/li>\n<li><strong>Correo electr\u00f3nico<\/strong> \u2013 si este tipo de notificaciones est\u00e1 seleccionado, habr\u00e1 un campo adicional de configuraci\u00f3n para que este tipo de notificaciones funcione. Se mostrar\u00e1 el siguiente campo:<\/li>\n<li><strong>Direcci\u00f3n de correo electr\u00f3nico<\/strong> \u2013 la direcci\u00f3n de correo electr\u00f3nico a la que se enviar\u00e1n notificaciones. Para introducir m\u00e1s de una direcci\u00f3n de correo electr\u00f3nico en este campo, el usuario tiene que introducir un coma tras de la direcci\u00f3n de correo electr\u00f3nico. La direcci\u00f3n de correo electr\u00f3nico estar\u00e1 resaltada como un objeto separado, se puede eliminarla haciendo clic en en s\u00edmbolo &#8220;X&#8221; al lado derecho de la direcci\u00f3n de correo electr\u00f3nico. <strong>Este campo es obligatorio<\/strong>;<\/li>\n<\/ul>\n<p><a href=\"https:\/\/www.fmsdocumentation.com\/wp-content\/uploads\/2017\/04\/106ES.png\"><img loading=\"lazy\" decoding=\"async\" class=\"size-full wp-image-2747 alignnone\" src=\"https:\/\/www.fmsdocumentation.com\/wp-content\/uploads\/2017\/04\/106ES.png\" alt=\"\" width=\"704\" height=\"188\" srcset=\"https:\/\/www.fmsdocumentation.com\/wp-content\/uploads\/2017\/04\/106ES.png 704w, https:\/\/www.fmsdocumentation.com\/wp-content\/uploads\/2017\/04\/106ES-300x80.png 300w\" sizes=\"auto, (max-width: 704px) 100vw, 704px\" \/><\/a><\/p>\n<ul>\n<li><strong>SMS<\/strong> &#8211; si este tipo de notificaciones est\u00e1 seleccionado, se enviar\u00e1n mensajes SMS al n\u00famero introducido. Se puede introducir m\u00e1s de un n\u00famero haciendo clic en <strong>A\u00f1adir n\u00famero<\/strong>.<\/li>\n<\/ul>\n<p><a href=\"https:\/\/www.fmsdocumentation.com\/wp-content\/uploads\/2020\/05\/275ES.png\"><img loading=\"lazy\" decoding=\"async\" class=\"alignnone size-full wp-image-9179\" src=\"https:\/\/www.fmsdocumentation.com\/wp-content\/uploads\/2020\/05\/275ES.png\" alt=\"\" width=\"780\" height=\"161\" srcset=\"https:\/\/www.fmsdocumentation.com\/wp-content\/uploads\/2020\/05\/275ES.png 780w, https:\/\/www.fmsdocumentation.com\/wp-content\/uploads\/2020\/05\/275ES-300x62.png 300w, https:\/\/www.fmsdocumentation.com\/wp-content\/uploads\/2020\/05\/275ES-768x159.png 768w\" sizes=\"auto, (max-width: 780px) 100vw, 780px\" \/><\/a><\/p>\n<p><p class=\"note\">Nota<br \/>\nLa configuraci\u00f3n de notificaciones solo afecta a notificaciones sus mismas. Los eventos desencadenados todav\u00eda se registran en el sistema y pueden ser revisados en las secciones respectivas de FMS.<\/p><\/p>\n<p>Despu\u00e9s de rellenar todos los campos, hay que hacer clic en el bot\u00f3n &#8220;Crear&#8221; para crear el evento. Si el usuario no desea crear el evento, tiene que hacer clic en el bot\u00f3n &#8220;Cerrar&#8221; o en cualquier lugar fuera de la ventana &#8220;Crear nuevo evento&#8221;.<\/p>\n<p><a href=\"https:\/\/www.fmsdocumentation.com\/wp-content\/uploads\/2017\/04\/112ES.png\"><img loading=\"lazy\" decoding=\"async\" class=\"size-full wp-image-2758 alignnone\" src=\"https:\/\/www.fmsdocumentation.com\/wp-content\/uploads\/2017\/04\/112ES.png\" alt=\"\" width=\"241\" height=\"69\" \/><\/a><\/p>\n<hr \/>\n<p><div class=\"alignleft\"><a href=\"https:\/\/www.fmsdocumentation.com\/es\/menu-de-eventos\/\" title=\"Men\u00fa de eventos\"><span class=\"arrow\">\u2039 &nbsp <\/span> Men\u00fa de eventos <\/a><\/div> <div class=\"alignright\"><a href=\"https:\/\/www.fmsdocumentation.com\/es\/menu-de-eventos\/modificacion-de-la-lista-de-eventos\/\" title=\"Modificaci\u00f3n de la lista de eventos\">Modificaci\u00f3n de la lista de eventos <span class=\"arrow\"> &nbsp\u203a <\/span> <\/a><\/div><\/p>\n","protected":false},"excerpt":{"rendered":"<p>Para crear un nuevo evento, el usuario tiene que hacer clic en el bot\u00f3n &#8220;Nuevo evento&#8221;. Se abrir\u00e1 una nueva ventana llamada &#8220;Crear nuevo evento&#8221;. En esta ventana el usuario debe introducir par\u00e1metros del nuevo evento en los siguientes campos: Estado de evento\u00a0\u2013 una barra corredera para el estado del evento, puede estar &#8220;ON&#8221; u &hellip; <a href=\"https:\/\/www.fmsdocumentation.com\/es\/menu-de-eventos\/creacion-de-nuevos-eventos\/\" class=\"more-link\">Sigue leyendo <span class=\"screen-reader-text\">Creaci\u00f3n de nuevos eventos<\/span><\/a><\/p>\n","protected":false},"author":1,"featured_media":0,"parent":2159,"menu_order":1,"comment_status":"closed","ping_status":"closed","template":"","meta":{"footnotes":""},"class_list":["post-2156","page","type-page","status-publish","hentry"],"_links":{"self":[{"href":"https:\/\/www.fmsdocumentation.com\/es\/wp-json\/wp\/v2\/pages\/2156","targetHints":{"allow":["GET"]}}],"collection":[{"href":"https:\/\/www.fmsdocumentation.com\/es\/wp-json\/wp\/v2\/pages"}],"about":[{"href":"https:\/\/www.fmsdocumentation.com\/es\/wp-json\/wp\/v2\/types\/page"}],"author":[{"embeddable":true,"href":"https:\/\/www.fmsdocumentation.com\/es\/wp-json\/wp\/v2\/users\/1"}],"replies":[{"embeddable":true,"href":"https:\/\/www.fmsdocumentation.com\/es\/wp-json\/wp\/v2\/comments?post=2156"}],"version-history":[{"count":30,"href":"https:\/\/www.fmsdocumentation.com\/es\/wp-json\/wp\/v2\/pages\/2156\/revisions"}],"predecessor-version":[{"id":9180,"href":"https:\/\/www.fmsdocumentation.com\/es\/wp-json\/wp\/v2\/pages\/2156\/revisions\/9180"}],"up":[{"embeddable":true,"href":"https:\/\/www.fmsdocumentation.com\/es\/wp-json\/wp\/v2\/pages\/2159"}],"wp:attachment":[{"href":"https:\/\/www.fmsdocumentation.com\/es\/wp-json\/wp\/v2\/media?parent=2156"}],"curies":[{"name":"wp","href":"https:\/\/api.w.org\/{rel}","templated":true}]}}