{"id":2161,"date":"2017-04-06T08:36:18","date_gmt":"2017-04-06T08:36:18","guid":{"rendered":"http:\/\/www.fmsdocumentation.com\/geozones-menu\/"},"modified":"2020-06-02T09:24:17","modified_gmt":"2020-06-02T06:24:17","slug":"menu-de-geozonas","status":"publish","type":"page","link":"https:\/\/www.fmsdocumentation.com\/es\/menu-de-geozonas\/","title":{"rendered":"Men\u00fa de geozonas"},"content":{"rendered":"<p>Para acceder al menu de geozonas, el usuario debe hacer clic en el icono respectivo en el panel de navegaci\u00f3n, situado al lado izquierdo de la pantalla.<\/p>\n<p><a href=\"https:\/\/www.fmsdocumentation.com\/wp-content\/uploads\/2018\/05\/283ES.png\"><img loading=\"lazy\" decoding=\"async\" class=\"alignnone size-large wp-image-5097\" src=\"https:\/\/www.fmsdocumentation.com\/wp-content\/uploads\/2018\/05\/283ES-1024x506.png\" alt=\"\" width=\"660\" height=\"326\" srcset=\"https:\/\/www.fmsdocumentation.com\/wp-content\/uploads\/2018\/05\/283ES-1024x506.png 1024w, https:\/\/www.fmsdocumentation.com\/wp-content\/uploads\/2018\/05\/283ES-300x148.png 300w, https:\/\/www.fmsdocumentation.com\/wp-content\/uploads\/2018\/05\/283ES-768x380.png 768w, https:\/\/www.fmsdocumentation.com\/wp-content\/uploads\/2018\/05\/283ES.png 1920w\" sizes=\"auto, (max-width: 660px) 100vw, 660px\" \/><\/a><\/p>\n<p>Este panel permite al usuario buscar por geozonas existentes, modificarlas y crear geozonas nuevas.<\/p>\n<p>En la parte superior del panel, el usuario puede acceder a la secci\u00f3n de agrupaci\u00f3n de geozonas. La lista desplegable mostrar\u00e1 los grupos existentes con un color asignado y la cantidad de geozonas en cada grupo. El usuario puede seleccionar qu\u00e9 grupo de geozonas ser\u00e1 mostrado. El usuario tambi\u00e9n puede crear un grupo nuevo haciendo clic en los tres puntos al lado de la lista desplegable y entonces haciendo clic en &#8220;Crear grupo nuevo&#8221;.<\/p>\n<p><a href=\"https:\/\/www.fmsdocumentation.com\/wp-content\/uploads\/2017\/04\/278ES.png\"><img loading=\"lazy\" decoding=\"async\" class=\"alignnone wp-image-2691 size-full\" src=\"https:\/\/www.fmsdocumentation.com\/wp-content\/uploads\/2017\/04\/278ES.png\" alt=\"\" width=\"538\" height=\"550\" srcset=\"https:\/\/www.fmsdocumentation.com\/wp-content\/uploads\/2017\/04\/278ES.png 538w, https:\/\/www.fmsdocumentation.com\/wp-content\/uploads\/2017\/04\/278ES-293x300.png 293w\" sizes=\"auto, (max-width: 538px) 100vw, 538px\" \/><\/a><\/p>\n<p>Se abrir\u00e1 una secci\u00f3n de crear grupo. Aqu\u00ed el usuario debe introducir un nombre del grupo, seleccionar su color y elegir las geozonas que se incluir\u00e1n en el grupo. En la lista se muestran todas las geozonas. El usuario puede usar la barra de b\u00fasqueda o filtrar que se muestren solo geozonas o puntos de inter\u00e9s. Hay que hacer clic en el bot\u00f3n &#8220;Guardar&#8221; para guardar el grupo nuevo.<\/p>\n<p><a href=\"https:\/\/www.fmsdocumentation.com\/wp-content\/uploads\/2017\/04\/279ES.png\"><img loading=\"lazy\" decoding=\"async\" class=\"wp-image-2698 alignnone\" src=\"https:\/\/www.fmsdocumentation.com\/wp-content\/uploads\/2017\/04\/279ES.png\" alt=\"\" width=\"224\" height=\"550\" srcset=\"https:\/\/www.fmsdocumentation.com\/wp-content\/uploads\/2017\/04\/279ES.png 363w, https:\/\/www.fmsdocumentation.com\/wp-content\/uploads\/2017\/04\/279ES-122x300.png 122w\" sizes=\"auto, (max-width: 224px) 100vw, 224px\" \/><\/a><\/p>\n<p>Para editar o eliminar un grupo, el usuario debe seleccionar un grupo y hacer clic en los tres puntos. Ahora las opciones de editar o eliminar el grupo estar\u00e1n disponibles, tambi\u00e9n habr\u00e1 una opci\u00f3n &#8220;Editar privacidad de geozonas&#8221; (s\u00f3lo para administradores).<\/p>\n<p><a href=\"https:\/\/www.fmsdocumentation.com\/wp-content\/uploads\/2018\/05\/280ES.png\"><img loading=\"lazy\" decoding=\"async\" class=\"alignnone size-full wp-image-5098\" src=\"https:\/\/www.fmsdocumentation.com\/wp-content\/uploads\/2018\/05\/280ES.png\" alt=\"\" width=\"571\" height=\"250\" srcset=\"https:\/\/www.fmsdocumentation.com\/wp-content\/uploads\/2018\/05\/280ES.png 571w, https:\/\/www.fmsdocumentation.com\/wp-content\/uploads\/2018\/05\/280ES-300x131.png 300w\" sizes=\"auto, (max-width: 571px) 100vw, 571px\" \/><\/a><\/p>\n<p>Haciendo clic en &#8220;Editar privacidad de geozonas&#8221; abrir\u00e1 una nueva ventana, en la cual el usuario puede seleccionar qu\u00e9 ajustes de privacidad se aplicar\u00e1n a <strong>todo<\/strong> el grupo. Los siguientes ajustes de privacidad est\u00e1n disponibles:<\/p>\n<ul>\n<li>Solo t\u00fa puedes <strong>ver<\/strong> y <strong>editar<\/strong>\u00a0\u2013 s\u00f3lo el usuario actual con derechas de administrador podr\u00e1 ver y editar el grupo seleccionado de geozonas;<\/li>\n<li>Cualquiera puede <strong>ver<\/strong>\u00a0\u2013 todos los usuarios podr\u00e1n ver el grupo seleccionado de geozonas;<\/li>\n<li>Cualquiera puede <strong>ver<\/strong> y <strong>editar<\/strong>\u00a0\u2013 todos los usuarios podr\u00e1n ver y editar el grupo seleccionado de geozonas.<\/li>\n<\/ul>\n<p>Despu\u00e9s de seleccionar los ajustes de privacidad, el usuario debe hacer clic en el bot\u00f3n &#8220;Guardar&#8221;, si no, los cambios no se guardar\u00e1n.<\/p>\n<p><a href=\"https:\/\/www.fmsdocumentation.com\/wp-content\/uploads\/2018\/05\/346ES.png\"><img loading=\"lazy\" decoding=\"async\" class=\"alignnone size-full wp-image-5100\" src=\"https:\/\/www.fmsdocumentation.com\/wp-content\/uploads\/2018\/05\/346ES.png\" alt=\"\" width=\"750\" height=\"349\" srcset=\"https:\/\/www.fmsdocumentation.com\/wp-content\/uploads\/2018\/05\/346ES.png 750w, https:\/\/www.fmsdocumentation.com\/wp-content\/uploads\/2018\/05\/346ES-300x140.png 300w\" sizes=\"auto, (max-width: 750px) 100vw, 750px\" \/><\/a><\/p>\n<p>Para crear una geozona nueva, el usuario debe hacer clic en el bot\u00f3n &#8220;Nueva geozona&#8221;.<\/p>\n<p><a href=\"https:\/\/www.fmsdocumentation.com\/wp-content\/uploads\/2018\/05\/93ES.png\"><img loading=\"lazy\" decoding=\"async\" class=\"alignnone size-large wp-image-5099\" src=\"https:\/\/www.fmsdocumentation.com\/wp-content\/uploads\/2018\/05\/93ES-1024x506.png\" alt=\"\" width=\"660\" height=\"326\" srcset=\"https:\/\/www.fmsdocumentation.com\/wp-content\/uploads\/2018\/05\/93ES-1024x506.png 1024w, https:\/\/www.fmsdocumentation.com\/wp-content\/uploads\/2018\/05\/93ES-300x148.png 300w, https:\/\/www.fmsdocumentation.com\/wp-content\/uploads\/2018\/05\/93ES-768x380.png 768w, https:\/\/www.fmsdocumentation.com\/wp-content\/uploads\/2018\/05\/93ES.png 1920w\" sizes=\"auto, (max-width: 660px) 100vw, 660px\" \/><\/a><\/p>\n<p>Se abrir\u00e1 un panel nuevo con los tipos de geozonas. Hay solo dos pesta\u00f1as disponibles: <strong>Nuevo punto de inter\u00e9s<\/strong> y\u00a0<strong>Nueva geozona<\/strong>.<\/p>\n<p><strong>Nuevo punto de inter\u00e9s<\/strong> \u2013 hay dos maneras de crear un punto de inter\u00e9s (POI).<\/p>\n<p><a href=\"https:\/\/www.fmsdocumentation.com\/wp-content\/uploads\/2018\/05\/94ES.png\"><img loading=\"lazy\" decoding=\"async\" class=\"alignnone size-full wp-image-5101\" src=\"https:\/\/www.fmsdocumentation.com\/wp-content\/uploads\/2018\/05\/94ES.png\" alt=\"\" width=\"360\" height=\"130\" srcset=\"https:\/\/www.fmsdocumentation.com\/wp-content\/uploads\/2018\/05\/94ES.png 360w, https:\/\/www.fmsdocumentation.com\/wp-content\/uploads\/2018\/05\/94ES-300x108.png 300w\" sizes=\"auto, (max-width: 360px) 100vw, 360px\" \/><\/a><\/p>\n<p>La primera manera es, simplemente, hacer clic en el punto de inter\u00e9s deseado en el mapa, lo que llenar\u00e1 los campos de direcci\u00f3n y radio autom\u00e1ticamente. As\u00ed pues, el usuario solo tendr\u00e1 que nombrar el punto de inter\u00e9s, seleccionar los ajustes de privacidad y a\u00f1adir notas si lo desea.<\/p>\n<p>La segunda manera es introducir toda la informaci\u00f3n manualmente. El usuario tiene que llenar los siguientes campos:<\/p>\n<ul>\n<li>Nombre \u2013 el nombre del punto de inter\u00e9s, principalmente usado para que el usuario lo encuentre f\u00e1cilmente. (este campo es obligatorio);<\/li>\n<li>Direcci\u00f3n \u2013 la direcci\u00f3n del punto de inter\u00e9s, funciona como una barra de b\u00fasqueda y sugiere direcciones con cada letra introducida (este campo es obligatorio);<\/li>\n<li>Radio \u2013 el radio alrededor de la direcci\u00f3n seleccionada que ser\u00e1 incluida en la geozona. El rango de valores es de 5 a 50000 metros (este campo es obligatorio);<\/li>\n<li>Tipo\u00a0\u2013 quien puede ver y editar el punto de inter\u00e9s, como se ha descrito en los ajustes de privacidad (s\u00f3lo para administradores);<\/li>\n<li>Notas \u2013 notas generales que el usuario quiz\u00e1s desee a\u00f1adir al punto de inter\u00e9s (este campo es opcional).<\/li>\n<\/ul>\n<p><a href=\"https:\/\/www.fmsdocumentation.com\/wp-content\/uploads\/2018\/05\/95ES.png\"><img loading=\"lazy\" decoding=\"async\" class=\"alignnone size-full wp-image-5102\" src=\"https:\/\/www.fmsdocumentation.com\/wp-content\/uploads\/2018\/05\/95ES.png\" alt=\"\" width=\"360\" height=\"819\" srcset=\"https:\/\/www.fmsdocumentation.com\/wp-content\/uploads\/2018\/05\/95ES.png 360w, https:\/\/www.fmsdocumentation.com\/wp-content\/uploads\/2018\/05\/95ES-132x300.png 132w\" sizes=\"auto, (max-width: 360px) 100vw, 360px\" \/><\/a><\/p>\n<p>Hay que hacer clic en el bot\u00f3n &#8220;Guardar&#8221; o la geozona no se guardar\u00e1.<\/p>\n<p><strong>Nueva geozona<\/strong>\u00a0\u2013 permite marcar un territorio en el mapa conectando puntos marcados en el mapa.<\/p>\n<p><a href=\"https:\/\/www.fmsdocumentation.com\/wp-content\/uploads\/2018\/05\/96ES.png\"><img loading=\"lazy\" decoding=\"async\" class=\"alignnone size-full wp-image-5103\" src=\"https:\/\/www.fmsdocumentation.com\/wp-content\/uploads\/2018\/05\/96ES.png\" alt=\"\" width=\"360\" height=\"130\" srcset=\"https:\/\/www.fmsdocumentation.com\/wp-content\/uploads\/2018\/05\/96ES.png 360w, https:\/\/www.fmsdocumentation.com\/wp-content\/uploads\/2018\/05\/96ES-300x108.png 300w\" sizes=\"auto, (max-width: 360px) 100vw, 360px\" \/><\/a><\/p>\n<p>Hay una s\u00f3la manera de crear una geozona y solo hay tres campos para llenar:<\/p>\n<ul>\n<li>Nombre \u2013 el nombre de la geozona, principalmente usado para que el usuario la encuentre f\u00e1cilmente. (este campo es obligatorio);<\/li>\n<li>Tipo\u00a0\u2013 quien puede ver y editar la geozona, como se ha descrito en los ajustes de privacidad (s\u00f3lo para administradores);<\/li>\n<li>Notas \u2013 notas generales que el usuario quiz\u00e1s desee a\u00f1adir a la geozona (este campo es opcional).<\/li>\n<\/ul>\n<p>Despu\u00e9s de rellenar los campos (o antes, no importa) el usuario tiene que marcar la geozona en el mapa. Al inicio, el usuario tiene que poner el primer punto haciendo clic en el mapa y entonces hacer clic en algunos puntos alrededor del \u00e1rea, que el usuario desee marcar. Cada punto estar\u00e1 conectado al punto previo y al punto pr\u00f3ximo. Para terminar la creaci\u00f3n de la geozona, el \u00faltimo punto tiene que conectarse con el primer punto. Despu\u00e9s de conectar los \u00faltimos puntos, el \u00e1rea marcado estar\u00e1 resaltado en azul.<\/p>\n<p><a href=\"https:\/\/www.fmsdocumentation.com\/wp-content\/uploads\/2018\/05\/97ES.png\"><img loading=\"lazy\" decoding=\"async\" class=\"alignnone size-large wp-image-5104\" src=\"https:\/\/www.fmsdocumentation.com\/wp-content\/uploads\/2018\/05\/97ES-1024x607.png\" alt=\"\" width=\"660\" height=\"391\" srcset=\"https:\/\/www.fmsdocumentation.com\/wp-content\/uploads\/2018\/05\/97ES-1024x607.png 1024w, https:\/\/www.fmsdocumentation.com\/wp-content\/uploads\/2018\/05\/97ES-300x178.png 300w, https:\/\/www.fmsdocumentation.com\/wp-content\/uploads\/2018\/05\/97ES-768x455.png 768w, https:\/\/www.fmsdocumentation.com\/wp-content\/uploads\/2018\/05\/97ES.png 1500w\" sizes=\"auto, (max-width: 660px) 100vw, 660px\" \/><\/a><\/p>\n<p>Despu\u00e9s de llenar los campos y marcar la geozona, el usuario debe hacer clic en el bot\u00f3n &#8220;Guardar&#8221; para guardar la geozona.<br \/>\n<p class=\"note\">Nota<br \/>\nSe puede modificar la geozona despu\u00e9s de conectar el \u00faltimo punto haciendo clic y arrastrando los puntos existentes por el mapa. Al estirar la geozona, se crean nuevos puntos para simplificar la creaci\u00f3n de la geozona. Despu\u00e9s de cada cambio aparece un icono de deshacer, el cu\u00e1l permite devolver el punto movido a su ubicaci\u00f3n previa. Esto se aplica s\u00f3lo al \u00faltimo punto cambiado.<\/p><\/p>\n<p>Adem\u00e1s, en lugar de crear puntos de inter\u00e9s\/geozonas a mano, el usuario puede importar un archivo con datos de puntos haciendo clic en el icono de archivo como se muestra abajo. Esto permite crear muchos puntos de inter\u00e9s\/geozonas al mismo tiempo.<\/p>\n<p><a href=\"https:\/\/www.fmsdocumentation.com\/wp-content\/uploads\/2018\/05\/347ES.png\"><img loading=\"lazy\" decoding=\"async\" class=\"alignnone size-full wp-image-5106\" src=\"https:\/\/www.fmsdocumentation.com\/wp-content\/uploads\/2018\/05\/347ES.png\" alt=\"\" width=\"360\" height=\"180\" srcset=\"https:\/\/www.fmsdocumentation.com\/wp-content\/uploads\/2018\/05\/347ES.png 360w, https:\/\/www.fmsdocumentation.com\/wp-content\/uploads\/2018\/05\/347ES-300x150.png 300w\" sizes=\"auto, (max-width: 360px) 100vw, 360px\" \/><\/a><\/p>\n<p>Haciendo clic en el icono de archivo abrir\u00e1 una nueva ventana &#8220;Importar geozona&#8221;. En primer lugar, el usuario deber\u00eda seleccionar un grupo o grupos de geozonas a los cuales se a\u00f1adir\u00e1n las geozonas importadas. Hay una barra de b\u00fasqueda que se actualiza autom\u00e1ticamente con cada letra introducida. Para seleccionar\/deseleccionar un grupo de geozonas, el usuario debe marcar\/desmarcar la casilla a su lado. Si el campo est\u00e1 vac\u00edo, las geozonas importadas no se asignar\u00e1n a ning\u00fan grupo. Como alternativa, el usuario puede crear un grupo nuevo en la ventana &#8220;Importar geozona&#8221; seleccionando &#8220;Crear grupo de geozona&#8221;.<\/p>\n<p>Despu\u00e9s de seleccionar un grupo o grupos, el usuario debe seleccionar el tipo de permiso (s\u00f3lo para administradores) y subir un archivo con datos de geozonas (<strong>\u00a1se admiten s\u00f3lo archivos .kml y .csv!<\/strong>). Se puede descargar un archivo de ejemplo haciendo clic en &#8220;Descargar formulario CSV de ejemplo&#8221;. Desplazando el cursor de rat\u00f3n sobre el icono de informaci\u00f3n mostrar\u00e1 una explicaci\u00f3n qu\u00e9 debe incluirse en el archivo. El usuario debe hacer clic en el bot\u00f3n &#8220;Importar&#8221;, si no, el archivo no se importar\u00e1.<\/p>\n<p><a href=\"https:\/\/www.fmsdocumentation.com\/wp-content\/uploads\/2018\/05\/348ES.png\"><img loading=\"lazy\" decoding=\"async\" class=\"alignnone size-full wp-image-5107\" src=\"https:\/\/www.fmsdocumentation.com\/wp-content\/uploads\/2018\/05\/348ES.png\" alt=\"\" width=\"850\" height=\"543\" srcset=\"https:\/\/www.fmsdocumentation.com\/wp-content\/uploads\/2018\/05\/348ES.png 850w, https:\/\/www.fmsdocumentation.com\/wp-content\/uploads\/2018\/05\/348ES-300x192.png 300w, https:\/\/www.fmsdocumentation.com\/wp-content\/uploads\/2018\/05\/348ES-768x491.png 768w\" sizes=\"auto, (max-width: 850px) 100vw, 850px\" \/><\/a><\/p>\n<p><p class=\"note\">Nota<br \/>\nTodos los puntos de inter\u00e9s\/geozonas creados o subidos por un usuario regular son visibles s\u00f3lo por el usuario. Administradores y otros usuarios no pueden ver o editarlos.<\/p><\/p>\n<p><strong>Lista de geozonas <\/strong>\u2013\u00a0muestra todas las geozonas visibles para el usuario conectado. La lista de geozonas puede ser filtrada haciendo clic en &#8220;Mostrar geozonas&#8221;, se abrir\u00e1 una lista desplegable con los filtros disponibles.<\/p>\n<p><a href=\"https:\/\/www.fmsdocumentation.com\/wp-content\/uploads\/2018\/05\/98ES.png\"><img loading=\"lazy\" decoding=\"async\" class=\"alignnone size-full wp-image-5108\" src=\"https:\/\/www.fmsdocumentation.com\/wp-content\/uploads\/2018\/05\/98ES.png\" alt=\"\" width=\"361\" height=\"161\" srcset=\"https:\/\/www.fmsdocumentation.com\/wp-content\/uploads\/2018\/05\/98ES.png 361w, https:\/\/www.fmsdocumentation.com\/wp-content\/uploads\/2018\/05\/98ES-300x134.png 300w\" sizes=\"auto, (max-width: 361px) 100vw, 361px\" \/><\/a><\/p>\n<p>El filtro actualmente seleccionado est\u00e1 resaltado con un tono m\u00e1s oscuro de gris y marcado con una barra azul al lado derecho. Despu\u00e9s de seleccionar un filtro, la lista se actualizar\u00e1 autom\u00e1ticamente seg\u00fan el filtro seleccionado. Cada geozona est\u00e1 marcada con un icono respectivo. El nombre de la geozona est\u00e1 situado al lado del icono. La ubicaci\u00f3n de la geozona est\u00e1 debajo del nombre. Las geozonas visibles y editables por otros usuarios tendr\u00e1n un icono al lado derecho.<\/p>\n<p><a href=\"https:\/\/www.fmsdocumentation.com\/wp-content\/uploads\/2018\/05\/349ES.png\"><img loading=\"lazy\" decoding=\"async\" class=\"alignnone size-full wp-image-5109\" src=\"https:\/\/www.fmsdocumentation.com\/wp-content\/uploads\/2018\/05\/349ES.png\" alt=\"\" width=\"352\" height=\"71\" srcset=\"https:\/\/www.fmsdocumentation.com\/wp-content\/uploads\/2018\/05\/349ES.png 352w, https:\/\/www.fmsdocumentation.com\/wp-content\/uploads\/2018\/05\/349ES-300x61.png 300w\" sizes=\"auto, (max-width: 352px) 100vw, 352px\" \/><\/a><\/p>\n<p>Haciendo clic en la geozona se la mostrar\u00e1 en el mapa y abrir\u00e1 un panel con informaci\u00f3n de la geozona. Las coordenadas de la geozona pueden ser copiadas haci\u00e9ndoles clic. Aqu\u00ed el usuario puede editar o borrar la geozona haciendo clic en los botones respectivos.<\/p>\n<p><img loading=\"lazy\" decoding=\"async\" class=\"alignnone size-full wp-image-8048\" src=\"https:\/\/www.fmsdocumentation.com\/wp-content\/uploads\/2019\/06\/102ES.png\" alt=\"\" width=\"720\" height=\"500\" srcset=\"https:\/\/www.fmsdocumentation.com\/wp-content\/uploads\/2019\/06\/102ES.png 720w, https:\/\/www.fmsdocumentation.com\/wp-content\/uploads\/2019\/06\/102ES-300x208.png 300w\" sizes=\"auto, (max-width: 720px) 100vw, 720px\" \/><\/p>\n<p><strong>Editar <\/strong>\u2013 se abrir\u00e1 un panel id\u00e9ntico a &#8220;Nueva geozona&#8221;, aqu\u00ed se puede editar la geozona. Despu\u00e9s de hacer cambios, hay que hacer clic en el bot\u00f3n &#8220;Guardar&#8221;, si no, los cambios no se guardar\u00e1n. Si el usuario no desea guardar los cambios, tiene que hacer clic en el bot\u00f3n &#8220;Cancelar&#8221;.<\/p>\n<p><strong>Borrar<\/strong>\u00a0\u2013 haciendo clic en este bot\u00f3n abrir\u00e1 una ventana de confirmaci\u00f3n en el caso de que el usuario hizo clic en el bot\u00f3n por accidente. Aqu\u00ed el usuario puede confirmar si de verdad quiere borrar la geozona o no. S\u00f3lo el creador de la geozona puede borrarla.<\/p>\n<hr \/>\n<p><div class=\"alignleft\"><a href=\"https:\/\/www.fmsdocumentation.com\/es\/menu-de-comunicacion\/\" title=\"Men\u00fa de comunicaci\u00f3n\"><span class=\"arrow\">\u2039 &nbsp <\/span> Men\u00fa de comunicaci\u00f3n <\/a><\/div> <div class=\"alignright\"><a href=\"https:\/\/www.fmsdocumentation.com\/es\/menu-de-eventos\/\" title=\"Men\u00fa de eventos\">Men\u00fa de eventos <span class=\"arrow\"> &nbsp\u203a <\/span> <\/a><\/div><\/p>\n","protected":false},"excerpt":{"rendered":"<p>Para acceder al menu de geozonas, el usuario debe hacer clic en el icono respectivo en el panel de navegaci\u00f3n, situado al lado izquierdo de la pantalla. Este panel permite al usuario buscar por geozonas existentes, modificarlas y crear geozonas nuevas. En la parte superior del panel, el usuario puede acceder a la secci\u00f3n de &hellip; <a href=\"https:\/\/www.fmsdocumentation.com\/es\/menu-de-geozonas\/\" class=\"more-link\">Sigue leyendo <span class=\"screen-reader-text\">Men\u00fa de geozonas<\/span><\/a><\/p>\n","protected":false},"author":1,"featured_media":0,"parent":0,"menu_order":53,"comment_status":"closed","ping_status":"closed","template":"","meta":{"footnotes":""},"class_list":["post-2161","page","type-page","status-publish","hentry"],"_links":{"self":[{"href":"https:\/\/www.fmsdocumentation.com\/es\/wp-json\/wp\/v2\/pages\/2161","targetHints":{"allow":["GET"]}}],"collection":[{"href":"https:\/\/www.fmsdocumentation.com\/es\/wp-json\/wp\/v2\/pages"}],"about":[{"href":"https:\/\/www.fmsdocumentation.com\/es\/wp-json\/wp\/v2\/types\/page"}],"author":[{"embeddable":true,"href":"https:\/\/www.fmsdocumentation.com\/es\/wp-json\/wp\/v2\/users\/1"}],"replies":[{"embeddable":true,"href":"https:\/\/www.fmsdocumentation.com\/es\/wp-json\/wp\/v2\/comments?post=2161"}],"version-history":[{"count":17,"href":"https:\/\/www.fmsdocumentation.com\/es\/wp-json\/wp\/v2\/pages\/2161\/revisions"}],"predecessor-version":[{"id":8049,"href":"https:\/\/www.fmsdocumentation.com\/es\/wp-json\/wp\/v2\/pages\/2161\/revisions\/8049"}],"wp:attachment":[{"href":"https:\/\/www.fmsdocumentation.com\/es\/wp-json\/wp\/v2\/media?parent=2161"}],"curies":[{"name":"wp","href":"https:\/\/api.w.org\/{rel}","templated":true}]}}