{"id":2166,"date":"2017-04-06T08:18:13","date_gmt":"2017-04-06T08:18:13","guid":{"rendered":"http:\/\/www.fmsdocumentation.com\/routing-menu\/creating-new-tasks\/"},"modified":"2017-10-27T10:58:47","modified_gmt":"2017-10-27T10:58:47","slug":"creacion-de-tareas-nuevas","status":"publish","type":"page","link":"https:\/\/www.fmsdocumentation.com\/es\/creacion-de-tareas-nuevas\/","title":{"rendered":"Creaci\u00f3n de nuevas tareas"},"content":{"rendered":"<p>Para acceder al panel de tareas, el usuario tiene que hacer clic en la pesta\u00f1a &#8220;Tareas&#8221; en el panel de enrutamiento y tareas.<\/p>\n<p><a href=\"https:\/\/www.fmsdocumentation.com\/wp-content\/uploads\/2017\/04\/237-1ES.png\"><img loading=\"lazy\" decoding=\"async\" class=\"size-large wp-image-2914 alignnone\" src=\"https:\/\/www.fmsdocumentation.com\/wp-content\/uploads\/2017\/04\/237-1ES-1024x506.png\" alt=\"\" width=\"660\" height=\"326\" srcset=\"https:\/\/www.fmsdocumentation.com\/wp-content\/uploads\/2017\/04\/237-1ES-1024x506.png 1024w, https:\/\/www.fmsdocumentation.com\/wp-content\/uploads\/2017\/04\/237-1ES-300x148.png 300w, https:\/\/www.fmsdocumentation.com\/wp-content\/uploads\/2017\/04\/237-1ES-768x379.png 768w, https:\/\/www.fmsdocumentation.com\/wp-content\/uploads\/2017\/04\/237-1ES.png 1921w\" sizes=\"auto, (max-width: 660px) 100vw, 660px\" \/><\/a><\/p>\n<p>En la parte superior del panel hay un bot\u00f3n &#8220;Nueva tarea&#8221;, haciendo clic en el bot\u00f3n devolver\u00e1 al usuario a la pesta\u00f1a &#8220;Enrutamiento&#8221;, en la que el usuario tiene que seleccionar los puntos de inicio y fin para la tarea.<\/p>\n<p><p class=\"note\">Nota<br \/>\nLa tarea creada se asigna autom\u00e1ticamente al veh\u00edculo m\u00e1s cercano o un veh\u00edculo seleccionado (dentro del radio de b\u00fasqueda). Es muy recomendable seleccionar el veh\u00edculo deseado para la tarea como punto de inicio, porque no se puede asignar veh\u00edculos fuera del radio de b\u00fasqueda. Si no hay veh\u00edculos disponibles en el radio de b\u00fasqueda, no se puede crear la tarea.<\/p><\/p>\n<p>Despu\u00e9s de definir el trayecto y hacer clic en el bot\u00f3n &#8220;Crear tarea&#8221;, se aparecer\u00e1 una ventana nueva llamada \u00a0\u201cCrear una nueva tarea para &lt;veh\u00edculo&gt;\u201d con los siguientes campos:<\/p>\n<ul>\n<li><strong>T\u00edtulo\u00a0<\/strong>\u2013 el nombre de la tarea, tambi\u00e9n mostrado en la lista de tareas;<\/li>\n<li><strong>Desde<\/strong> \u2013 el punto de inicio del trayecto, con la posibilidad de introducir informaci\u00f3n adicional sobre el cliente;<\/li>\n<li><strong>Hasta<\/strong>\u00a0\u2013 el punto de fin del trayecto, con la posibilidad de introducir informaci\u00f3n adicional sobre el cliente;<\/li>\n<li><strong>Fecha y hora estimadas de llegada;<\/strong><\/li>\n<li><strong>Fecha y hora de llegada;<\/strong><\/li>\n<li><strong>Informaci\u00f3n adicional \u2013<\/strong>\u00a0por ejemplo precio, peso, volumen y temperatura.<\/li>\n<\/ul>\n<p><a href=\"https:\/\/www.fmsdocumentation.com\/wp-content\/uploads\/2017\/04\/226-1ES.png\"><img loading=\"lazy\" decoding=\"async\" class=\"size-full wp-image-2915 alignnone\" src=\"https:\/\/www.fmsdocumentation.com\/wp-content\/uploads\/2017\/04\/226-1ES.png\" alt=\"\" width=\"754\" height=\"761\" srcset=\"https:\/\/www.fmsdocumentation.com\/wp-content\/uploads\/2017\/04\/226-1ES.png 754w, https:\/\/www.fmsdocumentation.com\/wp-content\/uploads\/2017\/04\/226-1ES-150x150.png 150w, https:\/\/www.fmsdocumentation.com\/wp-content\/uploads\/2017\/04\/226-1ES-297x300.png 297w\" sizes=\"auto, (max-width: 754px) 100vw, 754px\" \/><\/a><\/p>\n<p>Despu\u00e9s de introducir la informaci\u00f3n necesaria, el usuario debe hacer clic en el bot\u00f3n &#8220;Guardar&#8221; para crear la tarea. si el usuario no desea crear la tarea, tiene que hacer click en el bot\u00f3n &#8220;Cerrar&#8221; o en cualquier lugar fuera de la ventana &#8220;Crear nueva tarea&#8221;. Despu\u00e9s de crear la tarea, se la a\u00f1adir\u00e1 a la lista de tareas y la asignar\u00e1 al veh\u00edculo.<\/p>\n<hr \/>\n<p> <div class=\"alignright\"><a href=\"https:\/\/www.fmsdocumentation.com\/es\/\" title=\"Gu\u00eda de FMS\">Gu\u00eda de FMS <span class=\"arrow\"> &nbsp\u203a <\/span> <\/a><\/div><\/p>\n","protected":false},"excerpt":{"rendered":"<p>Para acceder al panel de tareas, el usuario tiene que hacer clic en la pesta\u00f1a &#8220;Tareas&#8221; en el panel de enrutamiento y tareas. En la parte superior del panel hay un bot\u00f3n &#8220;Nueva tarea&#8221;, haciendo clic en el bot\u00f3n devolver\u00e1 al usuario a la pesta\u00f1a &#8220;Enrutamiento&#8221;, en la que el usuario tiene que seleccionar los &hellip; <a href=\"https:\/\/www.fmsdocumentation.com\/es\/creacion-de-tareas-nuevas\/\" class=\"more-link\">Sigue leyendo <span class=\"screen-reader-text\">Creaci\u00f3n de nuevas tareas<\/span><\/a><\/p>\n","protected":false},"author":1,"featured_media":0,"parent":0,"menu_order":2,"comment_status":"closed","ping_status":"closed","template":"","meta":{"footnotes":""},"class_list":["post-2166","page","type-page","status-publish","hentry"],"_links":{"self":[{"href":"https:\/\/www.fmsdocumentation.com\/es\/wp-json\/wp\/v2\/pages\/2166","targetHints":{"allow":["GET"]}}],"collection":[{"href":"https:\/\/www.fmsdocumentation.com\/es\/wp-json\/wp\/v2\/pages"}],"about":[{"href":"https:\/\/www.fmsdocumentation.com\/es\/wp-json\/wp\/v2\/types\/page"}],"author":[{"embeddable":true,"href":"https:\/\/www.fmsdocumentation.com\/es\/wp-json\/wp\/v2\/users\/1"}],"replies":[{"embeddable":true,"href":"https:\/\/www.fmsdocumentation.com\/es\/wp-json\/wp\/v2\/comments?post=2166"}],"version-history":[{"count":4,"href":"https:\/\/www.fmsdocumentation.com\/es\/wp-json\/wp\/v2\/pages\/2166\/revisions"}],"predecessor-version":[{"id":2917,"href":"https:\/\/www.fmsdocumentation.com\/es\/wp-json\/wp\/v2\/pages\/2166\/revisions\/2917"}],"wp:attachment":[{"href":"https:\/\/www.fmsdocumentation.com\/es\/wp-json\/wp\/v2\/media?parent=2166"}],"curies":[{"name":"wp","href":"https:\/\/api.w.org\/{rel}","templated":true}]}}