{"id":2168,"date":"2017-04-06T08:14:00","date_gmt":"2017-04-06T08:14:00","guid":{"rendered":"http:\/\/www.fmsdocumentation.com\/communications-menu\/"},"modified":"2020-06-02T09:24:14","modified_gmt":"2020-06-02T06:24:14","slug":"menu-de-comunicacion","status":"publish","type":"page","link":"https:\/\/www.fmsdocumentation.com\/es\/menu-de-comunicacion\/","title":{"rendered":"Men\u00fa de comunicaci\u00f3n"},"content":{"rendered":"<p>El men\u00fa de comunicaci\u00f3n le permite comunicarse con los conductores, que han instalado la aplicaci\u00f3n OnTrack. Para acceder al men\u00fa de comunicaci\u00f3n, haga clic en el icono respectivo en el panel de navegaci\u00f3n.<\/p>\n<p><a href=\"https:\/\/www.fmsdocumentation.com\/wp-content\/uploads\/2017\/04\/67-1ES.png\"><img loading=\"lazy\" decoding=\"async\" class=\"alignnone wp-image-2657\" src=\"https:\/\/www.fmsdocumentation.com\/wp-content\/uploads\/2017\/04\/67-1ES-1024x507.png\" alt=\"\" width=\"1011\" height=\"500\" srcset=\"https:\/\/www.fmsdocumentation.com\/wp-content\/uploads\/2017\/04\/67-1ES-1024x507.png 1024w, https:\/\/www.fmsdocumentation.com\/wp-content\/uploads\/2017\/04\/67-1ES-300x148.png 300w, https:\/\/www.fmsdocumentation.com\/wp-content\/uploads\/2017\/04\/67-1ES-768x380.png 768w, https:\/\/www.fmsdocumentation.com\/wp-content\/uploads\/2017\/04\/67-1ES.png 1920w\" sizes=\"auto, (max-width: 1011px) 100vw, 1011px\" \/><\/a><\/p>\n<p>Haciendo clic en el icono se abrir\u00e1 el panel de comunicaci\u00f3n. Puede comunicarse solo con conductores de su flota que tienen una cuenta activa. En este panel puede hacer lo siguiente:<\/p>\n<ul>\n<li>Enviar un mensaje a varios o todos los conductores a la misma vez;<\/li>\n<li>Comunicarse con conductores individualmente.<\/li>\n<\/ul>\n<p>Para enviar un mensaje a varios conductores,haga clic en el bot\u00f3n <strong>Mensaje nuevo<\/strong>, situado en la parte superior del panel.<\/p>\n<p><a href=\"https:\/\/www.fmsdocumentation.com\/wp-content\/uploads\/2017\/04\/68ES.png\"><img loading=\"lazy\" decoding=\"async\" class=\"size-full wp-image-2661 alignnone\" src=\"https:\/\/www.fmsdocumentation.com\/wp-content\/uploads\/2017\/04\/68ES.png\" alt=\"\" width=\"361\" height=\"275\" srcset=\"https:\/\/www.fmsdocumentation.com\/wp-content\/uploads\/2017\/04\/68ES.png 361w, https:\/\/www.fmsdocumentation.com\/wp-content\/uploads\/2017\/04\/68ES-300x229.png 300w\" sizes=\"auto, (max-width: 361px) 100vw, 361px\" \/><\/a><\/p>\n<p>Se abrir\u00e1 una nueva ventana llamada <strong>Mensaje nuevo<\/strong>. Aqu\u00ed puede seleccionar los destinatarios del mensaje haciendo clic en la barra de b\u00fasqueda y busc\u00e1ndoles por nombre, o simplemente seleccion\u00e1ndoles en la lista desplegable. Si desea enviar el mensaje a todos los conductores, simplemente tiene que hacer clic en el bot\u00f3n<strong> A\u00f1adir todo<\/strong>, situado a la derecha de la barra de b\u00fasqueda.<\/p>\n<p>El cuadro de mensaje est\u00e1 situado debajo de la barra de b\u00fasqueda. La cantidad m\u00e1xima de caracteres es 500. Se puede agregar un solo archivo al mensaje, su tama\u00f1o es limitado a 10MB. Despu\u00e9s de terminar el mensaje, haga clic en <strong>Enviar<\/strong> para enviar el mensaje. Si no desea enviar el mensaje, tiene que hacer clic en el bot\u00f3n <strong>Cerrar<\/strong> o en cualquier lugar fuera de la ventana <strong>Mensaje nuevo<\/strong>.<\/p>\n<p><a href=\"https:\/\/www.fmsdocumentation.com\/wp-content\/uploads\/2017\/04\/69ES.png\"><img loading=\"lazy\" decoding=\"async\" class=\"wp-image-2673 alignnone\" src=\"https:\/\/www.fmsdocumentation.com\/wp-content\/uploads\/2017\/04\/69ES.png\" alt=\"\" width=\"425\" height=\"330\" srcset=\"https:\/\/www.fmsdocumentation.com\/wp-content\/uploads\/2017\/04\/69ES.png 748w, https:\/\/www.fmsdocumentation.com\/wp-content\/uploads\/2017\/04\/69ES-300x233.png 300w\" sizes=\"auto, (max-width: 425px) 100vw, 425px\" \/><\/a><\/p>\n<p>Tras enviar el mensaje, ser\u00e1 devuelto al panel previo. La lista de conversaciones est\u00e1 situada debajo del bot\u00f3n <strong>Mensaje nuevo<\/strong>. Use la barra de b\u00fasqueda para encontrar conversaciones con rapidez. Haciendo clic en un conductor en la lista se abrir\u00e1 un panel de conversaci\u00f3n con ese conductor.<\/p>\n<p><a href=\"https:\/\/www.fmsdocumentation.com\/wp-content\/uploads\/2017\/04\/70ES.png\"><img loading=\"lazy\" decoding=\"async\" class=\"size-full wp-image-2674 alignnone\" src=\"https:\/\/www.fmsdocumentation.com\/wp-content\/uploads\/2017\/04\/70ES.png\" alt=\"\" width=\"363\" height=\"277\" srcset=\"https:\/\/www.fmsdocumentation.com\/wp-content\/uploads\/2017\/04\/70ES.png 363w, https:\/\/www.fmsdocumentation.com\/wp-content\/uploads\/2017\/04\/70ES-300x229.png 300w\" sizes=\"auto, (max-width: 363px) 100vw, 363px\" \/><\/a><\/p>\n<p>El panel de conversaci\u00f3n es f\u00e1cil de entender y es muy parecido a las populares aplicaciones de mensajer\u00eda. El cuadro de texto est\u00e1 situado al fondo y hay un icono de a\u00f1adir archivo al lado inferior izquierdo, usado para enviar archivos al conductor.<\/p>\n<p><a href=\"https:\/\/www.fmsdocumentation.com\/wp-content\/uploads\/2020\/05\/72ES.png\"><img loading=\"lazy\" decoding=\"async\" class=\"alignnone size-full wp-image-9160\" src=\"https:\/\/www.fmsdocumentation.com\/wp-content\/uploads\/2020\/05\/72ES.png\" alt=\"\" width=\"720\" height=\"877\" srcset=\"https:\/\/www.fmsdocumentation.com\/wp-content\/uploads\/2020\/05\/72ES.png 720w, https:\/\/www.fmsdocumentation.com\/wp-content\/uploads\/2020\/05\/72ES-246x300.png 246w\" sizes=\"auto, (max-width: 720px) 100vw, 720px\" \/><\/a><\/p>\n<p>Los mensajes del conductor se muestran del lado izquierdo, mientras los del usuario se muestran del lado derecho. Las iniciales en las burbujas se obtienen de las iniciales del nombre del conductor y su nombre de usuario.<\/p>\n<hr \/>\n<p><div class=\"alignleft\"><a href=\"https:\/\/www.fmsdocumentation.com\/es\/menu-de-conductores\/gestion-de-conductores\/\" title=\"Gesti\u00f3n de conductores\"><span class=\"arrow\">\u2039 &nbsp <\/span> Gesti\u00f3n de conductores <\/a><\/div> <div class=\"alignright\"><a href=\"https:\/\/www.fmsdocumentation.com\/es\/menu-de-geozonas\/\" title=\"Men\u00fa de geozonas\">Men\u00fa de geozonas <span class=\"arrow\"> &nbsp\u203a <\/span> <\/a><\/div><\/p>\n","protected":false},"excerpt":{"rendered":"<p>El men\u00fa de comunicaci\u00f3n le permite comunicarse con los conductores, que han instalado la aplicaci\u00f3n OnTrack. Para acceder al men\u00fa de comunicaci\u00f3n, haga clic en el icono respectivo en el panel de navegaci\u00f3n. Haciendo clic en el icono se abrir\u00e1 el panel de comunicaci\u00f3n. Puede comunicarse solo con conductores de su flota que tienen una &hellip; <a href=\"https:\/\/www.fmsdocumentation.com\/es\/menu-de-comunicacion\/\" class=\"more-link\">Sigue leyendo <span class=\"screen-reader-text\">Men\u00fa de comunicaci\u00f3n<\/span><\/a><\/p>\n","protected":false},"author":1,"featured_media":0,"parent":0,"menu_order":45,"comment_status":"closed","ping_status":"closed","template":"","meta":{"footnotes":""},"class_list":["post-2168","page","type-page","status-publish","hentry"],"_links":{"self":[{"href":"https:\/\/www.fmsdocumentation.com\/es\/wp-json\/wp\/v2\/pages\/2168","targetHints":{"allow":["GET"]}}],"collection":[{"href":"https:\/\/www.fmsdocumentation.com\/es\/wp-json\/wp\/v2\/pages"}],"about":[{"href":"https:\/\/www.fmsdocumentation.com\/es\/wp-json\/wp\/v2\/types\/page"}],"author":[{"embeddable":true,"href":"https:\/\/www.fmsdocumentation.com\/es\/wp-json\/wp\/v2\/users\/1"}],"replies":[{"embeddable":true,"href":"https:\/\/www.fmsdocumentation.com\/es\/wp-json\/wp\/v2\/comments?post=2168"}],"version-history":[{"count":14,"href":"https:\/\/www.fmsdocumentation.com\/es\/wp-json\/wp\/v2\/pages\/2168\/revisions"}],"predecessor-version":[{"id":9161,"href":"https:\/\/www.fmsdocumentation.com\/es\/wp-json\/wp\/v2\/pages\/2168\/revisions\/9161"}],"wp:attachment":[{"href":"https:\/\/www.fmsdocumentation.com\/es\/wp-json\/wp\/v2\/media?parent=2168"}],"curies":[{"name":"wp","href":"https:\/\/api.w.org\/{rel}","templated":true}]}}