{"id":2171,"date":"2017-04-06T08:11:10","date_gmt":"2017-04-06T08:11:10","guid":{"rendered":"http:\/\/www.fmsdocumentation.com\/drivers-management\/"},"modified":"2020-05-28T14:40:28","modified_gmt":"2020-05-28T11:40:28","slug":"gestion-de-conductores","status":"publish","type":"page","link":"https:\/\/www.fmsdocumentation.com\/es\/menu-de-conductores\/gestion-de-conductores\/","title":{"rendered":"Gesti\u00f3n de conductores"},"content":{"rendered":"<p>El usuario debe seleccionar un conductor en la lista para asignar un veh\u00edculo o editar informaci\u00f3n del conductor. Al seleccionar un conductor, se abrir\u00e1 un panel con informaci\u00f3n del conductor. Se puede editar la informaci\u00f3n haciendo clic en el bot\u00f3n &#8220;Editar&#8221; en el fondo del panel. Se abrir\u00e1 una ventana id\u00e9ntica a la de &#8220;A\u00f1adir nuevo conductor&#8221;, pero con los campos ya rellenados. Hay que hacer clic en el bot\u00f3n &#8220;Guardar&#8221; para guardar cambios. Si el usuario decide borrar un conductor de la lista, simplemente tiene que hacer clic en el bot\u00f3n &#8220;Borrar&#8221;. Se abrir\u00e1 una ventana de confirmaci\u00f3n (si se hizo clic por accidente), en la que el usuario debe confirmar si de verdad desea borrar el conductor. Si el usuario hizo clic por accidente, simplemente tiene que hacer clic en el bot\u00f3n &#8220;Cancelar&#8221; en la ventana de confirmaci\u00f3n.<\/p>\n<p><a href=\"https:\/\/www.fmsdocumentation.com\/wp-content\/uploads\/2017\/04\/59-1ES.png\"><img loading=\"lazy\" decoding=\"async\" class=\"wp-image-2590 alignnone\" src=\"https:\/\/www.fmsdocumentation.com\/wp-content\/uploads\/2017\/04\/59-1ES.png\" alt=\"\" width=\"550\" height=\"676\" srcset=\"https:\/\/www.fmsdocumentation.com\/wp-content\/uploads\/2017\/04\/59-1ES.png 721w, https:\/\/www.fmsdocumentation.com\/wp-content\/uploads\/2017\/04\/59-1ES-244x300.png 244w\" sizes=\"auto, (max-width: 550px) 100vw, 550px\" \/><\/a><\/p>\n<p>Para asignar un veh\u00edculo el usuario debe hacer clic en el campo &#8220;Asignar veh\u00edculo&#8221;.<\/p>\n<p><a href=\"https:\/\/www.fmsdocumentation.com\/wp-content\/uploads\/2017\/04\/60ES.png\"><img loading=\"lazy\" decoding=\"async\" class=\"size-full wp-image-2592 alignnone\" src=\"https:\/\/www.fmsdocumentation.com\/wp-content\/uploads\/2017\/04\/60ES.png\" alt=\"\" width=\"359\" height=\"212\" srcset=\"https:\/\/www.fmsdocumentation.com\/wp-content\/uploads\/2017\/04\/60ES.png 359w, https:\/\/www.fmsdocumentation.com\/wp-content\/uploads\/2017\/04\/60ES-300x177.png 300w\" sizes=\"auto, (max-width: 359px) 100vw, 359px\" \/><\/a><\/p>\n<p>Despu\u00e9s de hacer clic, se abrir\u00e1 una nueva ventana con una barra de b\u00fasqueda. Haciendo clic en la barra de b\u00fasqueda abrir\u00e1 una lista desplegable de veh\u00edculos sugeridos. Para filtrar la selecci\u00f3n el usuario simplemente tiene que introducir el nombre del veh\u00edculo, la lista se actualizar\u00e1 autom\u00e1ticamente con cada letra introducida.<\/p>\n<p><a href=\"https:\/\/www.fmsdocumentation.com\/wp-content\/uploads\/2017\/04\/61ES-1.png\"><img loading=\"lazy\" decoding=\"async\" class=\"size-full wp-image-2599 alignnone\" src=\"https:\/\/www.fmsdocumentation.com\/wp-content\/uploads\/2017\/04\/61ES-1.png\" alt=\"\" width=\"751\" height=\"363\" srcset=\"https:\/\/www.fmsdocumentation.com\/wp-content\/uploads\/2017\/04\/61ES-1.png 751w, https:\/\/www.fmsdocumentation.com\/wp-content\/uploads\/2017\/04\/61ES-1-300x145.png 300w\" sizes=\"auto, (max-width: 751px) 100vw, 751px\" \/><\/a><br \/>\n<p class=\"note\">Nota<br \/>\nVeh\u00edculos con un periodo de prueba actualmente activo no pueden ser asignados a un conductor.<\/p><\/p>\n<p>Despu\u00e9s de elegir un veh\u00edculo, el usuario debe hacer clic en bot\u00f3n &#8220;Asignar&#8221; para asignarlo al conductor. Si el usuario decide asignar otro veh\u00edculo, simplemente tiene que introducir otro nombre. Si el usuario no decide asignar ning\u00fan veh\u00edculo, debe hacer clic en el bot\u00f3n &#8220;Cerrar&#8221; o simplemente en cualquier lugar fuera de la ventana &#8220;Asignar veh\u00edculo&#8221;.<\/p>\n<p><a href=\"https:\/\/www.fmsdocumentation.com\/wp-content\/uploads\/2017\/04\/62ES.png\"><img loading=\"lazy\" decoding=\"async\" class=\"size-full wp-image-2608 alignnone\" src=\"https:\/\/www.fmsdocumentation.com\/wp-content\/uploads\/2017\/04\/62ES.png\" alt=\"\" width=\"751\" height=\"302\" srcset=\"https:\/\/www.fmsdocumentation.com\/wp-content\/uploads\/2017\/04\/62ES.png 751w, https:\/\/www.fmsdocumentation.com\/wp-content\/uploads\/2017\/04\/62ES-300x121.png 300w\" sizes=\"auto, (max-width: 751px) 100vw, 751px\" \/><\/a><\/p>\n<p>Para eliminar un veh\u00edculo asignado, el usuario simplemente tiene que hacer clic en el icono de papelera. En este caso no hay ning\u00fan ventana de confirmaci\u00f3n, la asignaci\u00f3n del veh\u00edculo se elimina con un s\u00f3lo clic.<\/p>\n<p><a href=\"https:\/\/www.fmsdocumentation.com\/wp-content\/uploads\/2017\/04\/63ES.png\"><img loading=\"lazy\" decoding=\"async\" class=\"size-full wp-image-2611 alignnone\" src=\"https:\/\/www.fmsdocumentation.com\/wp-content\/uploads\/2017\/04\/63ES.png\" alt=\"\" width=\"356\" height=\"69\" srcset=\"https:\/\/www.fmsdocumentation.com\/wp-content\/uploads\/2017\/04\/63ES.png 356w, https:\/\/www.fmsdocumentation.com\/wp-content\/uploads\/2017\/04\/63ES-300x58.png 300w\" sizes=\"auto, (max-width: 356px) 100vw, 356px\" \/><\/a><\/p>\n<p>Despu\u00e9s de asignar el veh\u00edculo, el campo del veh\u00edculo en el men\u00fa de conductores se actualizar\u00e1 e incluir\u00e1 el veh\u00edculo asignado.<\/p>\n<p>En casos de veh\u00edculos asignados autom\u00e1ticamente, hay tres tipos de asignaciones:<\/p>\n<ul>\n<li>Asignaci\u00f3n de iButton o RFID;<\/li>\n<li>Asignaci\u00f3n de forma inal\u00e1mbrica;<\/li>\n<li>Asignaci\u00f3n de tac\u00f3grafo.<\/li>\n<\/ul>\n<p>En cualquier caso, si el veh\u00edculo se ha asignado autom\u00e1ticamente, el usuario no puede eliminar la asignaci\u00f3n. La asignaci\u00f3n se eliminar\u00e1 cuando el conductor deja de estar registrado o el sistema asigna al conductor a otro veh\u00edculo. Esto puede ocurrir cuando no se reciben datos desde un veh\u00edculo por un rato, pero se reciben datos desde otro veh\u00edculo, al que el conductor ha transferido. Un ejemplo de asignaci\u00f3n de tac\u00f3grafo se muestra a continuaci\u00f3n:<\/p>\n<p><a href=\"https:\/\/www.fmsdocumentation.com\/wp-content\/uploads\/2018\/08\/249ES.png\"><img loading=\"lazy\" decoding=\"async\" class=\"alignnone size-full wp-image-5768\" src=\"https:\/\/www.fmsdocumentation.com\/wp-content\/uploads\/2018\/08\/249ES.png\" alt=\"\" width=\"600\" height=\"209\" srcset=\"https:\/\/www.fmsdocumentation.com\/wp-content\/uploads\/2018\/08\/249ES.png 600w, https:\/\/www.fmsdocumentation.com\/wp-content\/uploads\/2018\/08\/249ES-300x105.png 300w\" sizes=\"auto, (max-width: 600px) 100vw, 600px\" \/><\/a><\/p>\n<p>En el caso de asignaci\u00f3n de forma inal\u00e1mbrica, la asignaci\u00f3n es v\u00e1lida mientras el usuario est\u00e1 conectado v\u00eda la aplicaci\u00f3n OnTrack. En este caso, no se puede eliminar la asignaci\u00f3n autom\u00e1ticamente. Si el conductor conecta otro veh\u00edculo mientras la asignaci\u00f3n previa todav\u00eda est\u00e1 v\u00e1lida, la asignaci\u00f3n previa se sobrescribir\u00e1 con la asignaci\u00f3n nueva.<br \/>\n<p class=\"note\">Nota<br \/>\nCada veh\u00edculo puede asignarse solo a un conductor. Si un veh\u00edculo era asignado a otro conductor antes y luego se asigna a un conductor nuevo, se eliminar\u00e1 la asignaci\u00f3n previa.<\/p><\/p>\n<p><p class=\"note\">Nota<br \/>\nEn el caso de asignaci\u00f3n de tac\u00f3grafo, se pueden asignar dos conductores a un veh\u00edculo. Esto se aplica solo a la asignaci\u00f3n de tac\u00f3grafo y no puede ser hecho de cualquier otra manera. Se eliminan las asignaciones si se retiran las tarjetas de conductor del tac\u00f3grafo o se usan para registrar otro veh\u00edculo. Hay m\u00e1s informaci\u00f3n sobre la asignaci\u00f3n doble en <a href=\"https:\/\/www.fmsdocumentation.com\/es\/menu-de-estado-de-la-flota\/panel-de-resumen\/?lang=es\">&#8220;Panel de resumen&#8221;<\/a>.<\/p><\/p>\n<p>Si un veh\u00edculo fue asignado a un conductor con los m\u00e9todos descritos anteriormente, habr\u00e1 informaci\u00f3n adicional en el panel de conductores, por ejemplo el c\u00f3digo de iButton o RFID o el nombre del conductor recibido desde la tarjeta de conductor.<\/p>\n<p>Para asignar credenciales de acceso en la aplicaci\u00f3n m\u00f3vil a un conductor, el usuario debe hacer clic en el campo &#8220;Aplicaci\u00f3n para conductores&#8221;.<\/p>\n<p><a href=\"https:\/\/www.fmsdocumentation.com\/wp-content\/uploads\/2017\/04\/64ES.png\"><img loading=\"lazy\" decoding=\"async\" class=\"size-full wp-image-2632 alignnone\" src=\"https:\/\/www.fmsdocumentation.com\/wp-content\/uploads\/2017\/04\/64ES.png\" alt=\"\" width=\"361\" height=\"211\" srcset=\"https:\/\/www.fmsdocumentation.com\/wp-content\/uploads\/2017\/04\/64ES.png 361w, https:\/\/www.fmsdocumentation.com\/wp-content\/uploads\/2017\/04\/64ES-300x175.png 300w\" sizes=\"auto, (max-width: 361px) 100vw, 361px\" \/><\/a><\/p>\n<p>Se abrir\u00e1 una nueva ventana llamada &#8220;Credenciales del conductor&#8221;, donde el usuario debe introducir los siguientes credenciales para crear una cuenta para el conductor:<\/p>\n<ul>\n<li>Nombre de usuario;<\/li>\n<li>Contrase\u00f1a.<\/li>\n<\/ul>\n<p><a href=\"https:\/\/www.fmsdocumentation.com\/wp-content\/uploads\/2017\/04\/65ES.png\"><img loading=\"lazy\" decoding=\"async\" class=\"wp-image-2633 alignnone\" src=\"https:\/\/www.fmsdocumentation.com\/wp-content\/uploads\/2017\/04\/65ES.png\" alt=\"\" width=\"550\" height=\"354\" srcset=\"https:\/\/www.fmsdocumentation.com\/wp-content\/uploads\/2017\/04\/65ES.png 754w, https:\/\/www.fmsdocumentation.com\/wp-content\/uploads\/2017\/04\/65ES-300x193.png 300w\" sizes=\"auto, (max-width: 550px) 100vw, 550px\" \/><\/a><\/p>\n<p>Despu\u00e9s de introducir las credenciales, el usuario debe hacer clic en el bot\u00f3n &#8220;Guardar&#8221;, si no, los cambios no se guardar\u00e1n. Si el usuario decide no crear la cuenta, simplemente tiene que hacer clic en el bot\u00f3n &#8220;Cerrar&#8221;. Despu\u00e9s de crear la cuenta, el usuario puede editar las credenciales haciendo clic en el icono de l\u00e1piz. Se abrir\u00e1 una nueva ventana, id\u00e9ntica a &#8220;Credenciales del conductor&#8221;, donde el usuario puede editar las credenciales.<\/p>\n<p><a href=\"https:\/\/www.fmsdocumentation.com\/wp-content\/uploads\/2017\/04\/66ES.png\"><img loading=\"lazy\" decoding=\"async\" class=\"size-full wp-image-2634 alignnone\" src=\"https:\/\/www.fmsdocumentation.com\/wp-content\/uploads\/2017\/04\/66ES.png\" alt=\"\" width=\"358\" height=\"74\" srcset=\"https:\/\/www.fmsdocumentation.com\/wp-content\/uploads\/2017\/04\/66ES.png 358w, https:\/\/www.fmsdocumentation.com\/wp-content\/uploads\/2017\/04\/66ES-300x62.png 300w\" sizes=\"auto, (max-width: 358px) 100vw, 358px\" \/><\/a><\/p>\n<p>Despu\u00e9s de crear la cuenta, el usuario puede mover el rat\u00f3n sobre el nombre de usuario para que se muestren el ID del cliente y el nombre del usuario.<\/p>\n<p><a href=\"https:\/\/www.fmsdocumentation.com\/wp-content\/uploads\/2017\/04\/199ES.png\"><img loading=\"lazy\" decoding=\"async\" class=\"size-full wp-image-2635 alignnone\" src=\"https:\/\/www.fmsdocumentation.com\/wp-content\/uploads\/2017\/04\/199ES.png\" alt=\"\" width=\"428\" height=\"129\" srcset=\"https:\/\/www.fmsdocumentation.com\/wp-content\/uploads\/2017\/04\/199ES.png 428w, https:\/\/www.fmsdocumentation.com\/wp-content\/uploads\/2017\/04\/199ES-300x90.png 300w\" sizes=\"auto, (max-width: 428px) 100vw, 428px\" \/><\/a><\/p>\n<hr \/>\n<p><div class=\"alignleft\"><a href=\"https:\/\/www.fmsdocumentation.com\/es\/menu-de-conductores\/lista-de-conductores\/\" title=\"Lista de conductores\"><span class=\"arrow\">\u2039 &nbsp <\/span> Lista de conductores <\/a><\/div> <div class=\"alignright\"><a href=\"https:\/\/www.fmsdocumentation.com\/es\/menu-de-comunicacion\/\" title=\"Men\u00fa de comunicaci\u00f3n\">Men\u00fa de comunicaci\u00f3n <span class=\"arrow\"> &nbsp\u203a <\/span> <\/a><\/div><\/p>\n","protected":false},"excerpt":{"rendered":"<p>El usuario debe seleccionar un conductor en la lista para asignar un veh\u00edculo o editar informaci\u00f3n del conductor. Al seleccionar un conductor, se abrir\u00e1 un panel con informaci\u00f3n del conductor. Se puede editar la informaci\u00f3n haciendo clic en el bot\u00f3n &#8220;Editar&#8221; en el fondo del panel. Se abrir\u00e1 una ventana id\u00e9ntica a la de &#8220;A\u00f1adir &hellip; <a href=\"https:\/\/www.fmsdocumentation.com\/es\/menu-de-conductores\/gestion-de-conductores\/\" class=\"more-link\">Sigue leyendo <span class=\"screen-reader-text\">Gesti\u00f3n de conductores<\/span><\/a><\/p>\n","protected":false},"author":1,"featured_media":0,"parent":2175,"menu_order":2,"comment_status":"closed","ping_status":"closed","template":"","meta":{"footnotes":""},"class_list":["post-2171","page","type-page","status-publish","hentry"],"_links":{"self":[{"href":"https:\/\/www.fmsdocumentation.com\/es\/wp-json\/wp\/v2\/pages\/2171","targetHints":{"allow":["GET"]}}],"collection":[{"href":"https:\/\/www.fmsdocumentation.com\/es\/wp-json\/wp\/v2\/pages"}],"about":[{"href":"https:\/\/www.fmsdocumentation.com\/es\/wp-json\/wp\/v2\/types\/page"}],"author":[{"embeddable":true,"href":"https:\/\/www.fmsdocumentation.com\/es\/wp-json\/wp\/v2\/users\/1"}],"replies":[{"embeddable":true,"href":"https:\/\/www.fmsdocumentation.com\/es\/wp-json\/wp\/v2\/comments?post=2171"}],"version-history":[{"count":11,"href":"https:\/\/www.fmsdocumentation.com\/es\/wp-json\/wp\/v2\/pages\/2171\/revisions"}],"predecessor-version":[{"id":9173,"href":"https:\/\/www.fmsdocumentation.com\/es\/wp-json\/wp\/v2\/pages\/2171\/revisions\/9173"}],"up":[{"embeddable":true,"href":"https:\/\/www.fmsdocumentation.com\/es\/wp-json\/wp\/v2\/pages\/2175"}],"wp:attachment":[{"href":"https:\/\/www.fmsdocumentation.com\/es\/wp-json\/wp\/v2\/media?parent=2171"}],"curies":[{"name":"wp","href":"https:\/\/api.w.org\/{rel}","templated":true}]}}