{"id":2173,"date":"2017-04-06T08:05:52","date_gmt":"2017-04-06T08:05:52","guid":{"rendered":"http:\/\/www.fmsdocumentation.com\/drivers-list\/"},"modified":"2020-05-28T14:31:05","modified_gmt":"2020-05-28T11:31:05","slug":"lista-de-conductores","status":"publish","type":"page","link":"https:\/\/www.fmsdocumentation.com\/es\/menu-de-conductores\/lista-de-conductores\/","title":{"rendered":"Lista de conductores"},"content":{"rendered":"<p>Haciendo clic en el icono respectivo, en el panel de navegaci\u00f3n, se abrir\u00e1 el men\u00fa de conductores, con una lista de todos los conductores existentes para el usuario conectado. Hay una barra de b\u00fasqueda para buscar conductores r\u00e1pidamente, la lista se actualiza autom\u00e1ticamente con cada letra introducida.<br \/>\n<p class=\"note\">Nota<br \/>\nFMS usa una herramienta incorporada de creaci\u00f3n y asignaci\u00f3n autom\u00e1tica de conductores. Esta herramienta autom\u00e1ticamente crea conductores nuevos usando los nombres en las tarjetas de conductores o IDs de iButton. Se crea solo un conductor para un nombre\/ID recibido (la herramienta no crear\u00e1 un conductor nuevo si se usa la misma tarjeta o el mismo iButton una y otra vez). La herramienta usa el nombre\/ID recibido como el nombre del conductor y tambi\u00e9n asigna al conductor al objeto, desde cu\u00e1l el nombre\/ID fue recibido. Se describe esta funci\u00f3n en la pr\u00f3xima secci\u00f3n <a href=\"https:\/\/www.fmsdocumentation.com\/es\/menu-de-conductores\/gestion-de-conductores\/?lang=es\">&#8220;Gesti\u00f3n de conductores&#8221;<\/a>.<\/p><\/p>\n<p>Los conductores se ordenan en orden alfab\u00e9tico. Al lado izquierdo del nombre del conductor hay un c\u00edrculo gris con las iniciales del conductor para ayudar a navegar por la lista de conductores. Si el conductor tiene un veh\u00edculo asignado, el nombre del veh\u00edculo se mostrar\u00e1 debajo del nombre del conductor. Si no hay un veh\u00edculo asignado, el usuario ver\u00e1 &#8220;Veh\u00edculo no asignado&#8221; en lugar del nombre del veh\u00edculo.<\/p>\n<p><a href=\"https:\/\/www.fmsdocumentation.com\/wp-content\/uploads\/2017\/04\/55ES.png\"><img loading=\"lazy\" decoding=\"async\" class=\"size-full wp-image-2533 alignnone\" src=\"https:\/\/www.fmsdocumentation.com\/wp-content\/uploads\/2017\/04\/55ES.png\" alt=\"\" width=\"345\" height=\"145\" srcset=\"https:\/\/www.fmsdocumentation.com\/wp-content\/uploads\/2017\/04\/55ES.png 345w, https:\/\/www.fmsdocumentation.com\/wp-content\/uploads\/2017\/04\/55ES-300x126.png 300w\" sizes=\"auto, (max-width: 345px) 100vw, 345px\" \/><\/a><\/p>\n<p>Hay cuatro opciones de filtrar la lista de conductores:<\/p>\n<ul>\n<li>Todo;<\/li>\n<li>Con asignaci\u00f3n;<\/li>\n<li>Sin asignaci\u00f3n;<\/li>\n<li>Creado autom\u00e1ticamente.<\/li>\n<\/ul>\n<p>Para cambiar el filtro, el usuario tiene que hacer clic en &#8220;Mostrar conductores&#8221;, se abrir\u00e1 una lista desplegable con las opciones. Despu\u00e9s de seleccionar el filtro deseado, el filtro actualmente seleccionado estar\u00e1 resaltado con un tono m\u00e1s oscuro de gris y una barra azul al lado derecho del nombre del filtro.<\/p>\n<p><a href=\"https:\/\/www.fmsdocumentation.com\/wp-content\/uploads\/2017\/04\/56-1ES.png\"><img loading=\"lazy\" decoding=\"async\" class=\"size-full wp-image-2534 alignnone\" src=\"https:\/\/www.fmsdocumentation.com\/wp-content\/uploads\/2017\/04\/56-1ES.png\" alt=\"\" width=\"355\" height=\"202\" srcset=\"https:\/\/www.fmsdocumentation.com\/wp-content\/uploads\/2017\/04\/56-1ES.png 355w, https:\/\/www.fmsdocumentation.com\/wp-content\/uploads\/2017\/04\/56-1ES-300x171.png 300w\" sizes=\"auto, (max-width: 355px) 100vw, 355px\" \/><\/a><br \/>\n<p class=\"note\">Nota<br \/>\nAdem\u00e1s, el usuario puede encontrar un estado &#8220;Ocupado&#8221; aparte de los estados est\u00e1ndares. Este estado existe para los casos en los que el conductor est\u00e1 asignado a un veh\u00edculo que no se muestra (es limitado) para el usuario conectado. Cuando este estado est\u00e1 activo, el usuario no puede asignar el conductor a ning\u00fan veh\u00edculo. Hay un ejemplo a continuaci\u00f3n.<\/p><\/p>\n<p><a href=\"https:\/\/www.fmsdocumentation.com\/wp-content\/uploads\/2017\/04\/266ES.png\"><img loading=\"lazy\" decoding=\"async\" class=\"size-full wp-image-2535 alignnone\" src=\"https:\/\/www.fmsdocumentation.com\/wp-content\/uploads\/2017\/04\/266ES.png\" alt=\"\" width=\"362\" height=\"211\" srcset=\"https:\/\/www.fmsdocumentation.com\/wp-content\/uploads\/2017\/04\/266ES.png 362w, https:\/\/www.fmsdocumentation.com\/wp-content\/uploads\/2017\/04\/266ES-300x175.png 300w\" sizes=\"auto, (max-width: 362px) 100vw, 362px\" \/><\/a><\/p>\n<p>Para a\u00f1adir nuevos conductores a la lista, el usuario tiene hacer clic en el bot\u00f3n &#8220;Nuevo conductor&#8221;.<\/p>\n<p><a href=\"https:\/\/www.fmsdocumentation.com\/wp-content\/uploads\/2018\/07\/57ES.png\"><img loading=\"lazy\" decoding=\"async\" class=\"alignnone size-full wp-image-5429\" src=\"https:\/\/www.fmsdocumentation.com\/wp-content\/uploads\/2018\/07\/57ES.png\" alt=\"\" width=\"360\" height=\"390\" srcset=\"https:\/\/www.fmsdocumentation.com\/wp-content\/uploads\/2018\/07\/57ES.png 360w, https:\/\/www.fmsdocumentation.com\/wp-content\/uploads\/2018\/07\/57ES-277x300.png 277w\" sizes=\"auto, (max-width: 360px) 100vw, 360px\" \/><\/a><\/p>\n<p>Se abrir\u00e1 una nueva ventana llamada &#8220;A\u00f1adir nuevo conductor&#8221;. En esta ventana, el usuario debe introducir la informaci\u00f3n del conductor. Solo un campo es obligatorio:<\/p>\n<ul>\n<li>Nombre.<\/li>\n<\/ul>\n<p>Los otros campos son opcionales y solo se introducen si el usuario desea. Despu\u00e9s de introducir la informaci\u00f3n, el usuario debe hacer clic en el bot\u00f3n &#8220;Guardar&#8221; para a\u00f1adir el conductor nuevo a la lista de conductores. Si el usuario decide no guardar el conductor nuevo, tiene que hacer clic en el bot\u00f3n &#8220;Cerrar&#8221; o en cualquier lugar fuera de la ventana &#8220;A\u00f1adir nuevo conductor&#8221;.<\/p>\n<p><a href=\"https:\/\/www.fmsdocumentation.com\/wp-content\/uploads\/2017\/04\/58-1ES.png\"><img loading=\"lazy\" decoding=\"async\" class=\"wp-image-2537 alignnone\" src=\"https:\/\/www.fmsdocumentation.com\/wp-content\/uploads\/2017\/04\/58-1ES.png\" alt=\"\" width=\"500\" height=\"506\" srcset=\"https:\/\/www.fmsdocumentation.com\/wp-content\/uploads\/2017\/04\/58-1ES.png 751w, https:\/\/www.fmsdocumentation.com\/wp-content\/uploads\/2017\/04\/58-1ES-296x300.png 296w\" sizes=\"auto, (max-width: 500px) 100vw, 500px\" \/><\/a><\/p>\n<p>Despu\u00e9s de hacer clic en &#8220;Guardar&#8221;, la lista se actualizar\u00e1 autom\u00e1ticamente en orden alfab\u00e9tico y el conductor nuevo aparecer\u00e1 en la lista con &#8220;Veh\u00edculo no asignado&#8221;.<\/p>\n<hr \/>\n<p><div class=\"alignleft\"><a href=\"https:\/\/www.fmsdocumentation.com\/es\/menu-de-conductores\/\" title=\"Men\u00fa de conductores\"><span class=\"arrow\">\u2039 &nbsp <\/span> Men\u00fa de conductores <\/a><\/div> <div class=\"alignright\"><a href=\"https:\/\/www.fmsdocumentation.com\/es\/menu-de-conductores\/gestion-de-conductores\/\" title=\"Gesti\u00f3n de conductores\">Gesti\u00f3n de conductores <span class=\"arrow\"> &nbsp\u203a <\/span> <\/a><\/div><\/p>\n","protected":false},"excerpt":{"rendered":"<p>Haciendo clic en el icono respectivo, en el panel de navegaci\u00f3n, se abrir\u00e1 el men\u00fa de conductores, con una lista de todos los conductores existentes para el usuario conectado. Hay una barra de b\u00fasqueda para buscar conductores r\u00e1pidamente, la lista se actualiza autom\u00e1ticamente con cada letra introducida. Nota FMS usa una herramienta incorporada de creaci\u00f3n &hellip; <a href=\"https:\/\/www.fmsdocumentation.com\/es\/menu-de-conductores\/lista-de-conductores\/\" class=\"more-link\">Sigue leyendo <span class=\"screen-reader-text\">Lista de conductores<\/span><\/a><\/p>\n","protected":false},"author":1,"featured_media":0,"parent":2175,"menu_order":1,"comment_status":"closed","ping_status":"closed","template":"","meta":{"footnotes":""},"class_list":["post-2173","page","type-page","status-publish","hentry"],"_links":{"self":[{"href":"https:\/\/www.fmsdocumentation.com\/es\/wp-json\/wp\/v2\/pages\/2173","targetHints":{"allow":["GET"]}}],"collection":[{"href":"https:\/\/www.fmsdocumentation.com\/es\/wp-json\/wp\/v2\/pages"}],"about":[{"href":"https:\/\/www.fmsdocumentation.com\/es\/wp-json\/wp\/v2\/types\/page"}],"author":[{"embeddable":true,"href":"https:\/\/www.fmsdocumentation.com\/es\/wp-json\/wp\/v2\/users\/1"}],"replies":[{"embeddable":true,"href":"https:\/\/www.fmsdocumentation.com\/es\/wp-json\/wp\/v2\/comments?post=2173"}],"version-history":[{"count":9,"href":"https:\/\/www.fmsdocumentation.com\/es\/wp-json\/wp\/v2\/pages\/2173\/revisions"}],"predecessor-version":[{"id":9171,"href":"https:\/\/www.fmsdocumentation.com\/es\/wp-json\/wp\/v2\/pages\/2173\/revisions\/9171"}],"up":[{"embeddable":true,"href":"https:\/\/www.fmsdocumentation.com\/es\/wp-json\/wp\/v2\/pages\/2175"}],"wp:attachment":[{"href":"https:\/\/www.fmsdocumentation.com\/es\/wp-json\/wp\/v2\/media?parent=2173"}],"curies":[{"name":"wp","href":"https:\/\/api.w.org\/{rel}","templated":true}]}}