{"id":2175,"date":"2017-04-06T08:02:33","date_gmt":"2017-04-06T08:02:33","guid":{"rendered":"http:\/\/www.fmsdocumentation.com\/drivers-menu\/"},"modified":"2020-06-09T14:21:51","modified_gmt":"2020-06-09T11:21:51","slug":"menu-de-conductores","status":"publish","type":"page","link":"https:\/\/www.fmsdocumentation.com\/es\/menu-de-conductores\/","title":{"rendered":"Men\u00fa de conductores"},"content":{"rendered":"<p>Se usa el men\u00fa de conductores para a\u00f1adir, eliminar y modificar conductores.\u00a0 Tambi\u00e9n se usa este men\u00fa para introducir informaci\u00f3n general sobre el conductor, informaci\u00f3n de contacto, asignar un veh\u00edculo a un conductor y administrar credenciales de la aplicaci\u00f3n m\u00f3vil. Para abrir el men\u00fa de conductores, el usuario tiene que hacer clic en el icono respectivo en el izquierdo panel de navegaci\u00f3n.<\/p>\n<p><a href=\"https:\/\/www.fmsdocumentation.com\/wp-content\/uploads\/2017\/04\/54-1ES.png\"><img loading=\"lazy\" decoding=\"async\" class=\"alignnone wp-image-2530\" src=\"https:\/\/www.fmsdocumentation.com\/wp-content\/uploads\/2017\/04\/54-1ES-1024x506.png\" alt=\"\" width=\"1012\" height=\"500\" srcset=\"https:\/\/www.fmsdocumentation.com\/wp-content\/uploads\/2017\/04\/54-1ES-1024x506.png 1024w, https:\/\/www.fmsdocumentation.com\/wp-content\/uploads\/2017\/04\/54-1ES-300x148.png 300w, https:\/\/www.fmsdocumentation.com\/wp-content\/uploads\/2017\/04\/54-1ES-768x380.png 768w, https:\/\/www.fmsdocumentation.com\/wp-content\/uploads\/2017\/04\/54-1ES.png 1920w\" sizes=\"auto, (max-width: 1012px) 100vw, 1012px\" \/><\/a><\/p>\n<hr \/>\n<p><div class=\"alignleft\"><a href=\"https:\/\/www.fmsdocumentation.com\/es\/menu-de-estado-de-la-flota\/panel-de-analisis-de-tiempo\/\" title=\"Panel de an\u00e1lisis de tiempo\"><span class=\"arrow\">\u2039 &nbsp <\/span> Panel de an\u00e1lisis de tiempo <\/a><\/div> <div class=\"alignright\"><a href=\"https:\/\/www.fmsdocumentation.com\/es\/menu-de-conductores\/lista-de-conductores\/\" title=\"Lista de conductores\">Lista de conductores <span class=\"arrow\"> &nbsp\u203a <\/span> <\/a><\/div><\/p>\n","protected":false},"excerpt":{"rendered":"<p>Se usa el men\u00fa de conductores para a\u00f1adir, eliminar y modificar conductores.\u00a0 Tambi\u00e9n se usa este men\u00fa para introducir informaci\u00f3n general sobre el conductor, informaci\u00f3n de contacto, asignar un veh\u00edculo a un conductor y administrar credenciales de la aplicaci\u00f3n m\u00f3vil. Para abrir el men\u00fa de conductores, el usuario tiene que hacer clic en el icono &hellip; <a href=\"https:\/\/www.fmsdocumentation.com\/es\/menu-de-conductores\/\" class=\"more-link\">Sigue leyendo <span class=\"screen-reader-text\">Men\u00fa de conductores<\/span><\/a><\/p>\n","protected":false},"author":1,"featured_media":0,"parent":0,"menu_order":37,"comment_status":"closed","ping_status":"closed","template":"","meta":{"footnotes":""},"class_list":["post-2175","page","type-page","status-publish","hentry"],"_links":{"self":[{"href":"https:\/\/www.fmsdocumentation.com\/es\/wp-json\/wp\/v2\/pages\/2175","targetHints":{"allow":["GET"]}}],"collection":[{"href":"https:\/\/www.fmsdocumentation.com\/es\/wp-json\/wp\/v2\/pages"}],"about":[{"href":"https:\/\/www.fmsdocumentation.com\/es\/wp-json\/wp\/v2\/types\/page"}],"author":[{"embeddable":true,"href":"https:\/\/www.fmsdocumentation.com\/es\/wp-json\/wp\/v2\/users\/1"}],"replies":[{"embeddable":true,"href":"https:\/\/www.fmsdocumentation.com\/es\/wp-json\/wp\/v2\/comments?post=2175"}],"version-history":[{"count":5,"href":"https:\/\/www.fmsdocumentation.com\/es\/wp-json\/wp\/v2\/pages\/2175\/revisions"}],"predecessor-version":[{"id":3598,"href":"https:\/\/www.fmsdocumentation.com\/es\/wp-json\/wp\/v2\/pages\/2175\/revisions\/3598"}],"wp:attachment":[{"href":"https:\/\/www.fmsdocumentation.com\/es\/wp-json\/wp\/v2\/media?parent=2175"}],"curies":[{"name":"wp","href":"https:\/\/api.w.org\/{rel}","templated":true}]}}