{"id":2183,"date":"2017-04-06T07:53:47","date_gmt":"2017-04-06T07:53:47","guid":{"rendered":"http:\/\/www.fmsdocumentation.com\/events-overview\/"},"modified":"2018-12-21T09:46:52","modified_gmt":"2018-12-21T07:46:52","slug":"panel-de-eventos","status":"publish","type":"page","link":"https:\/\/www.fmsdocumentation.com\/es\/menu-de-estado-de-la-flota\/panel-de-eventos\/","title":{"rendered":"Panel de eventos"},"content":{"rendered":"<p>Este panel se usa para administrar y revisar eventos desencadenados, asignados al veh\u00edculo seleccionado. Los eventos asignados se muestran en la lista, situada al lado inferior del panel. Para cambiar los eventos asignados, el usuario debe hacer clic en el bot\u00f3n &#8220;Administrar eventos&#8221;, se abrir\u00e1 una nueva ventana con todos los eventos registrados para el usuario conectado.<\/p>\n<p><a href=\"https:\/\/www.fmsdocumentation.com\/wp-content\/uploads\/2017\/04\/40ES.png\"><img loading=\"lazy\" decoding=\"async\" class=\"size-full wp-image-2502 alignnone\" src=\"https:\/\/www.fmsdocumentation.com\/wp-content\/uploads\/2017\/04\/40ES.png\" alt=\"\" width=\"362\" height=\"133\" srcset=\"https:\/\/www.fmsdocumentation.com\/wp-content\/uploads\/2017\/04\/40ES.png 362w, https:\/\/www.fmsdocumentation.com\/wp-content\/uploads\/2017\/04\/40ES-300x110.png 300w\" sizes=\"auto, (max-width: 362px) 100vw, 362px\" \/><\/a><\/p>\n<p>Los eventos habilitados est\u00e1n marcados. Si un evento tiene par\u00e1metros que no se admiten por el veh\u00edculo, el evento no se mostrar\u00e1 en la lista. Hay una barra de b\u00fasqueda para encontrar eventos con rapidez. La lista se actualiza autom\u00e1ticamente con cada letra introducida. Despu\u00e9s de seleccionar los eventos, hay que hacer clic en el bot\u00f3n &#8220;Aplicar&#8221; para guardar los cambios.<\/p>\n<p><a href=\"https:\/\/www.fmsdocumentation.com\/wp-content\/uploads\/2018\/12\/41ES.png\"><img loading=\"lazy\" decoding=\"async\" class=\"alignnone size-full wp-image-6903\" src=\"https:\/\/www.fmsdocumentation.com\/wp-content\/uploads\/2018\/12\/41ES.png\" alt=\"\" width=\"750\" height=\"546\" srcset=\"https:\/\/www.fmsdocumentation.com\/wp-content\/uploads\/2018\/12\/41ES.png 750w, https:\/\/www.fmsdocumentation.com\/wp-content\/uploads\/2018\/12\/41ES-300x218.png 300w\" sizes=\"auto, (max-width: 750px) 100vw, 750px\" \/><\/a><\/p>\n<p>Debajo del bot\u00f3n &#8220;Administar eventos&#8221; hay un filtro de eventos. Se puede seleccionar lo siguiente:<\/p>\n<ul>\n<li>Mostrar todos los eventos;<\/li>\n<li>Mostrar solo los eventos no vistos;<\/li>\n<li>Mostrar solo los eventos listos.<\/li>\n<\/ul>\n<p><a href=\"https:\/\/www.fmsdocumentation.com\/wp-content\/uploads\/2017\/04\/42ES.png\"><img loading=\"lazy\" decoding=\"async\" class=\"size-full wp-image-2505 alignnone\" src=\"https:\/\/www.fmsdocumentation.com\/wp-content\/uploads\/2017\/04\/42ES.png\" alt=\"\" width=\"362\" height=\"172\" srcset=\"https:\/\/www.fmsdocumentation.com\/wp-content\/uploads\/2017\/04\/42ES.png 362w, https:\/\/www.fmsdocumentation.com\/wp-content\/uploads\/2017\/04\/42ES-300x143.png 300w\" sizes=\"auto, (max-width: 362px) 100vw, 362px\" \/><\/a><\/p>\n<p>La lista de eventos desencadenados est\u00e1 situada debajo del filtro de eventos. La lista se ordena autom\u00e1ticamente en un orden cronol\u00f3gico y seg\u00fan el filtro seleccionado. Los eventos desencadenados no vistos est\u00e1n resaltados en <strong>negrita<\/strong>. Si el icono de un evento tiene un signo de exclamaci\u00f3n, significa que el evento tiene <strong>prioridad alta<\/strong>. Al hacer clic en un evento, el evento dejar\u00e1 de estar resaltado. Pero si el evento tiene prioridad alta, el usuario tendr\u00e1 que hacer clic en el bot\u00f3n &#8220;Confirmar&#8221; para que el evento est\u00e9 marcado como visto. Haciendo clic en un evento lo expandir\u00e1 y mostrar\u00e1 informaci\u00f3n adicional sobre el evento.<\/p>\n<p><a href=\"https:\/\/www.fmsdocumentation.com\/wp-content\/uploads\/2018\/01\/43ES.png\"><img loading=\"lazy\" decoding=\"async\" class=\"alignnone size-full wp-image-4297\" src=\"https:\/\/www.fmsdocumentation.com\/wp-content\/uploads\/2018\/01\/43ES.png\" alt=\"\" width=\"359\" height=\"642\" srcset=\"https:\/\/www.fmsdocumentation.com\/wp-content\/uploads\/2018\/01\/43ES.png 359w, https:\/\/www.fmsdocumentation.com\/wp-content\/uploads\/2018\/01\/43ES-168x300.png 168w\" sizes=\"auto, (max-width: 359px) 100vw, 359px\" \/><\/a><\/p>\n<p>Haciendo clic en un evento en la lista lo acercar\u00e1 en el mapa y mostrar\u00e1 su ubicaci\u00f3n. El lugar del evento se marcar\u00e1 con icono de timbre rojo y habr\u00e1 informaci\u00f3n adicional por encima del icono, por ejemplo tiempo de desencadenar, velocidad, kilometraje, direcci\u00f3n y nivel de combustible.<\/p>\n<p><a href=\"https:\/\/www.fmsdocumentation.com\/wp-content\/uploads\/2018\/01\/44ES.png\"><img loading=\"lazy\" decoding=\"async\" class=\"alignnone size-full wp-image-4298\" src=\"https:\/\/www.fmsdocumentation.com\/wp-content\/uploads\/2018\/01\/44ES.png\" alt=\"\" width=\"926\" height=\"715\" srcset=\"https:\/\/www.fmsdocumentation.com\/wp-content\/uploads\/2018\/01\/44ES.png 926w, https:\/\/www.fmsdocumentation.com\/wp-content\/uploads\/2018\/01\/44ES-300x232.png 300w, https:\/\/www.fmsdocumentation.com\/wp-content\/uploads\/2018\/01\/44ES-768x593.png 768w\" sizes=\"auto, (max-width: 926px) 100vw, 926px\" \/><\/a><\/p>\n<p>La creaci\u00f3n de nuevos eventos se describe en la secci\u00f3n <a href=\"https:\/\/www.fmsdocumentation.com\/es\/menu-de-eventos\/\">&#8220;Men\u00fa de eventos&#8221;<\/a>.<br \/>\n<p class=\"note\">Nota<br \/>\nEl panel de eventos funciona junto con el panel de alertas descrito <a href=\"https:\/\/www.fmsdocumentation.com\/es\/ventana-principal-de-fms\/alertas-desde-objetos\/?lang=es\">anteriormente<\/a>. Esto significa que los eventos marcados como vistos se mostrar\u00e1n id\u00e9nticamente en los paneles de eventos y alarmas.<\/p><\/p>\n<hr \/>\n<p><div class=\"alignleft\"><a href=\"https:\/\/www.fmsdocumentation.com\/es\/menu-de-estado-de-la-flota\/panel-de-historial\/\" title=\"Panel de historial\"><span class=\"arrow\">\u2039 &nbsp <\/span> Panel de historial <\/a><\/div> <div class=\"alignright\"><a href=\"https:\/\/www.fmsdocumentation.com\/es\/menu-de-estado-de-la-flota\/panel-de-combustible\/\" title=\"Panel de combustible\">Panel de combustible <span class=\"arrow\"> &nbsp\u203a <\/span> <\/a><\/div><\/p>\n<p>&nbsp;<\/p>\n","protected":false},"excerpt":{"rendered":"<p>Este panel se usa para administrar y revisar eventos desencadenados, asignados al veh\u00edculo seleccionado. Los eventos asignados se muestran en la lista, situada al lado inferior del panel. Para cambiar los eventos asignados, el usuario debe hacer clic en el bot\u00f3n &#8220;Administrar eventos&#8221;, se abrir\u00e1 una nueva ventana con todos los eventos registrados para el &hellip; <a href=\"https:\/\/www.fmsdocumentation.com\/es\/menu-de-estado-de-la-flota\/panel-de-eventos\/\" class=\"more-link\">Sigue leyendo <span class=\"screen-reader-text\">Panel de eventos<\/span><\/a><\/p>\n","protected":false},"author":1,"featured_media":0,"parent":2190,"menu_order":4,"comment_status":"closed","ping_status":"closed","template":"","meta":{"footnotes":""},"class_list":["post-2183","page","type-page","status-publish","hentry"],"_links":{"self":[{"href":"https:\/\/www.fmsdocumentation.com\/es\/wp-json\/wp\/v2\/pages\/2183","targetHints":{"allow":["GET"]}}],"collection":[{"href":"https:\/\/www.fmsdocumentation.com\/es\/wp-json\/wp\/v2\/pages"}],"about":[{"href":"https:\/\/www.fmsdocumentation.com\/es\/wp-json\/wp\/v2\/types\/page"}],"author":[{"embeddable":true,"href":"https:\/\/www.fmsdocumentation.com\/es\/wp-json\/wp\/v2\/users\/1"}],"replies":[{"embeddable":true,"href":"https:\/\/www.fmsdocumentation.com\/es\/wp-json\/wp\/v2\/comments?post=2183"}],"version-history":[{"count":7,"href":"https:\/\/www.fmsdocumentation.com\/es\/wp-json\/wp\/v2\/pages\/2183\/revisions"}],"predecessor-version":[{"id":6905,"href":"https:\/\/www.fmsdocumentation.com\/es\/wp-json\/wp\/v2\/pages\/2183\/revisions\/6905"}],"up":[{"embeddable":true,"href":"https:\/\/www.fmsdocumentation.com\/es\/wp-json\/wp\/v2\/pages\/2190"}],"wp:attachment":[{"href":"https:\/\/www.fmsdocumentation.com\/es\/wp-json\/wp\/v2\/media?parent=2183"}],"curies":[{"name":"wp","href":"https:\/\/api.w.org\/{rel}","templated":true}]}}