{"id":2192,"date":"2017-04-06T07:32:21","date_gmt":"2017-04-06T07:32:21","guid":{"rendered":"http:\/\/www.fmsdocumentation.com\/map-features-and-tools\/"},"modified":"2019-06-13T08:34:20","modified_gmt":"2019-06-13T06:34:20","slug":"funcionalidades-y-herramientas-del-mapa","status":"publish","type":"page","link":"https:\/\/www.fmsdocumentation.com\/es\/ventana-principal-de-fms\/funcionalidades-y-herramientas-del-mapa\/","title":{"rendered":"Funcionalidades y herramientas del mapa"},"content":{"rendered":"<p>Actualmente hay dos fuentes de mapa disponibles. Las fuentes pueden ser OSM\u00a0<em>(la opci\u00f3n por defecto)<\/em>\u00a0o Google Maps. Cambiar de uno a otro es f\u00e1cil, simplemente haga clic en los mapas apilados en la parte inferior derecha del mapa. El mapa actualmente mostrado se mostrar\u00e1 en la parte superior. El usuario puede elegir uno entre cuatro tipos de mapa:<\/p>\n<ul>\n<li>OSM \u2013 Open Street Map;<\/li>\n<li>Satellite \u2013 muestra el mapa de sat\u00e9lite de Google sin calles marcadas;<\/li>\n<li>Hybrid \u2013 muestra el mapa de sat\u00e9lite de Google con las calles marcadas;<\/li>\n<li>Street \u2013 muestra el mapa de Google con las calles marcadas sin im\u00e1genes de sat\u00e9lite.<\/li>\n<\/ul>\n<p>&nbsp;<\/p>\n\n<table id=\"tablepress-30\" class=\"tablepress tablepress-id-30\">\n<thead>\n<tr class=\"row-1\">\n\t<th class=\"column-1\">Icono<\/th><th class=\"column-2\">Descripci\u00f3n<\/th>\n<\/tr>\n<\/thead>\n<tbody>\n<tr class=\"row-2\">\n\t<td class=\"column-1\"><img loading=\"lazy\" decoding=\"async\" src=\"http:\/\/www.fmsdocumentation.com\/wp-content\/uploads\/2017\/04\/18.png\" alt=\"\" width=\"36\" height=\"63\" class=\"aligncenter size-full wp-image-252\" \/><\/td><td class=\"column-2\">Botones de \"acercar\" y \"alejar\" el mapa.<\/td>\n<\/tr>\n<tr class=\"row-3\">\n\t<td class=\"column-1\"><img loading=\"lazy\" decoding=\"async\" src=\"http:\/\/www.fmsdocumentation.com\/wp-content\/uploads\/2017\/04\/19.png\" alt=\"\" width=\"34\" height=\"33\" class=\"aligncenter size-full wp-image-253\" \/><\/td><td class=\"column-2\">Google \"Street View\" vista de calle. (Funciona en todos los mapas excepto OSM). Para usar Google \"Street View\", hace clic en este icono y sin soltarlo arr\u00e1strelo en la calle que quiere observar. Para salir de Google \"Street View\", el usuario debe hacer clic en la flecha gris, situada en el lado superior derecho de la pantalla.<\/td>\n<\/tr>\n<tr class=\"row-4\">\n\t<td class=\"column-1\"><img loading=\"lazy\" decoding=\"async\" src=\"http:\/\/www.fmsdocumentation.com\/wp-content\/uploads\/2017\/04\/20.png\" alt=\"\" width=\"32\" height=\"31\" class=\"aligncenter size-full wp-image-254\" \/><\/td><td class=\"column-2\">Informaci\u00f3n sobre el tr\u00e1fico. Para activar esta funcionalidad, simplemente hace clic en el icono (Esta funcionalidad solo funciona en los mapas Hybrid y Street). Esta funcionalidad muestra la intensidad del tr\u00e1fico (en lugares donde esta informaci\u00f3n est\u00e1 disponible) con l\u00edneas de color en el mapa. El color verde y sus tonos indican baja intensidad del tr\u00e1fico, mientras el color rojo y sus tonos indican alta intensidad del tr\u00e1fico. <\/td>\n<\/tr>\n<tr class=\"row-5\">\n\t<td class=\"column-1\"><img loading=\"lazy\" decoding=\"async\" src=\"http:\/\/www.fmsdocumentation.com\/wp-content\/uploads\/2017\/04\/21.png\" alt=\"\" width=\"32\" height=\"32\" class=\"aligncenter size-full wp-image-24\" \/><\/td><td class=\"column-2\">Enrutamiento y tareas. Haciendo clic en este icono abrir\u00e1 el men\u00fa de enrutamiento y tareas al lado izquierdo de la pantalla. El men\u00fa de enrutamiento y tareas se describe en <a href=\"http:\/\/www.fmsdocumentation.com\/routing-menu\/\">una secci\u00f3n separada<\/a>. <\/td>\n<\/tr>\n<tr class=\"row-6\">\n\t<td class=\"column-1\"><img loading=\"lazy\" decoding=\"async\" src=\"http:\/\/www.fmsdocumentation.com\/wp-content\/uploads\/2017\/04\/188.png\" alt=\"\" width=\"32\" height=\"32\" class=\"aligncenter size-full wp-image-24\" \/><\/td><td class=\"column-2\">\u00c1rea de medici\u00f3n. Haciendo clic en este icono abrir\u00e1 la herramienta de medici\u00f3n. Cuando la herramienta est\u00e1 activa, el usuario puede marcar una \u00e1rea en el mapa (similar a marcar geozonas) por conectar varios puntos.  Al conectar los puntos, la \u00e1rea cubierta se resalta y se aparecen adicionales puntos de per\u00edmetro . El usuario puede mover estos puntos (haciendo clic y arrastrando) para cambiar la \u00e1rea de medici\u00f3n (despu\u00e9s de mover un punto se aparece un bot\u00f3n \"Anular\", se puede devolver el punto a su ubicaci\u00f3n anterior haciendo clic en el bot\u00f3n). Moviendo el rat\u00f3n sobre el \u00e1rea resaltada mostrar\u00e1 su tama\u00f1o. Hay un ejemplo a continuaci\u00f3n. <\/td>\n<\/tr>\n<tr class=\"row-7\">\n\t<td class=\"column-1\"><img loading=\"lazy\" decoding=\"async\" src=\"http:\/\/www.fmsdocumentation.com\/wp-content\/uploads\/2017\/07\/267.png\" alt=\"\" width=\"32\" height=\"32\" class=\"aligncenter size-full wp-image-24\" \/><\/td><td class=\"column-2\">Geozonas. Haciendo clic en este icono abrir\u00e1 un panel al lado derecho de la pantalla, donde se encuentran todas las geozonas existentes del usuario actual. Hay un ejemplo con una descripci\u00f3n a continuaci\u00f3n.<\/td>\n<\/tr>\n<\/tbody>\n<\/table>\n<!-- #tablepress-30 from cache -->\n<p>&nbsp;<\/p>\n<p><a href=\"https:\/\/www.fmsdocumentation.com\/wp-content\/uploads\/2017\/04\/189.png\"><img loading=\"lazy\" decoding=\"async\" class=\"alignnone wp-image-339 size-full\" src=\"https:\/\/www.fmsdocumentation.com\/wp-content\/uploads\/2017\/04\/189.png\" alt=\"\" width=\"765\" height=\"536\" srcset=\"https:\/\/www.fmsdocumentation.com\/wp-content\/uploads\/2017\/04\/189.png 765w, https:\/\/www.fmsdocumentation.com\/wp-content\/uploads\/2017\/04\/189-300x210.png 300w\" sizes=\"auto, (max-width: 765px) 100vw, 765px\" \/><\/a><\/p>\n<p>Como se ha mencionado en la tabla anterior, al hacer clic en el bot\u00f3n &#8220;Geozonas&#8221; se abrir\u00e1 un panel al lado derecho como se muestra debajo.<\/p>\n<p><a href=\"https:\/\/www.fmsdocumentation.com\/wp-content\/uploads\/2017\/04\/268-1ES.png\"><img loading=\"lazy\" decoding=\"async\" class=\"alignnone wp-image-2387\" src=\"https:\/\/www.fmsdocumentation.com\/wp-content\/uploads\/2017\/04\/268-1ES-1024x507.png\" alt=\"\" width=\"1009\" height=\"500\" srcset=\"https:\/\/www.fmsdocumentation.com\/wp-content\/uploads\/2017\/04\/268-1ES-1024x507.png 1024w, https:\/\/www.fmsdocumentation.com\/wp-content\/uploads\/2017\/04\/268-1ES-300x149.png 300w, https:\/\/www.fmsdocumentation.com\/wp-content\/uploads\/2017\/04\/268-1ES-768x380.png 768w, https:\/\/www.fmsdocumentation.com\/wp-content\/uploads\/2017\/04\/268-1ES.png 1920w\" sizes=\"auto, (max-width: 1009px) 100vw, 1009px\" \/><\/a><\/p>\n<p>Aqu\u00ed el usuario puede seleccionar u ocultar cualquiera de las geozonas disponibles en el mapa. Las geozonas seleccionadas se muestran en el mapa, no importa si el panel de geozonas est\u00e1 abierto o no. Las geozonas se marcan por marcadores azules: los marcadores de forma de globo marcan puntos de interes, mientras los marcadores hexagonales marcan geozonas poligonales.<\/p>\n<p><a href=\"https:\/\/www.fmsdocumentation.com\/wp-content\/uploads\/2017\/12\/301ES.png\"><img loading=\"lazy\" decoding=\"async\" class=\"alignnone wp-image-4079 size-full\" src=\"https:\/\/www.fmsdocumentation.com\/wp-content\/uploads\/2017\/12\/301ES.png\" alt=\"\" width=\"478\" height=\"414\" srcset=\"https:\/\/www.fmsdocumentation.com\/wp-content\/uploads\/2017\/12\/301ES.png 478w, https:\/\/www.fmsdocumentation.com\/wp-content\/uploads\/2017\/12\/301ES-300x260.png 300w\" sizes=\"auto, (max-width: 478px) 100vw, 478px\" \/><\/a><\/p>\n<p>Al seleccionar una geozona, el mapa autom\u00e1ticamente acercar\u00e1 \/ alejar\u00e1 para que todas las geozonas seleccionadas se encajen en la pantalla. Haciendo clic en un marcador de geozona mostrar\u00e1 informaci\u00f3n sobre la geozona. Se muestra la siguente informaci\u00f3n:<\/p>\n<ul>\n<li>Nombre de geozona;<\/li>\n<li>Ubicaci\u00f3n de geozona;<\/li>\n<li>Coordenadas de geozona \u2013 las coordenadas pueden ser copiadas haci\u00e9ndoles clic;<\/li>\n<li>Radio o \u00e1rea de geozona;<\/li>\n<li>Notas (si fueron a\u00f1adidas).<\/li>\n<\/ul>\n<p>Haciendo clic en &#8220;Detalles de la geozona&#8221; abrir\u00e1 el panel de geozonas con informaci\u00f3n detallada sobre la geozona.<\/p>\n<p><a href=\"https:\/\/www.fmsdocumentation.com\/wp-content\/uploads\/2019\/06\/319ES.png\"><img loading=\"lazy\" decoding=\"async\" class=\"alignnone size-full wp-image-8046\" src=\"https:\/\/www.fmsdocumentation.com\/wp-content\/uploads\/2019\/06\/319ES.png\" alt=\"\" width=\"371\" height=\"284\" srcset=\"https:\/\/www.fmsdocumentation.com\/wp-content\/uploads\/2019\/06\/319ES.png 371w, https:\/\/www.fmsdocumentation.com\/wp-content\/uploads\/2019\/06\/319ES-300x230.png 300w\" sizes=\"auto, (max-width: 371px) 100vw, 371px\" \/><\/a><\/p>\n<p>Haciendo clic derecho en cualquier punto del mapa abrir\u00e1 una caja emergente con las coordenadas exactas del punto. El usuario puede copiarlas haci\u00e9ndolas clic o a\u00f1adirlas a una <a href=\"https:\/\/www.fmsdocumentation.com\/es\/?page_id=2151&#038;lang=es\">ruta<\/a> haciendo clic en &#8220;A\u00f1adir punto a ruta&#8221;.<\/p>\n<p><a href=\"https:\/\/www.fmsdocumentation.com\/wp-content\/uploads\/2018\/12\/379ES.png\"><img loading=\"lazy\" decoding=\"async\" class=\"alignnone size-full wp-image-6308\" src=\"https:\/\/www.fmsdocumentation.com\/wp-content\/uploads\/2018\/12\/379ES.png\" alt=\"\" width=\"288\" height=\"118\" \/><\/a><\/p>\n<hr \/>\n<p><div class=\"alignleft\"><a href=\"https:\/\/www.fmsdocumentation.com\/es\/ventana-principal-de-fms\/alertas-desde-objetos\/\" title=\"Alertas desde objetos\"><span class=\"arrow\">\u2039 &nbsp <\/span> Alertas desde objetos <\/a><\/div> <div class=\"alignright\"><a href=\"https:\/\/www.fmsdocumentation.com\/es\/ventana-principal-de-fms\/gestion-de-usuarios-web\/\" title=\"Gesti\u00f3n de usuarios web\">Gesti\u00f3n de usuarios web <span class=\"arrow\"> &nbsp\u203a <\/span> <\/a><\/div><\/p>\n","protected":false},"excerpt":{"rendered":"<p>Actualmente hay dos fuentes de mapa disponibles. Las fuentes pueden ser OSM\u00a0(la opci\u00f3n por defecto)\u00a0o Google Maps. Cambiar de uno a otro es f\u00e1cil, simplemente haga clic en los mapas apilados en la parte inferior derecha del mapa. El mapa actualmente mostrado se mostrar\u00e1 en la parte superior. El usuario puede elegir uno entre cuatro &hellip; <a href=\"https:\/\/www.fmsdocumentation.com\/es\/ventana-principal-de-fms\/funcionalidades-y-herramientas-del-mapa\/\" class=\"more-link\">Sigue leyendo <span class=\"screen-reader-text\">Funcionalidades y herramientas del mapa<\/span><\/a><\/p>\n","protected":false},"author":1,"featured_media":0,"parent":2204,"menu_order":6,"comment_status":"closed","ping_status":"closed","template":"","meta":{"footnotes":""},"class_list":["post-2192","page","type-page","status-publish","hentry"],"_links":{"self":[{"href":"https:\/\/www.fmsdocumentation.com\/es\/wp-json\/wp\/v2\/pages\/2192","targetHints":{"allow":["GET"]}}],"collection":[{"href":"https:\/\/www.fmsdocumentation.com\/es\/wp-json\/wp\/v2\/pages"}],"about":[{"href":"https:\/\/www.fmsdocumentation.com\/es\/wp-json\/wp\/v2\/types\/page"}],"author":[{"embeddable":true,"href":"https:\/\/www.fmsdocumentation.com\/es\/wp-json\/wp\/v2\/users\/1"}],"replies":[{"embeddable":true,"href":"https:\/\/www.fmsdocumentation.com\/es\/wp-json\/wp\/v2\/comments?post=2192"}],"version-history":[{"count":14,"href":"https:\/\/www.fmsdocumentation.com\/es\/wp-json\/wp\/v2\/pages\/2192\/revisions"}],"predecessor-version":[{"id":8047,"href":"https:\/\/www.fmsdocumentation.com\/es\/wp-json\/wp\/v2\/pages\/2192\/revisions\/8047"}],"up":[{"embeddable":true,"href":"https:\/\/www.fmsdocumentation.com\/es\/wp-json\/wp\/v2\/pages\/2204"}],"wp:attachment":[{"href":"https:\/\/www.fmsdocumentation.com\/es\/wp-json\/wp\/v2\/media?parent=2192"}],"curies":[{"name":"wp","href":"https:\/\/api.w.org\/{rel}","templated":true}]}}