{"id":2195,"date":"2017-04-06T07:21:44","date_gmt":"2017-04-06T07:21:44","guid":{"rendered":"http:\/\/www.fmsdocumentation.com\/alerts-from-objects\/"},"modified":"2017-11-16T11:01:52","modified_gmt":"2017-11-16T11:01:52","slug":"alertas-desde-objetos","status":"publish","type":"page","link":"https:\/\/www.fmsdocumentation.com\/es\/ventana-principal-de-fms\/alertas-desde-objetos\/","title":{"rendered":"Alertas desde objetos"},"content":{"rendered":"<p>El icono de alertas es situado en el lado superior derecho\u00a0 de la pantalla. El icono muestra la cantidad de alertas no le\u00eddas de todos los veh\u00edculos del usuario conectados. El n\u00famero en la esquina inferior derecha muestra, cu\u00e1ntas alertas no le\u00eddas hay.<\/p>\n<p><a href=\"https:\/\/www.fmsdocumentation.com\/wp-content\/uploads\/2017\/04\/11ES-1.png\"><img loading=\"lazy\" decoding=\"async\" class=\"alignnone size-large wp-image-3554\" src=\"https:\/\/www.fmsdocumentation.com\/wp-content\/uploads\/2017\/04\/11ES-1-1024x92.png\" alt=\"\" width=\"660\" height=\"59\" srcset=\"https:\/\/www.fmsdocumentation.com\/wp-content\/uploads\/2017\/04\/11ES-1-1024x92.png 1024w, https:\/\/www.fmsdocumentation.com\/wp-content\/uploads\/2017\/04\/11ES-1-300x27.png 300w, https:\/\/www.fmsdocumentation.com\/wp-content\/uploads\/2017\/04\/11ES-1-768x69.png 768w, https:\/\/www.fmsdocumentation.com\/wp-content\/uploads\/2017\/04\/11ES-1.png 1920w\" sizes=\"auto, (max-width: 660px) 100vw, 660px\" \/><\/a><\/p>\n<p>Haciendo clic en el icono, se abrir\u00e1 el panel de alertas. Este panel muestra, qu\u00e9 objeto ha desencadenado un evento, qu\u00e9 evento y cu\u00e1ndo fue desencadenado. Se pueden ordenar las alertas en tres grupos:<\/p>\n<ul>\n<li>Todo \u2013 muestra todas las alertas;<\/li>\n<li>Le\u00eddo \u2013 muestra solo las alertas le\u00eddas;<\/li>\n<li>No le\u00eddo \u2013 muestra solo las alertas no le\u00eddas.<\/li>\n<\/ul>\n<p><a href=\"https:\/\/www.fmsdocumentation.com\/wp-content\/uploads\/2017\/04\/12ES.png\"><img loading=\"lazy\" decoding=\"async\" class=\"alignnone wp-image-2382 size-full\" src=\"https:\/\/www.fmsdocumentation.com\/wp-content\/uploads\/2017\/04\/12ES.png\" alt=\"\" width=\"400\" height=\"413\" srcset=\"https:\/\/www.fmsdocumentation.com\/wp-content\/uploads\/2017\/04\/12ES.png 400w, https:\/\/www.fmsdocumentation.com\/wp-content\/uploads\/2017\/04\/12ES-291x300.png 291w\" sizes=\"auto, (max-width: 400px) 100vw, 400px\" \/><\/a><\/p>\n<p>Hay un bot\u00f3n \u201cMarcar como le\u00eddo\u201d a la derecha de los grupos.<\/p>\n<hr \/>\n<h3>C\u00f3digos de color de alertas<\/h3>\n<p>Se usan diferentes c\u00f3digos de color para separar las alertas en 2 grupos.<\/p>\n\n<table id=\"tablepress-29\" class=\"tablepress tablepress-id-29\">\n<thead>\n<tr class=\"row-1\">\n\t<th class=\"column-1\">C\u00f3digo de color<\/th><th class=\"column-2\">Condici\u00f3n de alerta<\/th>\n<\/tr>\n<\/thead>\n<tbody>\n<tr class=\"row-2\">\n\t<td class=\"column-1\"><img loading=\"lazy\" decoding=\"async\" src=\"http:\/\/www.fmsdocumentation.com\/wp-content\/uploads\/2017\/04\/13.png\" alt=\"\" width=\"28\" height=\"28\" class=\"aligncenter size-full wp-image-247\" \/><\/td><td class=\"column-2\">Alertas no le\u00eddas<\/td>\n<\/tr>\n<tr class=\"row-3\">\n\t<td class=\"column-1\"><img loading=\"lazy\" decoding=\"async\" src=\"http:\/\/www.fmsdocumentation.com\/wp-content\/uploads\/2017\/04\/14.png\" alt=\"\" width=\"28\" height=\"28\" class=\"aligncenter size-full wp-image-248\" \/><\/td><td class=\"column-2\">Alertas le\u00eddas<\/td>\n<\/tr>\n<\/tbody>\n<\/table>\n<!-- #tablepress-29 from cache -->\n<p>&nbsp;<\/p>\n<p>Haciendo clic en un evento, lo marcar\u00e1 como le\u00eddo y pasar\u00e1 lo siguiente:<\/p>\n<ul>\n<li>El panel de eventos se abrir\u00e1 para el objeto, con lo que desencaden\u00f3 el evento;<\/li>\n<li>El mapa se acercar\u00e1 al lugar donde el evento fue desencadenado.<\/li>\n<\/ul>\n<p>El panel de eventos se describe en detalle en la secci\u00f3n <a href=\"https:\/\/www.fmsdocumentation.com\/es\/menu-de-eventos\/\">&#8220;Men\u00fa de eventos&#8221;<\/a>.<\/p>\n<hr \/>\n<p><div class=\"alignleft\"><a href=\"https:\/\/www.fmsdocumentation.com\/es\/ventana-principal-de-fms\/objetos-individuales\/\" title=\"Objetos individuales\"><span class=\"arrow\">\u2039 &nbsp <\/span> Objetos individuales <\/a><\/div> <div class=\"alignright\"><a href=\"https:\/\/www.fmsdocumentation.com\/es\/ventana-principal-de-fms\/funcionalidades-y-herramientas-del-mapa\/\" title=\"Funcionalidades y herramientas del mapa\">Funcionalidades y herramientas del mapa <span class=\"arrow\"> &nbsp\u203a <\/span> <\/a><\/div><\/p>\n","protected":false},"excerpt":{"rendered":"<p>El icono de alertas es situado en el lado superior derecho\u00a0 de la pantalla. El icono muestra la cantidad de alertas no le\u00eddas de todos los veh\u00edculos del usuario conectados. El n\u00famero en la esquina inferior derecha muestra, cu\u00e1ntas alertas no le\u00eddas hay. Haciendo clic en el icono, se abrir\u00e1 el panel de alertas. Este &hellip; <a href=\"https:\/\/www.fmsdocumentation.com\/es\/ventana-principal-de-fms\/alertas-desde-objetos\/\" class=\"more-link\">Sigue leyendo <span class=\"screen-reader-text\">Alertas desde objetos<\/span><\/a><\/p>\n","protected":false},"author":1,"featured_media":0,"parent":2204,"menu_order":5,"comment_status":"closed","ping_status":"closed","template":"","meta":{"footnotes":""},"class_list":["post-2195","page","type-page","status-publish","hentry"],"_links":{"self":[{"href":"https:\/\/www.fmsdocumentation.com\/es\/wp-json\/wp\/v2\/pages\/2195","targetHints":{"allow":["GET"]}}],"collection":[{"href":"https:\/\/www.fmsdocumentation.com\/es\/wp-json\/wp\/v2\/pages"}],"about":[{"href":"https:\/\/www.fmsdocumentation.com\/es\/wp-json\/wp\/v2\/types\/page"}],"author":[{"embeddable":true,"href":"https:\/\/www.fmsdocumentation.com\/es\/wp-json\/wp\/v2\/users\/1"}],"replies":[{"embeddable":true,"href":"https:\/\/www.fmsdocumentation.com\/es\/wp-json\/wp\/v2\/comments?post=2195"}],"version-history":[{"count":7,"href":"https:\/\/www.fmsdocumentation.com\/es\/wp-json\/wp\/v2\/pages\/2195\/revisions"}],"predecessor-version":[{"id":3703,"href":"https:\/\/www.fmsdocumentation.com\/es\/wp-json\/wp\/v2\/pages\/2195\/revisions\/3703"}],"up":[{"embeddable":true,"href":"https:\/\/www.fmsdocumentation.com\/es\/wp-json\/wp\/v2\/pages\/2204"}],"wp:attachment":[{"href":"https:\/\/www.fmsdocumentation.com\/es\/wp-json\/wp\/v2\/media?parent=2195"}],"curies":[{"name":"wp","href":"https:\/\/api.w.org\/{rel}","templated":true}]}}