{"id":2197,"date":"2017-04-06T06:16:12","date_gmt":"2017-04-06T06:16:12","guid":{"rendered":"http:\/\/www.fmsdocumentation.com\/individual-objects\/"},"modified":"2018-08-28T11:12:09","modified_gmt":"2018-08-28T11:12:09","slug":"objetos-individuales","status":"publish","type":"page","link":"https:\/\/www.fmsdocumentation.com\/es\/ventana-principal-de-fms\/objetos-individuales\/","title":{"rendered":"Objetos individuales"},"content":{"rendered":"<p>Al acercar el mapa, los racimos autom\u00e1ticamente se dividen en grupos m\u00e1s peque\u00f1os y en un cierto punto se mostrar\u00e1n objetos individuales. El color del objeto proporciona informaci\u00f3n sobre su estado actual.<br \/>\n\n<table id=\"tablepress-28\" class=\"tablepress tablepress-id-28\">\n<thead>\n<tr class=\"row-1\">\n\t<th class=\"column-1\"><strong>Icono<\/strong><\/th><th class=\"column-2\"><strong>Estado<\/strong><\/th>\n<\/tr>\n<\/thead>\n<tbody>\n<tr class=\"row-2\">\n\t<td class=\"column-1\"><img loading=\"lazy\" decoding=\"async\" src=\"http:\/\/www.fmsdocumentation.com\/wp-content\/uploads\/2017\/04\/5.png\" alt=\"\" width=\"30\" height=\"30\" class=\"aligncenter size-full wp-image-239\" \/><\/td><td class=\"column-2\">El objeto no envi\u00f3 datos por un cierto tiempo (inactivo).<\/td>\n<\/tr>\n<tr class=\"row-3\">\n\t<td class=\"column-1\"><img loading=\"lazy\" decoding=\"async\" src=\"http:\/\/www.fmsdocumentation.com\/wp-content\/uploads\/2017\/09\/6.png\" alt=\"\" width=\"30\" height=\"30\" class=\"aligncenter size-full wp-image-240\" \/><\/td><td class=\"column-2\">El objeto est\u00e1 activo y en movimiento en la direcci\u00f3n mostrada.<\/td>\n<\/tr>\n<tr class=\"row-4\">\n\t<td class=\"column-1\"><img loading=\"lazy\" decoding=\"async\" src=\"http:\/\/www.fmsdocumentation.com\/wp-content\/uploads\/2017\/09\/7.png\" alt=\"\" width=\"30\" height=\"30\" class=\"aligncenter size-full wp-image-241\" \/><\/td><td class=\"column-2\">El objeto est\u00e1 inactivo (ignici\u00f3n encendida, no en movimiento).<\/td>\n<\/tr>\n<tr class=\"row-5\">\n\t<td class=\"column-1\"><img loading=\"lazy\" decoding=\"async\" src=\"http:\/\/www.fmsdocumentation.com\/wp-content\/uploads\/2017\/09\/8.png\" alt=\"\" width=\"30\" height=\"30\" class=\"aligncenter size-full wp-image-242\" \/><\/td><td class=\"column-2\">El objeto no est\u00e1 en movimiento con la ignici\u00f3n apagada.<\/td>\n<\/tr>\n<tr class=\"row-6\">\n\t<td class=\"column-1\"><img loading=\"lazy\" decoding=\"async\" src=\"http:\/\/www.fmsdocumentation.com\/wp-content\/uploads\/2018\/11\/redicon.png\" alt=\"\" width=\"30\" height=\"30\" class=\"aligncenter size-full wp-image-243\" \/><\/td><td class=\"column-2\">La ignici\u00f3n del objeto est\u00e1 bloqueada.<\/td>\n<\/tr>\n<\/tbody>\n<\/table>\n<!-- #tablepress-28 from cache --><\/p>\n<p><a href=\"https:\/\/www.fmsdocumentation.com\/wp-content\/uploads\/2017\/04\/9-2.png\"><img loading=\"lazy\" decoding=\"async\" class=\"alignnone wp-image-1129 size-full\" src=\"https:\/\/www.fmsdocumentation.com\/wp-content\/uploads\/2017\/04\/9-2.png\" alt=\"\" width=\"411\" height=\"386\" srcset=\"https:\/\/www.fmsdocumentation.com\/wp-content\/uploads\/2017\/04\/9-2.png 411w, https:\/\/www.fmsdocumentation.com\/wp-content\/uploads\/2017\/04\/9-2-300x282.png 300w\" sizes=\"auto, (max-width: 411px) 100vw, 411px\" \/><\/a><\/p>\n<p>Al mover el cursor del rat\u00f3n sobre un veh\u00edculo espec\u00edfico, aparecer\u00e1 una barra emergente con informaci\u00f3n b\u00e1sica:<\/p>\n<ul>\n<li>Nombre del veh\u00edculo;<\/li>\n<li>Nombre del conductor (si asignado);<\/li>\n<li>Estado del conductor (si hay datos de tac\u00f3grafo);<\/li>\n<li>Velocidad actual;<\/li>\n<li>Duraci\u00f3n del estado;<\/li>\n<li>\u00daltima conocida direcci\u00f3n de movimiento;<\/li>\n<li>Nivel de combustible actual (si el nivel es cero, significa que no hay datos de nivel de combustible);<\/li>\n<li>Duraci\u00f3n de estados de conducci\u00f3n, descanso y trabajo (si se usa la funcionalidad de <a href=\"https:\/\/www.fmsdocumentation.com\/es\/menu-de-estado-de-la-flota\/panel-de-analisis-de-tiempo\/?lang=es\">an\u00e1lisis de tiempo<\/a>).<\/li>\n<\/ul>\n<p><a href=\"https:\/\/www.fmsdocumentation.com\/wp-content\/uploads\/2017\/04\/10-1ES.png\"><img loading=\"lazy\" decoding=\"async\" class=\"alignnone wp-image-2377 size-full\" src=\"https:\/\/www.fmsdocumentation.com\/wp-content\/uploads\/2017\/04\/10-1ES.png\" alt=\"\" width=\"406\" height=\"223\" srcset=\"https:\/\/www.fmsdocumentation.com\/wp-content\/uploads\/2017\/04\/10-1ES.png 406w, https:\/\/www.fmsdocumentation.com\/wp-content\/uploads\/2017\/04\/10-1ES-300x165.png 300w\" sizes=\"auto, (max-width: 406px) 100vw, 406px\" \/><\/a><\/p>\n<p>El usuario puede generar un enlace compartible con la posici\u00f3n del veh\u00edculo haciendo clic en el icono de enlace como se muestra abajo. La generaci\u00f3n de enlaces se describe en el cap\u00edtulo\u00a0<a href=\"https:\/\/www.fmsdocumentation.com\/es\/menu-de-estado-de-la-flota\/\">&#8220;Men\u00fa de estado de la flota&#8221;<\/a>.<\/p>\n<p><a href=\"https:\/\/www.fmsdocumentation.com\/wp-content\/uploads\/2018\/03\/335ES.png\"><img loading=\"lazy\" decoding=\"async\" class=\"alignnone size-full wp-image-4704\" src=\"https:\/\/www.fmsdocumentation.com\/wp-content\/uploads\/2018\/03\/335ES.png\" alt=\"\" width=\"398\" height=\"184\" srcset=\"https:\/\/www.fmsdocumentation.com\/wp-content\/uploads\/2018\/03\/335ES.png 398w, https:\/\/www.fmsdocumentation.com\/wp-content\/uploads\/2018\/03\/335ES-300x139.png 300w\" sizes=\"auto, (max-width: 398px) 100vw, 398px\" \/><\/a><\/p>\n<p>Haciendo clic en el veh\u00edculo abrir\u00e1 el panel de resumen del veh\u00edculo al lado izquierdo de la pantalla. Este panel se describe en el cap\u00edtulo <a href=\"https:\/\/www.fmsdocumentation.com\/es\/menu-de-estado-de-la-flota\/\">&#8220;Men\u00fa de estado de la flota&#8221;<\/a>.<\/p>\n<hr \/>\n<p><div class=\"alignleft\"><a href=\"https:\/\/www.fmsdocumentation.com\/es\/ventana-principal-de-fms\/racimo-de-objetos\/\" title=\"Racimo de objetos\"><span class=\"arrow\">\u2039 &nbsp <\/span> Racimo de objetos <\/a><\/div> \u00a0<div class=\"alignright\"><a href=\"https:\/\/www.fmsdocumentation.com\/es\/ventana-principal-de-fms\/alertas-desde-objetos\/\" title=\"Alertas desde objetos\">Alertas desde objetos <span class=\"arrow\"> &nbsp\u203a <\/span> <\/a><\/div><\/p>\n","protected":false},"excerpt":{"rendered":"<p>Al acercar el mapa, los racimos autom\u00e1ticamente se dividen en grupos m\u00e1s peque\u00f1os y en un cierto punto se mostrar\u00e1n objetos individuales. El color del objeto proporciona informaci\u00f3n sobre su estado actual. Al mover el cursor del rat\u00f3n sobre un veh\u00edculo espec\u00edfico, aparecer\u00e1 una barra emergente con informaci\u00f3n b\u00e1sica: Nombre del veh\u00edculo; Nombre del conductor &hellip; <a href=\"https:\/\/www.fmsdocumentation.com\/es\/ventana-principal-de-fms\/objetos-individuales\/\" class=\"more-link\">Sigue leyendo <span class=\"screen-reader-text\">Objetos individuales<\/span><\/a><\/p>\n","protected":false},"author":1,"featured_media":0,"parent":2204,"menu_order":4,"comment_status":"closed","ping_status":"closed","template":"","meta":{"footnotes":""},"class_list":["post-2197","page","type-page","status-publish","hentry"],"_links":{"self":[{"href":"https:\/\/www.fmsdocumentation.com\/es\/wp-json\/wp\/v2\/pages\/2197","targetHints":{"allow":["GET"]}}],"collection":[{"href":"https:\/\/www.fmsdocumentation.com\/es\/wp-json\/wp\/v2\/pages"}],"about":[{"href":"https:\/\/www.fmsdocumentation.com\/es\/wp-json\/wp\/v2\/types\/page"}],"author":[{"embeddable":true,"href":"https:\/\/www.fmsdocumentation.com\/es\/wp-json\/wp\/v2\/users\/1"}],"replies":[{"embeddable":true,"href":"https:\/\/www.fmsdocumentation.com\/es\/wp-json\/wp\/v2\/comments?post=2197"}],"version-history":[{"count":8,"href":"https:\/\/www.fmsdocumentation.com\/es\/wp-json\/wp\/v2\/pages\/2197\/revisions"}],"predecessor-version":[{"id":5847,"href":"https:\/\/www.fmsdocumentation.com\/es\/wp-json\/wp\/v2\/pages\/2197\/revisions\/5847"}],"up":[{"embeddable":true,"href":"https:\/\/www.fmsdocumentation.com\/es\/wp-json\/wp\/v2\/pages\/2204"}],"wp:attachment":[{"href":"https:\/\/www.fmsdocumentation.com\/es\/wp-json\/wp\/v2\/media?parent=2197"}],"curies":[{"name":"wp","href":"https:\/\/api.w.org\/{rel}","templated":true}]}}