{"id":2199,"date":"2017-04-06T06:08:02","date_gmt":"2017-04-06T06:08:02","guid":{"rendered":"http:\/\/www.fmsdocumentation.com\/object-cluster\/"},"modified":"2018-11-30T15:41:10","modified_gmt":"2018-11-30T13:41:10","slug":"racimo-de-objetos","status":"publish","type":"page","link":"https:\/\/www.fmsdocumentation.com\/es\/ventana-principal-de-fms\/racimo-de-objetos\/","title":{"rendered":"Racimo de objetos"},"content":{"rendered":"<p>Todos los veh\u00edculos del usuario conectado se muestran en la mapa. Los objetos que est\u00e1n cerca unos de otros se muestran como un racimo.<\/p>\n<p>El icono de racimo contiene solo la informaci\u00f3n b\u00e1sica sobre los objetos en el racimo, por ejemplo:<\/p>\n<ul>\n<li>Cantidad total de objetos en el racimo;<\/li>\n<li>Estados de objetos en el racimo (cada color significa un estado de veh\u00edculo, descrito en <a href=\"https:\/\/www.fmsdocumentation.com\/es\/ventana-principal-de-fms\/objetos-individuales\/\">objetos individuales<\/a>).<\/li>\n<\/ul>\n<p><a href=\"https:\/\/www.fmsdocumentation.com\/wp-content\/uploads\/2017\/04\/3-2.png\"><img loading=\"lazy\" decoding=\"async\" class=\"alignnone wp-image-1126 size-full\" src=\"https:\/\/www.fmsdocumentation.com\/wp-content\/uploads\/2017\/04\/3-2.png\" alt=\"\" width=\"447\" height=\"374\" srcset=\"https:\/\/www.fmsdocumentation.com\/wp-content\/uploads\/2017\/04\/3-2.png 447w, https:\/\/www.fmsdocumentation.com\/wp-content\/uploads\/2017\/04\/3-2-300x251.png 300w\" sizes=\"auto, (max-width: 447px) 100vw, 447px\" \/><\/a><\/p>\n<p>Haciendo clic en un racimo mostrar\u00e1 informaci\u00f3n detallada sobre los veh\u00edculos en este racimo. Se aparecer\u00e1 una ventana emergente con seis pesta\u00f1as. Las pesta\u00f1as act\u00faan como filtros y las siguientes pesta\u00f1as est\u00e1n disponibles:<\/p>\n<ul>\n<li><strong>Todos\u00a0\u2013\u00a0<\/strong>\u00a0muestra todos los objetos en este racimo;<\/li>\n<li><strong>En movimiento<\/strong> \u2013 muestra objetos en movimiento;<\/li>\n<li><strong>Inactivo<\/strong> \u2013 muestra objetos con la ignici\u00f3n encendida, pero no en movimiento;<\/li>\n<li><strong>Ignici\u00f3n apagada\u00a0<\/strong>\u2013 muestra objetos con la ignici\u00f3n apagada;<\/li>\n<li><strong>Sin se\u00f1al<\/strong> \u2013 muestra objetos inactivos (inactivos por un fijado periodo de tiempo);<\/li>\n<li><strong>Bloqueado\u00a0<\/strong>\u2013 muestra objetos bloqueados en el sistema.<\/li>\n<\/ul>\n<p><a href=\"https:\/\/www.fmsdocumentation.com\/wp-content\/uploads\/2018\/11\/4ES.png\"><img loading=\"lazy\" decoding=\"async\" class=\"alignnone size-full wp-image-6267\" src=\"https:\/\/www.fmsdocumentation.com\/wp-content\/uploads\/2018\/11\/4ES.png\" alt=\"\" width=\"750\" height=\"623\" srcset=\"https:\/\/www.fmsdocumentation.com\/wp-content\/uploads\/2018\/11\/4ES.png 750w, https:\/\/www.fmsdocumentation.com\/wp-content\/uploads\/2018\/11\/4ES-300x249.png 300w\" sizes=\"auto, (max-width: 750px) 100vw, 750px\" \/><\/a><\/p>\n<p>Si hace clic en un veh\u00edculo en la lista, el mapa autom\u00e1ticamente se acercar\u00e1 para que muestre su ubicaci\u00f3n. Tambi\u00e9n aparecer\u00e1 un panel de resumen del veh\u00edculo al lado izquierdo de la pantalla.<\/p>\n<hr \/>\n<p style=\"text-align: left;\"><div class=\"alignleft\"><a href=\"https:\/\/www.fmsdocumentation.com\/es\/ventana-principal-de-fms\/barra-de-busqueda\/\" title=\"Barra de b\u00fasqueda\"><span class=\"arrow\">\u2039 &nbsp <\/span> Barra de b\u00fasqueda <\/a><\/div> <div class=\"alignright\"><a href=\"https:\/\/www.fmsdocumentation.com\/es\/ventana-principal-de-fms\/objetos-individuales\/\" title=\"Objetos individuales\">Objetos individuales <span class=\"arrow\"> &nbsp\u203a <\/span> <\/a><\/div><\/p>\n","protected":false},"excerpt":{"rendered":"<p>Todos los veh\u00edculos del usuario conectado se muestran en la mapa. Los objetos que est\u00e1n cerca unos de otros se muestran como un racimo. El icono de racimo contiene solo la informaci\u00f3n b\u00e1sica sobre los objetos en el racimo, por ejemplo: Cantidad total de objetos en el racimo; Estados de objetos en el racimo (cada &hellip; <a href=\"https:\/\/www.fmsdocumentation.com\/es\/ventana-principal-de-fms\/racimo-de-objetos\/\" class=\"more-link\">Sigue leyendo <span class=\"screen-reader-text\">Racimo de objetos<\/span><\/a><\/p>\n","protected":false},"author":1,"featured_media":0,"parent":2204,"menu_order":2,"comment_status":"closed","ping_status":"closed","template":"","meta":{"footnotes":""},"class_list":["post-2199","page","type-page","status-publish","hentry"],"_links":{"self":[{"href":"https:\/\/www.fmsdocumentation.com\/es\/wp-json\/wp\/v2\/pages\/2199","targetHints":{"allow":["GET"]}}],"collection":[{"href":"https:\/\/www.fmsdocumentation.com\/es\/wp-json\/wp\/v2\/pages"}],"about":[{"href":"https:\/\/www.fmsdocumentation.com\/es\/wp-json\/wp\/v2\/types\/page"}],"author":[{"embeddable":true,"href":"https:\/\/www.fmsdocumentation.com\/es\/wp-json\/wp\/v2\/users\/1"}],"replies":[{"embeddable":true,"href":"https:\/\/www.fmsdocumentation.com\/es\/wp-json\/wp\/v2\/comments?post=2199"}],"version-history":[{"count":7,"href":"https:\/\/www.fmsdocumentation.com\/es\/wp-json\/wp\/v2\/pages\/2199\/revisions"}],"predecessor-version":[{"id":6268,"href":"https:\/\/www.fmsdocumentation.com\/es\/wp-json\/wp\/v2\/pages\/2199\/revisions\/6268"}],"up":[{"embeddable":true,"href":"https:\/\/www.fmsdocumentation.com\/es\/wp-json\/wp\/v2\/pages\/2204"}],"wp:attachment":[{"href":"https:\/\/www.fmsdocumentation.com\/es\/wp-json\/wp\/v2\/media?parent=2199"}],"curies":[{"name":"wp","href":"https:\/\/api.w.org\/{rel}","templated":true}]}}