{"id":2202,"date":"2017-04-06T06:02:55","date_gmt":"2017-04-06T06:02:55","guid":{"rendered":"http:\/\/www.fmsdocumentation.com\/search-bar\/"},"modified":"2017-11-16T10:41:30","modified_gmt":"2017-11-16T10:41:30","slug":"barra-de-busqueda","status":"publish","type":"page","link":"https:\/\/www.fmsdocumentation.com\/es\/ventana-principal-de-fms\/barra-de-busqueda\/","title":{"rendered":"Barra de b\u00fasqueda"},"content":{"rendered":"<p>La barra de b\u00fasqueda es el segundo elemento clave del sistema y cuenta con una b\u00fasqueda inteligente por veh\u00edculo y ubicaci\u00f3n. Es una herramienta simple pero muy poderosa, que le ayudar\u00e1 pronto ubicar cualquier objeto.<\/p>\n<hr \/>\n<h3>L\u00f3gica de b\u00fasqueda<\/h3>\n<p>Al introducir una palabra clave en la barra de b\u00fasqueda, el sistema buscar\u00e1 nombres similares entre sus objetos o direcciones dentro de la base de datos. La b\u00fasqueda empieza autom\u00e1ticamente cuando se introducen tres o m\u00e1s s\u00edmbolos. Puede introducir tantas palabras claves como desee. Cada palabra clave est\u00e1 ligada a una operaci\u00f3n l\u00f3gica &#8220;AND&#8221; (Y). Se muestran los resultados que coinciden con todas las palabras claves introducidas.<\/p>\n<hr \/>\n<h3>Descripci\u00f3n de resultados de b\u00fasqueda<\/h3>\n<p>Se usa un nombre de ubicaci\u00f3n u objeto para la b\u00fasqueda. Por ejemplo, introducimos \u201cSpain\u201d. El sistema muestra dos grupos de coincidencias posibles, uno para <strong>veh\u00edculos<\/strong> y otro para <strong>direcciones<\/strong>.<\/p>\n<p>En este caso, en el grupo de veh\u00edculos, el sistema muestra hasta tres veh\u00edculos que est\u00e1n en Espa\u00f1a. Se puede mostrar una cantidad limitada de objetos, as\u00ed que tendr\u00e1 que introducir m\u00e1s palabras claves para reducir la b\u00fasqueda si el veh\u00edculo deseado no aparece en los resultados.<\/p>\n<p><p class=\"note\">Nota<br \/>\nLos veh\u00edculos y sus ubicaciones solo se muestran en los resultados de b\u00fasqueda si las palabras claves se escriben en ingl\u00e9s. Si use usa cualquier otro idioma, se mostrar\u00e1n solo direcciones.<br \/>\n<\/p><\/p>\n<p>En el grupo de direcciones, se muestran hasta tres direcciones. Como en el caso de veh\u00edculos, m\u00e1s palabras claves pueden ser necesarias para encontrar una ubicaci\u00f3n espec\u00edfica.<\/p>\n<p><a href=\"https:\/\/www.fmsdocumentation.com\/wp-content\/uploads\/2017\/04\/23-2ES.png\"><img loading=\"lazy\" decoding=\"async\" class=\"alignnone wp-image-2370\" src=\"https:\/\/www.fmsdocumentation.com\/wp-content\/uploads\/2017\/04\/23-2ES-1024x507.png\" alt=\"\" width=\"1010\" height=\"500\" srcset=\"https:\/\/www.fmsdocumentation.com\/wp-content\/uploads\/2017\/04\/23-2ES-1024x507.png 1024w, https:\/\/www.fmsdocumentation.com\/wp-content\/uploads\/2017\/04\/23-2ES-300x149.png 300w, https:\/\/www.fmsdocumentation.com\/wp-content\/uploads\/2017\/04\/23-2ES-768x380.png 768w, https:\/\/www.fmsdocumentation.com\/wp-content\/uploads\/2017\/04\/23-2ES.png 1921w\" sizes=\"auto, (max-width: 1010px) 100vw, 1010px\" \/><\/a><\/p>\n<hr \/>\n<p><div class=\"alignleft\"><a href=\"https:\/\/www.fmsdocumentation.com\/es\/ventana-principal-de-fms\/\" title=\"Ventana principal de FMS\"><span class=\"arrow\">\u2039 &nbsp <\/span> Ventana principal de FMS <\/a><\/div> <div class=\"alignright\"><a href=\"https:\/\/www.fmsdocumentation.com\/es\/ventana-principal-de-fms\/racimo-de-objetos\/\" title=\"Racimo de objetos\">Racimo de objetos <span class=\"arrow\"> &nbsp\u203a <\/span> <\/a><\/div><\/p>\n","protected":false},"excerpt":{"rendered":"<p>La barra de b\u00fasqueda es el segundo elemento clave del sistema y cuenta con una b\u00fasqueda inteligente por veh\u00edculo y ubicaci\u00f3n. Es una herramienta simple pero muy poderosa, que le ayudar\u00e1 pronto ubicar cualquier objeto. L\u00f3gica de b\u00fasqueda Al introducir una palabra clave en la barra de b\u00fasqueda, el sistema buscar\u00e1 nombres similares entre sus &hellip; <a href=\"https:\/\/www.fmsdocumentation.com\/es\/ventana-principal-de-fms\/barra-de-busqueda\/\" class=\"more-link\">Sigue leyendo <span class=\"screen-reader-text\">Barra de b\u00fasqueda<\/span><\/a><\/p>\n","protected":false},"author":1,"featured_media":0,"parent":2204,"menu_order":1,"comment_status":"closed","ping_status":"closed","template":"","meta":{"footnotes":""},"class_list":["post-2202","page","type-page","status-publish","hentry"],"_links":{"self":[{"href":"https:\/\/www.fmsdocumentation.com\/es\/wp-json\/wp\/v2\/pages\/2202","targetHints":{"allow":["GET"]}}],"collection":[{"href":"https:\/\/www.fmsdocumentation.com\/es\/wp-json\/wp\/v2\/pages"}],"about":[{"href":"https:\/\/www.fmsdocumentation.com\/es\/wp-json\/wp\/v2\/types\/page"}],"author":[{"embeddable":true,"href":"https:\/\/www.fmsdocumentation.com\/es\/wp-json\/wp\/v2\/users\/1"}],"replies":[{"embeddable":true,"href":"https:\/\/www.fmsdocumentation.com\/es\/wp-json\/wp\/v2\/comments?post=2202"}],"version-history":[{"count":5,"href":"https:\/\/www.fmsdocumentation.com\/es\/wp-json\/wp\/v2\/pages\/2202\/revisions"}],"predecessor-version":[{"id":3700,"href":"https:\/\/www.fmsdocumentation.com\/es\/wp-json\/wp\/v2\/pages\/2202\/revisions\/3700"}],"up":[{"embeddable":true,"href":"https:\/\/www.fmsdocumentation.com\/es\/wp-json\/wp\/v2\/pages\/2204"}],"wp:attachment":[{"href":"https:\/\/www.fmsdocumentation.com\/es\/wp-json\/wp\/v2\/media?parent=2202"}],"curies":[{"name":"wp","href":"https:\/\/api.w.org\/{rel}","templated":true}]}}