{"id":2204,"date":"2017-04-06T06:01:45","date_gmt":"2017-04-06T06:01:45","guid":{"rendered":"http:\/\/www.fmsdocumentation.com\/main-tms-window\/"},"modified":"2020-06-02T09:24:09","modified_gmt":"2020-06-02T06:24:09","slug":"ventana-principal-de-fms","status":"publish","type":"page","link":"https:\/\/www.fmsdocumentation.com\/es\/ventana-principal-de-fms\/","title":{"rendered":"Ventana principal de FMS"},"content":{"rendered":"<p>Despu\u00e9s de iniciar sesi\u00f3n con \u00e9xito, el usuario ver\u00e1 la ventana principal de FMS. Esta ventana tiene dos partes principales y cuatro herramientas de acceso r\u00e1pido:<\/p>\n<ol>\n<li>Mapa y barra lateral de navegaci\u00f3n &#8211; descritos en los siguientes cap\u00edtulos;<\/li>\n<li>Barra de b\u00fasqueda &#8211; descrita en el cap\u00edtulo <a href=\"https:\/\/www.fmsdocumentation.com\/es\/ventana-principal-de-fms\/barra-de-busqueda\/\">&#8220;Barra de b\u00fasqueda&#8221;<\/a>;<\/li>\n<li>Enlace a la gu\u00eda en l\u00ednea de FMS;<\/li>\n<li>Gesti\u00f3n de usuarios web &#8211; se muestra este icono solo si un usuario con derechos administrativos ha iniciado sesi\u00f3n, descrito\u00a0<a href=\"https:\/\/www.fmsdocumentation.com\/es\/ventana-principal-de-fms\/gestion-de-usuarios-web\/\">aqu\u00ed<\/a>;<\/li>\n<li>Bot\u00f3n de alertas &#8211; muestra la cantidad actual de alertas no le\u00eddas, permite al usuario leerlas. Descrito\u00a0<a href=\"https:\/\/www.fmsdocumentation.com\/es\/ventana-principal-de-fms\/alertas-desde-objetos\/\">aqu\u00ed<\/a>.<\/li>\n<li>Lista desplegable, donde el usuario puede acceder a la <a href=\"https:\/\/www.fmsdocumentation.com\/es\/ventana-principal-de-fms\/configuracion-de-la-cuenta\/?lang=es\">configuraci\u00f3n de la cuenta<\/a>, <a href=\"https:\/\/www.fmsdocumentation.com\/es\/ventana-principal-de-fms\/enlaces-generados\/?lang=es\">enlaces generados<\/a>, o cerrar sesi\u00f3n.<\/li>\n<\/ol>\n<p><a href=\"https:\/\/www.fmsdocumentation.com\/wp-content\/uploads\/2018\/03\/2ES.png\"><img loading=\"lazy\" decoding=\"async\" class=\"alignnone size-large wp-image-4707\" src=\"https:\/\/www.fmsdocumentation.com\/wp-content\/uploads\/2018\/03\/2ES-1024x516.png\" alt=\"\" width=\"660\" height=\"333\" srcset=\"https:\/\/www.fmsdocumentation.com\/wp-content\/uploads\/2018\/03\/2ES-1024x516.png 1024w, https:\/\/www.fmsdocumentation.com\/wp-content\/uploads\/2018\/03\/2ES-300x151.png 300w, https:\/\/www.fmsdocumentation.com\/wp-content\/uploads\/2018\/03\/2ES-768x387.png 768w, https:\/\/www.fmsdocumentation.com\/wp-content\/uploads\/2018\/03\/2ES.png 1920w\" sizes=\"auto, (max-width: 660px) 100vw, 660px\" \/><\/a><\/p>\n<hr \/>\n<h3>Mapa<\/h3>\n<p>El mapa es un elemento clave de FMS. Se puede acceder a la mayor\u00eda de las funcionalidades del sistema desde el mapa. El mapa ha sido dise\u00f1ado para ayudar a ver los datos m\u00e1s relevantes de su flota entera.<\/p>\n<hr \/>\n<p><div class=\"alignleft\"><a href=\"https:\/\/www.fmsdocumentation.com\/es\/informacion-basica\/condiciones-especiales\/\" title=\"Condiciones especiales\"><span class=\"arrow\">\u2039 &nbsp <\/span> Condiciones especiales <\/a><\/div> \u00a0<div class=\"alignright\"><a href=\"https:\/\/www.fmsdocumentation.com\/es\/ventana-principal-de-fms\/barra-de-busqueda\/\" title=\"Barra de b\u00fasqueda\">Barra de b\u00fasqueda <span class=\"arrow\"> &nbsp\u203a <\/span> <\/a><\/div><\/p>\n","protected":false},"excerpt":{"rendered":"<p>Despu\u00e9s de iniciar sesi\u00f3n con \u00e9xito, el usuario ver\u00e1 la ventana principal de FMS. Esta ventana tiene dos partes principales y cuatro herramientas de acceso r\u00e1pido: Mapa y barra lateral de navegaci\u00f3n &#8211; descritos en los siguientes cap\u00edtulos; Barra de b\u00fasqueda &#8211; descrita en el cap\u00edtulo &#8220;Barra de b\u00fasqueda&#8221;; Enlace a la gu\u00eda en l\u00ednea &hellip; <a href=\"https:\/\/www.fmsdocumentation.com\/es\/ventana-principal-de-fms\/\" class=\"more-link\">Sigue leyendo <span class=\"screen-reader-text\">Ventana principal de FMS<\/span><\/a><\/p>\n","protected":false},"author":1,"featured_media":0,"parent":0,"menu_order":24,"comment_status":"closed","ping_status":"closed","template":"","meta":{"footnotes":""},"class_list":["post-2204","page","type-page","status-publish","hentry"],"_links":{"self":[{"href":"https:\/\/www.fmsdocumentation.com\/es\/wp-json\/wp\/v2\/pages\/2204","targetHints":{"allow":["GET"]}}],"collection":[{"href":"https:\/\/www.fmsdocumentation.com\/es\/wp-json\/wp\/v2\/pages"}],"about":[{"href":"https:\/\/www.fmsdocumentation.com\/es\/wp-json\/wp\/v2\/types\/page"}],"author":[{"embeddable":true,"href":"https:\/\/www.fmsdocumentation.com\/es\/wp-json\/wp\/v2\/users\/1"}],"replies":[{"embeddable":true,"href":"https:\/\/www.fmsdocumentation.com\/es\/wp-json\/wp\/v2\/comments?post=2204"}],"version-history":[{"count":8,"href":"https:\/\/www.fmsdocumentation.com\/es\/wp-json\/wp\/v2\/pages\/2204\/revisions"}],"predecessor-version":[{"id":4710,"href":"https:\/\/www.fmsdocumentation.com\/es\/wp-json\/wp\/v2\/pages\/2204\/revisions\/4710"}],"wp:attachment":[{"href":"https:\/\/www.fmsdocumentation.com\/es\/wp-json\/wp\/v2\/media?parent=2204"}],"curies":[{"name":"wp","href":"https:\/\/api.w.org\/{rel}","templated":true}]}}