{"id":2209,"date":"2017-04-06T05:56:46","date_gmt":"2017-04-06T05:56:46","guid":{"rendered":"http:\/\/www.fmsdocumentation.com\/logging-out\/"},"modified":"2018-08-14T05:58:26","modified_gmt":"2018-08-14T05:58:26","slug":"cierre-de-sesion","status":"publish","type":"page","link":"https:\/\/www.fmsdocumentation.com\/es\/informacion-basica\/cierre-de-sesion\/","title":{"rendered":"Cierre de sesi\u00f3n"},"content":{"rendered":"<p>Para cerrar sesi\u00f3n, haga clic en la flecha abajo, situada en la parte superior derecha de la pantalla. Se abrir\u00e1 una lista desplegable. Hay dos opciones disponibles en la lista desplegable:<\/p>\n<ul>\n<li>Configuraci\u00f3n de la cuenta &#8211; descrito en detalle en su propio cap\u00edtulo;<\/li>\n<li>Cierre de sesi\u00f3n &#8211; haga clic en este bot\u00f3n para cerrar sesi\u00f3n.<\/li>\n<\/ul>\n<p><a href=\"https:\/\/www.fmsdocumentation.com\/wp-content\/uploads\/2017\/04\/39-2ES.png\"><img loading=\"lazy\" decoding=\"async\" class=\"size-large wp-image-2342 alignnone\" src=\"https:\/\/www.fmsdocumentation.com\/wp-content\/uploads\/2017\/04\/39-2ES-1024x507.png\" alt=\"\" width=\"660\" height=\"327\" srcset=\"https:\/\/www.fmsdocumentation.com\/wp-content\/uploads\/2017\/04\/39-2ES-1024x507.png 1024w, https:\/\/www.fmsdocumentation.com\/wp-content\/uploads\/2017\/04\/39-2ES-300x149.png 300w, https:\/\/www.fmsdocumentation.com\/wp-content\/uploads\/2017\/04\/39-2ES-768x381.png 768w, https:\/\/www.fmsdocumentation.com\/wp-content\/uploads\/2017\/04\/39-2ES.png 1921w\" sizes=\"auto, (max-width: 660px) 100vw, 660px\" \/><\/a><\/p>\n<p>Los otros iconos adyacentes se describen m\u00e1s adelante en la secci\u00f3n <a href=\"https:\/\/www.fmsdocumentation.com\/es\/ventana-principal-de-fms\/\">&#8220;Ventana principal de FMS&#8221;<\/a>.<\/p>\n<hr \/>\n<p><div class=\"alignleft\"><a href=\"https:\/\/www.fmsdocumentation.com\/es\/informacion-basica\/pagina-de-inicio\/\" title=\"P\u00e1gina de inicio\"><span class=\"arrow\">\u2039 &nbsp <\/span> P\u00e1gina de inicio <\/a><\/div> <div class=\"alignright\"><a href=\"https:\/\/www.fmsdocumentation.com\/es\/informacion-basica\/aplicacion-movil\/\" title=\"Aplicaci\u00f3n m\u00f3vil\">Aplicaci\u00f3n m\u00f3vil <span class=\"arrow\"> &nbsp\u203a <\/span> <\/a><\/div><\/p>\n","protected":false},"excerpt":{"rendered":"<p>Para cerrar sesi\u00f3n, haga clic en la flecha abajo, situada en la parte superior derecha de la pantalla. Se abrir\u00e1 una lista desplegable. Hay dos opciones disponibles en la lista desplegable: Configuraci\u00f3n de la cuenta &#8211; descrito en detalle en su propio cap\u00edtulo; Cierre de sesi\u00f3n &#8211; haga clic en este bot\u00f3n para cerrar sesi\u00f3n. &hellip; <a href=\"https:\/\/www.fmsdocumentation.com\/es\/informacion-basica\/cierre-de-sesion\/\" class=\"more-link\">Sigue leyendo <span class=\"screen-reader-text\">Cierre de sesi\u00f3n<\/span><\/a><\/p>\n","protected":false},"author":1,"featured_media":0,"parent":2214,"menu_order":2,"comment_status":"closed","ping_status":"closed","template":"","meta":{"footnotes":""},"class_list":["post-2209","page","type-page","status-publish","hentry"],"_links":{"self":[{"href":"https:\/\/www.fmsdocumentation.com\/es\/wp-json\/wp\/v2\/pages\/2209","targetHints":{"allow":["GET"]}}],"collection":[{"href":"https:\/\/www.fmsdocumentation.com\/es\/wp-json\/wp\/v2\/pages"}],"about":[{"href":"https:\/\/www.fmsdocumentation.com\/es\/wp-json\/wp\/v2\/types\/page"}],"author":[{"embeddable":true,"href":"https:\/\/www.fmsdocumentation.com\/es\/wp-json\/wp\/v2\/users\/1"}],"replies":[{"embeddable":true,"href":"https:\/\/www.fmsdocumentation.com\/es\/wp-json\/wp\/v2\/comments?post=2209"}],"version-history":[{"count":6,"href":"https:\/\/www.fmsdocumentation.com\/es\/wp-json\/wp\/v2\/pages\/2209\/revisions"}],"predecessor-version":[{"id":5759,"href":"https:\/\/www.fmsdocumentation.com\/es\/wp-json\/wp\/v2\/pages\/2209\/revisions\/5759"}],"up":[{"embeddable":true,"href":"https:\/\/www.fmsdocumentation.com\/es\/wp-json\/wp\/v2\/pages\/2214"}],"wp:attachment":[{"href":"https:\/\/www.fmsdocumentation.com\/es\/wp-json\/wp\/v2\/media?parent=2209"}],"curies":[{"name":"wp","href":"https:\/\/api.w.org\/{rel}","templated":true}]}}