{"id":2211,"date":"2017-04-06T05:53:13","date_gmt":"2017-04-06T05:53:13","guid":{"rendered":"http:\/\/www.fmsdocumentation.com\/login-page\/"},"modified":"2019-04-19T14:17:08","modified_gmt":"2019-04-19T12:17:08","slug":"pagina-de-inicio","status":"publish","type":"page","link":"https:\/\/www.fmsdocumentation.com\/es\/informacion-basica\/pagina-de-inicio\/","title":{"rendered":"P\u00e1gina de inicio"},"content":{"rendered":"<p>Introduzca la direcci\u00f3n proporcionada por su proveedor de servicios en su navegador web, para acceder a la p\u00e1gina de inicio de FMS.<\/p>\n<p><a href=\"https:\/\/www.fmsdocumentation.com\/wp-content\/uploads\/2019\/04\/LoginES.png\"><img loading=\"lazy\" decoding=\"async\" class=\"alignnone wp-image-7580\" src=\"https:\/\/www.fmsdocumentation.com\/wp-content\/uploads\/2019\/04\/LoginES.png\" alt=\"\" width=\"1000\" height=\"617\" srcset=\"https:\/\/www.fmsdocumentation.com\/wp-content\/uploads\/2019\/04\/LoginES.png 1399w, https:\/\/www.fmsdocumentation.com\/wp-content\/uploads\/2019\/04\/LoginES-300x185.png 300w, https:\/\/www.fmsdocumentation.com\/wp-content\/uploads\/2019\/04\/LoginES-768x474.png 768w, https:\/\/www.fmsdocumentation.com\/wp-content\/uploads\/2019\/04\/LoginES-1024x632.png 1024w, https:\/\/www.fmsdocumentation.com\/wp-content\/uploads\/2019\/04\/LoginES-825x510.png 825w\" sizes=\"auto, (max-width: 1000px) 100vw, 1000px\" \/><\/a><\/p>\n<p>Para iniciar sesi\u00f3n en FMS, el usuario debe introducir sus credenciales de acceso:<\/p>\n<ul>\n<li>Nombre de usuario o correo electr\u00f3nico \u2013 el nombre de usuario proporcionado por el proveedor de servicios o un verificado correo electr\u00f3nico;<\/li>\n<li>Contrase\u00f1a \u2013 la contrase\u00f1a proporcionada por el proveedor de servicios para el usuario respectivo. Haciendo clic en el icono de ojo mostrar\u00e1 la contrase\u00f1a en forma de texto.<\/li>\n<\/ul>\n<p>Hay una casilla &#8220;Recu\u00e9rdame&#8221;. Usualmente la sesi\u00f3n se guarda por 24 horas. Si la casilla &#8220;Recu\u00e9rdame&#8221; est\u00e1 marcada, el usuario no tendr\u00e1 que introducir sus credenciales cada d\u00eda al lanzar FMS.<\/p>\n<p>Despu\u00e9s de introducir las credenciales de acceso, haga clic en \u201cIniciar sesi\u00f3n\u201d para entrar a FMS.<\/p>\n<p>Usuarios con un verificado correo electr\u00f3nico pueden restaurar su contrase\u00f1a haciendo clic en &#8220;\u00bfOlvid\u00f3 la contrase\u00f1a?&#8221;. Despu\u00e9s de introducir el correo electr\u00f3nico y hacer clic en el bot\u00f3n &#8220;Restaurar mi contrase\u00f1a&#8221;, el usuario recibir\u00e1 un corr\u00e9o electr\u00f3nico con un enlace para restaurar la contrase\u00f1a.<\/p>\n<p><a href=\"https:\/\/www.fmsdocumentation.com\/wp-content\/uploads\/2019\/04\/391ES.png\"><img loading=\"lazy\" decoding=\"async\" class=\"alignnone size-full wp-image-7581\" src=\"https:\/\/www.fmsdocumentation.com\/wp-content\/uploads\/2019\/04\/391ES.png\" alt=\"\" width=\"600\" height=\"314\" srcset=\"https:\/\/www.fmsdocumentation.com\/wp-content\/uploads\/2019\/04\/391ES.png 600w, https:\/\/www.fmsdocumentation.com\/wp-content\/uploads\/2019\/04\/391ES-300x157.png 300w\" sizes=\"auto, (max-width: 600px) 100vw, 600px\" \/><\/a><\/p>\n<p><p class=\"note\">Nota<br \/>\nSi el usuario tiene facturas impagadas, el sistema bloquear\u00e1 el acceso a FMS. El usuario ser\u00e1 informado por un mensaje de advertencia al iniciar sesi\u00f3n. Tambi\u00e9n se mostrar\u00e1n notificaciones sobre pr\u00f3ximos pagos despu\u00e9s de iniciar sesi\u00f3n, cuando queden 14 d\u00edas hasta el plazo del pago.<\/p><\/p>\n<hr \/>\n<p><div class=\"alignleft\"><a href=\"https:\/\/www.fmsdocumentation.com\/es\/informacion-basica\/\" title=\"Informaci\u00f3n b\u00e1sica\"><span class=\"arrow\">\u2039 &nbsp <\/span> Informaci\u00f3n b\u00e1sica <\/a><\/div> <div class=\"alignright\"><a href=\"https:\/\/www.fmsdocumentation.com\/es\/informacion-basica\/cierre-de-sesion\/\" title=\"Cierre de sesi\u00f3n\">Cierre de sesi\u00f3n <span class=\"arrow\"> &nbsp\u203a <\/span> <\/a><\/div><\/p>\n","protected":false},"excerpt":{"rendered":"<p>Introduzca la direcci\u00f3n proporcionada por su proveedor de servicios en su navegador web, para acceder a la p\u00e1gina de inicio de FMS. Para iniciar sesi\u00f3n en FMS, el usuario debe introducir sus credenciales de acceso: Nombre de usuario o correo electr\u00f3nico \u2013 el nombre de usuario proporcionado por el proveedor de servicios o un verificado &hellip; <a href=\"https:\/\/www.fmsdocumentation.com\/es\/informacion-basica\/pagina-de-inicio\/\" class=\"more-link\">Sigue leyendo <span class=\"screen-reader-text\">P\u00e1gina de inicio<\/span><\/a><\/p>\n","protected":false},"author":1,"featured_media":0,"parent":2214,"menu_order":1,"comment_status":"closed","ping_status":"closed","template":"","meta":{"footnotes":""},"class_list":["post-2211","page","type-page","status-publish","hentry"],"_links":{"self":[{"href":"https:\/\/www.fmsdocumentation.com\/es\/wp-json\/wp\/v2\/pages\/2211","targetHints":{"allow":["GET"]}}],"collection":[{"href":"https:\/\/www.fmsdocumentation.com\/es\/wp-json\/wp\/v2\/pages"}],"about":[{"href":"https:\/\/www.fmsdocumentation.com\/es\/wp-json\/wp\/v2\/types\/page"}],"author":[{"embeddable":true,"href":"https:\/\/www.fmsdocumentation.com\/es\/wp-json\/wp\/v2\/users\/1"}],"replies":[{"embeddable":true,"href":"https:\/\/www.fmsdocumentation.com\/es\/wp-json\/wp\/v2\/comments?post=2211"}],"version-history":[{"count":11,"href":"https:\/\/www.fmsdocumentation.com\/es\/wp-json\/wp\/v2\/pages\/2211\/revisions"}],"predecessor-version":[{"id":7582,"href":"https:\/\/www.fmsdocumentation.com\/es\/wp-json\/wp\/v2\/pages\/2211\/revisions\/7582"}],"up":[{"embeddable":true,"href":"https:\/\/www.fmsdocumentation.com\/es\/wp-json\/wp\/v2\/pages\/2214"}],"wp:attachment":[{"href":"https:\/\/www.fmsdocumentation.com\/es\/wp-json\/wp\/v2\/media?parent=2211"}],"curies":[{"name":"wp","href":"https:\/\/api.w.org\/{rel}","templated":true}]}}