{"id":2214,"date":"2017-04-06T05:46:19","date_gmt":"2017-04-06T05:46:19","guid":{"rendered":"http:\/\/www.fmsdocumentation.com\/basics\/"},"modified":"2020-06-09T14:21:44","modified_gmt":"2020-06-09T11:21:44","slug":"informacion-basica","status":"publish","type":"page","link":"https:\/\/www.fmsdocumentation.com\/es\/informacion-basica\/","title":{"rendered":"Informaci\u00f3n b\u00e1sica"},"content":{"rendered":"<p>En esta secci\u00f3n el usuario puede encontrar informaci\u00f3n b\u00e1sica sobre el uso de FMS, por ejemplo:<\/p>\n<ul>\n<li>Como iniciar sesi\u00f3n;<\/li>\n<li>Como cerrar sesi\u00f3n;<\/li>\n<li>Donde encontrar esta gu\u00eda en FMS;<\/li>\n<li>Aplicaciones m\u00f3vil que funcionan con FMS;<\/li>\n<li>Informaci\u00f3n b\u00e1sica sobre la versi\u00f3n m\u00f3vil de FMS;<\/li>\n<li>Limitaciones de funcionalidad basadas en el seleccionado plan de pago.<\/li>\n<\/ul>\n<p>Todo se describe en secciones y cap\u00edtulos paso a paso en toda la gu\u00eda.<\/p>\n<hr \/>\n<p><div class=\"alignleft\"><a href=\"https:\/\/www.fmsdocumentation.com\/es\/ayudante-walkme\/\" title=\"Ayudante WalkMe\"><span class=\"arrow\">\u2039 &nbsp <\/span> Ayudante WalkMe <\/a><\/div> <div class=\"alignright\"><a href=\"https:\/\/www.fmsdocumentation.com\/es\/informacion-basica\/pagina-de-inicio\/\" title=\"P\u00e1gina de inicio\">P\u00e1gina de inicio <span class=\"arrow\"> &nbsp\u203a <\/span> <\/a><\/div><\/p>\n","protected":false},"excerpt":{"rendered":"<p>En esta secci\u00f3n el usuario puede encontrar informaci\u00f3n b\u00e1sica sobre el uso de FMS, por ejemplo: Como iniciar sesi\u00f3n; Como cerrar sesi\u00f3n; Donde encontrar esta gu\u00eda en FMS; Aplicaciones m\u00f3vil que funcionan con FMS; Informaci\u00f3n b\u00e1sica sobre la versi\u00f3n m\u00f3vil de FMS; Limitaciones de funcionalidad basadas en el seleccionado plan de pago. Todo se describe &hellip; <a href=\"https:\/\/www.fmsdocumentation.com\/es\/informacion-basica\/\" class=\"more-link\">Sigue leyendo <span class=\"screen-reader-text\">Informaci\u00f3n b\u00e1sica<\/span><\/a><\/p>\n","protected":false},"author":1,"featured_media":0,"parent":0,"menu_order":13,"comment_status":"closed","ping_status":"closed","template":"","meta":{"footnotes":""},"class_list":["post-2214","page","type-page","status-publish","hentry"],"_links":{"self":[{"href":"https:\/\/www.fmsdocumentation.com\/es\/wp-json\/wp\/v2\/pages\/2214","targetHints":{"allow":["GET"]}}],"collection":[{"href":"https:\/\/www.fmsdocumentation.com\/es\/wp-json\/wp\/v2\/pages"}],"about":[{"href":"https:\/\/www.fmsdocumentation.com\/es\/wp-json\/wp\/v2\/types\/page"}],"author":[{"embeddable":true,"href":"https:\/\/www.fmsdocumentation.com\/es\/wp-json\/wp\/v2\/users\/1"}],"replies":[{"embeddable":true,"href":"https:\/\/www.fmsdocumentation.com\/es\/wp-json\/wp\/v2\/comments?post=2214"}],"version-history":[{"count":3,"href":"https:\/\/www.fmsdocumentation.com\/es\/wp-json\/wp\/v2\/pages\/2214\/revisions"}],"predecessor-version":[{"id":3529,"href":"https:\/\/www.fmsdocumentation.com\/es\/wp-json\/wp\/v2\/pages\/2214\/revisions\/3529"}],"wp:attachment":[{"href":"https:\/\/www.fmsdocumentation.com\/es\/wp-json\/wp\/v2\/media?parent=2214"}],"curies":[{"name":"wp","href":"https:\/\/api.w.org\/{rel}","templated":true}]}}