{"id":2216,"date":"2017-04-06T05:29:09","date_gmt":"2017-04-06T05:29:09","guid":{"rendered":"http:\/\/www.fmsdocumentation.com\/tittle\/"},"modified":"2020-06-09T14:21:42","modified_gmt":"2020-06-09T11:21:42","slug":"tittle","status":"publish","type":"page","link":"https:\/\/www.fmsdocumentation.com\/es\/","title":{"rendered":"Gu\u00eda de FMS"},"content":{"rendered":"<p>\u00a1Bienvenido a la gu\u00eda en l\u00ednea de FMS (sistema de gesti\u00f3n de flotas)!<\/p>\n<p>Esta gu\u00eda se ha hecho espec\u00edficamente para ayudar a los usuarios nuevos y con experiencia a encontrar informaci\u00f3n r\u00e1pidamente sobre varios m\u00f3dulos y funcionalidades de FMS. La gu\u00eda, tambi\u00e9n, contiene informaci\u00f3n sobre aplicaciones para el m\u00f3vil, que trabajan junto con FMS para aumentar la funcionalidad del sistema.<\/p>\n<p>Las siguientes herramientas le ayudar\u00e1n a encontrar toda la informaci\u00f3n necesaria:<\/p>\n<ul>\n<li><strong>Barra de b\u00fasqueda<\/strong>\u00a0\u2013 le permite buscar r\u00e1pidamente toda la informaci\u00f3n en la gu\u00eda. Al abrir una p\u00e1gina en los resultados de b\u00fasqueda, la palabra clave buscada ser\u00e1 resaltada en la p\u00e1gina abierta. La palabra clave dejar\u00e1 de estar resaltada despu\u00e9s de salir de la p\u00e1gina abierta.<\/li>\n<li><strong>\u00c1rbol de navegaci\u00f3n<\/strong>\u00a0\u2013 le permite navegar por varias secciones de la gu\u00eda. La estructura del \u00e1rbol proporciona todo lo que usuario puede ver en FMS, empezando con el mapa y terminando con descripciones detalladas de cada m\u00f3dulo.<\/li>\n<li><strong>Botones de navegaci\u00f3n\u00a0<\/strong>\u2013 hay botones de navegaci\u00f3n al final de cada p\u00e1gina para pasar al cap\u00edtulo siguiente o volver al anterior.<\/li>\n<li><strong>Im\u00e1genes\u00a0<\/strong>&#8211; Se proporcionan im\u00e1genes con ejemplos en toda la gu\u00eda. Cada descripci\u00f3n tiene una imagen de ejemplo. Al hacer clic en cualquier imagen, la muestra en tama\u00f1o completo, permiti\u00e9ndole ver los ejemplos en vista completa.<\/li>\n<li><strong>Selector de idioma\u00a0<\/strong>&#8211; el usuario puede seleccionar el idioma de la gu\u00eda en el lado superior izquierdo de la pantalla. Otros idiomas estar\u00e1n disponibles en el futuro.<\/li>\n<\/ul>\n<hr \/>\n<h3>\u00a1Importante!<\/h3>\n<p>El sistema de FMS fue dise\u00f1ado con sincronizaci\u00f3n autom\u00e1tica de zonas horarias con el ordenador que ha iniciado sesi\u00f3n. El sistema FMS analiza los ajustes regionales del ordenador y por lo tanto fija la zona horaria. La sincronizaci\u00f3n de zonas horarias ocurre cada vez que se inicia sesi\u00f3n. Esto es importante para los usuarios que viajan y usan ordenadores port\u00e1tiles (algunos ordenadores port\u00e1tiles actualizan la zona horaria autom\u00e1ticamente seg\u00fan la ubicaci\u00f3n actual) u ordenadores extranjeros con una zona horaria local. En este caso, el usuario ver\u00e1 que los registros de tiempo ser\u00e1n diferentes de los vistos en su pa\u00eds de origen. Para siempre ver los mismos registros de tiempo en el sistema, se recomienda actualizar las ajustes regionales de su ordenador manualmente y desactivar las actualizaciones autom\u00e1ticas.<br \/>\n<p class=\"note\">Nota!<br \/>\nLa sincronizaci\u00f3n autom\u00e1tica de tiempo ocurre solo si la zona horaria no fue modificada en los ajustes de la cuenta. La sincronizaci\u00f3n autom\u00e1tica se desactiva cuando el usuario fija una zona horaria espec\u00edfica.<\/p><\/p>\n<p><strong>FMS soporta los siguientes navegadores de web (actualizados a la versi\u00f3n m\u00e1s actual):<\/strong><\/p>\n<ul>\n<li>Chrome (RECOMENDADO);<\/li>\n<li>Firefox;<\/li>\n<li>Safari.<\/li>\n<\/ul>\n<p>Si usa otros navegadores de web, no podemos asegurar que FMS trabaje de manera correcta o si trabajar\u00e1 en absoluto.<\/p>\n<hr \/>\n<div class=\"alignright\"><a href=\"https:\/\/www.fmsdocumentation.com\/es\/ayudante-walkme\/\" title=\"Ayudante WalkMe\">Ayudante WalkMe <span class=\"arrow\"> &nbsp\u203a <\/span> <\/a><\/div>\n","protected":false},"excerpt":{"rendered":"<p>\u00a1Bienvenido a la gu\u00eda en l\u00ednea de FMS (sistema de gesti\u00f3n de flotas)! Esta gu\u00eda se ha hecho espec\u00edficamente para ayudar a los usuarios nuevos y con experiencia a encontrar informaci\u00f3n r\u00e1pidamente sobre varios m\u00f3dulos y funcionalidades de FMS. La gu\u00eda, tambi\u00e9n, contiene informaci\u00f3n sobre aplicaciones para el m\u00f3vil, que trabajan junto con FMS para &hellip; <a href=\"https:\/\/www.fmsdocumentation.com\/es\/\" class=\"more-link\">Sigue leyendo <span class=\"screen-reader-text\">Gu\u00eda de FMS<\/span><\/a><\/p>\n","protected":false},"author":1,"featured_media":0,"parent":0,"menu_order":2,"comment_status":"closed","ping_status":"closed","template":"","meta":{"footnotes":""},"class_list":["post-2216","page","type-page","status-publish","hentry"],"_links":{"self":[{"href":"https:\/\/www.fmsdocumentation.com\/es\/wp-json\/wp\/v2\/pages\/2216","targetHints":{"allow":["GET"]}}],"collection":[{"href":"https:\/\/www.fmsdocumentation.com\/es\/wp-json\/wp\/v2\/pages"}],"about":[{"href":"https:\/\/www.fmsdocumentation.com\/es\/wp-json\/wp\/v2\/types\/page"}],"author":[{"embeddable":true,"href":"https:\/\/www.fmsdocumentation.com\/es\/wp-json\/wp\/v2\/users\/1"}],"replies":[{"embeddable":true,"href":"https:\/\/www.fmsdocumentation.com\/es\/wp-json\/wp\/v2\/comments?post=2216"}],"version-history":[{"count":6,"href":"https:\/\/www.fmsdocumentation.com\/es\/wp-json\/wp\/v2\/pages\/2216\/revisions"}],"predecessor-version":[{"id":3642,"href":"https:\/\/www.fmsdocumentation.com\/es\/wp-json\/wp\/v2\/pages\/2216\/revisions\/3642"}],"wp:attachment":[{"href":"https:\/\/www.fmsdocumentation.com\/es\/wp-json\/wp\/v2\/media?parent=2216"}],"curies":[{"name":"wp","href":"https:\/\/api.w.org\/{rel}","templated":true}]}}