{"id":4208,"date":"2017-12-19T10:55:02","date_gmt":"2017-12-19T10:55:02","guid":{"rendered":"http:\/\/www.fmsdocumentation.com\/?page_id=4208"},"modified":"2017-12-19T10:55:02","modified_gmt":"2017-12-19T10:55:02","slug":"creacion-de-nuevos-pedidos","status":"publish","type":"page","link":"https:\/\/www.fmsdocumentation.com\/es\/menu-de-pedidos\/creacion-de-nuevos-pedidos\/","title":{"rendered":"Creaci\u00f3n de nuevos pedidos"},"content":{"rendered":"<p>Para crear un nuevo pedido, el usuario debe hacer clic en el bot\u00f3n \u201cCrear nuevo pedido\u201d, situado en la parte superior del men\u00fa.<\/p>\n<p><a href=\"https:\/\/www.fmsdocumentation.com\/wp-content\/uploads\/2017\/12\/304ES.png\"><img loading=\"lazy\" decoding=\"async\" class=\"alignnone size-full wp-image-4209\" src=\"https:\/\/www.fmsdocumentation.com\/wp-content\/uploads\/2017\/12\/304ES.png\" alt=\"\" width=\"361\" height=\"391\" srcset=\"https:\/\/www.fmsdocumentation.com\/wp-content\/uploads\/2017\/12\/304ES.png 361w, https:\/\/www.fmsdocumentation.com\/wp-content\/uploads\/2017\/12\/304ES-277x300.png 277w\" sizes=\"auto, (max-width: 361px) 100vw, 361px\" \/><\/a><\/p>\n<p>Se abrir\u00e1 una nueva ventana llamada \u201cCrear nueva orden\u201d. Aqu\u00ed el usuario debe proporcionar detalles sobre la carga. La mayor\u00eda de campos es f\u00e1cil de entender. Los siguientes campos son obligatorios:<\/p>\n<ul>\n<li>T\u00edtulo \u2013 el nombre del pedido, mostrado en la lista de resumen de todos los pedidos;<\/li>\n<li>Nombre del cliente \u2013 el nombre del cliente, usado solo para prop\u00f3sitos informacionales;<\/li>\n<li>Direcci\u00f3n de recogida \u2013 la direcci\u00f3n donde se recoge la carga. Este campo funciona como una barra de b\u00fasqueda, se aparecen sugerencias de direcci\u00f3n con cada letra introducida;<\/li>\n<li>Direcci\u00f3n de entrega \u2013 la direcci\u00f3n a la cual la carga debe entregarse. Este campo funciona como una barra de b\u00fasqueda, se aparecen sugerencias de direcci\u00f3n con cada letra introducida.<\/li>\n<\/ul>\n<p><a href=\"https:\/\/www.fmsdocumentation.com\/wp-content\/uploads\/2017\/12\/305ES.png\"><img loading=\"lazy\" decoding=\"async\" class=\"alignnone size-full wp-image-4210\" src=\"https:\/\/www.fmsdocumentation.com\/wp-content\/uploads\/2017\/12\/305ES.png\" alt=\"\" width=\"750\" height=\"759\" srcset=\"https:\/\/www.fmsdocumentation.com\/wp-content\/uploads\/2017\/12\/305ES.png 750w, https:\/\/www.fmsdocumentation.com\/wp-content\/uploads\/2017\/12\/305ES-296x300.png 296w\" sizes=\"auto, (max-width: 750px) 100vw, 750px\" \/><\/a><\/p>\n<p>Entonces el usuario debe introducir informaci\u00f3n espec\u00edfica sobre la carga:<\/p>\n<ul>\n<li>T\u00edtulo de carga \u2013 el nombre de la carga, mostrado al revisar un pedido de la lista de resumen;<\/li>\n<li>Unidades \u2013 cu\u00e1ntos art\u00edculos (paletas, cajas, barricas, etc.) deben recogerse. El usuario puede introducir solo un n\u00famero entero;<\/li>\n<li>Peso por unidad \u2013 el peso de un art\u00edculo. Las unidades de medida dependen de la configuraci\u00f3n de la cuenta. Se usa este valor para calcular el peso de la carga completa y al asignar el pedido a un veh\u00edculo;<\/li>\n<li>Dimensiones (ancho, longitud, altura) \u2013 <strong>dimensiones de un art\u00edculo,<\/strong> no de la carga entera. Se usa estos valores para calcular el volumen del art\u00edculo y de la carga entera, tambi\u00e9n al asignar el pedido a un veh\u00edculo.<\/li>\n<\/ul>\n<p>Despu\u00e9s de introducir toda la informaci\u00f3n espec\u00edfica, el sistema proporcionar\u00e1 un resumen corto de carga.<\/p>\n<p><a href=\"https:\/\/www.fmsdocumentation.com\/wp-content\/uploads\/2017\/12\/306ES.png\"><img loading=\"lazy\" decoding=\"async\" class=\"alignnone size-full wp-image-4211\" src=\"https:\/\/www.fmsdocumentation.com\/wp-content\/uploads\/2017\/12\/306ES.png\" alt=\"\" width=\"750\" height=\"756\" srcset=\"https:\/\/www.fmsdocumentation.com\/wp-content\/uploads\/2017\/12\/306ES.png 750w, https:\/\/www.fmsdocumentation.com\/wp-content\/uploads\/2017\/12\/306ES-150x150.png 150w, https:\/\/www.fmsdocumentation.com\/wp-content\/uploads\/2017\/12\/306ES-298x300.png 298w\" sizes=\"auto, (max-width: 750px) 100vw, 750px\" \/><\/a><\/p>\n<p>El usuario puede a\u00f1adir m\u00e1s de una carga a un pedido haciendo clic en el signo m\u00e1s, situado debajo del resumen de carga. Se puede eliminar cargas (si hay m\u00e1s de una carga) haciendo clic en el peque\u00f1o \u201cx\u201d, situado en la esquina superior derecha de la carga.<\/p>\n<p><a href=\"https:\/\/www.fmsdocumentation.com\/wp-content\/uploads\/2017\/12\/307ES.png\"><img loading=\"lazy\" decoding=\"async\" class=\"alignnone size-full wp-image-4212\" src=\"https:\/\/www.fmsdocumentation.com\/wp-content\/uploads\/2017\/12\/307ES.png\" alt=\"\" width=\"750\" height=\"759\" srcset=\"https:\/\/www.fmsdocumentation.com\/wp-content\/uploads\/2017\/12\/307ES.png 750w, https:\/\/www.fmsdocumentation.com\/wp-content\/uploads\/2017\/12\/307ES-296x300.png 296w\" sizes=\"auto, (max-width: 750px) 100vw, 750px\" \/><\/a><\/p>\n<p>Para finalizar el pedido, el usuario debe hacer clic en \u201cCrear\u201d. Para cancelar la creaci\u00f3n del pedido, el usuario debe hacer clic en \u201cCerrar\u201d.<\/p>\n<p>El pedido creado ser\u00e1 a\u00f1adido a la lista de todos los pedidos.<\/p>\n<hr \/>\n<p><div class=\"alignright\"><a href=\"https:\/\/www.fmsdocumentation.com\/es\/\" title=\"Gu\u00eda de FMS\">Gu\u00eda de FMS <span class=\"arrow\"> &nbsp\u203a <\/span> <\/a><\/div><\/p>\n","protected":false},"excerpt":{"rendered":"<p>Para crear un nuevo pedido, el usuario debe hacer clic en el bot\u00f3n \u201cCrear nuevo pedido\u201d, situado en la parte superior del men\u00fa. Se abrir\u00e1 una nueva ventana llamada \u201cCrear nueva orden\u201d. Aqu\u00ed el usuario debe proporcionar detalles sobre la carga. La mayor\u00eda de campos es f\u00e1cil de entender. Los siguientes campos son obligatorios: T\u00edtulo &hellip; <a href=\"https:\/\/www.fmsdocumentation.com\/es\/menu-de-pedidos\/creacion-de-nuevos-pedidos\/\" class=\"more-link\">Sigue leyendo <span class=\"screen-reader-text\">Creaci\u00f3n de nuevos pedidos<\/span><\/a><\/p>\n","protected":false},"author":5,"featured_media":0,"parent":4205,"menu_order":1,"comment_status":"closed","ping_status":"closed","template":"","meta":{"footnotes":""},"class_list":["post-4208","page","type-page","status-publish","hentry"],"_links":{"self":[{"href":"https:\/\/www.fmsdocumentation.com\/es\/wp-json\/wp\/v2\/pages\/4208","targetHints":{"allow":["GET"]}}],"collection":[{"href":"https:\/\/www.fmsdocumentation.com\/es\/wp-json\/wp\/v2\/pages"}],"about":[{"href":"https:\/\/www.fmsdocumentation.com\/es\/wp-json\/wp\/v2\/types\/page"}],"author":[{"embeddable":true,"href":"https:\/\/www.fmsdocumentation.com\/es\/wp-json\/wp\/v2\/users\/5"}],"replies":[{"embeddable":true,"href":"https:\/\/www.fmsdocumentation.com\/es\/wp-json\/wp\/v2\/comments?post=4208"}],"version-history":[{"count":1,"href":"https:\/\/www.fmsdocumentation.com\/es\/wp-json\/wp\/v2\/pages\/4208\/revisions"}],"predecessor-version":[{"id":4213,"href":"https:\/\/www.fmsdocumentation.com\/es\/wp-json\/wp\/v2\/pages\/4208\/revisions\/4213"}],"up":[{"embeddable":true,"href":"https:\/\/www.fmsdocumentation.com\/es\/wp-json\/wp\/v2\/pages\/4205"}],"wp:attachment":[{"href":"https:\/\/www.fmsdocumentation.com\/es\/wp-json\/wp\/v2\/media?parent=4208"}],"curies":[{"name":"wp","href":"https:\/\/api.w.org\/{rel}","templated":true}]}}