{"id":4214,"date":"2017-12-19T11:07:11","date_gmt":"2017-12-19T11:07:11","guid":{"rendered":"http:\/\/www.fmsdocumentation.com\/?page_id=4214"},"modified":"2017-12-19T11:07:58","modified_gmt":"2017-12-19T11:07:58","slug":"resumen-y-asignacion-de-pedidos","status":"publish","type":"page","link":"https:\/\/www.fmsdocumentation.com\/es\/menu-de-pedidos\/resumen-y-asignacion-de-pedidos\/","title":{"rendered":"Resumen y asignaci\u00f3n de pedidos"},"content":{"rendered":"<p>El usuario puede encontrar la lista de todos los pedidos creados anteriormente justo debajo del bot\u00f3n \u201cCrear nuevo pedido\u201d. Se puede filtrar los pedidos haciendo clic en el campo \u201cFiltrar \u00f3rdenes\u201d. Se muestran todos los pedidos por defecto. Los siguientes filtros est\u00e1n disponibles:<\/p>\n<ul>\n<li>Todo \u2013 muestra todos los pedidos;<\/li>\n<li>Nuevo \u2013 muestra nuevos pedidos a\u00fan no asignados (la asignaci\u00f3n se describe a continuaci\u00f3n);<\/li>\n<li>Reservado \u2013 muestra pedidos ya asignados que no est\u00e1n en progreso;<\/li>\n<li>En progreso \u2013 muestra pedidos que est\u00e1n siendo entregados;<\/li>\n<li>No entregado \u2013 muestra pedidos rechazados por el conductor;<\/li>\n<li>Entregado \u2013 muestra pedidos entregados.<\/li>\n<\/ul>\n<p>El estado de un pedido se muestra en forma de un icono. El usuario puede colocar el rat\u00f3n sobre el icono para ver el estado del pedido deseado.<\/p>\n<p><a href=\"https:\/\/www.fmsdocumentation.com\/wp-content\/uploads\/2017\/12\/308ES.png\"><img loading=\"lazy\" decoding=\"async\" class=\"alignnone size-full wp-image-4215\" src=\"https:\/\/www.fmsdocumentation.com\/wp-content\/uploads\/2017\/12\/308ES.png\" alt=\"\" width=\"380\" height=\"281\" srcset=\"https:\/\/www.fmsdocumentation.com\/wp-content\/uploads\/2017\/12\/308ES.png 380w, https:\/\/www.fmsdocumentation.com\/wp-content\/uploads\/2017\/12\/308ES-300x222.png 300w\" sizes=\"auto, (max-width: 380px) 100vw, 380px\" \/><\/a><\/p>\n<p>Para resumir y \/ o asignar un pedido, el usuario debe seleccionar el pedido deseado en la lista. El estado del pedido debe estar \u201cNuevo\u201d para que se pueda asignarlo. Al seleccionar el pedido deseado, se abrir\u00e1 un panel adicional y el mapa se mover\u00e1 a la ubicaci\u00f3n del pedido.<\/p>\n<p><a href=\"https:\/\/www.fmsdocumentation.com\/wp-content\/uploads\/2017\/12\/309ES.png\"><img loading=\"lazy\" decoding=\"async\" class=\"alignnone size-large wp-image-4216\" src=\"https:\/\/www.fmsdocumentation.com\/wp-content\/uploads\/2017\/12\/309ES-1024x489.png\" alt=\"\" width=\"660\" height=\"315\" srcset=\"https:\/\/www.fmsdocumentation.com\/wp-content\/uploads\/2017\/12\/309ES-1024x489.png 1024w, https:\/\/www.fmsdocumentation.com\/wp-content\/uploads\/2017\/12\/309ES-300x143.png 300w, https:\/\/www.fmsdocumentation.com\/wp-content\/uploads\/2017\/12\/309ES-768x367.png 768w, https:\/\/www.fmsdocumentation.com\/wp-content\/uploads\/2017\/12\/309ES.png 1865w\" sizes=\"auto, (max-width: 660px) 100vw, 660px\" \/><\/a><\/p>\n<p>El panel de resumen consiste en dos pesta\u00f1as, la primera pesta\u00f1a es de informaci\u00f3n general del pedido (abierta por defecto), como peso y volumen totales de carga, direcci\u00f3n de entrega, etc. En general esto es la informaci\u00f3n introducida por el usuario al crear el pedido. Se puede editar o eliminar el pedido si est\u00e1 en el estado \u201cNuevo\u201d haciendo clic en los botones respectivos en la parte inferior del panel. El bot\u00f3n \u201cEditar\u201d abrir\u00e1 una ventana id\u00e9ntica a la de creaci\u00f3n de nuevos pedidos. Si hay cambios, hay que hacer clic en el bot\u00f3n \u201cActualizar\u201d, si no, todos los cambios se descartar\u00e1n. El bot\u00f3n \u201cEliminar\u201d abrir\u00e1 una ventana de confirmaci\u00f3n en el caso de hacer clic por accidente.<\/p>\n<p><a href=\"https:\/\/www.fmsdocumentation.com\/wp-content\/uploads\/2017\/12\/310ES.png\"><img loading=\"lazy\" decoding=\"async\" class=\"alignnone size-full wp-image-4217\" src=\"https:\/\/www.fmsdocumentation.com\/wp-content\/uploads\/2017\/12\/310ES.png\" alt=\"\" width=\"722\" height=\"891\" srcset=\"https:\/\/www.fmsdocumentation.com\/wp-content\/uploads\/2017\/12\/310ES.png 722w, https:\/\/www.fmsdocumentation.com\/wp-content\/uploads\/2017\/12\/310ES-243x300.png 243w\" sizes=\"auto, (max-width: 722px) 100vw, 722px\" \/><\/a><\/p>\n<p>La segunda pesta\u00f1a contiene una lista de todas las cargas del pedido. El usuario puede resumir el peso y volumen de una carga espec\u00edfica (si el pedido contiene m\u00e1s de una carga).<\/p>\n<p><a href=\"https:\/\/www.fmsdocumentation.com\/wp-content\/uploads\/2017\/12\/313ES.png\"><img loading=\"lazy\" decoding=\"async\" class=\"alignnone size-full wp-image-4218\" src=\"https:\/\/www.fmsdocumentation.com\/wp-content\/uploads\/2017\/12\/313ES.png\" alt=\"\" width=\"364\" height=\"568\" srcset=\"https:\/\/www.fmsdocumentation.com\/wp-content\/uploads\/2017\/12\/313ES.png 364w, https:\/\/www.fmsdocumentation.com\/wp-content\/uploads\/2017\/12\/313ES-192x300.png 192w\" sizes=\"auto, (max-width: 364px) 100vw, 364px\" \/><\/a><\/p>\n<p>El usuario puede asignar el pedido a un veh\u00edculo haciendo clic en el bot\u00f3n \u201cA\u00f1adir a ruta\u201d en la pesta\u00f1a de informaci\u00f3n general. Se abrir\u00e1 el men\u00fa de enrutamiento y tareas con la ruta ya definida por los puntos de recogida y entregada. El men\u00fa de enrutamiento y tareas se describe en la siguiente secci\u00f3n, aqu\u00ed solo se describen las partes relevantes para pedidos. Si la ruta fue creada v\u00eda un pedido, <strong>contendr\u00e1 informaci\u00f3n sobre peso y volumen<\/strong>, como se muestra a continuaci\u00f3n.<\/p>\n<p><a href=\"https:\/\/www.fmsdocumentation.com\/wp-content\/uploads\/2017\/12\/312ES.png\"><img loading=\"lazy\" decoding=\"async\" class=\"alignnone size-full wp-image-4220\" src=\"https:\/\/www.fmsdocumentation.com\/wp-content\/uploads\/2017\/12\/312ES.png\" alt=\"\" width=\"720\" height=\"586\" srcset=\"https:\/\/www.fmsdocumentation.com\/wp-content\/uploads\/2017\/12\/312ES.png 720w, https:\/\/www.fmsdocumentation.com\/wp-content\/uploads\/2017\/12\/312ES-300x244.png 300w\" sizes=\"auto, (max-width: 720px) 100vw, 720px\" \/><\/a><\/p>\n<p>Aqu\u00ed se muestra el peso y volumen totales de carga en comparaci\u00f3n con el peso y volumen libres del veh\u00edculo seleccionado. El peso y volumen del veh\u00edculo se definen a mano en la secci\u00f3n \u201cDetalles de la capacidad de carga\u201d en \u201cDetalles del veh\u00edculo\u201d. Esto se describe en el cap\u00edtulo <a href=\"https:\/\/www.fmsdocumentation.com\/es\/menu-de-estado-de-la-flota\/panel-de-resumen\/?lang=es\">\u201cPanel de resumen\u201d<\/a>.<\/p>\n<p><a href=\"https:\/\/www.fmsdocumentation.com\/wp-content\/uploads\/2017\/12\/314ES.png\"><img loading=\"lazy\" decoding=\"async\" class=\"alignnone size-large wp-image-4221\" src=\"https:\/\/www.fmsdocumentation.com\/wp-content\/uploads\/2017\/12\/314ES-1024x239.png\" alt=\"\" width=\"660\" height=\"154\" srcset=\"https:\/\/www.fmsdocumentation.com\/wp-content\/uploads\/2017\/12\/314ES-1024x239.png 1024w, https:\/\/www.fmsdocumentation.com\/wp-content\/uploads\/2017\/12\/314ES-300x70.png 300w, https:\/\/www.fmsdocumentation.com\/wp-content\/uploads\/2017\/12\/314ES-768x180.png 768w, https:\/\/www.fmsdocumentation.com\/wp-content\/uploads\/2017\/12\/314ES.png 1266w\" sizes=\"auto, (max-width: 660px) 100vw, 660px\" \/><\/a><\/p>\n<p>Se aparecer\u00e1 una nueva ventana despu\u00e9s de hacer clic en el bot\u00f3n \u201cCrear tarea\u201d, en la que el usuario debe especificar el t\u00edtulo de la nueva tarea, fijar un tiempo de llegada preferido y puede a\u00f1adir notas adicionales sobre las ubicaciones de recogida \/ entrega.<\/p>\n<p><a href=\"https:\/\/www.fmsdocumentation.com\/wp-content\/uploads\/2017\/12\/311ES.png\"><img loading=\"lazy\" decoding=\"async\" class=\"alignnone size-full wp-image-4222\" src=\"https:\/\/www.fmsdocumentation.com\/wp-content\/uploads\/2017\/12\/311ES.png\" alt=\"\" width=\"750\" height=\"651\" srcset=\"https:\/\/www.fmsdocumentation.com\/wp-content\/uploads\/2017\/12\/311ES.png 750w, https:\/\/www.fmsdocumentation.com\/wp-content\/uploads\/2017\/12\/311ES-300x260.png 300w\" sizes=\"auto, (max-width: 750px) 100vw, 750px\" \/><\/a><\/p>\n<p>Entonces la tarea ser\u00e1 a\u00f1adida a la lista de tareas y puede ser resumida, esto se describe en <a href=\"https:\/\/www.fmsdocumentation.com\/es\/menu-de-enrutamiento-y-tareas\/gestion-de-tareas\/?lang=es\">\u201cGesti\u00f3n de tareas\u201d<\/a>. Despu\u00e9s, la tarea se tratar\u00e1 como todas otras tareas. El conductor recibir\u00e1 una notificaci\u00f3n en la aplicaci\u00f3n m\u00f3vil y podr\u00e1 seguir con la entrega. Los estados de tarea y pedido se actualizar\u00e1n. Se puede asignar m\u00e1s de un pedido (hasta 5 pedidos para una tarea). Toda la informaci\u00f3n sobre tareas y asignaci\u00f3n de pedidos m\u00faltiplos se describe en la siguiente secci\u00f3n.<\/p>\n<hr \/>\n<p><div class=\"alignright\"><a href=\"https:\/\/www.fmsdocumentation.com\/es\/\" title=\"Gu\u00eda de FMS\">Gu\u00eda de FMS <span class=\"arrow\"> &nbsp\u203a <\/span> <\/a><\/div><\/p>\n","protected":false},"excerpt":{"rendered":"<p>El usuario puede encontrar la lista de todos los pedidos creados anteriormente justo debajo del bot\u00f3n \u201cCrear nuevo pedido\u201d. Se puede filtrar los pedidos haciendo clic en el campo \u201cFiltrar \u00f3rdenes\u201d. Se muestran todos los pedidos por defecto. Los siguientes filtros est\u00e1n disponibles: Todo \u2013 muestra todos los pedidos; Nuevo \u2013 muestra nuevos pedidos a\u00fan &hellip; <a href=\"https:\/\/www.fmsdocumentation.com\/es\/menu-de-pedidos\/resumen-y-asignacion-de-pedidos\/\" class=\"more-link\">Sigue leyendo <span class=\"screen-reader-text\">Resumen y asignaci\u00f3n de pedidos<\/span><\/a><\/p>\n","protected":false},"author":5,"featured_media":0,"parent":4205,"menu_order":2,"comment_status":"closed","ping_status":"closed","template":"","meta":{"footnotes":""},"class_list":["post-4214","page","type-page","status-publish","hentry"],"_links":{"self":[{"href":"https:\/\/www.fmsdocumentation.com\/es\/wp-json\/wp\/v2\/pages\/4214","targetHints":{"allow":["GET"]}}],"collection":[{"href":"https:\/\/www.fmsdocumentation.com\/es\/wp-json\/wp\/v2\/pages"}],"about":[{"href":"https:\/\/www.fmsdocumentation.com\/es\/wp-json\/wp\/v2\/types\/page"}],"author":[{"embeddable":true,"href":"https:\/\/www.fmsdocumentation.com\/es\/wp-json\/wp\/v2\/users\/5"}],"replies":[{"embeddable":true,"href":"https:\/\/www.fmsdocumentation.com\/es\/wp-json\/wp\/v2\/comments?post=4214"}],"version-history":[{"count":2,"href":"https:\/\/www.fmsdocumentation.com\/es\/wp-json\/wp\/v2\/pages\/4214\/revisions"}],"predecessor-version":[{"id":4224,"href":"https:\/\/www.fmsdocumentation.com\/es\/wp-json\/wp\/v2\/pages\/4214\/revisions\/4224"}],"up":[{"embeddable":true,"href":"https:\/\/www.fmsdocumentation.com\/es\/wp-json\/wp\/v2\/pages\/4205"}],"wp:attachment":[{"href":"https:\/\/www.fmsdocumentation.com\/es\/wp-json\/wp\/v2\/media?parent=4214"}],"curies":[{"name":"wp","href":"https:\/\/api.w.org\/{rel}","templated":true}]}}