{"id":4887,"date":"2018-04-11T11:10:21","date_gmt":"2018-04-11T11:10:21","guid":{"rendered":"http:\/\/www.fmsdocumentation.com\/?page_id=4887"},"modified":"2018-12-20T15:29:25","modified_gmt":"2018-12-20T13:29:25","slug":"informe-de-paises","status":"publish","type":"page","link":"https:\/\/www.fmsdocumentation.com\/es\/menu-de-informes\/informe-de-paises\/","title":{"rendered":"Informe de pa\u00edses"},"content":{"rendered":"<p><strong>Informe de pa\u00edses<\/strong>\u00a0\u2013 este tipo de informe est\u00e1 seleccionado por defecto y se centra principalmente en actividad en pa\u00edses espec\u00edficos.\u00a0Al principio el usuario debe seleccionar el per\u00edodo, para el cu\u00e1l se generar\u00e1 este informe.<\/p>\n<p><strong>Rango de fecha<\/strong>\u00a0\u2013 para seleccionar un rango de fecha (per\u00edodo) el usuario debe hacer clic en \u201cElegir rango de fechas\u201d, se abrir\u00e1 un calendario emergente. El calendario es el mismo en todo FMS. Para seleccionar la fecha de inicio \/ final, el usuario simplemente tiene que hacer clic en la fecha deseada y entonces hacer clic en la fecha opuesta. Los d\u00edas seleccionados se resaltar\u00e1n en azul. El d\u00eda actual est\u00e1 resaltado con un tri\u00e1ngulo azul peque\u00f1o. Si se selecciona el d\u00eda actual, el tri\u00e1ngulo estar\u00e1 blanco. Luego, el usuario puede especificar las horas exactas, las cu\u00e1les incluir en el informe. Para guardar los cambios hay que hacer clic en el bot\u00f3n \u201cAplicar\u201d, si no, los cambios no se guardar\u00e1n.<\/p>\n<p><a href=\"https:\/\/www.fmsdocumentation.com\/wp-content\/uploads\/2017\/04\/136ES.png\" data-featherlight=\"image\"><img loading=\"lazy\" decoding=\"async\" class=\"alignnone size-full wp-image-3119\" src=\"https:\/\/www.fmsdocumentation.com\/wp-content\/uploads\/2017\/04\/136ES.png\" sizes=\"auto, (max-width: 575px) 100vw, 575px\" srcset=\"https:\/\/www.fmsdocumentation.com\/wp-content\/uploads\/2017\/04\/136ES.png 575w, https:\/\/www.fmsdocumentation.com\/wp-content\/uploads\/2017\/04\/136ES-300x288.png 300w\" alt=\"\" width=\"575\" height=\"552\" \/><\/a><\/p>\n<p>La longitud m\u00ednima del per\u00edodo es un d\u00eda. Para seleccionar un s\u00f3lo d\u00eda, el usuario simplemente tiene que hacer doble clic en el d\u00eda deseado. Luego, el usuario debe seleccionar el basis, para el cu\u00e1l se generar\u00e1 el informe.<\/p>\n<p><strong>Reportar por\u00a0<\/strong>\u2013 este ajuste define el basis principal del informe. Hay dos opciones disponibles:<\/p>\n<ul>\n<li>Objetos<\/li>\n<li>Conductores<\/li>\n<\/ul>\n<p>El informe generado mostrar\u00e1 informaci\u00f3n (<em>par\u00e1metros: distancia de viaje, ubicaci\u00f3n al inicio etc.<\/em>) para el basis seleccionado (<em>objetos o conductores<\/em>). Si se selecciona objetos, el informe mostrar\u00e1 informaci\u00f3n para los objetos seleccionados.<\/p>\n<p><strong>Objetos\/Conductores\u00a0<\/strong>\u2013 (<em>depende de la selecci\u00f3n de \u201cReportar por\u201d<\/em>) permite al usuario elegir para qu\u00e9 objetos \/ conductores se generar\u00e1 el informe.<\/p>\n<p>Si se selecciona\u00a0<em>Objetos<\/em>, la lista tambi\u00e9n incluir\u00e1\u00a0<strong>grupos<\/strong>\u00a0de objetos. El usuario puede seleccionar un grupo entero marcando la casilla cerca del grupo. Se puede extender el grupo haciendo clic en el s\u00edmbolo m\u00e1s y se puede hacer clic en el s\u00edmbolo menos para colapsar el grupo.\u00a0<strong>Se puede seleccionar objetos individuales.<\/strong>\u00a0Hay que notar que si se selecciona un objeto, pertenecido a varios grupos, se resaltar\u00e1 en cada grupo, como se muestra en la imagen a continuaci\u00f3n. Si se selecciona un grupo entero, la casilla estar\u00e1 resaltada en azul con una marca blanca. Si se selecciona una parte de grupo, la casilla estar\u00e1 resaltada en azul (mostrado en la imagen a continuaci\u00f3n). El usuario tambi\u00e9n puede utilizar una barra de b\u00fasqueda para encontrar grupos y objectos con rapidez. Se puede seleccionar\/deseleccionar todos los grupos marcando la casilla al lado de &#8220;Seleccionar todos los grupos&#8221;. La cantidad de objetos seleccionados y todos los objetos se muestra en la esquina derecha superior de la lista.<\/p>\n<p><a href=\"https:\/\/www.fmsdocumentation.com\/wp-content\/uploads\/2017\/04\/281ES.png\"><img loading=\"lazy\" decoding=\"async\" class=\"alignnone wp-image-3115 size-full\" src=\"https:\/\/www.fmsdocumentation.com\/wp-content\/uploads\/2017\/04\/281ES.png\" sizes=\"auto, (max-width: 574px) 100vw, 574px\" srcset=\"https:\/\/www.fmsdocumentation.com\/wp-content\/uploads\/2017\/04\/281ES.png 574w, https:\/\/www.fmsdocumentation.com\/wp-content\/uploads\/2017\/04\/281ES-300x218.png 300w\" alt=\"\" width=\"574\" height=\"418\" \/><\/a><\/p>\n<p>Si se selecciona\u00a0<em>Conductores<\/em>, se mostrar\u00e1n conductores en la lista desplegable. Para seleccionar a un conductor, el usuario tiene que marcar la casilla al lado del conductor. Marcando la casilla &#8220;Seleccionar todo&#8221; seleccionar\u00e1\/deseleccionar\u00e1 a todos los conductores. La lista se actualiza autom\u00e1ticamente con cada s\u00edmbolo introducido a la barra de b\u00fasqueda.\u00a0La cantidad de conductores seleccionados y todos los conductores se muestra en la esquina derecha superior de la lista.<\/p>\n<p><a href=\"https:\/\/www.fmsdocumentation.com\/wp-content\/uploads\/2018\/12\/340ES.png\"><img loading=\"lazy\" decoding=\"async\" class=\"alignnone size-full wp-image-6804\" src=\"https:\/\/www.fmsdocumentation.com\/wp-content\/uploads\/2018\/12\/340ES.png\" alt=\"\" width=\"549\" height=\"296\" srcset=\"https:\/\/www.fmsdocumentation.com\/wp-content\/uploads\/2018\/12\/340ES.png 549w, https:\/\/www.fmsdocumentation.com\/wp-content\/uploads\/2018\/12\/340ES-300x162.png 300w\" sizes=\"auto, (max-width: 549px) 100vw, 549px\" \/><\/a><\/p>\n<p>Despu\u00e9s de seleccionar los objetos\/conductores, el usuario debe configurar <strong>la<\/strong> <strong>lista de columnas<\/strong>. Este informe incluye los siguientes par\u00e1metros seleccionados por defecto:<\/p>\n<ul>\n<li>Hora de inicio de trabajo\u00a0\u2013 la fecha y hora cuando la ignici\u00f3n fue encendida por primera vez, o del primer registro en un pa\u00eds espec\u00edfico. No se puede eliminar este par\u00e1metro;<\/li>\n<li>Hora de fin de trabajo\u00a0\u2013\u00a0la fecha y hora cuando la ignici\u00f3n fue apagada por \u00faltima vez, o del \u00faltimo registro en un pa\u00eds espec\u00edfico. No se puede eliminar este par\u00e1metro;<\/li>\n<li>C\u00f3digo de pa\u00eds\u00a0\u2013 el c\u00f3gido de dos letras del pa\u00eds espec\u00edfico;<\/li>\n<li>Duraci\u00f3n del trabajo\u00a0\u2013 la duraci\u00f3n total del trabajo en un pa\u00eds espec\u00edfico;<\/li>\n<li>Duraci\u00f3n de parada\u00a0\u2013 la duraci\u00f3n total de paradas en un pa\u00eds espec\u00edfico;<\/li>\n<li>Kilometraje\u00a0\u2013 el kilometraje total conducido en un pa\u00eds espec\u00edfico;<\/li>\n<li>Conductor no.1\u00a0\u2013 el nombre del primer conductor.<\/li>\n<\/ul>\n<p>Otros par\u00e1metros opcionales disponibles en <strong>la<\/strong> <strong>lista de columnas<\/strong>:<\/p>\n<ul>\n<li>Combustible consumido\u00a0\u2013 la cantidad de combustible consumido en un pa\u00eds espec\u00edfico;<\/li>\n<li>Combustible consumido por 100 km\u00a0\u2013 el consumo medio de combustible en un pa\u00eds espec\u00edfico;<\/li>\n<li>Nombre de pa\u00eds\u00a0\u2013 el nombre del pa\u00eds espec\u00edfico;<\/li>\n<li>ID de conductor no.1\u00a0\u2013 el ID del primer conductor;<\/li>\n<li>Conductor no.2\u00a0\u2013 el nombre del segundo conductor;<\/li>\n<li>ID de conductor no.2\u00a0\u2013 el ID del segundo conductor;<\/li>\n<li>Duraci\u00f3n de inactividad\u00a0\u2013 la duraci\u00f3n total de inactividad en un pa\u00eds espec\u00edfico;<\/li>\n<li>Entrado desde \u2013 el c\u00f3digo de dos letras del pa\u00eds desde el cual el veh\u00edculo entr\u00f3;<\/li>\n<li>Salido a\u00a0\u2013 el c\u00f3digo de dos letras del pa\u00eds al cual el veh\u00edculo sali\u00f3;<\/li>\n<li>Kilometraje (od\u00f3metro virtual)\u00a0\u2013 el kilometraje total conducido en un pa\u00eds espec\u00edfico (calculado v\u00eda od\u00f3metro virtual);<\/li>\n<li>Ubicaci\u00f3n de fin de trabajo\u00a0\u2013 la ubicaci\u00f3n donde la ignici\u00f3n fue apagada por \u00faltima vez, o del \u00faltimo registro en un pa\u00eds espec\u00edfico;<\/li>\n<li>Ubicaci\u00f3n de inicio de trabajo\u00a0\u2013\u00a0la ubicaci\u00f3n donde la ignici\u00f3n fue encendida por primera vez, o del primer registro en un pa\u00eds espec\u00edfico.<\/li>\n<\/ul>\n<p>Entonces el usuario puede seleccionar los par\u00e1metros de <strong>resumen<\/strong>:<\/p>\n<ul>\n<li>Veh\u00edculo\u00a0\u2013 el nombre del veh\u00edculo. No se puede eliminar este par\u00e1metro;<\/li>\n<li>Hora de inicio de trabajo\u00a0\u2013 la fecha y hora cuando la ignici\u00f3n fue encendida por primera vez. No se puede eliminar este par\u00e1metro;<\/li>\n<li>Hora de fin de trabajo\u00a0\u2013 la fecha y hora cuando la ignici\u00f3n fue apagada por \u00faltima vez. No se puede eliminar este par\u00e1metro;<\/li>\n<li>C\u00f3digo de pa\u00eds\u00a0\u2013 c\u00f3gidos de dos letras de todos los pa\u00edses en los cuales el veh\u00edculo ha conducido;<\/li>\n<li>Duraci\u00f3n del trabajo\u00a0\u2013 la duraci\u00f3n total del trabajo;<\/li>\n<li>Duraci\u00f3n de parada\u00a0\u2013 la duraci\u00f3n total de paradas;<\/li>\n<li>Kilometraje\u00a0\u2013 el kilometraje total conducido.<\/li>\n<\/ul>\n<p>Despu\u00e9s de seleccionar los par\u00e1metros,\u00a0el usuario puede habilitar o deshabilitar lo siguiente:<\/p>\n<ul>\n<li><strong>Todos los pa\u00edses<\/strong>\u00a0\u2013 habilitado por defecto, incluir\u00e1 todos los pa\u00edses en el informe. Si est\u00e1 deshabilitado, se aparecer\u00e1 una barra de b\u00fasqueda adicional, en la cual el usuario puede seleccionar los pa\u00edses que ser\u00e1n incluidos en el informe.<\/li>\n<li><strong>Resumen del informe\u00a0<\/strong>\u2013 habilitado por defecto, incluir\u00e1 una secci\u00f3n de resumen en el informe. Esto resumir\u00e1 toda la informaci\u00f3n en el informe.<\/li>\n<\/ul>\n<p><a href=\"https:\/\/www.fmsdocumentation.com\/wp-content\/uploads\/2018\/12\/343ES.png\"><img loading=\"lazy\" decoding=\"async\" class=\"alignnone size-large wp-image-6805\" src=\"https:\/\/www.fmsdocumentation.com\/wp-content\/uploads\/2018\/12\/343ES-1024x567.png\" alt=\"\" width=\"660\" height=\"365\" srcset=\"https:\/\/www.fmsdocumentation.com\/wp-content\/uploads\/2018\/12\/343ES-1024x567.png 1024w, https:\/\/www.fmsdocumentation.com\/wp-content\/uploads\/2018\/12\/343ES-300x166.png 300w, https:\/\/www.fmsdocumentation.com\/wp-content\/uploads\/2018\/12\/343ES-768x426.png 768w, https:\/\/www.fmsdocumentation.com\/wp-content\/uploads\/2018\/12\/343ES.png 1200w\" sizes=\"auto, (max-width: 660px) 100vw, 660px\" \/><\/a><\/p>\n<p>Para finalizar y generar el informe, el usuario debe hacer clic en el bot\u00f3n \u201cGenerar\u201d. Para cancelar la creaci\u00f3n del informe el usuario tiene que hacer clic en el bot\u00f3n \u201cCancelar\u201d, o en cualquier otro bot\u00f3n fuera de la ventana \u201cGenerar nuevo informe\u201d.<\/p>\n<p><a href=\"https:\/\/www.fmsdocumentation.com\/wp-content\/uploads\/2017\/04\/202ES.png\" data-featherlight=\"image\"><img loading=\"lazy\" decoding=\"async\" class=\"alignnone size-full wp-image-3121\" src=\"https:\/\/www.fmsdocumentation.com\/wp-content\/uploads\/2017\/04\/202ES.png\" sizes=\"auto, (max-width: 528px) 100vw, 528px\" srcset=\"https:\/\/www.fmsdocumentation.com\/wp-content\/uploads\/2017\/04\/202ES.png 528w, https:\/\/www.fmsdocumentation.com\/wp-content\/uploads\/2017\/04\/202ES-300x47.png 300w\" alt=\"\" width=\"528\" height=\"82\" \/><\/a><\/p>\n<hr \/>\n<p><div class=\"alignleft\"><a href=\"https:\/\/www.fmsdocumentation.com\/es\/menu-de-informes\/plantillas-de-informes\/\" title=\"Plantillas de informes\"><span class=\"arrow\">\u2039 &nbsp <\/span> Plantillas de informes <\/a><\/div> <div class=\"alignright\"><a href=\"https:\/\/www.fmsdocumentation.com\/es\/menu-de-informes\/informe-de-tiempo-de-trabajo-de-conductores\/\" title=\"Informe de tiempo de trabajo de conductores\">Informe de tiempo de trabajo de conductores <span class=\"arrow\"> &nbsp\u203a <\/span> <\/a><\/div><\/p>\n","protected":false},"excerpt":{"rendered":"<p>Informe de pa\u00edses\u00a0\u2013 este tipo de informe est\u00e1 seleccionado por defecto y se centra principalmente en actividad en pa\u00edses espec\u00edficos.\u00a0Al principio el usuario debe seleccionar el per\u00edodo, para el cu\u00e1l se generar\u00e1 este informe. Rango de fecha\u00a0\u2013 para seleccionar un rango de fecha (per\u00edodo) el usuario debe hacer clic en \u201cElegir rango de fechas\u201d, se &hellip; <a href=\"https:\/\/www.fmsdocumentation.com\/es\/menu-de-informes\/informe-de-paises\/\" class=\"more-link\">Sigue leyendo <span class=\"screen-reader-text\">Informe de pa\u00edses<\/span><\/a><\/p>\n","protected":false},"author":5,"featured_media":0,"parent":2139,"menu_order":4,"comment_status":"closed","ping_status":"closed","template":"","meta":{"footnotes":""},"class_list":["post-4887","page","type-page","status-publish","hentry"],"_links":{"self":[{"href":"https:\/\/www.fmsdocumentation.com\/es\/wp-json\/wp\/v2\/pages\/4887","targetHints":{"allow":["GET"]}}],"collection":[{"href":"https:\/\/www.fmsdocumentation.com\/es\/wp-json\/wp\/v2\/pages"}],"about":[{"href":"https:\/\/www.fmsdocumentation.com\/es\/wp-json\/wp\/v2\/types\/page"}],"author":[{"embeddable":true,"href":"https:\/\/www.fmsdocumentation.com\/es\/wp-json\/wp\/v2\/users\/5"}],"replies":[{"embeddable":true,"href":"https:\/\/www.fmsdocumentation.com\/es\/wp-json\/wp\/v2\/comments?post=4887"}],"version-history":[{"count":7,"href":"https:\/\/www.fmsdocumentation.com\/es\/wp-json\/wp\/v2\/pages\/4887\/revisions"}],"predecessor-version":[{"id":6830,"href":"https:\/\/www.fmsdocumentation.com\/es\/wp-json\/wp\/v2\/pages\/4887\/revisions\/6830"}],"up":[{"embeddable":true,"href":"https:\/\/www.fmsdocumentation.com\/es\/wp-json\/wp\/v2\/pages\/2139"}],"wp:attachment":[{"href":"https:\/\/www.fmsdocumentation.com\/es\/wp-json\/wp\/v2\/media?parent=4887"}],"curies":[{"name":"wp","href":"https:\/\/api.w.org\/{rel}","templated":true}]}}