{"id":4895,"date":"2018-04-11T12:45:54","date_gmt":"2018-04-11T12:45:54","guid":{"rendered":"http:\/\/www.fmsdocumentation.com\/?page_id=4895"},"modified":"2018-12-20T13:26:06","modified_gmt":"2018-12-20T11:26:06","slug":"informe-de-tiempo-de-trabajo-de-conductores","status":"publish","type":"page","link":"https:\/\/www.fmsdocumentation.com\/es\/menu-de-informes\/informe-de-tiempo-de-trabajo-de-conductores\/","title":{"rendered":"Informe de tiempo de trabajo de conductores"},"content":{"rendered":"<p><strong>Informe de tiempo de trabajo de conductores<\/strong>\u00a0\u2013 este tipo de informe se centra en informaci\u00f3n de tiempo de trabajo de conductores obtenida desde el tac\u00f3grafo, como por ejemplo duraci\u00f3nes de trabajo o descanso, tiempos de inicio y fin, etc.<\/p>\n<p><p class=\"note\">Nota<br \/>\nEste informe se dedica a conductores con datos de tac\u00f3grafo. Si se seleccionan conductores sin datos de tac\u00f3grafo para el per\u00edodo seleccionado, no se mostrar\u00e1n ningunos datos para esos conductores. <\/p><\/p>\n<p>Al principio el usuario debe seleccionar el per\u00edodo, para el cual se generar\u00e1 este informe.<\/p>\n<p><strong>Rango de fecha<\/strong>\u00a0\u2013 para seleccionar un rango de fecha (per\u00edodo) el usuario debe hacer clic en \u201cElegir rango de fechas\u201d, se abrir\u00e1 un calendario emergente. El calendario es el mismo en todo FMS. Para seleccionar la fecha de inicio \/ final, el usuario simplemente tiene que hacer clic en la fecha deseada y entonces hacer clic en la fecha opuesta. Los d\u00edas seleccionados se resaltar\u00e1n en azul. El d\u00eda actual est\u00e1 resaltado con un tri\u00e1ngulo azul peque\u00f1o. Si se selecciona el d\u00eda actual, el tri\u00e1ngulo estar\u00e1 blanco. Luego, el usuario puede especificar las horas exactas, las cu\u00e1les incluir en el informe. Para guardar los cambios hay que hacer clic en el bot\u00f3n \u201cAplicar\u201d, si no, los cambios no se guardar\u00e1n.<\/p>\n<p><a href=\"https:\/\/www.fmsdocumentation.com\/wp-content\/uploads\/2017\/04\/136ES.png\" data-featherlight=\"image\"><img loading=\"lazy\" decoding=\"async\" class=\"alignnone size-full wp-image-3119\" src=\"https:\/\/www.fmsdocumentation.com\/wp-content\/uploads\/2017\/04\/136ES.png\" sizes=\"auto, (max-width: 575px) 100vw, 575px\" srcset=\"https:\/\/www.fmsdocumentation.com\/wp-content\/uploads\/2017\/04\/136ES.png 575w, https:\/\/www.fmsdocumentation.com\/wp-content\/uploads\/2017\/04\/136ES-300x288.png 300w\" alt=\"\" width=\"575\" height=\"552\" \/><\/a><\/p>\n<p>La longitud m\u00ednima del per\u00edodo es un d\u00eda. Para seleccionar un s\u00f3lo d\u00eda, el usuario simplemente tiene que hacer doble clic en el d\u00eda deseado. La longitud m\u00e1xima del per\u00edodo es 3 meses.<\/p>\n<p>Los conductores se muestran en la lista desplegable\u00a0<em>Conductores<\/em>. Para seleccionar a un conductor, el usuario tiene que marcar la casilla al lado del conductor. Marcando la casilla &#8220;Seleccionar todo&#8221; seleccionar\u00e1\/deseleccionar\u00e1 a todos los conductores. La lista se actualiza autom\u00e1ticamente con cada s\u00edmbolo introducido a la barra de b\u00fasqueda.\u00a0La cantidad de conductores seleccionados y todos los conductores se muestra en la esquina derecha superior de la lista.<\/p>\n<p><a href=\"https:\/\/www.fmsdocumentation.com\/wp-content\/uploads\/2018\/12\/340ES.png\"><img loading=\"lazy\" decoding=\"async\" class=\"alignnone size-full wp-image-6804\" src=\"https:\/\/www.fmsdocumentation.com\/wp-content\/uploads\/2018\/12\/340ES.png\" alt=\"\" width=\"549\" height=\"296\" srcset=\"https:\/\/www.fmsdocumentation.com\/wp-content\/uploads\/2018\/12\/340ES.png 549w, https:\/\/www.fmsdocumentation.com\/wp-content\/uploads\/2018\/12\/340ES-300x162.png 300w\" sizes=\"auto, (max-width: 549px) 100vw, 549px\" \/><\/a><\/p>\n<p>La siguiente informaci\u00f3n se mostrar\u00e1 en el informe:<\/p>\n<ul>\n<li>Fecha\u00a0\u2013 la fecha, para la cual se presentan los datos;<\/li>\n<li>Hora de inicio de trabajo\u00a0\u2013 el tiempo del primer estado de conducci\u00f3n\/trabajo\/disponible ese d\u00eda;<\/li>\n<li>Hora de fin de trabajo\u00a0\u2013 el tiempo cuando el conductor termin\u00f3 su d\u00eda de trabajo;<\/li>\n<li>Total\u00a0\u2013 la duraci\u00f3n total de los estados de conducci\u00f3n\/trabajo\/disponible;<\/li>\n<li>Duraci\u00f3n de conducci\u00f3n\u00a0\u2013 la duraci\u00f3n de conducci\u00f3n seg\u00fan el tac\u00f3grafo;<\/li>\n<li>Duraci\u00f3n del trabajo\u00a0\u2013 la duraci\u00f3n de trabajo seg\u00fan el tac\u00f3grafo;<\/li>\n<li>Duraci\u00f3n disponible\u00a0\u2013 la duraci\u00f3n de disponible seg\u00fan el tac\u00f3grafo;<\/li>\n<li>Duraci\u00f3n de descanso\u00a0\u2013 la duraci\u00f3n de descanso seg\u00fan el tac\u00f3grafo;<\/li>\n<li>Kilometraje\u00a0\u2013 el kilometraje total conducido.<\/li>\n<\/ul>\n<p><a href=\"https:\/\/www.fmsdocumentation.com\/wp-content\/uploads\/2018\/04\/342ES.png\"><img loading=\"lazy\" decoding=\"async\" class=\"alignnone size-full wp-image-4896\" src=\"https:\/\/www.fmsdocumentation.com\/wp-content\/uploads\/2018\/04\/342ES.png\" alt=\"\" width=\"1204\" height=\"174\" srcset=\"https:\/\/www.fmsdocumentation.com\/wp-content\/uploads\/2018\/04\/342ES.png 1204w, https:\/\/www.fmsdocumentation.com\/wp-content\/uploads\/2018\/04\/342ES-300x43.png 300w, https:\/\/www.fmsdocumentation.com\/wp-content\/uploads\/2018\/04\/342ES-768x111.png 768w, https:\/\/www.fmsdocumentation.com\/wp-content\/uploads\/2018\/04\/342ES-1024x148.png 1024w\" sizes=\"auto, (max-width: 1204px) 100vw, 1204px\" \/><\/a><\/p>\n<p>Para finalizar y generar el informe, el usuario debe hacer clic en el bot\u00f3n \u201cGenerar\u201d. Para cancelar la creaci\u00f3n del informe el usuario tiene que hacer clic en el bot\u00f3n \u201cCancelar\u201d, o en cualquier otro bot\u00f3n fuera de la ventana \u201cGenerar nuevo informe\u201d.<\/p>\n<p><a href=\"https:\/\/www.fmsdocumentation.com\/wp-content\/uploads\/2017\/04\/202ES.png\" data-featherlight=\"image\"><img loading=\"lazy\" decoding=\"async\" class=\"alignnone size-full wp-image-3121\" src=\"https:\/\/www.fmsdocumentation.com\/wp-content\/uploads\/2017\/04\/202ES.png\" sizes=\"auto, (max-width: 528px) 100vw, 528px\" srcset=\"https:\/\/www.fmsdocumentation.com\/wp-content\/uploads\/2017\/04\/202ES.png 528w, https:\/\/www.fmsdocumentation.com\/wp-content\/uploads\/2017\/04\/202ES-300x47.png 300w\" alt=\"\" width=\"528\" height=\"82\" \/><\/a><\/p>\n<hr \/>\n<p><div class=\"alignleft\"><a href=\"https:\/\/www.fmsdocumentation.com\/es\/menu-de-informes\/informe-de-paises\/\" title=\"Informe de pa\u00edses\"><span class=\"arrow\">\u2039 &nbsp <\/span> Informe de pa\u00edses <\/a><\/div> <div class=\"alignright\"><a href=\"https:\/\/www.fmsdocumentation.com\/es\/menu-de-informes\/informe-de-eco-conduccion\/\" title=\"Informe de eco-conducci\u00f3n\">Informe de eco-conducci\u00f3n <span class=\"arrow\"> &nbsp\u203a <\/span> <\/a><\/div><\/p>\n","protected":false},"excerpt":{"rendered":"<p>Informe de tiempo de trabajo de conductores\u00a0\u2013 este tipo de informe se centra en informaci\u00f3n de tiempo de trabajo de conductores obtenida desde el tac\u00f3grafo, como por ejemplo duraci\u00f3nes de trabajo o descanso, tiempos de inicio y fin, etc. Nota Este informe se dedica a conductores con datos de tac\u00f3grafo. Si se seleccionan conductores sin &hellip; <a href=\"https:\/\/www.fmsdocumentation.com\/es\/menu-de-informes\/informe-de-tiempo-de-trabajo-de-conductores\/\" class=\"more-link\">Sigue leyendo <span class=\"screen-reader-text\">Informe de tiempo de trabajo de conductores<\/span><\/a><\/p>\n","protected":false},"author":5,"featured_media":0,"parent":2139,"menu_order":5,"comment_status":"closed","ping_status":"closed","template":"","meta":{"footnotes":""},"class_list":["post-4895","page","type-page","status-publish","hentry"],"_links":{"self":[{"href":"https:\/\/www.fmsdocumentation.com\/es\/wp-json\/wp\/v2\/pages\/4895","targetHints":{"allow":["GET"]}}],"collection":[{"href":"https:\/\/www.fmsdocumentation.com\/es\/wp-json\/wp\/v2\/pages"}],"about":[{"href":"https:\/\/www.fmsdocumentation.com\/es\/wp-json\/wp\/v2\/types\/page"}],"author":[{"embeddable":true,"href":"https:\/\/www.fmsdocumentation.com\/es\/wp-json\/wp\/v2\/users\/5"}],"replies":[{"embeddable":true,"href":"https:\/\/www.fmsdocumentation.com\/es\/wp-json\/wp\/v2\/comments?post=4895"}],"version-history":[{"count":4,"href":"https:\/\/www.fmsdocumentation.com\/es\/wp-json\/wp\/v2\/pages\/4895\/revisions"}],"predecessor-version":[{"id":6807,"href":"https:\/\/www.fmsdocumentation.com\/es\/wp-json\/wp\/v2\/pages\/4895\/revisions\/6807"}],"up":[{"embeddable":true,"href":"https:\/\/www.fmsdocumentation.com\/es\/wp-json\/wp\/v2\/pages\/2139"}],"wp:attachment":[{"href":"https:\/\/www.fmsdocumentation.com\/es\/wp-json\/wp\/v2\/media?parent=4895"}],"curies":[{"name":"wp","href":"https:\/\/api.w.org\/{rel}","templated":true}]}}