{"id":5431,"date":"2018-07-25T07:48:26","date_gmt":"2018-07-25T07:48:26","guid":{"rendered":"http:\/\/www.fmsdocumentation.com\/?page_id=5431"},"modified":"2019-07-12T13:00:36","modified_gmt":"2019-07-12T11:00:36","slug":"api-de-analisis-de-tiempo-de-conductores","status":"publish","type":"page","link":"https:\/\/www.fmsdocumentation.com\/es\/api\/api-de-analisis-de-tiempo-de-conductores\/","title":{"rendered":"API de an\u00e1lisis de tiempo de conductores"},"content":{"rendered":"\n<p>El prop\u00f3sito principal de la API de an\u00e1lisis de tiempo de conductores es mostrar los datos de tiempo de conducci\u00f3n y descanso para un conductor espec\u00edfico. Los datos mostrados se basan en la funcionalidad de <a href=\"https:\/\/www.fmsdocumentation.com\/es\/menu-de-estado-de-la-flota\/panel-de-analisis-de-tiempo\/?lang=es\">an\u00e1lisis de tiempo<\/a>.<\/p>\n\n\n\n<p>Ejemplo de solicitud para un conductor espec\u00edfico:<\/p>\n\n\n\n<p style=\"background-color: #000000; color: #bbbdc0; font-family: Lucida Console; padding-left: 10px; padding-right: 10px;\">GET \/drivers\/{driverId}\/current-time-analysis?version=1&amp;api_key=&lt;&#8230;&gt;<br \/>HOST:api.fm-track.com<br \/>Content-Type:application\/json;charset=UTF-8<\/p>\n\n\n\n<p>Los siguientes par\u00e1metros son obligatorios para que la API funcione:<\/p>\n\n\n\n<table id=\"tablepress-79\" class=\"tablepress tablepress-id-79\">\n<thead>\n<tr class=\"row-1\">\n\t<th class=\"column-1\">Par\u00e1metero<\/th><th class=\"column-2\">Tipo<\/th><th class=\"column-3\">Descripci\u00f3n<\/th>\n<\/tr>\n<\/thead>\n<tbody>\n<tr class=\"row-2\">\n\t<td class=\"column-1\">driverId<\/td><td class=\"column-2\">Cadena<\/td><td class=\"column-3\">Identificador del conductor (Este ID se puede adquirir enviando una solicitud a la API de conductores)<\/td>\n<\/tr>\n<tr class=\"row-3\">\n\t<td class=\"column-1\">version<\/td><td class=\"column-2\">Cadena<\/td><td class=\"column-3\">Versi\u00f3n de la API, actualmente solo version=1 est\u00e1 disponible<\/td>\n<\/tr>\n<tr class=\"row-4\">\n\t<td class=\"column-1\">api_key<\/td><td class=\"column-2\">Cadena<\/td><td class=\"column-3\">Clave de identificaci\u00f3n del usuario<\/td>\n<\/tr>\n<\/tbody>\n<\/table>\n<!-- #tablepress-79 from cache -->\n\n\n\n<p>Ejemplo de respuesta del servidor:<\/p>\n\n\n\n<div class=\"wp-block-codemirror-blocks-code-block code-block\"><pre class=\"CodeMirror cm-s-dracula\" data-setting=\"{&quot;mode&quot;:&quot;javascript&quot;,&quot;mime&quot;:&quot;application\/json&quot;,&quot;theme&quot;:&quot;dracula&quot;,&quot;lineNumbers&quot;:true,&quot;styleActiveLine&quot;:false,&quot;lineWrapping&quot;:false,&quot;readOnly&quot;:true,&quot;language&quot;:&quot;JSON&quot;,&quot;modeName&quot;:&quot;json&quot;}\">{\n  &quot;type&quot;: &quot;PRIMARY&quot;,\n  &quot;calculated_until&quot;: &quot;2018-05-31T14:47:47.000Z&quot;,\n  &quot;state&quot;: {\n    &quot;activity&quot;: &quot;UNKNOWN&quot;,\n    &quot;started_at&quot;: &quot;2018-05-24T11:10:00.000Z&quot;,\n    &quot;duration&quot;: 617820\n  }, \n  &quot;current_day&quot;: {\n    &quot;driving_status&quot;: &quot;SINGLE&quot;,\n    &quot;driving&quot;: {\n      &quot;regular&quot;: {\n        &quot;duration&quot;: 0,\n        &quot;duration_limit&quot;: 32400\n\t\t},\n      &quot;extra&quot;: {\n        &quot;duration&quot;: 0,\n        &quot;duration_limit&quot;: 3600\n\t\t}\n    },\n    &quot;working&quot;: {\n      &quot;duration&quot;: 0\n    },\n    &quot;resting&quot;: {\n      &quot;rest_in_progress&quot;: false,\n      &quot;next_rest&quot;: null\n    }\n  },\n  &quot;current_week&quot;: {\n    &quot;driving&quot;: {\n      &quot;duration&quot;: 0,\n      &quot;duration_limit&quot;: 201600,\n      &quot;extended_daily_driving_periods&quot;: {\n        &quot;used&quot;: 0,\n        &quot;usage_limit&quot;: 2\n      }\n    },\n    &quot;working&quot;: {\n      &quot;duration&quot;: 0\n    },\n    &quot;resting&quot;: {\n      &quot;rest_in_progress&quot;: false,\n      &quot;next_rest&quot;: null,\n      &quot;reduced_daily_rests&quot;: {\n        &quot;used&quot;:0,\n        &quot;usage_limit&quot;: 3\n      }\n    }\n  },\n  &quot;previous_week&quot;: {\n    &quot;driving&quot;: {\n      &quot;duration&quot;: 0,\n      &quot;duration_limit&quot;: 201600\n    },\n    &quot;resting&quot;: {\n      &quot;duration&quot;: 0\n      }\n  },\n  &quot;infringements&quot;: {\n  &quot;daily_driving_limit_exceeded&quot;: {\n    &quot;duration&quot;: 0\n  },\n  \t&quot;weekly_driving_limit_exceeded&quot;: {\n  \t\t&quot;duration&quot;: 0\n    }\n  },\n  &quot;data_gap_duration&quot;: {\n\t&quot;duration&quot;: 0\n  }\n }<\/pre><\/div>\n\n\n<p>Si se ha introducido un par\u00e1metro o API_key incorrecto, el sistema responder\u00e1 con un c\u00f3digo de error. Los c\u00f3digos de errores se describen en\u00a0<a href=\"https:\/\/www.fmsdocumentation.com\/es\/api\/?lang=es\">API<\/a>.<\/p>\n<p>Todos los par\u00e1metros de respuesta que se puede recibir:<\/p>\n\n<table id=\"tablepress-80\" class=\"tablepress tablepress-id-80\">\n<thead>\n<tr class=\"row-1\">\n\t<th class=\"column-1\">Par\u00e1metro<\/th><th class=\"column-2\">Tipo<\/th><th class=\"column-3\">Descripci\u00f3n<\/th><th class=\"column-4\">Unidades<\/th>\n<\/tr>\n<\/thead>\n<tbody>\n<tr class=\"row-2\">\n\t<td class=\"column-1\">type<\/td><td class=\"column-2\">Cadena<\/td><td class=\"column-3\">Indica si el conductor est\u00e1 el principal o secundario, o sea si la tarjeta de conductor est\u00e1 insertada en la primera o segunda ranura del tac\u00f3grafo <\/td><td class=\"column-4\">Texto<\/td>\n<\/tr>\n<tr class=\"row-3\">\n\t<td class=\"column-1\">calculated_until<\/td><td class=\"column-2\">Fecha<\/td><td class=\"column-3\">La fecha y hora cuando se hizo la solicitud <br \/>\nFormato: \"yyyy-mm-ddThh:mm:ss.sssZ\"<br \/>\n<\/td><td class=\"column-4\">Seg\u00fan ISO8601<\/td>\n<\/tr>\n<tr class=\"row-4\">\n\t<td class=\"column-1\">state<\/td><td class=\"column-2\">Array<\/td><td class=\"column-3\">Contiene todos los par\u00e1metros de estado del conductor<\/td><td class=\"column-4\"><\/td>\n<\/tr>\n<tr class=\"row-5\">\n\t<td class=\"column-1\">activity<\/td><td class=\"column-2\">Cadena<\/td><td class=\"column-3\">El estado del conductor cuando se hizo la solicitud<\/td><td class=\"column-4\">Texto<\/td>\n<\/tr>\n<tr class=\"row-6\">\n\t<td class=\"column-1\">started_at<\/td><td class=\"column-2\">Fecha<\/td><td class=\"column-3\">La fecha y hora cuando el conductor entr\u00f3 el estado<br \/>\nFormato: \"yyyy-mm-ddThh:mm:ss.sssZ\"<br \/>\n<\/td><td class=\"column-4\">Seg\u00fan ISO8601<\/td>\n<\/tr>\n<tr class=\"row-7\">\n\t<td class=\"column-1\">duration<\/td><td class=\"column-2\">N\u00famero entero<\/td><td class=\"column-3\">El tiempo total gastado por el conductor en el estado<\/td><td class=\"column-4\">Segundos<\/td>\n<\/tr>\n<tr class=\"row-8\">\n\t<td class=\"column-1\">current_day<\/td><td class=\"column-2\">Array<\/td><td class=\"column-3\">Contiene todos los par\u00e1metros del d\u00eda actual<\/td><td class=\"column-4\"><\/td>\n<\/tr>\n<tr class=\"row-9\">\n\t<td class=\"column-1\">driving_status<\/td><td class=\"column-2\">Cadena<\/td><td class=\"column-3\">Indica si hay un solo conductor o un equipo<\/td><td class=\"column-4\">Texto<\/td>\n<\/tr>\n<tr class=\"row-10\">\n\t<td class=\"column-1\">driving<\/td><td class=\"column-2\">Array<\/td><td class=\"column-3\">Contiene todos los par\u00e1metros de conducci\u00f3n<\/td><td class=\"column-4\"><\/td>\n<\/tr>\n<tr class=\"row-11\">\n\t<td class=\"column-1\">regular<\/td><td class=\"column-2\">Array<\/td><td class=\"column-3\">Contiene todos los par\u00e1metros de conducci\u00f3n regular<\/td><td class=\"column-4\"><\/td>\n<\/tr>\n<tr class=\"row-12\">\n\t<td class=\"column-1\">duration<\/td><td class=\"column-2\">N\u00famero entero<\/td><td class=\"column-3\">La duraci\u00f3n total de conducci\u00f3n regular<\/td><td class=\"column-4\">Segundos<\/td>\n<\/tr>\n<tr class=\"row-13\">\n\t<td class=\"column-1\">duration_limit<\/td><td class=\"column-2\">N\u00famero entero<\/td><td class=\"column-3\">La duraci\u00f3n m\u00e1xima permitida de conducci\u00f3n regular<\/td><td class=\"column-4\">Segundos<\/td>\n<\/tr>\n<tr class=\"row-14\">\n\t<td class=\"column-1\">extra<\/td><td class=\"column-2\">Array<\/td><td class=\"column-3\">Contiene todos los par\u00e1metros de conducci\u00f3n adicional<\/td><td class=\"column-4\"><\/td>\n<\/tr>\n<tr class=\"row-15\">\n\t<td class=\"column-1\">duration<\/td><td class=\"column-2\">N\u00famero entero<\/td><td class=\"column-3\">La duraci\u00f3n total de conducci\u00f3n adicional<\/td><td class=\"column-4\">Segundos<\/td>\n<\/tr>\n<tr class=\"row-16\">\n\t<td class=\"column-1\">duration_limit<\/td><td class=\"column-2\">N\u00famero entero<\/td><td class=\"column-3\">La duraci\u00f3n m\u00e1xima permitida de conducci\u00f3n adicional<\/td><td class=\"column-4\">Segundos<\/td>\n<\/tr>\n<tr class=\"row-17\">\n\t<td class=\"column-1\">working<\/td><td class=\"column-2\">Array<\/td><td class=\"column-3\">Contiene todos los par\u00e1metros de trabajo diario<\/td><td class=\"column-4\"><\/td>\n<\/tr>\n<tr class=\"row-18\">\n\t<td class=\"column-1\">duration<\/td><td class=\"column-2\">N\u00famero entero<\/td><td class=\"column-3\">La duraci\u00f3n total de trabajo diario<\/td><td class=\"column-4\">Segundos<\/td>\n<\/tr>\n<tr class=\"row-19\">\n\t<td class=\"column-1\">resting<\/td><td class=\"column-2\">Array<\/td><td class=\"column-3\">Contiene todos los par\u00e1metros de descanso diario<\/td><td class=\"column-4\"><\/td>\n<\/tr>\n<tr class=\"row-20\">\n\t<td class=\"column-1\">rest_in_progress<\/td><td class=\"column-2\">Booleano<\/td><td class=\"column-3\">Indica si el conductor estaba descansando cuando se hizo la solicitud<\/td><td class=\"column-4\">True (Verdadero) - False (Falso)<\/td>\n<\/tr>\n<tr class=\"row-21\">\n\t<td class=\"column-1\">next_rest<\/td><td class=\"column-2\">Fecha<\/td><td class=\"column-3\">La fecha y hora del siguiente descanso diario<br \/>\nFormato: \"yyyy-mm-ddThh:mm:ss.sssZ\"<br \/>\n<\/td><td class=\"column-4\">Seg\u00fan ISO8601<\/td>\n<\/tr>\n<tr class=\"row-22\">\n\t<td class=\"column-1\">current_week<\/td><td class=\"column-2\">Array<\/td><td class=\"column-3\">Contiene todos los par\u00e1metros de la semana actual<\/td><td class=\"column-4\"><\/td>\n<\/tr>\n<tr class=\"row-23\">\n\t<td class=\"column-1\">driving<\/td><td class=\"column-2\">Array<\/td><td class=\"column-3\">Contiene todos los par\u00e1metros de conducci\u00f3n<\/td><td class=\"column-4\"><\/td>\n<\/tr>\n<tr class=\"row-24\">\n\t<td class=\"column-1\">duration<\/td><td class=\"column-2\">N\u00famero entero<\/td><td class=\"column-3\">La duraci\u00f3n total de conducci\u00f3n semanal<\/td><td class=\"column-4\">Segundos<\/td>\n<\/tr>\n<tr class=\"row-25\">\n\t<td class=\"column-1\">duration_limit<\/td><td class=\"column-2\">N\u00famero entero<\/td><td class=\"column-3\">La duraci\u00f3n m\u00e1xima permitida de conducci\u00f3n semanal<\/td><td class=\"column-4\">Segundos<\/td>\n<\/tr>\n<tr class=\"row-26\">\n\t<td class=\"column-1\">extended_daily_driving_periods<\/td><td class=\"column-2\">Array<\/td><td class=\"column-3\">Contiene todos los par\u00e1metros de periodos de conducci\u00f3n extendida<\/td><td class=\"column-4\"><\/td>\n<\/tr>\n<tr class=\"row-27\">\n\t<td class=\"column-1\">used<\/td><td class=\"column-2\">N\u00famero entero<\/td><td class=\"column-3\">La cantidad de usados periodos de conducci\u00f3n extendida<\/td><td class=\"column-4\">N\u00famero<\/td>\n<\/tr>\n<tr class=\"row-28\">\n\t<td class=\"column-1\">usage_limit<\/td><td class=\"column-2\">N\u00famero entero<\/td><td class=\"column-3\">La cantidad m\u00e1xima de periodos de conducci\u00f3n extendida<\/td><td class=\"column-4\">N\u00famero<\/td>\n<\/tr>\n<tr class=\"row-29\">\n\t<td class=\"column-1\">working<\/td><td class=\"column-2\">Array<\/td><td class=\"column-3\">Contiene todos los par\u00e1metros de trabajo semanal<\/td><td class=\"column-4\"><\/td>\n<\/tr>\n<tr class=\"row-30\">\n\t<td class=\"column-1\">duration<\/td><td class=\"column-2\">N\u00famero entero<\/td><td class=\"column-3\">La duraci\u00f3n total de trabajo semanal<\/td><td class=\"column-4\">Segundos<\/td>\n<\/tr>\n<tr class=\"row-31\">\n\t<td class=\"column-1\">resting<\/td><td class=\"column-2\">Array<\/td><td class=\"column-3\">Contiene todos los par\u00e1metros de descanso semanal<\/td><td class=\"column-4\"><\/td>\n<\/tr>\n<tr class=\"row-32\">\n\t<td class=\"column-1\">rest_in_progress<\/td><td class=\"column-2\">Booleano<\/td><td class=\"column-3\">Indica si el conductor estaba descansando cuando se hizo la solicitud<\/td><td class=\"column-4\">True (Verdadero) - False (Falso)<\/td>\n<\/tr>\n<tr class=\"row-33\">\n\t<td class=\"column-1\">next_rest<\/td><td class=\"column-2\">Fecha<\/td><td class=\"column-3\">La fecha y hora del siguiente descanso semanal<br \/>\nFormato: \"yyyy-mm-ddThh:mm:ss.sssZ\"<br \/>\n<\/td><td class=\"column-4\">Seg\u00fan ISO8601<\/td>\n<\/tr>\n<tr class=\"row-34\">\n\t<td class=\"column-1\">reduced_daily_rests<\/td><td class=\"column-2\">Array<\/td><td class=\"column-3\">Contiene todos los par\u00e1metros de descanso diario reducido<\/td><td class=\"column-4\"><\/td>\n<\/tr>\n<tr class=\"row-35\">\n\t<td class=\"column-1\">used<\/td><td class=\"column-2\">N\u00famero entero<\/td><td class=\"column-3\">La cantidad de usados periodos de descanso diario reducido<\/td><td class=\"column-4\">N\u00famero<\/td>\n<\/tr>\n<tr class=\"row-36\">\n\t<td class=\"column-1\">usage_limit<\/td><td class=\"column-2\">N\u00famero entero<\/td><td class=\"column-3\">La cantidad m\u00e1xima de periodos de descanso diario reducido<\/td><td class=\"column-4\">N\u00famero<\/td>\n<\/tr>\n<tr class=\"row-37\">\n\t<td class=\"column-1\">previous_week<\/td><td class=\"column-2\">Array<\/td><td class=\"column-3\">Contiene todos los par\u00e1metros de la semana previa<\/td><td class=\"column-4\"><\/td>\n<\/tr>\n<tr class=\"row-38\">\n\t<td class=\"column-1\">driving<\/td><td class=\"column-2\">Array<\/td><td class=\"column-3\">Contiene todos los par\u00e1metros de conducci\u00f3n<\/td><td class=\"column-4\"><\/td>\n<\/tr>\n<tr class=\"row-39\">\n\t<td class=\"column-1\">duration<\/td><td class=\"column-2\">N\u00famero entero<\/td><td class=\"column-3\">La duraci\u00f3n total de conducci\u00f3n la semana previa<\/td><td class=\"column-4\">Segundos<\/td>\n<\/tr>\n<tr class=\"row-40\">\n\t<td class=\"column-1\">duration_limit<\/td><td class=\"column-2\">N\u00famero entero<\/td><td class=\"column-3\">La duraci\u00f3n m\u00e1xima permitida de conducci\u00f3n semanal<\/td><td class=\"column-4\">Segundos<\/td>\n<\/tr>\n<tr class=\"row-41\">\n\t<td class=\"column-1\">resting<\/td><td class=\"column-2\">Array<\/td><td class=\"column-3\">Contiene todos los par\u00e1metros de descanso para la semana previa <\/td><td class=\"column-4\"><\/td>\n<\/tr>\n<tr class=\"row-42\">\n\t<td class=\"column-1\">duration<\/td><td class=\"column-2\">N\u00famero entero<\/td><td class=\"column-3\">La duraci\u00f3n total de descanso la semana previa<\/td><td class=\"column-4\">Segundos<\/td>\n<\/tr>\n<tr class=\"row-43\">\n\t<td class=\"column-1\">infringements<\/td><td class=\"column-2\">Array<\/td><td class=\"column-3\">Contiene todos los par\u00e1metros de infracci\u00f3n<\/td><td class=\"column-4\"><\/td>\n<\/tr>\n<tr class=\"row-44\">\n\t<td class=\"column-1\">daily_driving_limit_exceeded<\/td><td class=\"column-2\">Array<\/td><td class=\"column-3\">Contiene todos los par\u00e1metros de conducci\u00f3n diaria excesiva<\/td><td class=\"column-4\"><\/td>\n<\/tr>\n<tr class=\"row-45\">\n\t<td class=\"column-1\">duration<\/td><td class=\"column-2\">N\u00famero entero<\/td><td class=\"column-3\">La duraci\u00f3n total de conducci\u00f3n diaria excesiva<\/td><td class=\"column-4\">Segundos<\/td>\n<\/tr>\n<tr class=\"row-46\">\n\t<td class=\"column-1\">weekly_driving_limit_exceeded<\/td><td class=\"column-2\">Array<\/td><td class=\"column-3\">Contiene todos los par\u00e1metros de conducci\u00f3n semanal excesiva<\/td><td class=\"column-4\"><\/td>\n<\/tr>\n<tr class=\"row-47\">\n\t<td class=\"column-1\">duration<\/td><td class=\"column-2\">N\u00famero entero<\/td><td class=\"column-3\">La duraci\u00f3n total de conducci\u00f3n semanal excesiva<\/td><td class=\"column-4\">Segundos<\/td>\n<\/tr>\n<tr class=\"row-48\">\n\t<td class=\"column-1\">data_gap_duration<\/td><td class=\"column-2\">Array<\/td><td class=\"column-3\">Contiene todos los par\u00e1metros de falta de datos<\/td><td class=\"column-4\"><\/td>\n<\/tr>\n<tr class=\"row-49\">\n\t<td class=\"column-1\">duration<\/td><td class=\"column-2\">N\u00famero entero<\/td><td class=\"column-3\">La duraci\u00f3n total para la cual no se recibieron ningunos datos<\/td><td class=\"column-4\">Segundos<\/td>\n<\/tr>\n<\/tbody>\n<\/table>\n<!-- #tablepress-80 from cache -->\n<p>Se puede ver los puntos finales de API, los par\u00e1metros de solicitudes y las respuestas en \u201cSwagger\u201d haciendo clic en este enlace:\u00a0<a href=\"https:\/\/api.fm-track.com\/swagger-ui.html\">https:\/\/api.fm-track.com<\/a><\/p>\n<hr \/>\n<p><div class=\"alignleft\"><a href=\"https:\/\/www.fmsdocumentation.com\/es\/api\/api-de-viajes\/\" title=\"API de viajes\"><span class=\"arrow\">\u2039 &nbsp <\/span> API de viajes <\/a><\/div> <div class=\"alignright\"><a href=\"https:\/\/www.fmsdocumentation.com\/es\/api\/api-de-conductores\/\" title=\"API de conductores\">API de conductores <span class=\"arrow\"> &nbsp\u203a <\/span> <\/a><\/div><\/p>","protected":false},"excerpt":{"rendered":"<p>El prop\u00f3sito principal de la API de an\u00e1lisis de tiempo de conductores es mostrar los datos de tiempo de conducci\u00f3n y descanso para un conductor espec\u00edfico. Los datos mostrados se basan en la funcionalidad de an\u00e1lisis de tiempo. Ejemplo de solicitud para un conductor espec\u00edfico: GET \/drivers\/{driverId}\/current-time-analysis?version=1&amp;api_key=&lt;&#8230;&gt;HOST:api.fm-track.comContent-Type:application\/json;charset=UTF-8 Los siguientes par\u00e1metros son obligatorios para que la &hellip; <a href=\"https:\/\/www.fmsdocumentation.com\/es\/api\/api-de-analisis-de-tiempo-de-conductores\/\" class=\"more-link\">Sigue leyendo <span class=\"screen-reader-text\">API de an\u00e1lisis de tiempo de conductores<\/span><\/a><\/p>\n","protected":false},"author":5,"featured_media":0,"parent":2084,"menu_order":7,"comment_status":"closed","ping_status":"closed","template":"","meta":{"footnotes":""},"class_list":["post-5431","page","type-page","status-publish","hentry"],"_links":{"self":[{"href":"https:\/\/www.fmsdocumentation.com\/es\/wp-json\/wp\/v2\/pages\/5431","targetHints":{"allow":["GET"]}}],"collection":[{"href":"https:\/\/www.fmsdocumentation.com\/es\/wp-json\/wp\/v2\/pages"}],"about":[{"href":"https:\/\/www.fmsdocumentation.com\/es\/wp-json\/wp\/v2\/types\/page"}],"author":[{"embeddable":true,"href":"https:\/\/www.fmsdocumentation.com\/es\/wp-json\/wp\/v2\/users\/5"}],"replies":[{"embeddable":true,"href":"https:\/\/www.fmsdocumentation.com\/es\/wp-json\/wp\/v2\/comments?post=5431"}],"version-history":[{"count":3,"href":"https:\/\/www.fmsdocumentation.com\/es\/wp-json\/wp\/v2\/pages\/5431\/revisions"}],"predecessor-version":[{"id":8104,"href":"https:\/\/www.fmsdocumentation.com\/es\/wp-json\/wp\/v2\/pages\/5431\/revisions\/8104"}],"up":[{"embeddable":true,"href":"https:\/\/www.fmsdocumentation.com\/es\/wp-json\/wp\/v2\/pages\/2084"}],"wp:attachment":[{"href":"https:\/\/www.fmsdocumentation.com\/es\/wp-json\/wp\/v2\/media?parent=5431"}],"curies":[{"name":"wp","href":"https:\/\/api.w.org\/{rel}","templated":true}]}}