{"id":5913,"date":"2018-10-08T10:29:54","date_gmt":"2018-10-08T10:29:54","guid":{"rendered":"http:\/\/www.fmsdocumentation.com\/?page_id=5913"},"modified":"2020-06-09T14:21:43","modified_gmt":"2020-06-09T11:21:43","slug":"ayudante-walkme","status":"publish","type":"page","link":"https:\/\/www.fmsdocumentation.com\/es\/ayudante-walkme\/","title":{"rendered":"Ayudante WalkMe"},"content":{"rendered":"<p>F.M.S utiliza a un ayudante de uso y configuraci\u00f3n WalkMe, para que el usuario pueda conocerse con la plataforma y sus funcionalidades. Despu\u00e9s de iniciar sesi\u00f3n por primera vez, el ayudante WalkMe se presentar\u00e1 al usuario en la parte superior derecha de la pantalla. Haciendo clic en &#8220;Empezar&#8221; o &#8220;Ay\u00fadame&#8221; activar\u00e1 al ayudante.<\/p>\n<p><a href=\"https:\/\/www.fmsdocumentation.com\/wp-content\/uploads\/2018\/11\/369ES.png\"><img loading=\"lazy\" decoding=\"async\" class=\"alignnone size-full wp-image-6261\" src=\"https:\/\/www.fmsdocumentation.com\/wp-content\/uploads\/2018\/11\/369ES.png\" alt=\"\" width=\"258\" height=\"93\" \/><\/a><\/p>\n<p>Despu\u00e9s de activar al ayudante, se mostrar\u00e1 su men\u00fa principal. Este men\u00fa contiene una barra de b\u00fasqueda, un selector de idioma y temas, agrupados por funcionalidades. Haciendo clic en una funcionalidad abrir\u00e1 los temas existentes para esta funcionalidad. Se puede cerrar el men\u00fa haciendo clic en el peque\u00f1o &#8220;X&#8221;, situado en la parte derecha superior del men\u00fa.<\/p>\n<p><a href=\"https:\/\/www.fmsdocumentation.com\/wp-content\/uploads\/2018\/11\/370ES.png\"><img loading=\"lazy\" decoding=\"async\" class=\"alignnone size-full wp-image-6262\" src=\"https:\/\/www.fmsdocumentation.com\/wp-content\/uploads\/2018\/11\/370ES.png\" alt=\"\" width=\"441\" height=\"470\" srcset=\"https:\/\/www.fmsdocumentation.com\/wp-content\/uploads\/2018\/11\/370ES.png 441w, https:\/\/www.fmsdocumentation.com\/wp-content\/uploads\/2018\/11\/370ES-281x300.png 281w\" sizes=\"auto, (max-width: 441px) 100vw, 441px\" \/><\/a><\/p>\n<p>Despu\u00e9s de seleccionar un tema, el ayudante guiar\u00e1 al usuario visualmente y mostrar\u00e1, qu\u00e9 hay que hacer. Los pasos del ayudante son f\u00e1ciles de entender. Despu\u00e9s, el ayudante puede estar activado a cualquier tiempo haciendo clic en el bot\u00f3n &#8220;Ay\u00fadame&#8221;.<\/p>\n<p>El asistente tambi\u00e9n se aparecer\u00e1 de vez en cuando si hay nuevas funcionalidades, para que el usuario pueda familiarizarse con las actualizaciones. El asistente guiar\u00e1 al usuario por las nuevas funcionalidades y mostrar\u00e1, qu\u00e9 se ha actualizado.<\/p>\n<hr \/>\n<p><div class=\"alignleft\"><a href=\"https:\/\/www.fmsdocumentation.com\/es\/\" title=\"Gu\u00eda de FMS\"><span class=\"arrow\">\u2039 &nbsp <\/span> Gu\u00eda de FMS <\/a><\/div><div class=\"alignright\"><a href=\"https:\/\/www.fmsdocumentation.com\/es\/informacion-basica\/\" title=\"Informaci\u00f3n b\u00e1sica\">Informaci\u00f3n b\u00e1sica <span class=\"arrow\"> &nbsp\u203a <\/span> <\/a><\/div><\/p>\n","protected":false},"excerpt":{"rendered":"<p>F.M.S utiliza a un ayudante de uso y configuraci\u00f3n WalkMe, para que el usuario pueda conocerse con la plataforma y sus funcionalidades. Despu\u00e9s de iniciar sesi\u00f3n por primera vez, el ayudante WalkMe se presentar\u00e1 al usuario en la parte superior derecha de la pantalla. Haciendo clic en &#8220;Empezar&#8221; o &#8220;Ay\u00fadame&#8221; activar\u00e1 al ayudante. Despu\u00e9s de &hellip; <a href=\"https:\/\/www.fmsdocumentation.com\/es\/ayudante-walkme\/\" class=\"more-link\">Sigue leyendo <span class=\"screen-reader-text\">Ayudante WalkMe<\/span><\/a><\/p>\n","protected":false},"author":5,"featured_media":0,"parent":0,"menu_order":12,"comment_status":"closed","ping_status":"closed","template":"","meta":{"footnotes":""},"class_list":["post-5913","page","type-page","status-publish","hentry"],"_links":{"self":[{"href":"https:\/\/www.fmsdocumentation.com\/es\/wp-json\/wp\/v2\/pages\/5913","targetHints":{"allow":["GET"]}}],"collection":[{"href":"https:\/\/www.fmsdocumentation.com\/es\/wp-json\/wp\/v2\/pages"}],"about":[{"href":"https:\/\/www.fmsdocumentation.com\/es\/wp-json\/wp\/v2\/types\/page"}],"author":[{"embeddable":true,"href":"https:\/\/www.fmsdocumentation.com\/es\/wp-json\/wp\/v2\/users\/5"}],"replies":[{"embeddable":true,"href":"https:\/\/www.fmsdocumentation.com\/es\/wp-json\/wp\/v2\/comments?post=5913"}],"version-history":[{"count":6,"href":"https:\/\/www.fmsdocumentation.com\/es\/wp-json\/wp\/v2\/pages\/5913\/revisions"}],"predecessor-version":[{"id":6266,"href":"https:\/\/www.fmsdocumentation.com\/es\/wp-json\/wp\/v2\/pages\/5913\/revisions\/6266"}],"wp:attachment":[{"href":"https:\/\/www.fmsdocumentation.com\/es\/wp-json\/wp\/v2\/media?parent=5913"}],"curies":[{"name":"wp","href":"https:\/\/api.w.org\/{rel}","templated":true}]}}