{"id":6327,"date":"2018-12-03T15:11:48","date_gmt":"2018-12-03T13:11:48","guid":{"rendered":"http:\/\/www.fmsdocumentation.com\/?page_id=6327"},"modified":"2018-12-20T11:23:13","modified_gmt":"2018-12-20T09:23:13","slug":"plantillas-de-informes","status":"publish","type":"page","link":"https:\/\/www.fmsdocumentation.com\/es\/menu-de-informes\/plantillas-de-informes\/","title":{"rendered":"Plantillas de informes"},"content":{"rendered":"<p>Las plantillas de informes se usan para crear nuevos informes r\u00e1pidamente, usando un informe existente como plantilla.<\/p>\n<hr \/>\n<h3>Creaci\u00f3n de plantillas<\/h3>\n<p>Hay dos maneras de crear plantillas de informes.<\/p>\n<p><strong>Opci\u00f3n 1:<\/strong> para crear una nueva plantilla de informes, el usuario tiene que crear un nuevo informe y hacer clic en el bot\u00f3n &#8220;Guardar como plantilla&#8221; en lugar de &#8220;Generar&#8221;.<\/p>\n<p><a href=\"https:\/\/www.fmsdocumentation.com\/wp-content\/uploads\/2018\/12\/381ES.png\"><img loading=\"lazy\" decoding=\"async\" class=\"alignnone wp-image-6330\" src=\"https:\/\/www.fmsdocumentation.com\/wp-content\/uploads\/2018\/12\/381ES-1024x157.png\" alt=\"\" width=\"750\" height=\"115\" srcset=\"https:\/\/www.fmsdocumentation.com\/wp-content\/uploads\/2018\/12\/381ES-1024x157.png 1024w, https:\/\/www.fmsdocumentation.com\/wp-content\/uploads\/2018\/12\/381ES-300x46.png 300w, https:\/\/www.fmsdocumentation.com\/wp-content\/uploads\/2018\/12\/381ES-768x118.png 768w, https:\/\/www.fmsdocumentation.com\/wp-content\/uploads\/2018\/12\/381ES.png 1852w\" sizes=\"auto, (max-width: 750px) 100vw, 750px\" \/><\/a><\/p>\n<p>Se abrir\u00e1 una nueva ventana &#8220;Guardar como plantilla&#8221;, en la cual el usuario debe nombrar la nueva plantilla. Hay que hacer clic en &#8220;Guardar&#8221; para guardar la plantilla. Despu\u00e9s de guardar la plantilla, se mostrar\u00e1 un mensaje de \u00e9xito.<\/p>\n<p><a href=\"https:\/\/www.fmsdocumentation.com\/wp-content\/uploads\/2018\/12\/382ES.png\"><img loading=\"lazy\" decoding=\"async\" class=\"alignnone size-full wp-image-6331\" src=\"https:\/\/www.fmsdocumentation.com\/wp-content\/uploads\/2018\/12\/382ES.png\" alt=\"\" width=\"750\" height=\"301\" srcset=\"https:\/\/www.fmsdocumentation.com\/wp-content\/uploads\/2018\/12\/382ES.png 750w, https:\/\/www.fmsdocumentation.com\/wp-content\/uploads\/2018\/12\/382ES-300x120.png 300w\" sizes=\"auto, (max-width: 750px) 100vw, 750px\" \/><\/a><\/p>\n<p><strong>Opci\u00f3n 2:\u00a0 <\/strong>para crear una nueva plantilla de informes, el usuario puede hacer clic en el bot\u00f3n &#8220;Nueva plantilla&#8221; en la pesta\u00f1a &#8220;Plantillas&#8221;.<\/p>\n<p><a href=\"https:\/\/www.fmsdocumentation.com\/wp-content\/uploads\/2018\/12\/385ES.png\"><img loading=\"lazy\" decoding=\"async\" class=\"alignnone wp-image-6779\" src=\"https:\/\/www.fmsdocumentation.com\/wp-content\/uploads\/2018\/12\/385ES-1024x91.png\" alt=\"\" width=\"750\" height=\"67\" srcset=\"https:\/\/www.fmsdocumentation.com\/wp-content\/uploads\/2018\/12\/385ES-1024x91.png 1024w, https:\/\/www.fmsdocumentation.com\/wp-content\/uploads\/2018\/12\/385ES-300x27.png 300w, https:\/\/www.fmsdocumentation.com\/wp-content\/uploads\/2018\/12\/385ES-768x69.png 768w, https:\/\/www.fmsdocumentation.com\/wp-content\/uploads\/2018\/12\/385ES.png 1860w\" sizes=\"auto, (max-width: 750px) 100vw, 750px\" \/><\/a><\/p>\n<p>Se abrir\u00e1 una nueva ventana de creaci\u00f3n de plantilla, en la cual el usuario puede crear la plantilla de la misma manera como si estuviera creando un informe. Hay dos diferencias: el usuario debe introducir el nombre de la plantilla y en lugar de una selecci\u00f3n de fecha espec\u00edfica hay una selecci\u00f3n de longitud de periodo. Hay que hacer clic en el bot\u00f3n &#8220;Guardar&#8221; para guardar la plantilla.<\/p>\n<p><a href=\"https:\/\/www.fmsdocumentation.com\/wp-content\/uploads\/2018\/12\/386ES.png\"><img loading=\"lazy\" decoding=\"async\" class=\"alignnone wp-image-6781\" src=\"https:\/\/www.fmsdocumentation.com\/wp-content\/uploads\/2018\/12\/386ES-1024x610.png\" alt=\"\" width=\"750\" height=\"447\" srcset=\"https:\/\/www.fmsdocumentation.com\/wp-content\/uploads\/2018\/12\/386ES-1024x610.png 1024w, https:\/\/www.fmsdocumentation.com\/wp-content\/uploads\/2018\/12\/386ES-300x179.png 300w, https:\/\/www.fmsdocumentation.com\/wp-content\/uploads\/2018\/12\/386ES-768x458.png 768w, https:\/\/www.fmsdocumentation.com\/wp-content\/uploads\/2018\/12\/386ES.png 1233w\" sizes=\"auto, (max-width: 750px) 100vw, 750px\" \/><\/a><\/p>\n<hr \/>\n<h3>Gesti\u00f3n de plantillas<\/h3>\n<p>Las plantillas existentes se pueden manejar en la pesta\u00f1a &#8220;Plantillas&#8221;. Las plantillas pueden filtrarse por nombre, tipo y basis. Haciendo clic en el bot\u00f3n &#8220;Generar informe&#8221; abrir\u00e1 una ventana nueva de creaci\u00f3n de informe, todos los campos y ajustes se copiar\u00e1n desde la plantilla. Lo \u00fanico que el usuario debe introducir es el rango de fecha. Haciendo clic en el bot\u00f3n &#8220;Suscribir&#8221; abrir\u00e1 una ventana nueva de creaci\u00f3n de suscripci\u00f3n, todos los campos y ajustes se copiar\u00e1n desde la plantilla. Lo \u00fanico que el usuario debe introducir es el nombre de la suscripci\u00f3n y las dirreciones de correo electr\u00f3nico.<\/p>\n<p>Se puede editar plantillas haciendo clic en el icono de l\u00e1piz. Se puede duplicar plantillas haciendo clic en los tres puntos en el extremo derecho y haciendo clic en &#8220;Duplicar plantilla&#8221;. Se puede borrar plantillas marcando las casillas al lado de sus nombres y haciendo clic en &#8220;Borrar la selecci\u00f3n&#8221;, o haciendo clic en los tres puntos en el extremo derecho y haciendo clic en &#8220;Eliminar plantilla&#8221;.<\/p>\n<p><a href=\"https:\/\/www.fmsdocumentation.com\/wp-content\/uploads\/2018\/12\/383ES.png\"><img loading=\"lazy\" decoding=\"async\" class=\"alignnone wp-image-6785\" src=\"https:\/\/www.fmsdocumentation.com\/wp-content\/uploads\/2018\/12\/383ES-1024x269.png\" alt=\"\" width=\"750\" height=\"197\" srcset=\"https:\/\/www.fmsdocumentation.com\/wp-content\/uploads\/2018\/12\/383ES-1024x269.png 1024w, https:\/\/www.fmsdocumentation.com\/wp-content\/uploads\/2018\/12\/383ES-300x79.png 300w, https:\/\/www.fmsdocumentation.com\/wp-content\/uploads\/2018\/12\/383ES-768x202.png 768w, https:\/\/www.fmsdocumentation.com\/wp-content\/uploads\/2018\/12\/383ES.png 1844w\" sizes=\"auto, (max-width: 750px) 100vw, 750px\" \/><\/a><\/p>\n<hr \/>\n<p><div class=\"alignleft\"><a href=\"https:\/\/www.fmsdocumentation.com\/es\/menu-de-informes\/creacion-de-suscripciones-de-informes\/\" title=\"Suscripciones de informes\"><span class=\"arrow\">\u2039 &nbsp <\/span> Suscripciones de informes <\/a><\/div> <div class=\"alignright\"><a href=\"https:\/\/www.fmsdocumentation.com\/es\/menu-de-informes\/informe-de-paises\/\" title=\"Informe de pa\u00edses\">Informe de pa\u00edses <span class=\"arrow\"> &nbsp\u203a <\/span> <\/a><\/div><\/p>\n","protected":false},"excerpt":{"rendered":"<p>Las plantillas de informes se usan para crear nuevos informes r\u00e1pidamente, usando un informe existente como plantilla. Creaci\u00f3n de plantillas Hay dos maneras de crear plantillas de informes. Opci\u00f3n 1: para crear una nueva plantilla de informes, el usuario tiene que crear un nuevo informe y hacer clic en el bot\u00f3n &#8220;Guardar como plantilla&#8221; en &hellip; <a href=\"https:\/\/www.fmsdocumentation.com\/es\/menu-de-informes\/plantillas-de-informes\/\" class=\"more-link\">Sigue leyendo <span class=\"screen-reader-text\">Plantillas de informes<\/span><\/a><\/p>\n","protected":false},"author":5,"featured_media":0,"parent":2139,"menu_order":3,"comment_status":"closed","ping_status":"closed","template":"","meta":{"footnotes":""},"class_list":["post-6327","page","type-page","status-publish","hentry"],"_links":{"self":[{"href":"https:\/\/www.fmsdocumentation.com\/es\/wp-json\/wp\/v2\/pages\/6327","targetHints":{"allow":["GET"]}}],"collection":[{"href":"https:\/\/www.fmsdocumentation.com\/es\/wp-json\/wp\/v2\/pages"}],"about":[{"href":"https:\/\/www.fmsdocumentation.com\/es\/wp-json\/wp\/v2\/types\/page"}],"author":[{"embeddable":true,"href":"https:\/\/www.fmsdocumentation.com\/es\/wp-json\/wp\/v2\/users\/5"}],"replies":[{"embeddable":true,"href":"https:\/\/www.fmsdocumentation.com\/es\/wp-json\/wp\/v2\/comments?post=6327"}],"version-history":[{"count":5,"href":"https:\/\/www.fmsdocumentation.com\/es\/wp-json\/wp\/v2\/pages\/6327\/revisions"}],"predecessor-version":[{"id":6788,"href":"https:\/\/www.fmsdocumentation.com\/es\/wp-json\/wp\/v2\/pages\/6327\/revisions\/6788"}],"up":[{"embeddable":true,"href":"https:\/\/www.fmsdocumentation.com\/es\/wp-json\/wp\/v2\/pages\/2139"}],"wp:attachment":[{"href":"https:\/\/www.fmsdocumentation.com\/es\/wp-json\/wp\/v2\/media?parent=6327"}],"curies":[{"name":"wp","href":"https:\/\/api.w.org\/{rel}","templated":true}]}}