{"id":6341,"date":"2018-12-03T15:58:29","date_gmt":"2018-12-03T13:58:29","guid":{"rendered":"http:\/\/www.fmsdocumentation.com\/?page_id=6341"},"modified":"2018-12-20T15:34:47","modified_gmt":"2018-12-20T13:34:47","slug":"informe-de-parametros-sobre-el-limite","status":"publish","type":"page","link":"https:\/\/www.fmsdocumentation.com\/es\/menu-de-informes\/informe-de-parametros-sobre-el-limite\/","title":{"rendered":"Informe de par\u00e1metros sobre el l\u00edmite"},"content":{"rendered":"<p><strong>Informe de par\u00e1metros sobre el l\u00edmite<\/strong>\u00a0\u2013\u00a0este tipo de informe se centra en datos de velocidad de conductor, principalmente para saber cuando el conductor supera el l\u00edmite de velocidad.\u00a0Al principio el usuario debe seleccionar el per\u00edodo, para el cu\u00e1l se generar\u00e1 este informe.<\/p>\n<p><strong>Rango de fecha<\/strong>\u00a0\u2013 para seleccionar un rango de fecha (per\u00edodo) el usuario debe hacer clic en \u201cElegir rango de fechas\u201d, se abrir\u00e1 un calendario emergente. El calendario es el mismo en todo FMS. Para seleccionar la fecha de inicio \/ final, el usuario simplemente tiene que hacer clic en la fecha deseada y entonces hacer clic en la fecha opuesta. Los d\u00edas seleccionados se resaltar\u00e1n en azul. El d\u00eda actual est\u00e1 resaltado con un tri\u00e1ngulo azul peque\u00f1o. Si se selecciona el d\u00eda actual, el tri\u00e1ngulo estar\u00e1 blanco. Luego, el usuario puede especificar las horas exactas, las cu\u00e1les incluir en el informe. Para guardar los cambios hay que hacer clic en el bot\u00f3n \u201cAplicar\u201d, si no, los cambios no se guardar\u00e1n.<\/p>\n<p><a href=\"https:\/\/www.fmsdocumentation.com\/wp-content\/uploads\/2017\/04\/136ES.png\" data-featherlight=\"image\"><img loading=\"lazy\" decoding=\"async\" class=\"alignnone size-full wp-image-3119\" src=\"https:\/\/www.fmsdocumentation.com\/wp-content\/uploads\/2017\/04\/136ES.png\" sizes=\"auto, (max-width: 575px) 100vw, 575px\" srcset=\"https:\/\/www.fmsdocumentation.com\/wp-content\/uploads\/2017\/04\/136ES.png 575w, https:\/\/www.fmsdocumentation.com\/wp-content\/uploads\/2017\/04\/136ES-300x288.png 300w\" alt=\"\" width=\"575\" height=\"552\" \/><\/a><\/p>\n<p>La longitud m\u00ednima del per\u00edodo es un d\u00eda. Para seleccionar un s\u00f3lo d\u00eda, el usuario simplemente tiene que hacer doble clic en el d\u00eda deseado. La longitud m\u00e1xima del peri\u00f3do es un mes.<\/p>\n<p><strong>Reportar por\u00a0<\/strong>\u2013 este ajuste define el basis principal del informe. Hay dos opciones disponibles:<\/p>\n<ul>\n<li>Objetos<\/li>\n<li>Conductores<\/li>\n<\/ul>\n<p>El informe generado mostrar\u00e1 informaci\u00f3n (<em>par\u00e1metros: distancia de viaje, ubicaci\u00f3n al inicio etc.<\/em>) para el basis seleccionado (<em>objetos o conductores<\/em>). Si se selecciona objetos, el informe mostrar\u00e1 informaci\u00f3n para los objetos seleccionados.<\/p>\n<p>Si se selecciona\u00a0<em>Objetos<\/em>, la lista tambi\u00e9n incluir\u00e1\u00a0<strong>grupos<\/strong>\u00a0de objetos. El usuario puede seleccionar un grupo entero marcando la casilla cerca del grupo. Se puede extender el grupo haciendo clic en el s\u00edmbolo m\u00e1s y se puede hacer clic en el s\u00edmbolo menos para colapsar el grupo.\u00a0<strong>Se puede seleccionar objetos individuales.<\/strong>\u00a0Hay que notar que si se selecciona un objeto, pertenecido a varios grupos, se resaltar\u00e1 en cada grupo, como se muestra en la imagen a continuaci\u00f3n. Si se selecciona un grupo entero, la casilla estar\u00e1 resaltada en azul con una marca blanca. Si se selecciona una parte de grupo, la casilla estar\u00e1 resaltada en azul (mostrado en la imagen a continuaci\u00f3n). El usuario tambi\u00e9n puede utilizar una barra de b\u00fasqueda para encontrar grupos y objectos con rapidez. Se puede seleccionar\/deseleccionar todos los grupos marcando la casilla al lado de \u201cSeleccionar todos los grupos\u201d. La cantidad de objetos seleccionados y todos los objetos se muestra en la esquina derecha superior de la lista.<\/p>\n<p><a href=\"https:\/\/www.fmsdocumentation.com\/wp-content\/uploads\/2017\/04\/281ES.png\"><img loading=\"lazy\" decoding=\"async\" class=\"alignnone wp-image-3115 size-full\" src=\"https:\/\/www.fmsdocumentation.com\/wp-content\/uploads\/2017\/04\/281ES.png\" sizes=\"auto, (max-width: 574px) 100vw, 574px\" srcset=\"https:\/\/www.fmsdocumentation.com\/wp-content\/uploads\/2017\/04\/281ES.png 574w, https:\/\/www.fmsdocumentation.com\/wp-content\/uploads\/2017\/04\/281ES-300x218.png 300w\" alt=\"\" width=\"574\" height=\"418\" \/><\/a><\/p>\n<p>Si se selecciona\u00a0<em>Conductores<\/em>, se mostrar\u00e1n conductores en la lista desplegable. Para seleccionar a un conductor, el usuario tiene que marcar la casilla al lado del conductor. Marcando la casilla \u201cSeleccionar todo\u201d seleccionar\u00e1\/deseleccionar\u00e1 a todos los conductores. La lista se actualiza autom\u00e1ticamente con cada s\u00edmbolo introducido a la barra de b\u00fasqueda.\u00a0La cantidad de conductores seleccionados y todos los conductores se muestra en la esquina derecha superior de la lista.<\/p>\n<p><a href=\"https:\/\/www.fmsdocumentation.com\/wp-content\/uploads\/2018\/12\/340ES.png\" data-featherlight=\"image\"><img loading=\"lazy\" decoding=\"async\" class=\"alignnone size-full wp-image-6804\" src=\"https:\/\/www.fmsdocumentation.com\/wp-content\/uploads\/2018\/12\/340ES.png\" sizes=\"auto, (max-width: 549px) 100vw, 549px\" srcset=\"https:\/\/www.fmsdocumentation.com\/wp-content\/uploads\/2018\/12\/340ES.png 549w, https:\/\/www.fmsdocumentation.com\/wp-content\/uploads\/2018\/12\/340ES-300x162.png 300w\" alt=\"\" width=\"549\" height=\"296\" \/><\/a><\/p>\n<p><strong>Valor excedido<\/strong>\u00a0\u2013 este ajuste define qu\u00e9 par\u00e1metro se usar\u00e1 para el informe. Los siguientes par\u00e1metros est\u00e1n disponibles:<\/p>\n<ul>\n<li>Valor de exceso de velocidad<\/li>\n<li>Valor de inactividad<\/li>\n<\/ul>\n<p><strong>Valor de exceso de velocidad<\/strong>\u00a0\u2013 disponible si <em>Valor de exceso de velocidad<\/em> est\u00e1 seleccionado, este ajuste define el l\u00edmite de velocidad que ser\u00e1 usado como referencia. Se puede introducir s\u00f3lo n\u00fameros enteros.<\/p>\n<p><strong>Periodo de inactividad m\u00ednimo (segundos)<\/strong>\u00a0\u2013 disponible si <em>Valor de inactividad<\/em> est\u00e1 seleccionado, este ajuste define el periodo m\u00ednimo de inactividad que ser\u00e1 usado como referencia. Se puede introducir s\u00f3lo n\u00fameros enteros.<\/p>\n<p>Despu\u00e9s, el usuario debe configurar <strong>la lista de columnas<\/strong>. Los siguientes par\u00e1metros est\u00e1n seleccionados por defecto si <em>Valor de inactividad<\/em> est\u00e1 seleccionado:<\/p>\n<ul>\n<li>Tiempo de inicio de inactividad\u00a0\u2013 el tiempo, al cual se desencaden\u00f3 el evento de inactividad;<\/li>\n<li>Duraci\u00f3n de inactividad\u00a0\u2013 la duraci\u00f3n de la inactividad detectada;<\/li>\n<\/ul>\n<p>Los siguientes par\u00e1metros est\u00e1n seleccionados por defecto si <em>Valor de exceso de velocidad<\/em> est\u00e1 seleccionado:<\/p>\n<ul>\n<li>Tiempo de exceso de velocidad\u00a0\u2013 el tiempo, al cual se desencaden\u00f3 el evento de exceso de velocidad;<\/li>\n<li>Duraci\u00f3n del exceso de velocidad\u00a0\u2013 la duraci\u00f3n del detectado exceso de velocidad;<\/li>\n<li>Velocidad m\u00e1xima\u00a0\u2013 la velocidad m\u00e1xima durante el evento de exceso de velocidad;<\/li>\n<\/ul>\n<p>Este informe tambi\u00e9n incluir\u00e1 los siguientes par\u00e1metros por defecto,\u00a0independientemente de la selecci\u00f3n:<\/p>\n<ul>\n<li>Coordenadas de inicio\u00a0\u2013 las coordenadas en las cuales se desencaden\u00f3 el evento;<\/li>\n<li>Ubicaci\u00f3n de inicio\u00a0\u2013 la ubicaci\u00f3n en la cual se desencaden\u00f3 el evento;<\/li>\n<li>Ubicaci\u00f3n de inicio de Google\u00a0\u2013 un hyperv\u00ednculo a la ubicaci\u00f3n de inicio del evento en Google Maps;<\/li>\n<li>Conductor\u00a0\u2013 el conductor asignado al veh\u00edculo.<\/li>\n<\/ul>\n<p>Otros par\u00e1metros opcionales disponibles en\u00a0<strong>la<\/strong>\u00a0<strong>lista de columnas<\/strong>:<\/p>\n<ul>\n<li>Coordenadas de fin\u00a0\u2013\u00a0las coordenadas en las cuales se termin\u00f3 el evento;<\/li>\n<li>Tiempo de fin de exceso de velocidad\u00a0\u2013\u00a0el tiempo, al cual se termin\u00f3 el evento de exceso de velocidad (si <em>Valor de exceso de velocidad<\/em> est\u00e1 seleccionado);<\/li>\n<li>Tiempo de fin de inactividad\u00a0\u2013\u00a0el tiempo, al cual se termin\u00f3 el evento de inactividad (si <em>Valor de inactividad<\/em> est\u00e1 seleccionado);<\/li>\n<li>Ubicaci\u00f3n de fin\u00a0\u2013\u00a0la ubicaci\u00f3n en la cual se termin\u00f3 el evento;<\/li>\n<li>Ubicaci\u00f3n de fin de Google\u00a0\u2013\u00a0un hyperv\u00ednculo a la ubicaci\u00f3n de fin del evento en Google Maps.<\/li>\n<\/ul>\n<p>Despu\u00e9s de seleccionar los par\u00e1metros,\u00a0el usuario puede habilitar o deshabilitar lo siguiente:<\/p>\n<ul>\n<li><strong>Resumen del informe\u00a0<\/strong>\u2013 habilitado por defecto, incluir\u00e1 una secci\u00f3n de resumen en el informe. Esto resumir\u00e1 toda la informaci\u00f3n en el informe.<\/li>\n<\/ul>\n<p><a href=\"https:\/\/www.fmsdocumentation.com\/wp-content\/uploads\/2018\/12\/384ES.png\"><img loading=\"lazy\" decoding=\"async\" class=\"alignnone size-large wp-image-6346\" src=\"https:\/\/www.fmsdocumentation.com\/wp-content\/uploads\/2018\/12\/384ES-1024x623.png\" alt=\"\" width=\"660\" height=\"402\" srcset=\"https:\/\/www.fmsdocumentation.com\/wp-content\/uploads\/2018\/12\/384ES-1024x623.png 1024w, https:\/\/www.fmsdocumentation.com\/wp-content\/uploads\/2018\/12\/384ES-300x183.png 300w, https:\/\/www.fmsdocumentation.com\/wp-content\/uploads\/2018\/12\/384ES-768x468.png 768w, https:\/\/www.fmsdocumentation.com\/wp-content\/uploads\/2018\/12\/384ES.png 1209w\" sizes=\"auto, (max-width: 660px) 100vw, 660px\" \/><\/a><\/p>\n<p>Para finalizar y generar el informe, el usuario debe hacer clic en el bot\u00f3n \u201cGenerar\u201d. Para cancelar la creaci\u00f3n del informe el usuario tiene que hacer clic en el bot\u00f3n \u201cCancelar\u201d, o en cualquier otro bot\u00f3n fuera de la ventana \u201cGenerar nuevo informe\u201d.<\/p>\n<p><a href=\"https:\/\/www.fmsdocumentation.com\/wp-content\/uploads\/2017\/04\/202ES.png\" data-featherlight=\"image\"><img loading=\"lazy\" decoding=\"async\" class=\"alignnone size-full wp-image-3121\" src=\"https:\/\/www.fmsdocumentation.com\/wp-content\/uploads\/2017\/04\/202ES.png\" sizes=\"auto, (max-width: 528px) 100vw, 528px\" srcset=\"https:\/\/www.fmsdocumentation.com\/wp-content\/uploads\/2017\/04\/202ES.png 528w, https:\/\/www.fmsdocumentation.com\/wp-content\/uploads\/2017\/04\/202ES-300x47.png 300w\" alt=\"\" width=\"528\" height=\"82\" \/><\/a><\/p>\n<hr \/>\n<p><div class=\"alignleft\"><a href=\"https:\/\/www.fmsdocumentation.com\/es\/menu-de-informes\/informe-de-geozonas\/\" title=\"Informe de geozonas\"><span class=\"arrow\">\u2039 &nbsp <\/span> Informe de geozonas <\/a><\/div> <div class=\"alignright\"><a href=\"https:\/\/www.fmsdocumentation.com\/es\/menu-de-informes\/informe-de-temperaturas\/\" title=\"Informe de temperaturas\">Informe de temperaturas <span class=\"arrow\"> &nbsp\u203a <\/span> <\/a><\/div><\/p>\n","protected":false},"excerpt":{"rendered":"<p>Informe de par\u00e1metros sobre el l\u00edmite\u00a0\u2013\u00a0este tipo de informe se centra en datos de velocidad de conductor, principalmente para saber cuando el conductor supera el l\u00edmite de velocidad.\u00a0Al principio el usuario debe seleccionar el per\u00edodo, para el cu\u00e1l se generar\u00e1 este informe. Rango de fecha\u00a0\u2013 para seleccionar un rango de fecha (per\u00edodo) el usuario debe &hellip; <a href=\"https:\/\/www.fmsdocumentation.com\/es\/menu-de-informes\/informe-de-parametros-sobre-el-limite\/\" class=\"more-link\">Sigue leyendo <span class=\"screen-reader-text\">Informe de par\u00e1metros sobre el l\u00edmite<\/span><\/a><\/p>\n","protected":false},"author":5,"featured_media":0,"parent":2139,"menu_order":10,"comment_status":"closed","ping_status":"closed","template":"","meta":{"footnotes":""},"class_list":["post-6341","page","type-page","status-publish","hentry"],"_links":{"self":[{"href":"https:\/\/www.fmsdocumentation.com\/es\/wp-json\/wp\/v2\/pages\/6341","targetHints":{"allow":["GET"]}}],"collection":[{"href":"https:\/\/www.fmsdocumentation.com\/es\/wp-json\/wp\/v2\/pages"}],"about":[{"href":"https:\/\/www.fmsdocumentation.com\/es\/wp-json\/wp\/v2\/types\/page"}],"author":[{"embeddable":true,"href":"https:\/\/www.fmsdocumentation.com\/es\/wp-json\/wp\/v2\/users\/5"}],"replies":[{"embeddable":true,"href":"https:\/\/www.fmsdocumentation.com\/es\/wp-json\/wp\/v2\/comments?post=6341"}],"version-history":[{"count":4,"href":"https:\/\/www.fmsdocumentation.com\/es\/wp-json\/wp\/v2\/pages\/6341\/revisions"}],"predecessor-version":[{"id":6835,"href":"https:\/\/www.fmsdocumentation.com\/es\/wp-json\/wp\/v2\/pages\/6341\/revisions\/6835"}],"up":[{"embeddable":true,"href":"https:\/\/www.fmsdocumentation.com\/es\/wp-json\/wp\/v2\/pages\/2139"}],"wp:attachment":[{"href":"https:\/\/www.fmsdocumentation.com\/es\/wp-json\/wp\/v2\/media?parent=6341"}],"curies":[{"name":"wp","href":"https:\/\/api.w.org\/{rel}","templated":true}]}}