{"id":8177,"date":"2019-07-19T12:35:07","date_gmt":"2019-07-19T10:35:07","guid":{"rendered":"http:\/\/www.fmsdocumentation.com\/api\/api-de-viajes\/"},"modified":"2019-09-05T16:12:23","modified_gmt":"2019-09-05T14:12:23","slug":"api-de-viajes","status":"publish","type":"page","link":"https:\/\/www.fmsdocumentation.com\/es\/api\/api-de-viajes\/","title":{"rendered":"API de viajes"},"content":{"rendered":"\n<p>La API de viajes se usa para proporcionar el historial de viajes de objetos para el periodo solicitado.<\/p>\n\n\n\n<p>Estructura de la solicitud:<\/p>\n\n\n\n<p style=\"background-color: #000000; color: #bbbdc0; font-family: Consolas; padding-left: 10px; padding-right: 10px;\">GET \/objects\/{objectId}\/trips?version=1&#038;from_datetime=<..>&#038;to_datetime=<..>&#038;continuation_token=<..>&#038;limit=<..>&#038;api_key=<..> HTTP\/1.1\r\n<br>HOST:api.fm-track.com\r\n<br>Content-Type:application\/json;charset=UTF-8<\/p>\n\n\n\n<p>Par\u00e1metros de la respuesta:<\/p>\n\n\n\n\n<table id=\"tablepress-133\" class=\"tablepress tablepress-id-133\">\n<thead>\n<tr class=\"row-1\">\n\t<th class=\"column-1\">Par\u00e1metro<\/th><th class=\"column-2\">Tipo<\/th><th class=\"column-3\">Descripci\u00f3n<\/th><th class=\"column-4\">Obligatorio<\/th>\n<\/tr>\n<\/thead>\n<tbody>\n<tr class=\"row-2\">\n\t<td class=\"column-1\">objectId<\/td><td class=\"column-2\">Cadena<\/td><td class=\"column-3\">El ID del objeto externo<\/td><td class=\"column-4\">S\u00ed<\/td>\n<\/tr>\n<tr class=\"row-3\">\n\t<td class=\"column-1\">from_datetime<\/td><td class=\"column-2\">Fecha y hora<\/td><td class=\"column-3\">Encuentra registros desde la fecha y hora especificada. Ejemplo de fecha y hora: \u201c2017-04-13T06:58:48.090Z\u201d<\/td><td class=\"column-4\">S\u00ed<\/td>\n<\/tr>\n<tr class=\"row-4\">\n\t<td class=\"column-1\">to_datetime<\/td><td class=\"column-2\">Fecha y hora<\/td><td class=\"column-3\">Encuentra registros hasta la fecha y hora especificada. Ejemplo de fecha y hora: \u201c2017-04-13T06:58:48.090Z\u201d<\/td><td class=\"column-4\">No<\/td>\n<\/tr>\n<tr class=\"row-5\">\n\t<td class=\"column-1\">continuation_token<\/td><td class=\"column-2\">Fecha y hora<\/td><td class=\"column-3\">Muestra desde cual fecha y hora se muestran los datos si se ha alcanzado el l\u00edmite de registros.<\/td><td class=\"column-4\">No<\/td>\n<\/tr>\n<tr class=\"row-6\">\n\t<td class=\"column-1\">limit<\/td><td class=\"column-2\">N\u00famero entero<\/td><td class=\"column-3\">Cu\u00e1ntos registros se incluyen en la respuesta (el valor por defecto - 100 registros, el valor m\u00e1ximo - 1000 registros).<\/td><td class=\"column-4\">No<\/td>\n<\/tr>\n<tr class=\"row-7\">\n\t<td class=\"column-1\">version<\/td><td class=\"column-2\">Cadena<\/td><td class=\"column-3\">La versi\u00f3n de la API<\/td><td class=\"column-4\">S\u00ed<\/td>\n<\/tr>\n<tr class=\"row-8\">\n\t<td class=\"column-1\">api_key<\/td><td class=\"column-2\">Cadena<\/td><td class=\"column-3\">La clave de identificaci\u00f3n del usuario<\/td><td class=\"column-4\">S\u00ed<\/td>\n<\/tr>\n<\/tbody>\n<\/table>\n<!-- #tablepress-133 from cache -->\n\n\n\n<p>Ejemplo de la respuesta;<\/p>\n\n\n\n<div class=\"wp-block-codemirror-blocks-code-block code-block\"><pre class=\"CodeMirror cm-s-dracula\" data-setting=\"{&quot;mode&quot;:&quot;javascript&quot;,&quot;mime&quot;:&quot;application\/json&quot;,&quot;theme&quot;:&quot;dracula&quot;,&quot;lineNumbers&quot;:true,&quot;styleActiveLine&quot;:false,&quot;lineWrapping&quot;:false,&quot;readOnly&quot;:true,&quot;language&quot;:&quot;JSON&quot;,&quot;modeName&quot;:&quot;json&quot;}\">{\n\t&quot;continuation_token&quot;: &quot;2019-05-24T06:58:48.121Z&quot;,\n\t&quot;trips&quot;: [\n      {\n        &quot;object_id&quot;: &quot;ID0000&quot;,\n        &quot;trip_type&quot;:&quot;BUSINESS&quot;,\n        &quot;trip_duration&quot;: 4781,\n        &quot;mileage&quot;: 10.56,\n        &quot;driver_ids&quot;: [&quot;asdf321&quot;,&quot;123asdf&quot;,&quot;fdsa123&quot;],\n        &quot;trip_start&quot;: {\n          &quot;datetime&quot;: &quot;2019-05-24T06:58:48.121Z&quot;,\n          &quot;longitude&quot;: 11.2222,,\n          &quot;latitude&quot;: 33.444,\n          &quot;address&quot;: {\n            &quot;country&quot;: &quot;Denmark&quot;,\n            &quot;country_code&quot;: &quot;DK&quot;,\n            &quot;county&quot;: &quot;&quot;,\n            &quot;region&quot;: &quot;&quot;,\n            &quot;locality&quot;: &quot;Herlev&quot;,\n            &quot;street&quot;: &quot;Unnamed Road&quot;,\n            &quot;house_number&quot;: &quot;&quot;,\n            &quot;zip&quot;: &quot;2730&quot;\n          },\n          &quot;trip_end&quot;: {\n            &quot;datetime&quot;: &quot;2019-05-24T06:58:48.121Z&quot;,\n            &quot;longitude&quot;: 0,\n            &quot;latitude&quot;: 0,\n            &quot;address&quot;: {\n              &quot;country&quot;: &quot;Denmark&quot;,\n              &quot;country_code&quot;: &quot;DK&quot;,\n              &quot;county&quot;: &quot;&quot;,\n              &quot;region&quot;: &quot;&quot;,\n              &quot;locality&quot;: &quot;Herlev&quot;,\n              &quot;street&quot;: &quot;Unnamed Road&quot;,\n              &quot;house_number&quot;: &quot;&quot;,\n              &quot;zip&quot;: &quot;2730&quot;\n            },\n          },\n\t...\n\t]\n}<\/pre><\/div>\n\n\n\n<p>Si se ha introducido un par\u00e1metro incorrecto, el sistema responder\u00e1 con un c\u00f3digo de error. Los c\u00f3digos de errores se describen en&nbsp;<a href=\"https:\/\/www.fmsdocumentation.com\/es\/api\/?lang=es\">API<\/a>. Los par\u00e1metros sin datos no se incluir\u00e1n en la respuesta. Una lista completa de par\u00e1metros de respuesta est\u00e1 disponible al final de este cap\u00edtulo.<\/p>\n\n\n\n<p>Par\u00e1metros de la respuesta:<\/p>\n\n\n\n\n<table id=\"tablepress-142\" class=\"tablepress tablepress-id-142\">\n<thead>\n<tr class=\"row-1\">\n\t<th class=\"column-1\">Par\u00e1metro<\/th><th class=\"column-2\">Tipo<\/th><th class=\"column-3\">Descripci\u00f3n<\/th><th class=\"column-4\">Unidades<\/th>\n<\/tr>\n<\/thead>\n<tbody>\n<tr class=\"row-2\">\n\t<td class=\"column-1\">continuation_token<\/td><td class=\"column-2\">Cadena<\/td><td class=\"column-3\">Se recibe el s\u00edmbolo de continuaci\u00f3n al solicitar una cantidad grande de registros para per\u00edodos largos, as\u00ed superando el predeterminado l\u00edmite de registros. El s\u00edmbolo de continuaci\u00f3n se mostrar\u00e1 al final de la respuesta y se puede usarlo para mostrar el siguiente conjunto de registros para el per\u00edodo seleccionado. Si no hay m\u00e1s registros despu\u00e9s del s\u00edmbolo de continuaci\u00f3n, la respuesta ser\u00e1 vac\u00eda.<\/td><td class=\"column-4\"><\/td>\n<\/tr>\n<tr class=\"row-3\">\n\t<td class=\"column-1\">trips<\/td><td class=\"column-2\">Array<\/td><td class=\"column-3\">Contiene todos los par\u00e1metros seg\u00fan la solicitud<\/td><td class=\"column-4\"><\/td>\n<\/tr>\n<tr class=\"row-4\">\n\t<td class=\"column-1\">object_id<\/td><td class=\"column-2\">Cadena<\/td><td class=\"column-3\">El ID del objeto<\/td><td class=\"column-4\"><\/td>\n<\/tr>\n<tr class=\"row-5\">\n\t<td class=\"column-1\">trip_type<\/td><td class=\"column-2\">Enum<\/td><td class=\"column-3\">El tipo del viaje<br \/>\nValores posibles:<br \/>\nUNKNOWN<br \/>\nNONE<br \/>\nPRIVATE<br \/>\nBUSINESS<br \/>\nWORK<\/td><td class=\"column-4\"><\/td>\n<\/tr>\n<tr class=\"row-6\">\n\t<td class=\"column-1\">trip_duration<\/td><td class=\"column-2\">Fecha y hora<\/td><td class=\"column-3\">La duraci\u00f3n del viaje<\/td><td class=\"column-4\">s<\/td>\n<\/tr>\n<tr class=\"row-7\">\n\t<td class=\"column-1\">mileage<\/td><td class=\"column-2\">N\u00famero<\/td><td class=\"column-3\">Kilometraje conducido durante el viaje<\/td><td class=\"column-4\">m<\/td>\n<\/tr>\n<tr class=\"row-8\">\n\t<td class=\"column-1\">driver_ids<\/td><td class=\"column-2\">Array<\/td><td class=\"column-3\">Contiene todos los IDs de conductor asignados al veh\u00edculo durante el viaje<\/td><td class=\"column-4\"><\/td>\n<\/tr>\n<tr class=\"row-9\">\n\t<td class=\"column-1\">trip_start<\/td><td class=\"column-2\">Array<\/td><td class=\"column-3\">Contiene los par\u00e1metros del comienzo del viaje<\/td><td class=\"column-4\"><\/td>\n<\/tr>\n<tr class=\"row-10\">\n\t<td class=\"column-1\">datetime<\/td><td class=\"column-2\">Fecha y hora<\/td><td class=\"column-3\">La fecha y hora de coordenada, generada en el hardware. Formato: \"yyyy-mm-ddThh:mm:ss.sssZ\"<\/td><td class=\"column-4\">Fecha y hora<\/td>\n<\/tr>\n<tr class=\"row-11\">\n\t<td class=\"column-1\">longitude<\/td><td class=\"column-2\">N\u00famero<\/td><td class=\"column-3\">Longitud<\/td><td class=\"column-4\">Grados<\/td>\n<\/tr>\n<tr class=\"row-12\">\n\t<td class=\"column-1\">latitude<\/td><td class=\"column-2\">N\u00famero<\/td><td class=\"column-3\">Latitud<\/td><td class=\"column-4\">Grados<\/td>\n<\/tr>\n<tr class=\"row-13\">\n\t<td class=\"column-1\">address<\/td><td class=\"column-2\">Array<\/td><td class=\"column-3\">Contiene los par\u00e1metros de direcci\u00f3n<\/td><td class=\"column-4\"><\/td>\n<\/tr>\n<tr class=\"row-14\">\n\t<td class=\"column-1\">country<\/td><td class=\"column-2\">Cadena<\/td><td class=\"column-3\">El nombre del pa\u00eds<\/td><td class=\"column-4\"><\/td>\n<\/tr>\n<tr class=\"row-15\">\n\t<td class=\"column-1\">country_code<\/td><td class=\"column-2\">Cadena<\/td><td class=\"column-3\">El c\u00f3digo del pa\u00eds<\/td><td class=\"column-4\"><\/td>\n<\/tr>\n<tr class=\"row-16\">\n\t<td class=\"column-1\">county<\/td><td class=\"column-2\">Cadena<\/td><td class=\"column-3\">El nombre del condado<\/td><td class=\"column-4\"><\/td>\n<\/tr>\n<tr class=\"row-17\">\n\t<td class=\"column-1\">region<\/td><td class=\"column-2\">Cadena<\/td><td class=\"column-3\">El nombre de la regi\u00f3n<\/td><td class=\"column-4\"><\/td>\n<\/tr>\n<tr class=\"row-18\">\n\t<td class=\"column-1\">locality<\/td><td class=\"column-2\">Cadena<\/td><td class=\"column-3\">El nombre de la localidad<\/td><td class=\"column-4\"><\/td>\n<\/tr>\n<tr class=\"row-19\">\n\t<td class=\"column-1\">street<\/td><td class=\"column-2\">Cadena<\/td><td class=\"column-3\">El nombre de la calle<\/td><td class=\"column-4\"><\/td>\n<\/tr>\n<tr class=\"row-20\">\n\t<td class=\"column-1\">house_number<\/td><td class=\"column-2\">Cadena<\/td><td class=\"column-3\">El n\u00famero del inmueble<\/td><td class=\"column-4\"><\/td>\n<\/tr>\n<tr class=\"row-21\">\n\t<td class=\"column-1\">zip<\/td><td class=\"column-2\">Cadena<\/td><td class=\"column-3\">El c\u00f3digo ZIP<\/td><td class=\"column-4\"><\/td>\n<\/tr>\n<tr class=\"row-22\">\n\t<td class=\"column-1\">trip_end<\/td><td class=\"column-2\">Array<\/td><td class=\"column-3\">Contiene los par\u00e1metros del fin del viaje<\/td><td class=\"column-4\"><\/td>\n<\/tr>\n<\/tbody>\n<\/table>\n<!-- #tablepress-142 from cache -->\n\n\n\n<p>\n<div class=\"alignleft\"><a href=\"https:\/\/www.fmsdocumentation.com\/es\/api\/api-de-objeto\/\" title=\"API de objeto\"><span class=\"arrow\">\u2039 &nbsp <\/span> API de objeto <\/a><\/div> <div class=\"alignright\"><a href=\"https:\/\/www.fmsdocumentation.com\/es\/api\/api-de-analisis-de-tiempo-de-conductores\/\" title=\"API de an\u00e1lisis de tiempo de conductores\">API de an\u00e1lisis de tiempo de conductores <span class=\"arrow\"> &nbsp\u203a <\/span> <\/a><\/div>\n\n<\/p>\n","protected":false},"excerpt":{"rendered":"<p>La API de viajes se usa para proporcionar el historial de viajes de objetos para el periodo solicitado. Estructura de la solicitud: GET \/objects\/{objectId}\/trips?version=1&#038;from_datetime=&#038;to_datetime=&#038;continuation_token=&#038;limit=&#038;api_key= HTTP\/1.1 HOST:api.fm-track.com Content-Type:application\/json;charset=UTF-8 Par\u00e1metros de la respuesta: Ejemplo de la respuesta; Si se ha introducido un par\u00e1metro incorrecto, el sistema responder\u00e1 con un c\u00f3digo de error. Los c\u00f3digos de errores se &hellip; <a href=\"https:\/\/www.fmsdocumentation.com\/es\/api\/api-de-viajes\/\" class=\"more-link\">Sigue leyendo <span class=\"screen-reader-text\">API de viajes<\/span><\/a><\/p>\n","protected":false},"author":5,"featured_media":0,"parent":2084,"menu_order":6,"comment_status":"closed","ping_status":"closed","template":"","meta":{"footnotes":""},"class_list":["post-8177","page","type-page","status-publish","hentry"],"_links":{"self":[{"href":"https:\/\/www.fmsdocumentation.com\/es\/wp-json\/wp\/v2\/pages\/8177","targetHints":{"allow":["GET"]}}],"collection":[{"href":"https:\/\/www.fmsdocumentation.com\/es\/wp-json\/wp\/v2\/pages"}],"about":[{"href":"https:\/\/www.fmsdocumentation.com\/es\/wp-json\/wp\/v2\/types\/page"}],"author":[{"embeddable":true,"href":"https:\/\/www.fmsdocumentation.com\/es\/wp-json\/wp\/v2\/users\/5"}],"replies":[{"embeddable":true,"href":"https:\/\/www.fmsdocumentation.com\/es\/wp-json\/wp\/v2\/comments?post=8177"}],"version-history":[{"count":3,"href":"https:\/\/www.fmsdocumentation.com\/es\/wp-json\/wp\/v2\/pages\/8177\/revisions"}],"predecessor-version":[{"id":8221,"href":"https:\/\/www.fmsdocumentation.com\/es\/wp-json\/wp\/v2\/pages\/8177\/revisions\/8221"}],"up":[{"embeddable":true,"href":"https:\/\/www.fmsdocumentation.com\/es\/wp-json\/wp\/v2\/pages\/2084"}],"wp:attachment":[{"href":"https:\/\/www.fmsdocumentation.com\/es\/wp-json\/wp\/v2\/media?parent=8177"}],"curies":[{"name":"wp","href":"https:\/\/api.w.org\/{rel}","templated":true}]}}