{"id":14409,"date":"2025-05-29T13:22:09","date_gmt":"2025-05-29T10:22:09","guid":{"rendered":"https:\/\/www.fmsdocumentation.com\/api-za-usmjeravanje-i-zadatke\/"},"modified":"2025-05-29T13:27:55","modified_gmt":"2025-05-29T10:27:55","slug":"api-za-usmjeravanje-i-zadatke","status":"publish","type":"page","link":"https:\/\/www.fmsdocumentation.com\/hr\/apis\/api-za-usmjeravanje-i-zadatke\/","title":{"rendered":"API za usmjeravanje i zadatke"},"content":{"rendered":"\n<p>Uglavnom sve funkcionalnosti koje su dostupne putem web su\u010delja modula Routing and Tasking dostupne su i putem API-ja. Ovaj API je pru\u017een u obliku mo\u0107nog i fleksibilnog GraphQL su\u010delja, \u0161to je prakti\u010dno pri radu s velikim strukturama podataka (a entitet Trip je takve vrste). <\/p>\n\n<p><\/p><p>Molimo pogledajte prilo\u017eeni PDF dokument &#8211; \u201eReferenca za usmjeravanje i zadavanje GraphQL API-ja\u201d.<\/p> <p>Tako\u0111er predla\u017eemo da pregledate primjere na <span style=\"font-size: revert; color: initial;\"><a href=\"https:\/\/dev.azure.com\/Ruptela\/Public\/_git\/routing-tasking\">https:\/\/dev.azure.com\/Ruptela\/Public\/_git\/routing-tasking<\/a><\/span><\/p>\n\n<div data-wp-interactive=\"core\/file\" class=\"wp-block-file\"><object data-wp-bind--hidden=\"!state.hasPdfPreview\" hidden class=\"wp-block-file__embed\" data=\"https:\/\/www.fmsdocumentation.com\/wp-content\/uploads\/2025\/02\/RnT-GraphQL-API-Reference-A3.pdf\" type=\"application\/pdf\" style=\"width:100%;height:600px\" aria-label=\"Embed of Embed of RnT-GraphQL-API-Reference-A3..\"><\/object><a id=\"wp-block-file--media-cacba128-27eb-4f18-a3fc-c0e654b918ec\" href=\"https:\/\/www.fmsdocumentation.com\/wp-content\/uploads\/2025\/02\/RnT-GraphQL-API-Reference-A3.pdf\">RnT-GraphQL-API-Reference-A3<\/a><a href=\"https:\/\/www.fmsdocumentation.com\/wp-content\/uploads\/2025\/02\/RnT-GraphQL-API-Reference-A3.pdf\" class=\"wp-block-file__button\" download=\"\" aria-describedby=\"wp-block-file--media-cacba128-27eb-4f18-a3fc-c0e654b918ec\">Preuzmi<\/a><\/div>\n","protected":false},"excerpt":{"rendered":"<p>Uglavnom sve funkcionalnosti koje su dostupne putem web su\u010delja modula Routing and Tasking dostupne su i putem API-ja. Ovaj API je pru\u017een u obliku mo\u0107nog i fleksibilnog GraphQL su\u010delja, \u0161to je prakti\u010dno pri radu s velikim strukturama podataka (a entitet Trip je takve vrste). Molimo pogledajte prilo\u017eeni PDF dokument &#8211; \u201eReferenca za usmjeravanje i zadavanje &hellip; <a href=\"https:\/\/www.fmsdocumentation.com\/hr\/apis\/api-za-usmjeravanje-i-zadatke\/\" class=\"more-link\">Continue reading <span class=\"screen-reader-text\">API za usmjeravanje i zadatke<\/span><\/a><\/p>\n","protected":false},"author":17,"featured_media":0,"parent":15069,"menu_order":21,"comment_status":"closed","ping_status":"closed","template":"","meta":{"footnotes":""},"class_list":["post-14409","page","type-page","status-publish","hentry"],"_links":{"self":[{"href":"https:\/\/www.fmsdocumentation.com\/hr\/wp-json\/wp\/v2\/pages\/14409","targetHints":{"allow":["GET"]}}],"collection":[{"href":"https:\/\/www.fmsdocumentation.com\/hr\/wp-json\/wp\/v2\/pages"}],"about":[{"href":"https:\/\/www.fmsdocumentation.com\/hr\/wp-json\/wp\/v2\/types\/page"}],"author":[{"embeddable":true,"href":"https:\/\/www.fmsdocumentation.com\/hr\/wp-json\/wp\/v2\/users\/17"}],"replies":[{"embeddable":true,"href":"https:\/\/www.fmsdocumentation.com\/hr\/wp-json\/wp\/v2\/comments?post=14409"}],"version-history":[{"count":1,"href":"https:\/\/www.fmsdocumentation.com\/hr\/wp-json\/wp\/v2\/pages\/14409\/revisions"}],"predecessor-version":[{"id":14429,"href":"https:\/\/www.fmsdocumentation.com\/hr\/wp-json\/wp\/v2\/pages\/14409\/revisions\/14429"}],"up":[{"embeddable":true,"href":"https:\/\/www.fmsdocumentation.com\/hr\/wp-json\/wp\/v2\/pages\/15069"}],"wp:attachment":[{"href":"https:\/\/www.fmsdocumentation.com\/hr\/wp-json\/wp\/v2\/media?parent=14409"}],"curies":[{"name":"wp","href":"https:\/\/api.w.org\/{rel}","templated":true}]}}