{"id":14416,"date":"2025-05-29T13:22:09","date_gmt":"2025-05-29T10:22:09","guid":{"rendered":"https:\/\/www.fmsdocumentation.com\/api-za-dogadaje-goriva\/"},"modified":"2025-05-29T13:27:55","modified_gmt":"2025-05-29T10:27:55","slug":"api-za-dogadaje-goriva","status":"publish","type":"page","link":"https:\/\/www.fmsdocumentation.com\/hr\/apis\/api-za-dogadaje-goriva\/","title":{"rendered":"API za doga\u0111aje goriva"},"content":{"rendered":"<div id=\"content\" class=\"highlighter-context page view\" data-inline-comments-target=\"true\" data-testid=\"page-content-only\">\n<div class=\"_1bsb1osq _19pkidpf _2hwx1wug _otyridpf _18u01wug\">\n<div class=\"css-199ncf4 e5xcnr80\" data-test-appearance=\"full-width\" data-testid=\"pageContentRendererTinyRendererTestId\">\n<div id=\"content\" class=\"page view\" data-testid=\"TinyMCEClientRendererTestId\">\n<div id=\"main-content\" class=\"wiki-content\" data-inline-comments-target=\"true\">\n<h2 id=\"FueleventsAPI-Description\">Opis<\/h2>\n<p>API za doga\u0111aje goriva vra\u0107a informacije o punjenjima i pra\u017enjenjima iz modula za gorivo.<\/p>\n<h2 id=\"FueleventsAPI-Limitations\">Ograni\u010denja<\/h2>\n<ul>\n<li>1000 zahtjeva\/min<\/li>\n<li>Maksimalno razdoblje je 3 mjeseca (92 dana)<\/li>\n<\/ul>\n<h2 id=\"FueleventsAPI-Requestparameters\">Parametri zahtjeva<\/h2>\n<div class=\"code panel pdl conf-macro output-block\" data-hasbody=\"true\" data-macro-name=\"code\" data-macro-id=\"c617caa1-deaf-4b16-868e-e84e505f7a63\">\n<div class=\"codeContent panelContent pdl\">\n<div id=\"highlighter_469202\" class=\"syntaxhighlighter sh-rdark js\">\n<div class=\"wp-block-codemirror-blocks code-block \">\n<pre class=\"CodeMirror\" data-setting='{\"mode\":\"javascript\",\"mime\":\"application\/json\",\"theme\":\"dracula\",\"lineNumbers\":false,\"lineWrapping\":false,\"styleActiveLine\":false,\"readOnly\":true,\"align\":\"\"}'>GET fuel-events?object_id=&lt;..&gt;&amp;from_datetime=&lt;..&gt;&amp;to_datetime=&lt;..&gt;&amp;version=1&amp;api_key=&lt;..&gt;&amp;limit=&lt;..&gt;&amp;continuation_token=&lt;..&gt; HTTP\/1.1\nHost: api.fm-track.com\nContent-Type: application\/json;charset=UTF-8<\/pre>\n<\/div>\n<\/div>\n<\/div>\n<\/div>\n<div class=\"table-wrap\">\n\n<table id=\"tablepress-213\" class=\"tablepress tablepress-id-213\">\n<thead>\n<tr class=\"row-1\">\n\t<th class=\"column-1\">&nbsp;<\/th><th class=\"column-2\">Parameter<\/th><th class=\"column-3\">Type<\/th><th class=\"column-4\">Description<\/th><th class=\"column-5\">Is required<\/th><th class=\"column-6\">Remarks<\/th>\n<\/tr>\n<\/thead>\n<tbody>\n<tr class=\"row-2\">\n\t<td class=\"column-1\">1<\/td><td class=\"column-2\">object_id<\/td><td class=\"column-3\">string<\/td><td class=\"column-4\">External object id<\/td><td class=\"column-5\">+<\/td><td class=\"column-6\"><\/td>\n<\/tr>\n<tr class=\"row-3\">\n\t<td class=\"column-1\">2<\/td><td class=\"column-2\">from_datetime<\/td><td class=\"column-3\">date time<\/td><td class=\"column-4\">Find events starting from specified date<\/td><td class=\"column-5\">+<\/td><td class=\"column-6\">example for format: \"2017-04-13T06:58:48.090Z\" according ISO-8601<\/td>\n<\/tr>\n<tr class=\"row-4\">\n\t<td class=\"column-1\">3<\/td><td class=\"column-2\">to_datetime<\/td><td class=\"column-3\">date time<\/td><td class=\"column-4\">Find events ending to specified date.<\/td><td class=\"column-5\">+<\/td><td class=\"column-6\">example for format: \"2017-04-13T06:58:48.090Z\" according ISO-8601<\/td>\n<\/tr>\n<tr class=\"row-5\">\n\t<td class=\"column-1\">4<\/td><td class=\"column-2\">continuation_token<\/td><td class=\"column-3\">integer<\/td><td class=\"column-4\">Continuation token<\/td><td class=\"column-5\">-<\/td><td class=\"column-6\"><\/td>\n<\/tr>\n<tr class=\"row-6\">\n\t<td class=\"column-1\">5<\/td><td class=\"column-2\">limit<\/td><td class=\"column-3\">integer<\/td><td class=\"column-4\">Limits events count in response.<\/td><td class=\"column-5\">-<\/td><td class=\"column-6\">Default -100. Maximum value - 1000<\/td>\n<\/tr>\n<tr class=\"row-7\">\n\t<td class=\"column-1\">6<\/td><td class=\"column-2\">version<\/td><td class=\"column-3\">string<\/td><td class=\"column-4\">version of API<\/td><td class=\"column-5\">+<\/td><td class=\"column-6\">At this moment we have only version=1<\/td>\n<\/tr>\n<tr class=\"row-8\">\n\t<td class=\"column-1\">7<\/td><td class=\"column-2\">api_key<\/td><td class=\"column-3\">string<\/td><td class=\"column-4\">User identification key<\/td><td class=\"column-5\">+<\/td><td class=\"column-6\"><\/td>\n<\/tr>\n<\/tbody>\n<\/table>\n<!-- #tablepress-213 from cache -->\n<\/div>\n<h2 id=\"FueleventsAPI-Responseparameters\">Parametri odgovora<\/h2>\n<div class=\"code panel pdl conf-macro output-block\" data-hasbody=\"true\" data-macro-name=\"code\" data-macro-id=\"4475fce1-fb82-41de-979a-3607dfca5c46\">\n<div class=\"codeContent panelContent pdl\">\n<div id=\"highlighter_171889\" class=\"syntaxhighlighter sh-rdark js\">\n<div class=\"wp-block-codemirror-blocks code-block \">\n<pre class=\"CodeMirror\" data-setting='{\"mode\":\"javascript\",\"mime\":\"application\/json\",\"theme\":\"dracula\",\"lineNumbers\":false,\"lineWrapping\":false,\"styleActiveLine\":false,\"readOnly\":true,\"align\":\"\"}'>{\n  \"items\": [\n    {\n      \"object_id\": \"a4325fd6-b105-11ed-9a5e-53fa8cfbfd79\",\n      \"event_type\": \"REFUEL\",\n      \"start_date\": \"2023-02-15T14:19:22.000Z\",\n      \"end_date\": \"2023-02-15T15:30:57.000Z\",\n      \"fuel_level_start\": 1164.80,\n      \"fuel_level_end\": 1206.40,\n      \"difference\": 41.60,\n      \"latitude\": 53.77,\n      \"longitude\": -0.64,\n      \"driver_id\": \"a4325fd6-e352-44b9-9b77-355072ac7db9\"\n    },\n...\n  ],\n  \"continuation_token\": 1\n}<\/pre>\n<\/div>\n<\/div>\n<\/div>\n<\/div>\n<div class=\"table-wrap\">\n\n<table id=\"tablepress-214\" class=\"tablepress tablepress-id-214\">\n<thead>\n<tr class=\"row-1\">\n\t<th class=\"column-1\">Name<\/th><th class=\"column-2\">Type<\/th><th class=\"column-3\">Description<\/th>\n<\/tr>\n<\/thead>\n<tbody>\n<tr class=\"row-2\">\n\t<td class=\"column-1\">continuation_token<\/td><td class=\"column-2\">integer<\/td><td class=\"column-3\">Continuation token is sent when number of events in response exceed limit<\/td>\n<\/tr>\n<tr class=\"row-3\">\n\t<td class=\"column-1\">items<\/td><td class=\"column-2\">array<\/td><td class=\"column-3\">Array of events<\/td>\n<\/tr>\n<tr class=\"row-4\">\n\t<td class=\"column-1\">object_id<\/td><td class=\"column-2\">string<\/td><td class=\"column-3\">External object ID<\/td>\n<\/tr>\n<tr class=\"row-5\">\n\t<td class=\"column-1\">event_type<\/td><td class=\"column-2\">string<\/td><td class=\"column-3\">Fuel event type: \"REFUEL\" or \"DRAIN\"<\/td>\n<\/tr>\n<tr class=\"row-6\">\n\t<td class=\"column-1\">start_date<\/td><td class=\"column-2\">date time<\/td><td class=\"column-3\">Begin of fuel event<\/td>\n<\/tr>\n<tr class=\"row-7\">\n\t<td class=\"column-1\">end_date<\/td><td class=\"column-2\">date time<\/td><td class=\"column-3\">End of fuel event<\/td>\n<\/tr>\n<tr class=\"row-8\">\n\t<td class=\"column-1\">fuel_level_start<\/td><td class=\"column-2\">Number<\/td><td class=\"column-3\">Fuel level at fuel event start<\/td>\n<\/tr>\n<tr class=\"row-9\">\n\t<td class=\"column-1\">fuel_level_end<\/td><td class=\"column-2\">Number<\/td><td class=\"column-3\">Fuel level at fuel event end<\/td>\n<\/tr>\n<tr class=\"row-10\">\n\t<td class=\"column-1\">difference<\/td><td class=\"column-2\">Number<\/td><td class=\"column-3\">Fuel level difference from end to start (absolute value)<\/td>\n<\/tr>\n<tr class=\"row-11\">\n\t<td class=\"column-1\">latitude<\/td><td class=\"column-2\">Number<\/td><td class=\"column-3\">Latitude of event start<\/td>\n<\/tr>\n<tr class=\"row-12\">\n\t<td class=\"column-1\">longitude<\/td><td class=\"column-2\">Number<\/td><td class=\"column-3\">Longitude of event start<\/td>\n<\/tr>\n<tr class=\"row-13\">\n\t<td class=\"column-1\">driver_id<\/td><td class=\"column-2\">string<\/td><td class=\"column-3\">External driver ID of driver at event beginning<\/td>\n<\/tr>\n<\/tbody>\n<\/table>\n<!-- #tablepress-214 from cache -->\n<\/div>\n<\/div>\n<\/div>\n<\/div>\n<\/div>\n<\/div>\n","protected":false},"excerpt":{"rendered":"<p>Opis API za doga\u0111aje goriva vra\u0107a informacije o punjenjima i pra\u017enjenjima iz modula za gorivo. Ograni\u010denja 1000 zahtjeva\/min Maksimalno razdoblje je 3 mjeseca (92 dana) Parametri zahtjeva GET fuel-events?object_id=&lt;..&gt;&amp;from_datetime=&lt;..&gt;&amp;to_datetime=&lt;..&gt;&amp;version=1&amp;api_key=&lt;..&gt;&amp;limit=&lt;..&gt;&amp;continuation_token=&lt;..&gt; HTTP\/1.1 Host: api.fm-track.com Content-Type: application\/json;charset=UTF-8 Parametri odgovora { &#8220;items&#8221;: [ { &#8220;object_id&#8221;: &#8220;a4325fd6-b105-11ed-9a5e-53fa8cfbfd79&#8221;, &#8220;event_type&#8221;: &#8220;REFUEL&#8221;, &#8220;start_date&#8221;: &#8220;2023-02-15T14:19:22.000Z&#8221;, &#8220;end_date&#8221;: &#8220;2023-02-15T15:30:57.000Z&#8221;, &#8220;fuel_level_start&#8221;: 1164.80, &#8220;fuel_level_end&#8221;: 1206.40, &#8220;difference&#8221;: 41.60, &#8220;latitude&#8221;: &hellip; <a href=\"https:\/\/www.fmsdocumentation.com\/hr\/apis\/api-za-dogadaje-goriva\/\" class=\"more-link\">Continue reading <span class=\"screen-reader-text\">API za doga\u0111aje goriva<\/span><\/a><\/p>\n","protected":false},"author":19,"featured_media":0,"parent":15069,"menu_order":20,"comment_status":"closed","ping_status":"closed","template":"","meta":{"footnotes":""},"class_list":["post-14416","page","type-page","status-publish","hentry"],"_links":{"self":[{"href":"https:\/\/www.fmsdocumentation.com\/hr\/wp-json\/wp\/v2\/pages\/14416","targetHints":{"allow":["GET"]}}],"collection":[{"href":"https:\/\/www.fmsdocumentation.com\/hr\/wp-json\/wp\/v2\/pages"}],"about":[{"href":"https:\/\/www.fmsdocumentation.com\/hr\/wp-json\/wp\/v2\/types\/page"}],"author":[{"embeddable":true,"href":"https:\/\/www.fmsdocumentation.com\/hr\/wp-json\/wp\/v2\/users\/19"}],"replies":[{"embeddable":true,"href":"https:\/\/www.fmsdocumentation.com\/hr\/wp-json\/wp\/v2\/comments?post=14416"}],"version-history":[{"count":1,"href":"https:\/\/www.fmsdocumentation.com\/hr\/wp-json\/wp\/v2\/pages\/14416\/revisions"}],"predecessor-version":[{"id":15113,"href":"https:\/\/www.fmsdocumentation.com\/hr\/wp-json\/wp\/v2\/pages\/14416\/revisions\/15113"}],"up":[{"embeddable":true,"href":"https:\/\/www.fmsdocumentation.com\/hr\/wp-json\/wp\/v2\/pages\/15069"}],"wp:attachment":[{"href":"https:\/\/www.fmsdocumentation.com\/hr\/wp-json\/wp\/v2\/media?parent=14416"}],"curies":[{"name":"wp","href":"https:\/\/api.w.org\/{rel}","templated":true}]}}