{"id":14446,"date":"2025-05-29T13:22:10","date_gmt":"2025-05-29T10:22:10","guid":{"rendered":"https:\/\/www.fmsdocumentation.com\/api-za-izvjesce-o-voznom-redu-vozaca\/"},"modified":"2025-05-29T13:27:55","modified_gmt":"2025-05-29T10:27:55","slug":"api-za-izvjesce-o-voznom-redu-vozaca","status":"publish","type":"page","link":"https:\/\/www.fmsdocumentation.com\/hr\/apis\/api-za-izvjesce-o-voznom-redu-vozaca\/","title":{"rendered":"API za izvje\u0161\u0107e o voznom redu voza\u010da"},"content":{"rendered":"<div id=\"content\" class=\"highlighter-context page view\" data-inline-comments-target=\"true\" data-testid=\"page-content-only\">\n<div class=\"_1bsb1osq _19pkidpf _2hwx1wug _otyridpf _18u01wug\">\n<div class=\"css-199ncf4 e5xcnr80\" data-test-appearance=\"full-width\" data-testid=\"pageContentRendererTinyRendererTestId\">\n<div id=\"content\" class=\"page view\" data-testid=\"TinyMCEClientRendererTestId\">\n<div id=\"main-content\" class=\"wiki-content\" data-inline-comments-target=\"true\">\n<h2 id=\"DrivertimetablereportAPI-Description\">Opis<\/h2>\n<p>API za izvje\u0161\u0107e o voznom redu voza\u010da vra\u0107a radno vrijeme voza\u010da iz DDD (tahografske) datoteke za razdoblja od 1 mjeseca s no\u0107nim, dnevnim i ukupnim radnim vremenom.<\/p>\n<h2 id=\"DrivertimetablereportAPI-Limitations\">Ograni\u010denja<\/h2>\n<ul>\n<li>1000 zahtjeva\/min<\/li>\n<li><s>Maksimalno razdoblje je 3 mjeseca u pro\u0161lost<\/s><\/li>\n<li>Radi samo za podatke TAHOGRAFA<\/li>\n<\/ul>\n<h2 id=\"DrivertimetablereportAPI-Requestparameters\">Parametri zahtjeva<\/h2>\n<div class=\"code panel pdl conf-macro output-block\" data-hasbody=\"true\" data-macro-name=\"code\" data-macro-id=\"c617caa1-deaf-4b16-868e-e84e505f7a63\">\n<div class=\"codeContent panelContent pdl\">\n<div id=\"highlighter_123045\" class=\"syntaxhighlighter sh-rdark js\">\n<div class=\"wp-block-codemirror-blocks code-block \">\n<pre class=\"CodeMirror\" data-setting='{\"mode\":\"javascript\",\"mime\":\"application\/json\",\"theme\":\"dracula\",\"lineNumbers\":false,\"lineWrapping\":false,\"styleActiveLine\":false,\"readOnly\":true,\"align\":\"\"}'>GET \/drivertimetable\/{type}-{identifier}?api_key=&lt;..&gt;&amp;time_range_year=&lt;..&gt;&amp;timezone=&lt;..&gt;&amp;time_range_month=&lt;..&gt;&amp;business_hours_start=&lt;..&gt;&amp;business_hours_end=&lt;..&gt;&amp;status_available_as_working_time=&lt;..&gt;&amp;version=&lt;..&gt;\nHost: api.fm-track.com\nContent-Type: application\/json;charset=UTF-8<\/pre>\n<\/div>\n<\/div>\n<\/div>\n<\/div>\n<div class=\"table-wrap\">\n\n<table id=\"tablepress-211\" class=\"tablepress tablepress-id-211\">\n<thead>\n<tr class=\"row-1\">\n\t<th class=\"column-1\">&nbsp;<\/th><th class=\"column-2\">Parameter<\/th><th class=\"column-3\">Type<\/th><th class=\"column-4\">Description<\/th><th class=\"column-5\">Is required<\/th><th class=\"column-6\">Remarks<\/th>\n<\/tr>\n<\/thead>\n<tbody>\n<tr class=\"row-2\">\n\t<td class=\"column-1\">1<\/td><td class=\"column-2\">identifier<\/td><td class=\"column-3\">string<\/td><td class=\"column-4\">Driver card number<\/td><td class=\"column-5\">+<\/td><td class=\"column-6\"><\/td>\n<\/tr>\n<tr class=\"row-3\">\n\t<td class=\"column-1\">2<\/td><td class=\"column-2\">type<\/td><td class=\"column-3\">string<\/td><td class=\"column-4\">type of identification<\/td><td class=\"column-5\">+<\/td><td class=\"column-6\">Now only \"TACHOGRAPH\" is supported<\/td>\n<\/tr>\n<tr class=\"row-4\">\n\t<td class=\"column-1\">3<\/td><td class=\"column-2\">timezone<\/td><td class=\"column-3\">string<\/td><td class=\"column-4\">time zone<\/td><td class=\"column-5\">+<\/td><td class=\"column-6\">example for format: \"timezone=GMT\", \"timezone=Vilnius\" etc.<\/td>\n<\/tr>\n<tr class=\"row-5\">\n\t<td class=\"column-1\">4<\/td><td class=\"column-2\">time_range_month<\/td><td class=\"column-3\">integer<\/td><td class=\"column-4\">time range set by months<\/td><td class=\"column-5\">+<\/td><td class=\"column-6\">example for format: \"time_range_month=8\"<\/td>\n<\/tr>\n<tr class=\"row-6\">\n\t<td class=\"column-1\">5<\/td><td class=\"column-2\">time_range_year<\/td><td class=\"column-3\">integer<\/td><td class=\"column-4\">time range year by year<\/td><td class=\"column-5\">+<\/td><td class=\"column-6\">Example for format: \"time_range_year=2022\"<\/td>\n<\/tr>\n<tr class=\"row-7\">\n\t<td class=\"column-1\">6<\/td><td class=\"column-2\">business_hours_start<\/td><td class=\"column-3\">string<\/td><td class=\"column-4\">business hours start at time<\/td><td class=\"column-5\">+<\/td><td class=\"column-6\">Example for format: \"business_hours_start=07:00\"<\/td>\n<\/tr>\n<tr class=\"row-8\">\n\t<td class=\"column-1\">7<\/td><td class=\"column-2\">business_hours_end<\/td><td class=\"column-3\">string<\/td><td class=\"column-4\">business hours end at time<\/td><td class=\"column-5\">+<\/td><td class=\"column-6\">Example for format: \"business_hours_end=18:00\"<\/td>\n<\/tr>\n<tr class=\"row-9\">\n\t<td class=\"column-1\">8<\/td><td class=\"column-2\">status_available_as_working_time<\/td><td class=\"column-3\">boolean<\/td><td class=\"column-4\">status available as working time TRUE\/FALSE<\/td><td class=\"column-5\">+<\/td><td class=\"column-6\">Include status available as working time for the working hours calculation<\/td>\n<\/tr>\n<tr class=\"row-10\">\n\t<td class=\"column-1\">9<\/td><td class=\"column-2\">version<\/td><td class=\"column-3\">string<\/td><td class=\"column-4\">version of API<\/td><td class=\"column-5\">+<\/td><td class=\"column-6\">At this moment we have only version=1<\/td>\n<\/tr>\n<tr class=\"row-11\">\n\t<td class=\"column-1\">10<\/td><td class=\"column-2\">api_key<\/td><td class=\"column-3\">string<\/td><td class=\"column-4\">User identification key<\/td><td class=\"column-5\">+<\/td><td class=\"column-6\"><\/td>\n<\/tr>\n<\/tbody>\n<\/table>\n<!-- #tablepress-211 from cache -->\n<\/div>\n<h2 id=\"DrivertimetablereportAPI-Responseparameters\">Parametri odgovora<\/h2>\n<div class=\"code panel pdl conf-macro output-block\" data-hasbody=\"true\" data-macro-name=\"code\" data-macro-id=\"4475fce1-fb82-41de-979a-3607dfca5c46\">\n<div class=\"codeContent panelContent pdl\">\n<div id=\"highlighter_23963\" class=\"syntaxhighlighter sh-rdark js\">\n<div class=\"wp-block-codemirror-blocks code-block \">\n<pre class=\"CodeMirror\" data-setting='{\"mode\":\"javascript\",\"mime\":\"application\/json\",\"theme\":\"dracula\",\"lineNumbers\":false,\"lineWrapping\":false,\"styleActiveLine\":false,\"readOnly\":true,\"align\":\"\"}'>{\n  \"days\": [\n    {\n      \"date\": \"2023-05-15T13:56:15.275Z\",\n      \"holiday\": true,\n      \"work_duration_at_day\": 0,\n      \"work_duration_at_night\": 0\n    }\n  ],\n  \"driver_name\": \"string\",\n  \"identifier\": \"string\",\n  \"time_card_number\": \"string\",\n  \"total_day_working_hours\": 0,\n  \"total_night_working_hours\": 0,\n  \"total_working_hours\": 0\n}<\/pre>\n<\/div>\n<\/div>\n<\/div>\n<\/div>\n<div class=\"table-wrap\">\n\n<table id=\"tablepress-212\" class=\"tablepress tablepress-id-212\">\n<thead>\n<tr class=\"row-1 odd\">\n\t<th class=\"column-1\">Name<\/th><th class=\"column-2\">Type<\/th><th class=\"column-3\">Description<\/th>\n<\/tr>\n<\/thead>\n<tbody class=\"row-hover\">\n<tr class=\"row-2 even\">\n\t<td class=\"column-1\">identifier<\/td><td class=\"column-2\">string<\/td><td class=\"column-3\">Driver card number<\/td>\n<\/tr>\n<tr class=\"row-3 odd\">\n\t<td class=\"column-1\">driver_name<\/td><td class=\"column-2\">string<\/td><td class=\"column-3\">Driver name and surname<\/td>\n<\/tr>\n<tr class=\"row-4 even\">\n\t<td class=\"column-1\">time_card_number<\/td><td class=\"column-2\">string<\/td><td class=\"column-3\">Time card number<\/td>\n<\/tr>\n<tr class=\"row-5 odd\">\n\t<td class=\"column-1\">total_day_working_hours<\/td><td class=\"column-2\">number<\/td><td class=\"column-3\">Summary of working time during day hours. Units: seconds.<\/td>\n<\/tr>\n<tr class=\"row-6 even\">\n\t<td class=\"column-1\">total_night_working_hours<\/td><td class=\"column-2\">number<\/td><td class=\"column-3\">Summary of working time during night hours. Units: seconds.<\/td>\n<\/tr>\n<tr class=\"row-7 odd\">\n\t<td class=\"column-1\">total_working_hours<\/td><td class=\"column-2\">number<\/td><td class=\"column-3\">Summary of working time. Units: seconds.<\/td>\n<\/tr>\n<tr class=\"row-8 even\">\n\t<td class=\"column-1\">days<\/td><td class=\"column-2\">array<\/td><td class=\"column-3\">Array of days<\/td>\n<\/tr>\n<tr class=\"row-9 odd\">\n\t<td class=\"column-1\">date<\/td><td class=\"column-2\">datetime<\/td><td class=\"column-3\">Day date, format \"2022-07-03T00:00:00.000\"<\/td>\n<\/tr>\n<tr class=\"row-10 even\">\n\t<td class=\"column-1\">holiday<\/td><td class=\"column-2\">boolean<\/td><td class=\"column-3\">\"True\" if day is holiday, \"false\" if not.<\/td>\n<\/tr>\n<tr class=\"row-11 odd\">\n\t<td class=\"column-1\">work_duration_at_day<\/td><td class=\"column-2\">number<\/td><td class=\"column-3\">Working time for the day during day hours. Units: seconds.<\/td>\n<\/tr>\n<tr class=\"row-12 even\">\n\t<td class=\"column-1\">work_duration_at_night<\/td><td class=\"column-2\">number<\/td><td class=\"column-3\">Working time for the day during night hours. Units: seconds.<\/td>\n<\/tr>\n<\/tbody>\n<\/table>\n<!-- #tablepress-212 from cache -->\n<\/div>\n<\/div>\n<\/div>\n<\/div>\n<\/div>\n<\/div>\n","protected":false},"excerpt":{"rendered":"<p>Opis API za izvje\u0161\u0107e o voznom redu voza\u010da vra\u0107a radno vrijeme voza\u010da iz DDD (tahografske) datoteke za razdoblja od 1 mjeseca s no\u0107nim, dnevnim i ukupnim radnim vremenom. Ograni\u010denja 1000 zahtjeva\/min Maksimalno razdoblje je 3 mjeseca u pro\u0161lost Radi samo za podatke TAHOGRAFA Parametri zahtjeva GET \/drivertimetable\/{type}-{identifier}?api_key=&lt;..&gt;&amp;time_range_year=&lt;..&gt;&amp;timezone=&lt;..&gt;&amp;time_range_month=&lt;..&gt;&amp;business_hours_start=&lt;..&gt;&amp;business_hours_end=&lt;..&gt;&amp;status_available_as_working_time=&lt;..&gt;&amp;version=&lt;..&gt; Host: api.fm-track.com Content-Type: application\/json;charset=UTF-8 Parametri odgovora { &#8220;days&#8221;: &hellip; <a href=\"https:\/\/www.fmsdocumentation.com\/hr\/apis\/api-za-izvjesce-o-voznom-redu-vozaca\/\" class=\"more-link\">Continue reading <span class=\"screen-reader-text\">API za izvje\u0161\u0107e o voznom redu voza\u010da<\/span><\/a><\/p>\n","protected":false},"author":19,"featured_media":0,"parent":15069,"menu_order":19,"comment_status":"closed","ping_status":"closed","template":"","meta":{"footnotes":""},"class_list":["post-14446","page","type-page","status-publish","hentry"],"_links":{"self":[{"href":"https:\/\/www.fmsdocumentation.com\/hr\/wp-json\/wp\/v2\/pages\/14446","targetHints":{"allow":["GET"]}}],"collection":[{"href":"https:\/\/www.fmsdocumentation.com\/hr\/wp-json\/wp\/v2\/pages"}],"about":[{"href":"https:\/\/www.fmsdocumentation.com\/hr\/wp-json\/wp\/v2\/types\/page"}],"author":[{"embeddable":true,"href":"https:\/\/www.fmsdocumentation.com\/hr\/wp-json\/wp\/v2\/users\/19"}],"replies":[{"embeddable":true,"href":"https:\/\/www.fmsdocumentation.com\/hr\/wp-json\/wp\/v2\/comments?post=14446"}],"version-history":[{"count":1,"href":"https:\/\/www.fmsdocumentation.com\/hr\/wp-json\/wp\/v2\/pages\/14446\/revisions"}],"predecessor-version":[{"id":15112,"href":"https:\/\/www.fmsdocumentation.com\/hr\/wp-json\/wp\/v2\/pages\/14446\/revisions\/15112"}],"up":[{"embeddable":true,"href":"https:\/\/www.fmsdocumentation.com\/hr\/wp-json\/wp\/v2\/pages\/15069"}],"wp:attachment":[{"href":"https:\/\/www.fmsdocumentation.com\/hr\/wp-json\/wp\/v2\/media?parent=14446"}],"curies":[{"name":"wp","href":"https:\/\/api.w.org\/{rel}","templated":true}]}}