{"id":14483,"date":"2025-05-29T13:24:03","date_gmt":"2025-05-29T10:24:03","guid":{"rendered":"https:\/\/www.fmsdocumentation.com\/api-za-posljednju-koordinatu-objekta\/"},"modified":"2025-05-29T13:27:55","modified_gmt":"2025-05-29T10:27:55","slug":"api-za-posljednju-koordinatu-objekta","status":"publish","type":"page","link":"https:\/\/www.fmsdocumentation.com\/hr\/apis\/api-za-posljednju-koordinatu-objekta\/","title":{"rendered":"API za posljednju koordinatu objekta"},"content":{"rendered":"\n<p>Ovaj API je vrlo sli\u010dan Object API-ju, ali dodatno pru\u017ea najnoviju lokaciju objekta (vozila).  <\/p>\n\n<p>Na V2 API-ju lokacija je navedena u obliku koordinata, dok je na V3 dodatno navedena u obliku adrese.  <\/p>\n\n<h3 class=\"wp-block-heading\">Dohvati popis objekata s posljednjom koordinatom v2<\/h3>\n\n<p>Ova API krajnja to\u010dka pru\u017eit \u0107e popis objekata koji su vidljivi korisniku pod odre\u0111enim klijentom. Lokacija se navodi u obliku koordinata. Ako sustav nema primljene koordinate, parametar <em>last_coordinate<\/em> bit \u0107e prazan.  <\/p>\n\n<p>Swagger: <a href=\"https:\/\/api.fm-track.com\/swagger-ui.html#!\/Objects32Last32Coordinate32API\/getObjectsLastCoordinateUsingGET\">https:\/\/api.fm-track.com\/swagger-ui.html#!\/Objects32Last32Coordinate32API\/getObjectsLastCoordinateUsingGET<\/a><\/p>\n\n<p style=\"background-color: #000000; color: #bbbdc0; font-family: Consolas; padding-left: 10px; padding-right: 10px;\">\nGET \/objekti-zadnja-koordinata?verzija=2&#038;api_key= <...>&#038;limit= <...>&#038;continuation_token= <...>HTTP\/1.1\n<br\/> Doma\u0107in: api.fm-track.com\n<br\/> Vrsta sadr\u017eaja: application\/json; charset=UTF-8\n<\/p>\n<figure class=\"wp-block-table\"><table><tbody><tr><th><strong>Parametar<\/strong><\/th><th><strong>Tip<\/strong><\/th><th><strong>Opis<\/strong><\/th><th><strong>Je li obavezno?<\/strong><\/th><th><strong>Napomene<\/strong><\/th><\/tr><tr><td>verzija<\/td><td>Me\u0111unarodna<\/td><td>Verzija API-ja<\/td><td>DA<\/td><td>MORA BITI 2<\/td><\/tr><tr><td>API_klju\u010d<\/td><td>Niz<\/td><td>Klju\u010d za identifikaciju korisnika<\/td><td>DA<\/td><td>\u00a0<\/td><\/tr><tr><td>ograni\u010diti<\/td><td>Me\u0111unarodna<\/td><td>Iznos preuzimanja objekta<\/td><td>NE<\/td><td>zadano = 100, maks. = 1000<\/td><\/tr><tr><td>token_nastavka<\/td><td>Niz<\/td><td>\u00a0<\/td><td>NE<\/td><td>\u00a0<\/td><\/tr><\/tbody><\/table><\/figure>\n\n<h4 class=\"wp-block-heading\">Primjer zahtjeva za Curl<\/h4>\n\n<p>Za brzo testiranje mo\u017eete poku\u0161ati koristiti curl zahtjev (API klju\u010d treba zamijeniti stvarnim).<\/p>\n\n<div class=\"wp-block-codemirror-blocks-code-block code-block\"><pre class=\"CodeMirror\" data-setting=\"{&quot;mode&quot;:&quot;shell&quot;,&quot;mime&quot;:&quot;text\/x-sh&quot;,&quot;theme&quot;:&quot;dracula&quot;,&quot;lineNumbers&quot;:false,&quot;styleActiveLine&quot;:false,&quot;lineWrapping&quot;:false,&quot;readOnly&quot;:true,&quot;translatedWithWPMLTM&quot;:&quot;1&quot;,&quot;language&quot;:&quot;Shell&quot;,&quot;modeName&quot;:&quot;shell&quot;}\">curl -X GET \"https:\/\/api.fm-track.com\/objects-last-coordinate?version=2&amp;api_key=r5B5p-CgBlEOpb11HqjZbfbUEI_LTjO9\" \\\n-H \"Accept: application\/json\"\n<\/pre><\/div>\n\n<h4 class=\"wp-block-heading\">Primjer odgovora<\/h4>\n\n<div class=\"wp-block-codemirror-blocks-code-block code-block\"><pre class=\"CodeMirror\" data-setting=\"{&quot;mode&quot;:&quot;javascript&quot;,&quot;mime&quot;:&quot;application\/json&quot;,&quot;theme&quot;:&quot;dracula&quot;,&quot;lineNumbers&quot;:false,&quot;styleActiveLine&quot;:false,&quot;lineWrapping&quot;:false,&quot;readOnly&quot;:true,&quot;translatedWithWPMLTM&quot;:&quot;1&quot;,&quot;language&quot;:&quot;JSON&quot;,&quot;modeName&quot;:&quot;json&quot;}\">{\n    \"results\": [\n        {\n            \"id\": \"9db8ce84-85ef-11e9-89b6-b33c5b120f33\",\n            \"name\": \"AAAAAAAA\",\n            \"imei\": 999955557777,\n            \"vehicle_params\": {\n                \"model\": \"R1250\",\n                \"make\": \"BMW\",\n                \"vin\": null,\n                \"plate_number\": null,\n                \"average_fuel_consumption\": null,\n                \"fuel_tank_capacity\": null,\n                \"fuel_type\": \"DIESEL\"\n            },\n            \"last_coordinate\": {\n                \"satellites_count\": 13,\n                \"altitude\": 30,\n                \"speed\": 104,\n                \"direction\": 166,\n                \"latitude\": 50.311658,\n                \"longitude\": 14.607314,\n                \"datetime\": \"2025-05-01T13:02:00.000Z\",\n                \"last_valid_gps_datetime\": \"2022-09-01T13:02:00.000Z\",\n                \"server_datetime\": \"2022-09-02T09:25:55.980Z\"\n            }\n        },\n        {\n            \"id\": \"7bf8990c-dba6-11e9-bdfc-1ff21de66015\",\n            \"name\": \"AAA333\",\n            \"imei\": 490154203237001,\n            \"vehicle_params\": {\n                \"model\": \"\",\n                \"make\": \"\",\n                \"vin\": null,\n                \"plate_number\": null,\n                \"average_fuel_consumption\": 0.00,\n                \"fuel_tank_capacity\": null,\n                \"fuel_type\": \"DIESEL\"\n            },\n            \"last_coordinate\": {\n                \"satellites_count\": 13,\n                \"altitude\": 30,\n                \"speed\": 104,\n                \"direction\": 166,\n                \"latitude\": 50.311658,\n                \"longitude\": 14.607314,\n                \"datetime\": \"2025-05-01T13:02:00.000Z\",\n                \"last_valid_gps_datetime\": \"2022-09-01T13:02:00.000Z\",\n                \"server_datetime\": \"2022-09-02T09:25:55.980Z\"\n            }\n        }\n    ],\n    \"continuation_token\": \"12300000-0000-0000-0000-000008823234\"\n}<\/pre><\/div>\n\n<h4 class=\"wp-block-heading\">Token za nastavak<\/h4>\n\n<p>U slu\u010daju da je unutar odgovora naveden <em>continuation_token<\/em> , to zna\u010di da se ne uklapaju svi objekti u odgovor te da treba pokrenuti dodatni poziv. Token za nastavak u ovom slu\u010daju je vanjski ID objekta. Prilikom upu\u0107ivanja sljede\u0107eg poziva, preostali popis objekata bit \u0107e vra\u0107en po\u010dev\u0161i od tog ID-a objekta. Pozivi se trebaju ponavljati sve dok se unutar odgovora ne navede nikakav token za nastavak.   <\/p>\n\n<h2 class=\"wp-block-heading\">Dobij jedan objekt s posljednjom koordinatom v2<\/h2>\n\n<p>Ako je za jedan objekt potrebna zadnja koordinata, treba koristiti ovaj API.<\/p>\n\n<p>Swagger: <a href=\"https:\/\/api.fm-track.com\/swagger-ui.html#!\/Objects32Last32Coordinate32API\/getObjectLastCoordinateUsingGET\">https:\/\/api.fm-track.com\/swagger-ui.html#!\/Objects32Last32Coordinate32API\/getObjectLastCoordinateUsingGET<\/a><\/p>\n\n<p style=\"background-color: #000000; color: #bbbdc0; font-family: Consolas; padding-left: 10px; padding-right: 10px;\">\nGET \/objekti-zadnja-koordinata\/{objectId} ?verzija=2&#038;api_key= <...>HTTP\/1.1\n Doma\u0107in: api.fm-track.com\n Vrsta sadr\u017eaja: application\/json; charset=UTF-8\n<\/p>\n<figure class=\"wp-block-table\"><table><tbody><tr><th><strong>Parametar<\/strong><\/th><th><strong>Tip<\/strong><\/th><th><strong>Opis<\/strong><\/th><th><strong>Je li obavezno?<\/strong><\/th><th><strong>Napomene<\/strong><\/th><\/tr><tr><td>verzija<\/td><td>Me\u0111unarodna<\/td><td>Verzija API-ja<\/td><td>DA<\/td><td>MORA BITI 2<\/td><\/tr><tr><td>API_klju\u010d<\/td><td>Niz<\/td><td>Klju\u010d za identifikaciju korisnika<\/td><td>DA<\/td><td>\u00a0<\/td><\/tr><\/tbody><\/table><\/figure>\n\n<h4 class=\"wp-block-heading\">Primjer zahtjeva za Curl<\/h4>\n\n<p>Za brzo testiranje mo\u017eete poku\u0161ati koristiti curl zahtjev (API klju\u010d treba zamijeniti stvarnim).<\/p>\n\n<div class=\"wp-block-codemirror-blocks-code-block code-block\"><pre class=\"CodeMirror\" data-setting=\"{&quot;mode&quot;:&quot;shell&quot;,&quot;mime&quot;:&quot;text\/x-sh&quot;,&quot;theme&quot;:&quot;dracula&quot;,&quot;lineNumbers&quot;:false,&quot;styleActiveLine&quot;:false,&quot;lineWrapping&quot;:false,&quot;readOnly&quot;:true,&quot;translatedWithWPMLTM&quot;:&quot;1&quot;,&quot;language&quot;:&quot;Shell&quot;,&quot;modeName&quot;:&quot;shell&quot;}\">curl -X GET \"https:\/\/api.fm-track.com\/objects-last-coordinate\/7bf8990c-dba6-11e9-bdfc-1ff21de66015?version=2&amp;api_key=r5B5p-CgBlEOpb11HqjZbfbUEI_LTjO9\" \\\n-H \"Accept: application\/json\"<\/pre><\/div>\n\n<h4 class=\"wp-block-heading\">Primjer odgovora<\/h4>\n\n<div class=\"wp-block-codemirror-blocks-code-block code-block\"><pre class=\"CodeMirror\" data-setting=\"{&quot;mode&quot;:&quot;javascript&quot;,&quot;mime&quot;:&quot;application\/json&quot;,&quot;theme&quot;:&quot;dracula&quot;,&quot;lineNumbers&quot;:false,&quot;styleActiveLine&quot;:false,&quot;lineWrapping&quot;:false,&quot;readOnly&quot;:true,&quot;translatedWithWPMLTM&quot;:&quot;1&quot;,&quot;language&quot;:&quot;JSON&quot;,&quot;modeName&quot;:&quot;json&quot;}\">{\n    \"id\": \"7bf8990c-dba6-11e9-bdfc-1ff21de66015\",\n    \"name\": \"AAA333\",\n    \"imei\": 490154203237001,\n    \"vehicle_params\": {\n        \"model\": \"\",\n        \"make\": \"\",\n        \"vin\": null,\n        \"plate_number\": null,\n        \"average_fuel_consumption\": 0.00,\n        \"fuel_tank_capacity\": null,\n        \"fuel_type\": \"DIESEL\"\n    },\n    \"last_coordinate\": {\n        \"satellites_count\": 13,\n        \"altitude\": 30,\n        \"speed\": 104,\n        \"direction\": 166,\n        \"latitude\": 50.311658,\n        \"longitude\": 14.607314,\n        \"datetime\": \"2025-05-01T13:02:00.000Z\",\n        \"last_valid_gps_datetime\": \"2025-05-01T13:02:00.000Z\",\n        \"server_datetime\": \"2025-05-02T09:25:55.980Z\"\n    }\n}<\/pre><\/div>\n","protected":false},"excerpt":{"rendered":"<p>Ovaj API je vrlo sli\u010dan Object API-ju, ali dodatno pru\u017ea najnoviju lokaciju objekta (vozila). Na V2 API-ju lokacija je navedena u obliku koordinata, dok je na V3 dodatno navedena u obliku adrese. Dohvati popis objekata s posljednjom koordinatom v2 Ova API krajnja to\u010dka pru\u017eit \u0107e popis objekata koji su vidljivi korisniku pod odre\u0111enim klijentom. Lokacija &hellip; <a href=\"https:\/\/www.fmsdocumentation.com\/hr\/apis\/api-za-posljednju-koordinatu-objekta\/\" class=\"more-link\">Continue reading <span class=\"screen-reader-text\">API za posljednju koordinatu objekta<\/span><\/a><\/p>\n","protected":false},"author":17,"featured_media":0,"parent":15069,"menu_order":6,"comment_status":"closed","ping_status":"closed","template":"","meta":{"footnotes":""},"class_list":["post-14483","page","type-page","status-publish","hentry"],"_links":{"self":[{"href":"https:\/\/www.fmsdocumentation.com\/hr\/wp-json\/wp\/v2\/pages\/14483","targetHints":{"allow":["GET"]}}],"collection":[{"href":"https:\/\/www.fmsdocumentation.com\/hr\/wp-json\/wp\/v2\/pages"}],"about":[{"href":"https:\/\/www.fmsdocumentation.com\/hr\/wp-json\/wp\/v2\/types\/page"}],"author":[{"embeddable":true,"href":"https:\/\/www.fmsdocumentation.com\/hr\/wp-json\/wp\/v2\/users\/17"}],"replies":[{"embeddable":true,"href":"https:\/\/www.fmsdocumentation.com\/hr\/wp-json\/wp\/v2\/comments?post=14483"}],"version-history":[{"count":1,"href":"https:\/\/www.fmsdocumentation.com\/hr\/wp-json\/wp\/v2\/pages\/14483\/revisions"}],"predecessor-version":[{"id":14498,"href":"https:\/\/www.fmsdocumentation.com\/hr\/wp-json\/wp\/v2\/pages\/14483\/revisions\/14498"}],"up":[{"embeddable":true,"href":"https:\/\/www.fmsdocumentation.com\/hr\/wp-json\/wp\/v2\/pages\/15069"}],"wp:attachment":[{"href":"https:\/\/www.fmsdocumentation.com\/hr\/wp-json\/wp\/v2\/media?parent=14483"}],"curies":[{"name":"wp","href":"https:\/\/api.w.org\/{rel}","templated":true}]}}