{"id":14513,"date":"2025-05-29T13:24:05","date_gmt":"2025-05-29T10:24:05","guid":{"rendered":"https:\/\/www.fmsdocumentation.com\/izvjesce-o-pregledu-i-kvarovi\/"},"modified":"2025-05-29T13:25:52","modified_gmt":"2025-05-29T10:25:52","slug":"izvjesce-o-pregledu-i-kvarovi","status":"publish","type":"page","link":"https:\/\/www.fmsdocumentation.com\/hr\/aplikacija-ontrack-go\/izvjesce-o-pregledu-i-kvarovi\/","title":{"rendered":"Izvje\u0161\u0107e o pregledu i kvarovi"},"content":{"rendered":"\n<p>Glavna svrha izvje\u0161\u0107a o pregledu je osigurati da voza\u010di provjere stanje vozila i prijave sve probleme prilikom preuzimanja vozila od drugog voza\u010da ili iz gara\u017ee.  <\/p>\n\n<ul class=\"wp-block-list\"><li><strong>Izrada<\/strong> : Izvje\u0161\u0107e o inspekciji treba unaprijed izraditi dispe\u010der pomo\u0107u TT2. <a href=\"https:\/\/www.fmsdocumentation.com\/vehicle-inspection-report\/\" data-type=\"URL\" data-id=\"https:\/\/www.fmsdocumentation.com\/vehicle-inspection-report\/\">Ovdje je poveznica<\/a> na rje\u0161enje sa strane TT2.<\/li><\/ul>\n\n<p>Iz OnTrack aplikacije &#8211; Odaberite Izbornik-&gt;Inspekcija:<\/p>\n\n<figure class=\"wp-block-image size-full\"><img loading=\"lazy\" decoding=\"async\" width=\"386\" height=\"837\" src=\"https:\/\/www.fmsdocumentation.com\/wp-content\/uploads\/2025\/03\/Screenshot_20250228_162331_OnTrack-Go.jpg\" alt=\"\" class=\"wp-image-13658\" srcset=\"https:\/\/www.fmsdocumentation.com\/wp-content\/uploads\/2025\/03\/Screenshot_20250228_162331_OnTrack-Go.jpg 386w, https:\/\/www.fmsdocumentation.com\/wp-content\/uploads\/2025\/03\/Screenshot_20250228_162331_OnTrack-Go-138x300.jpg 138w\" sizes=\"auto, (max-width: 386px) 100vw, 386px\" \/><\/figure>\n\n<p>U slu\u010daju da ste dodijelili jedno ili vi\u0161e izvje\u0161\u0107a o inspekciji, vidjet \u0107ete ih na kartici inspekcije:<\/p>\n\n<figure class=\"wp-block-image size-full\"><img loading=\"lazy\" decoding=\"async\" width=\"386\" height=\"837\" src=\"https:\/\/www.fmsdocumentation.com\/wp-content\/uploads\/2025\/03\/Screenshot_20250228_162342_OnTrack-Go.jpg\" alt=\"\" class=\"wp-image-13659\" srcset=\"https:\/\/www.fmsdocumentation.com\/wp-content\/uploads\/2025\/03\/Screenshot_20250228_162342_OnTrack-Go.jpg 386w, https:\/\/www.fmsdocumentation.com\/wp-content\/uploads\/2025\/03\/Screenshot_20250228_162342_OnTrack-Go-138x300.jpg 138w\" sizes=\"auto, (max-width: 386px) 100vw, 386px\" \/><\/figure>\n\n<p>Molimo odaberite i pritisnite Pokreni sada. U sljede\u0107em prozoru vidjet \u0107ete korake koje je pripremio dispe\u010der\/upravitelj voznog parka.   <\/p>\n\n<figure class=\"wp-block-image size-full\"><img loading=\"lazy\" decoding=\"async\" width=\"386\" height=\"837\" src=\"https:\/\/www.fmsdocumentation.com\/wp-content\/uploads\/2025\/03\/Screenshot_20250228_162352_OnTrack-Go.jpg\" alt=\"\" class=\"wp-image-13660\" srcset=\"https:\/\/www.fmsdocumentation.com\/wp-content\/uploads\/2025\/03\/Screenshot_20250228_162352_OnTrack-Go.jpg 386w, https:\/\/www.fmsdocumentation.com\/wp-content\/uploads\/2025\/03\/Screenshot_20250228_162352_OnTrack-Go-138x300.jpg 138w\" sizes=\"auto, (max-width: 386px) 100vw, 386px\" \/><figcaption>Tako\u0111er postoji mogu\u0107nost dodavanja komentara, te prijenosa ili snimanja nove fotografije i prilaganja odgovoru.<\/figcaption><\/figure>\n\n<figure class=\"wp-block-image size-full\"><img loading=\"lazy\" decoding=\"async\" width=\"386\" height=\"837\" src=\"https:\/\/www.fmsdocumentation.com\/wp-content\/uploads\/2025\/03\/Screenshot_20250228_162413_OnTrack-Go.jpg\" alt=\"\" class=\"wp-image-13661\" srcset=\"https:\/\/www.fmsdocumentation.com\/wp-content\/uploads\/2025\/03\/Screenshot_20250228_162413_OnTrack-Go.jpg 386w, https:\/\/www.fmsdocumentation.com\/wp-content\/uploads\/2025\/03\/Screenshot_20250228_162413_OnTrack-Go-138x300.jpg 138w\" sizes=\"auto, (max-width: 386px) 100vw, 386px\" \/><figcaption>Zavr\u0161ni korak &#8211; potpis. Nakon pritiska gumba Zavr\u0161i &#8211; Pregled \u0107e biti zatvoren i nestat \u0107e s popisa u OnTrack aplikaciji. <\/figcaption><\/figure>\n\n<figure class=\"wp-block-image size-medium is-resized\"><img loading=\"lazy\" decoding=\"async\" src=\"https:\/\/www.fmsdocumentation.com\/wp-content\/uploads\/2024\/12\/Screenshot-2024-12-16-at-08.50.21-1-171x300.png\" alt=\"\" class=\"wp-image-13568\" width=\"309\" height=\"542\"\/><figcaption><strong>Registracija kvara<\/strong><br\/> U ovom modulu voza\u010di mogu pregledati sve nerije\u0161ene kvarove za svoje dodijeljeno vozilo. Tako\u0111er imaju mogu\u0107nost registrirati novi kvar, ali ne mogu ure\u0111ivati \u200b\u200bpostoje\u0107e. Dostupna je opcija pregleda za pregled kvarova.  <br\/><br\/><strong>Kako registrirati kvar kao voza\u010d<\/strong> :<br\/> Prvo \u0107ete vidjeti popis prethodno prijavljenih \u0161teta. Pa\u017eljivo ga pregledajte jer je \u0161teta koju ste primijetili mo\u017eda ve\u0107 prijavljena. <br\/><br\/>Ako ne prona\u0111ete o\u0161te\u0107enje na popisu, pritisnite gumb \u201e+\u201d za dodavanje novog slu\u010daja kvara.<br\/> Unesite naziv problema i odaberite vrstu kvara s popisa: Motor, Gume, Karoserija, Elektronika, Staklo ili Ostalo.<br\/><br\/>Napi\u0161ite kratak tekstualni opis o\u0161te\u0107enja. Mo\u017eete prenijeti datoteku ako ste ve\u0107 snimili sliku ili pritisnuti gumb \u201eFotografija\u201d za aktiviranje kamere i snimanje nove slike. Nakon \u0161to zavr\u0161ite, pritisnite \u201eIzradi kvar\u201d.  <br\/><br\/>Va\u0161 \u0107e dispe\u010der biti obavije\u0161ten o kvaru, uklju\u010duju\u0107i kada i gdje je prijavljen te koji ga je voza\u010d ili korisnik OnTrack Goa prijavio.<\/figcaption><\/figure>\n\n<figure class=\"wp-block-image size-medium is-resized\"><img loading=\"lazy\" decoding=\"async\" src=\"https:\/\/www.fmsdocumentation.com\/wp-content\/uploads\/2024\/12\/Screenshot-2024-12-16-at-08.50.48-1-161x300.png\" alt=\"\" class=\"wp-image-13569\" width=\"288\" height=\"537\" srcset=\"https:\/\/www.fmsdocumentation.com\/wp-content\/uploads\/2024\/12\/Screenshot-2024-12-16-at-08.50.48-1-161x300.png 161w, https:\/\/www.fmsdocumentation.com\/wp-content\/uploads\/2024\/12\/Screenshot-2024-12-16-at-08.50.48-1.png 540w\" sizes=\"auto, (max-width: 288px) 100vw, 288px\" \/><\/figure>\n\n<p><\/p>\n","protected":false},"excerpt":{"rendered":"<p>Glavna svrha izvje\u0161\u0107a o pregledu je osigurati da voza\u010di provjere stanje vozila i prijave sve probleme prilikom preuzimanja vozila od drugog voza\u010da ili iz gara\u017ee. Izrada : Izvje\u0161\u0107e o inspekciji treba unaprijed izraditi dispe\u010der pomo\u0107u TT2. Ovdje je poveznica na rje\u0161enje sa strane TT2. Iz OnTrack aplikacije &#8211; Odaberite Izbornik-&gt;Inspekcija: U slu\u010daju da ste dodijelili &hellip; <a href=\"https:\/\/www.fmsdocumentation.com\/hr\/aplikacija-ontrack-go\/izvjesce-o-pregledu-i-kvarovi\/\" class=\"more-link\">Continue reading <span class=\"screen-reader-text\">Izvje\u0161\u0107e o pregledu i kvarovi<\/span><\/a><\/p>\n","protected":false},"author":15,"featured_media":0,"parent":14761,"menu_order":2,"comment_status":"closed","ping_status":"closed","template":"","meta":{"footnotes":""},"class_list":["post-14513","page","type-page","status-publish","hentry"],"_links":{"self":[{"href":"https:\/\/www.fmsdocumentation.com\/hr\/wp-json\/wp\/v2\/pages\/14513","targetHints":{"allow":["GET"]}}],"collection":[{"href":"https:\/\/www.fmsdocumentation.com\/hr\/wp-json\/wp\/v2\/pages"}],"about":[{"href":"https:\/\/www.fmsdocumentation.com\/hr\/wp-json\/wp\/v2\/types\/page"}],"author":[{"embeddable":true,"href":"https:\/\/www.fmsdocumentation.com\/hr\/wp-json\/wp\/v2\/users\/15"}],"replies":[{"embeddable":true,"href":"https:\/\/www.fmsdocumentation.com\/hr\/wp-json\/wp\/v2\/comments?post=14513"}],"version-history":[{"count":1,"href":"https:\/\/www.fmsdocumentation.com\/hr\/wp-json\/wp\/v2\/pages\/14513\/revisions"}],"predecessor-version":[{"id":14534,"href":"https:\/\/www.fmsdocumentation.com\/hr\/wp-json\/wp\/v2\/pages\/14513\/revisions\/14534"}],"up":[{"embeddable":true,"href":"https:\/\/www.fmsdocumentation.com\/hr\/wp-json\/wp\/v2\/pages\/14761"}],"wp:attachment":[{"href":"https:\/\/www.fmsdocumentation.com\/hr\/wp-json\/wp\/v2\/media?parent=14513"}],"curies":[{"name":"wp","href":"https:\/\/api.w.org\/{rel}","templated":true}]}}