{"id":14547,"date":"2025-05-29T13:24:08","date_gmt":"2025-05-29T10:24:08","guid":{"rendered":"https:\/\/www.fmsdocumentation.com\/izvjesce-o-pregledu-vozila\/"},"modified":"2025-05-29T13:24:09","modified_gmt":"2025-05-29T10:24:09","slug":"izvjesce-o-pregledu-vozila","status":"publish","type":"page","link":"https:\/\/www.fmsdocumentation.com\/hr\/izvjesce-o-pregledu-vozila\/","title":{"rendered":"Izvje\u0161\u0107e o pregledu vozila"},"content":{"rendered":"\n<p>Funkcionalnost je osmi\u0161ljena za stvaranje kvarova i prilago\u0111enih upitnika koji se mogu poslati voza\u010du na popunjavanje u aplikaciji Journey i Ontracku.<\/p>\n\n<p>Glavna svrha je osigurati da \u0107e voza\u010di provjeravati stanje vozila i prijaviti probleme kada preuzmu vozilo od drugog voza\u010da.<\/p>\n\n<p>Za omogu\u0107avanje izvje\u0161\u0107a o pregledu vozila i kvarovima, molimo vas da se registrirate za konzultacije i navedete naziv tvrtke i TT2 ID klijenta.<\/p>\n\n<h1 class=\"wp-block-heading\" id=\"Vehicle-inspection-report\">Izvje\u0161\u0107e o pregledu vozila<\/h1>\n\n<h2 class=\"wp-block-heading\" id=\"Create-questionnaire\">Izradi upitnik<\/h2>\n\n<p>Upitnik se mo\u017ee kreirati u modulu za izvje\u0161\u0107e o pregledu vozila:<br\/><\/p>\n\n<figure class=\"wp-block-image size-large\"><img loading=\"lazy\" decoding=\"async\" width=\"1024\" height=\"360\" src=\"https:\/\/www.fmsdocumentation.com\/wp-content\/uploads\/2024\/12\/ca883a57-657e-4862-adf2-f6f8de85cfa0-1024x360.png\" alt=\"\" class=\"wp-image-13582\" srcset=\"https:\/\/www.fmsdocumentation.com\/wp-content\/uploads\/2024\/12\/ca883a57-657e-4862-adf2-f6f8de85cfa0-1024x360.png 1024w, https:\/\/www.fmsdocumentation.com\/wp-content\/uploads\/2024\/12\/ca883a57-657e-4862-adf2-f6f8de85cfa0-300x106.png 300w, https:\/\/www.fmsdocumentation.com\/wp-content\/uploads\/2024\/12\/ca883a57-657e-4862-adf2-f6f8de85cfa0-768x270.png 768w, https:\/\/www.fmsdocumentation.com\/wp-content\/uploads\/2024\/12\/ca883a57-657e-4862-adf2-f6f8de85cfa0-1536x540.png 1536w, https:\/\/www.fmsdocumentation.com\/wp-content\/uploads\/2024\/12\/ca883a57-657e-4862-adf2-f6f8de85cfa0-2048x720.png 2048w\" sizes=\"auto, (max-width: 1024px) 100vw, 1024px\" \/><\/figure>\n\n<p>Postoji mogu\u0107nost dodavanja 3 vrste pitanja:<br\/><\/p>\n\n<ul class=\"wp-block-list\">\n<li><strong>Otvoreno pitanje<\/strong><br\/> Za dodavanje pitanja obavezno ga je kreirati. Voza\u010d koji odgovara morat \u0107e unijeti odgovor ili prenijeti fotografiju. <\/li>\n<\/ul>\n\n<figure class=\"wp-block-image size-full\"><img loading=\"lazy\" decoding=\"async\" width=\"670\" height=\"337\" src=\"https:\/\/www.fmsdocumentation.com\/wp-content\/uploads\/2024\/12\/86d61d94-58cc-4ab6-a803-e823e907f9f0.png\" alt=\"\" class=\"wp-image-13587\" srcset=\"https:\/\/www.fmsdocumentation.com\/wp-content\/uploads\/2024\/12\/86d61d94-58cc-4ab6-a803-e823e907f9f0.png 670w, https:\/\/www.fmsdocumentation.com\/wp-content\/uploads\/2024\/12\/86d61d94-58cc-4ab6-a803-e823e907f9f0-300x151.png 300w\" sizes=\"auto, (max-width: 670px) 100vw, 670px\" \/><\/figure>\n\n<ul class=\"wp-block-list\">\n<li><strong>Pitanje s vi\u0161e odgovora<\/strong><br\/><br\/>Obavezno je unijeti pitanje i mogu\u0107e odgovore prilikom kreiranja. Postoji mogu\u0107nost ozna\u010davanja odgovora o tome koji operater \u017eeli biti obavije\u0161ten (obavijest \u0107e biti vidljiva u popunjenom popisu izvje\u0161\u0107a). Voza\u010d koji odgovara morat \u0107e odabrati odgovor, a dodatno \u0107e imati mogu\u0107nost dodati komentar ili prenijeti fotografiju.  <\/li>\n\n\n\n<li><strong>Pitanje<\/strong> <strong>Da\/Ne<\/strong><br\/> Isto kao i kod vi\u0161estrukih odgovora, ve\u0107 postoje unaprijed definirane opcije (opcije se mogu ure\u0111ivati)<\/li>\n<\/ul>\n\n<figure class=\"wp-block-image size-full\"><img loading=\"lazy\" decoding=\"async\" width=\"668\" height=\"387\" src=\"https:\/\/www.fmsdocumentation.com\/wp-content\/uploads\/2024\/12\/e21a87c1-33bf-4709-a56d-d9b2dfff4dcf-1.png\" alt=\"\" class=\"wp-image-13584\" srcset=\"https:\/\/www.fmsdocumentation.com\/wp-content\/uploads\/2024\/12\/e21a87c1-33bf-4709-a56d-d9b2dfff4dcf-1.png 668w, https:\/\/www.fmsdocumentation.com\/wp-content\/uploads\/2024\/12\/e21a87c1-33bf-4709-a56d-d9b2dfff4dcf-1-300x174.png 300w\" sizes=\"auto, (max-width: 668px) 100vw, 668px\" \/><\/figure>\n\n<ul class=\"wp-block-list\">\n<li><br\/><\/li>\n\n\n\n<li><strong>Pitanje za potpis<\/strong><br\/> Voza\u010d \u0107e morati potpisati prstom.<br\/><\/li>\n<\/ul>\n\n<figure class=\"wp-block-image size-full\"><img loading=\"lazy\" decoding=\"async\" width=\"682\" height=\"222\" src=\"https:\/\/www.fmsdocumentation.com\/wp-content\/uploads\/2024\/12\/6c4f8964-5d77-4010-ade7-7bc1ca8ee60f-1.png\" alt=\"\" class=\"wp-image-13586\" srcset=\"https:\/\/www.fmsdocumentation.com\/wp-content\/uploads\/2024\/12\/6c4f8964-5d77-4010-ade7-7bc1ca8ee60f-1.png 682w, https:\/\/www.fmsdocumentation.com\/wp-content\/uploads\/2024\/12\/6c4f8964-5d77-4010-ade7-7bc1ca8ee60f-1-300x98.png 300w\" sizes=\"auto, (max-width: 682px) 100vw, 682px\" \/><\/figure>\n\n<ul class=\"wp-block-list\">\n<li><strong>Pitanje o kvaru<\/strong><br\/> Voza\u010d \u0107e biti zamoljen da registrira nove kvarove. Kvarovi \u0107e se registrirati kao zasebni entiteti i bit \u0107e vidljivi u izvje\u0161\u0107u i u modulu kvarova.   <\/li>\n<\/ul>\n\n<h2 class=\"wp-block-heading\" id=\"Assign-vehicle\">Dodijeli vozilo<\/h2>\n\n<p>Nakon \u0161to je upitnik kreiran, potrebno je dodijeliti vozila ovom upitniku.<\/p>\n\n<figure class=\"wp-block-image size-large\"><img loading=\"lazy\" decoding=\"async\" width=\"1024\" height=\"379\" src=\"https:\/\/www.fmsdocumentation.com\/wp-content\/uploads\/2024\/12\/assign-1024x379.png\" alt=\"\" class=\"wp-image-13589\" srcset=\"https:\/\/www.fmsdocumentation.com\/wp-content\/uploads\/2024\/12\/assign-1024x379.png 1024w, https:\/\/www.fmsdocumentation.com\/wp-content\/uploads\/2024\/12\/assign-300x111.png 300w, https:\/\/www.fmsdocumentation.com\/wp-content\/uploads\/2024\/12\/assign-768x284.png 768w, https:\/\/www.fmsdocumentation.com\/wp-content\/uploads\/2024\/12\/assign-1536x569.png 1536w, https:\/\/www.fmsdocumentation.com\/wp-content\/uploads\/2024\/12\/assign-2048x758.png 2048w\" sizes=\"auto, (max-width: 1024px) 100vw, 1024px\" \/><\/figure>\n\n<p>Nema ograni\u010denja: isti upitnik mo\u017ee se dodijeliti mnogim objektima, a tako\u0111er jednom objektu mo\u017ee se dodijeliti vi\u0161e upitnika.<\/p>\n\n<h2 class=\"wp-block-heading\" id=\"Fill-questionnaire-in-Journey-app\">Ispunite upitnik u aplikaciji Journey<\/h2>\n\n<h2 class=\"wp-block-heading\" id=\"If-driver-will-assign-vehicle-which-has-assigned-questionnaire-then-driver-will-get-notification-to-fill-report:\">Ako voza\u010d dodijeli vozilo kojem je dodijeljen upitnik, tada \u0107e voza\u010d dobiti obavijest za ispunjavanje izvje\u0161\u0107a:<br\/><\/h2>\n\n<figure class=\"wp-block-image size-full\"><img loading=\"lazy\" decoding=\"async\" width=\"619\" height=\"847\" src=\"https:\/\/www.fmsdocumentation.com\/wp-content\/uploads\/2024\/12\/7d2a40e7-bfd9-421d-bb93-41861b2dcbc5.png\" alt=\"\" class=\"wp-image-13590\" srcset=\"https:\/\/www.fmsdocumentation.com\/wp-content\/uploads\/2024\/12\/7d2a40e7-bfd9-421d-bb93-41861b2dcbc5.png 619w, https:\/\/www.fmsdocumentation.com\/wp-content\/uploads\/2024\/12\/7d2a40e7-bfd9-421d-bb93-41861b2dcbc5-219x300.png 219w\" sizes=\"auto, (max-width: 619px) 100vw, 619px\" \/><\/figure>\n\n<p>Ako je zadnji voza\u010d dodijeljenog automobila bio isti voza\u010d i upitnik je ve\u0107 bio ispunjen, upitnik se ne\u0107e ponovno slati.<\/p>\n\n<p>Voza\u010d \u0107e dobivati \u200b\u200bpitanja jedno po jedno.<\/p>\n\n<figure class=\"wp-block-image size-full\"><img loading=\"lazy\" decoding=\"async\" width=\"614\" height=\"659\" src=\"https:\/\/www.fmsdocumentation.com\/wp-content\/uploads\/2024\/12\/kuku.png\" alt=\"\" class=\"wp-image-13592\" srcset=\"https:\/\/www.fmsdocumentation.com\/wp-content\/uploads\/2024\/12\/kuku.png 614w, https:\/\/www.fmsdocumentation.com\/wp-content\/uploads\/2024\/12\/kuku-280x300.png 280w\" sizes=\"auto, (max-width: 614px) 100vw, 614px\" \/><\/figure>\n\n<p>Obavezno je odabrati odgovor za pitanja s da\/ne i vi\u0161estrukim odgovorima. Obavezno je unijeti odgovor ili prilo\u017eiti fotografiju za otvorena pitanja. <\/p>\n\n<p>Nakon \u0161to upitnik bude ispunjen, bit \u0107e poslan na server.<\/p>\n\n<h2 class=\"wp-block-heading\" id=\"Report-preview\">Pregled izvje\u0161\u0107a<\/h2>\n\n<p>Ispunjena izvje\u0161\u0107a mogu se prona\u0107i u modulu Izvje\u0161\u0107a o pregledu vozila.<\/p>\n\n<figure class=\"wp-block-image size-large\"><img loading=\"lazy\" decoding=\"async\" width=\"1024\" height=\"360\" src=\"https:\/\/www.fmsdocumentation.com\/wp-content\/uploads\/2024\/12\/ca883a57-657e-4862-adf2-f6f8de85cfa0-2-1024x360.png\" alt=\"\" class=\"wp-image-13594\" srcset=\"https:\/\/www.fmsdocumentation.com\/wp-content\/uploads\/2024\/12\/ca883a57-657e-4862-adf2-f6f8de85cfa0-2-1024x360.png 1024w, https:\/\/www.fmsdocumentation.com\/wp-content\/uploads\/2024\/12\/ca883a57-657e-4862-adf2-f6f8de85cfa0-2-300x106.png 300w, https:\/\/www.fmsdocumentation.com\/wp-content\/uploads\/2024\/12\/ca883a57-657e-4862-adf2-f6f8de85cfa0-2-768x270.png 768w, https:\/\/www.fmsdocumentation.com\/wp-content\/uploads\/2024\/12\/ca883a57-657e-4862-adf2-f6f8de85cfa0-2-1536x540.png 1536w, https:\/\/www.fmsdocumentation.com\/wp-content\/uploads\/2024\/12\/ca883a57-657e-4862-adf2-f6f8de85cfa0-2-2048x720.png 2048w\" sizes=\"auto, (max-width: 1024px) 100vw, 1024px\" \/><\/figure>\n\n<p>U ovoj tablici nalaze se informacije o tome tko je i kada ispunio izvje\u0161\u0107e, za koje je vozilo ispunjeno, naziv upitnika i informacije o tome sadr\u017ei li izvje\u0161\u0107e upozorenja. Mogu\u0107nost filtriranja i sortiranja izvje\u0161\u0107a u tablici. <\/p>\n\n<p>Tako\u0111er je dostupan pregled izvje\u0161\u0107a:<\/p>\n\n<figure class=\"wp-block-image size-large\"><img loading=\"lazy\" decoding=\"async\" width=\"1024\" height=\"808\" src=\"https:\/\/www.fmsdocumentation.com\/wp-content\/uploads\/2024\/12\/ca2c5c42-42ee-4ebf-a81b-75725fa6ab05-1024x808.png\" alt=\"\" class=\"wp-image-13595\" srcset=\"https:\/\/www.fmsdocumentation.com\/wp-content\/uploads\/2024\/12\/ca2c5c42-42ee-4ebf-a81b-75725fa6ab05-1024x808.png 1024w, https:\/\/www.fmsdocumentation.com\/wp-content\/uploads\/2024\/12\/ca2c5c42-42ee-4ebf-a81b-75725fa6ab05-300x237.png 300w, https:\/\/www.fmsdocumentation.com\/wp-content\/uploads\/2024\/12\/ca2c5c42-42ee-4ebf-a81b-75725fa6ab05-768x606.png 768w, https:\/\/www.fmsdocumentation.com\/wp-content\/uploads\/2024\/12\/ca2c5c42-42ee-4ebf-a81b-75725fa6ab05.png 1216w\" sizes=\"auto, (max-width: 1024px) 100vw, 1024px\" \/><\/figure>\n\n<p>Postoji mogu\u0107nost pregleda fotografije u punoj veli\u010dini i preuzimanja na ra\u010dunalo:<\/p>\n\n<figure class=\"wp-block-image size-large\"><img loading=\"lazy\" decoding=\"async\" width=\"1024\" height=\"771\" src=\"https:\/\/www.fmsdocumentation.com\/wp-content\/uploads\/2024\/12\/6819f279-212b-426c-8fd9-debe0f211b2b-1024x771.png\" alt=\"\" class=\"wp-image-13596\" srcset=\"https:\/\/www.fmsdocumentation.com\/wp-content\/uploads\/2024\/12\/6819f279-212b-426c-8fd9-debe0f211b2b-1024x771.png 1024w, https:\/\/www.fmsdocumentation.com\/wp-content\/uploads\/2024\/12\/6819f279-212b-426c-8fd9-debe0f211b2b-300x226.png 300w, https:\/\/www.fmsdocumentation.com\/wp-content\/uploads\/2024\/12\/6819f279-212b-426c-8fd9-debe0f211b2b-768x578.png 768w, https:\/\/www.fmsdocumentation.com\/wp-content\/uploads\/2024\/12\/6819f279-212b-426c-8fd9-debe0f211b2b.png 1369w\" sizes=\"auto, (max-width: 1024px) 100vw, 1024px\" \/><\/figure>\n\n<p>Tako\u0111er postoji mogu\u0107nost ispisa izvje\u0161\u0107a.<\/p>\n\n<h1 class=\"wp-block-heading\" id=\"Malfunctions\">Kvarovi<\/h1>\n\n<h2 class=\"wp-block-heading\" id=\"Malfunction-module\">Modul kvara<\/h2>\n\n<figure class=\"wp-block-image size-large\"><img loading=\"lazy\" decoding=\"async\" width=\"1024\" height=\"376\" src=\"https:\/\/www.fmsdocumentation.com\/wp-content\/uploads\/2025\/05\/image-26-1024x376.png\" alt=\"\" class=\"wp-image-14405\" srcset=\"https:\/\/www.fmsdocumentation.com\/wp-content\/uploads\/2025\/05\/image-26-1024x376.png 1024w, https:\/\/www.fmsdocumentation.com\/wp-content\/uploads\/2025\/05\/image-26-300x110.png 300w, https:\/\/www.fmsdocumentation.com\/wp-content\/uploads\/2025\/05\/image-26-768x282.png 768w, https:\/\/www.fmsdocumentation.com\/wp-content\/uploads\/2025\/05\/image-26-1536x564.png 1536w, https:\/\/www.fmsdocumentation.com\/wp-content\/uploads\/2025\/05\/image-26-2048x752.png 2048w\" sizes=\"auto, (max-width: 1024px) 100vw, 1024px\" \/><\/figure>\n\n<p>U modulu kvarova vidljivi su svi kvarovi registrirani u TT2, aplikaciji za putovanje i Ontracku.<\/p>\n\n<p>Postoji mogu\u0107nost filtriranja po imenu, vozilu, datumu registracije, prijavitelju, statusu, vrsti i datumu popravka.<\/p>\n\n<p>Svaki kvar mo\u017ee se pregledati, urediti, komentirati i promijeniti status (NOVO, POPRAVAK, POPRAVLJENO).<\/p>\n\n<p>Postoji mogu\u0107nost registracije novog kvara:<br\/><\/p>\n\n<figure class=\"wp-block-image size-full\"><img loading=\"lazy\" decoding=\"async\" width=\"775\" height=\"759\" src=\"https:\/\/www.fmsdocumentation.com\/wp-content\/uploads\/2025\/05\/image-27.png\" alt=\"\" class=\"wp-image-14406\" srcset=\"https:\/\/www.fmsdocumentation.com\/wp-content\/uploads\/2025\/05\/image-27.png 775w, https:\/\/www.fmsdocumentation.com\/wp-content\/uploads\/2025\/05\/image-27-300x294.png 300w, https:\/\/www.fmsdocumentation.com\/wp-content\/uploads\/2025\/05\/image-27-768x752.png 768w\" sizes=\"auto, (max-width: 775px) 100vw, 775px\" \/><\/figure>\n\n<h2 class=\"wp-block-heading\" id=\"Journey-app\">Aplikacija za putovanje<\/h2>\n\n<p>U aplikaciji Journey postoji modul \u201eKvarovi\u201d<\/p>\n\n<figure class=\"wp-block-image size-full\"><img loading=\"lazy\" decoding=\"async\" width=\"626\" height=\"893\" src=\"https:\/\/www.fmsdocumentation.com\/wp-content\/uploads\/2025\/05\/image-28.png\" alt=\"\" class=\"wp-image-14407\" srcset=\"https:\/\/www.fmsdocumentation.com\/wp-content\/uploads\/2025\/05\/image-28.png 626w, https:\/\/www.fmsdocumentation.com\/wp-content\/uploads\/2025\/05\/image-28-210x300.png 210w\" sizes=\"auto, (max-width: 626px) 100vw, 626px\" \/><\/figure>\n\n<p>U modulu voza\u010d mo\u017ee vidjeti sve neispravljene kvarove za dodijeljeno vozilo. Postoji mogu\u0107nost registracije novog kvara za dodijeljeno vozilo. Postoji mogu\u0107nost pregleda kvara, ure\u0111ivanje nije dopu\u0161teno.  <\/p>\n","protected":false},"excerpt":{"rendered":"<p>Funkcionalnost je osmi\u0161ljena za stvaranje kvarova i prilago\u0111enih upitnika koji se mogu poslati voza\u010du na popunjavanje u aplikaciji Journey i Ontracku. Glavna svrha je osigurati da \u0107e voza\u010di provjeravati stanje vozila i prijaviti probleme kada preuzmu vozilo od drugog voza\u010da. Za omogu\u0107avanje izvje\u0161\u0107a o pregledu vozila i kvarovima, molimo vas da se registrirate za konzultacije &hellip; <a href=\"https:\/\/www.fmsdocumentation.com\/hr\/izvjesce-o-pregledu-vozila\/\" class=\"more-link\">Continue reading <span class=\"screen-reader-text\">Izvje\u0161\u0107e o pregledu vozila<\/span><\/a><\/p>\n","protected":false},"author":15,"featured_media":0,"parent":0,"menu_order":14,"comment_status":"closed","ping_status":"closed","template":"","meta":{"footnotes":""},"class_list":["post-14547","page","type-page","status-publish","hentry"],"_links":{"self":[{"href":"https:\/\/www.fmsdocumentation.com\/hr\/wp-json\/wp\/v2\/pages\/14547","targetHints":{"allow":["GET"]}}],"collection":[{"href":"https:\/\/www.fmsdocumentation.com\/hr\/wp-json\/wp\/v2\/pages"}],"about":[{"href":"https:\/\/www.fmsdocumentation.com\/hr\/wp-json\/wp\/v2\/types\/page"}],"author":[{"embeddable":true,"href":"https:\/\/www.fmsdocumentation.com\/hr\/wp-json\/wp\/v2\/users\/15"}],"replies":[{"embeddable":true,"href":"https:\/\/www.fmsdocumentation.com\/hr\/wp-json\/wp\/v2\/comments?post=14547"}],"version-history":[{"count":1,"href":"https:\/\/www.fmsdocumentation.com\/hr\/wp-json\/wp\/v2\/pages\/14547\/revisions"}],"predecessor-version":[{"id":14578,"href":"https:\/\/www.fmsdocumentation.com\/hr\/wp-json\/wp\/v2\/pages\/14547\/revisions\/14578"}],"wp:attachment":[{"href":"https:\/\/www.fmsdocumentation.com\/hr\/wp-json\/wp\/v2\/media?parent=14547"}],"curies":[{"name":"wp","href":"https:\/\/api.w.org\/{rel}","templated":true}]}}