{"id":14586,"date":"2025-05-29T13:24:12","date_gmt":"2025-05-29T10:24:12","guid":{"rendered":"https:\/\/www.fmsdocumentation.com\/izvjesce-drzava\/"},"modified":"2025-05-29T13:30:43","modified_gmt":"2025-05-29T10:30:43","slug":"izvjesce-drzava","status":"publish","type":"page","link":"https:\/\/www.fmsdocumentation.com\/hr\/izbornik-izvjesca\/izvjesce-drzava\/","title":{"rendered":"Izvje\u0161\u0107e dr\u017eava"},"content":{"rendered":"\n<p><p class=\"note\"><strong>Bilje\u0161ka<\/strong><br\/> Ova izvje\u0161\u0107a dostupna su samo korisnicima s planovima BASIC USA i STANDARD USA.<br\/><\/p><\/p>\n\n<p><p class=\"note\"><strong>Bilje\u0161ka<\/strong><br\/> Aljaska, Havaji i Distrikt Columbia nisu uklju\u010deni u izvje\u0161\u0107e.<br\/><\/p><\/p>\n\n<p><strong>Izvje\u0161\u0107e po dr\u017eavama<\/strong> \u2013 ova vrsta izvje\u0161\u0107a pru\u017ea informacije o aktivnosti vozila u dr\u017eavama Sjedinjenih Ameri\u010dkih Dr\u017eava ili Kanade.<\/p>\n\n<p><strong>Objekti<\/strong> \u2013 s padaju\u0107eg izbornika odaberite objekte za koje \u0107e se generirati izvje\u0161\u0107e.<\/p>\n\n<p>Popis \u0107e tako\u0111er sadr\u017eavati <strong>grupe<\/strong> objekata. Korisnik mo\u017ee odabrati cijelu grupu ozna\u010davanjem potvrdnog okvira ispred grupe ili klikom na gumb <strong>+<\/strong> pro\u0161iriti grupu i vidjeti koji se objekti nalaze u grupi. Da bi sa\u017eeo grupu, korisnik mora kliknuti gumb -. <strong>Pojedina\u010dni objekti mogu se odabrati iz grupe<\/strong> . Va\u017eno je napomenuti da ako je odabran objekt koji je prisutan u nekoliko grupa, bit \u0107e ozna\u010den u svakoj grupi kao \u0161to je prikazano na slici ispod. Ako je odabrana cijela grupa, potvrdni okvir bit \u0107e plav s bijelom kva\u010dicom. Ako je odabran samo dio grupe, grupa \u0107e imati plavi kvadrat u potvrdnom okviru. Korisnik tako\u0111er mo\u017ee koristiti traku za pretra\u017eivanje za brzo pregledavanje velikog popisa objekata i grupa. Sve grupe mogu se odabrati\/poni\u0161titi ozna\u010davanjem potvrdnog okvira pored <strong>Odaberi sve grupe<\/strong> . Broj odabranih objekata i ukupan broj objekata prikazuje se u gornjem desnom kutu popisa.        <\/p>\n\n<figure class=\"wp-block-image is-resized\"><a href=\"https:\/\/www.fmsdocumentation.com\/wp-content\/uploads\/2018\/12\/281.png\"><img loading=\"lazy\" decoding=\"async\" src=\"https:\/\/www.fmsdocumentation.com\/wp-content\/uploads\/2018\/12\/281.png\" alt=\"\" class=\"wp-image-6727\" width=\"532\" height=\"288\" srcset=\"https:\/\/www.fmsdocumentation.com\/wp-content\/uploads\/2018\/12\/281.png 549w, https:\/\/www.fmsdocumentation.com\/wp-content\/uploads\/2018\/12\/281-300x162.png 300w\" sizes=\"auto, (max-width: 532px) 100vw, 532px\" \/><\/a><\/figure>\n\n<p>Istovremeno se mo\u017ee odabrati do 100 objekata.<\/p>\n\n<p><strong>Raspon datuma<\/strong> \u2013 za odabir datuma korisnik mora kliknuti <strong>Odaberi raspon datuma<\/strong> \u010dime \u0107e se otvoriti plo\u010da kalendara. Za odabir po\u010detnog\/zavr\u0161nog datuma korisnik jednostavno mora kliknuti \u017eeljeni datum, a zatim kliknuti suprotni datum. Odabrani dani bit \u0107e ozna\u010deni plavom bojom. Trenutni dan ozna\u010den je malim plavim trokutom u gornjem lijevom kutu tog dana. Ako je odabran (ozna\u010den) trenutni dan, trokut \u0107e postati bijel. Nakon toga korisnik mo\u017ee odrediti od kojeg sata po\u010detnog datuma do kojeg sata zavr\u0161nog datuma \u017eeli se prikazati povijest. Za primjenu promjena kliknite <strong>Primijeni<\/strong> .      <\/p>\n\n<figure class=\"wp-block-image is-resized\"><a href=\"https:\/\/www.fmsdocumentation.com\/wp-content\/uploads\/2017\/04\/136-9.png\"><img loading=\"lazy\" decoding=\"async\" src=\"https:\/\/www.fmsdocumentation.com\/wp-content\/uploads\/2017\/04\/136-9.png\" alt=\"\" class=\"wp-image-1170\" width=\"487\" height=\"468\" srcset=\"https:\/\/www.fmsdocumentation.com\/wp-content\/uploads\/2017\/04\/136-9.png 503w, https:\/\/www.fmsdocumentation.com\/wp-content\/uploads\/2017\/04\/136-9-300x288.png 300w\" sizes=\"auto, (max-width: 487px) 100vw, 487px\" \/><\/a><\/figure>\n\n<p>Minimalno razdoblje je jedan dan. Za odabir jednog dana jednostavno dvaput kliknite lijevu tipku mi\u0161a na \u017eeljeni dan.<br\/> Maksimalno razdoblje je tri mjeseca (90 dana). Ne mo\u017eete odabrati dulje razdoblje.  <\/p>\n\n<p>Zatim korisnik mora konfigurirati <strong>popis stupaca<\/strong> . Ovo izvje\u0161\u0107e uklju\u010divat \u0107e sljede\u0107e parametre odabrane prema zadanim postavkama: <\/p>\n\n<ul class=\"wp-block-list\"><li>Unesite vrijeme \u2013 vrijeme i datum kada je vozilo u\u0161lo u stanje<\/li><li>Naziv dr\u017eave \u2013 naziv savezne dr\u017eave SAD-a\/Kanade<\/li><li>Kilometra\u017ea \u2013 ukupna prije\u0111ena kilometra\u017ea<\/li><\/ul>\n\n<p>Ostali opcionalni parametri koji se mogu odabrati u <strong>popisu stupaca<\/strong> :<\/p>\n\n<ul class=\"wp-block-list\"><li>Vrijeme izlaska \u2013 vrijeme i datum kada je vozilo napustilo dr\u017eavu<\/li><li>Unesite koordinate \u2013 koordinate odakle je unesena dr\u017eava<\/li><li>Izlazne koordinate \u2013 koordinate iz kojih je stanje iza\u0161lo<\/li><li>Uneseno iz \u2013 naziv dr\u017eave iz koje je vozilo u\u0161lo<\/li><li>Izlaz u \u2013 naziv dr\u017eave iz koje je vozilo iza\u0161lo<\/li><li>Radno vrijeme \u2013 vrijeme provedeno na radu u dr\u017eavi<\/li><li>Trajanje praznog hoda \u2013 vrijeme provedeno u praznom hodu u odre\u0111enom stanju<\/li><li>Trajanje zaustavljanja \u2013 vrijeme provedeno zaustavljeno u odre\u0111enom stanju<\/li><li>Potro\u0161eno gorivo \u2013 koli\u010dina potro\u0161enog goriva u litrama<\/li><li>Voza\u010di \u2013 ime voza\u010da<\/li><li>Unesite lokaciju \u2013 adresa s koje je unesena dr\u017eava<\/li><li>Izlazna lokacija \u2013 adresa s koje je iza\u0161ao iz dr\u017eave<\/li><li>Kod dr\u017eave \u2013 kod dr\u017eave (na primjer, Alabama \u2013 AL, Florida \u2013 FL itd.)<\/li><\/ul>\n\n<figure class=\"wp-block-image\"><a href=\"https:\/\/www.fmsdocumentation.com\/wp-content\/uploads\/2020\/12\/456.png\"><img loading=\"lazy\" decoding=\"async\" class=\"alignnone wp-image-10522 \" src=\"https:\/\/www.fmsdocumentation.com\/wp-content\/uploads\/2020\/12\/456-1024x294.png\" alt=\"\" width=\"657\" height=\"188\" srcset=\"https:\/\/www.fmsdocumentation.com\/wp-content\/uploads\/2020\/12\/456-1024x294.png 1024w, https:\/\/www.fmsdocumentation.com\/wp-content\/uploads\/2020\/12\/456-300x86.png 300w, https:\/\/www.fmsdocumentation.com\/wp-content\/uploads\/2020\/12\/456-768x221.png 768w, https:\/\/www.fmsdocumentation.com\/wp-content\/uploads\/2020\/12\/456.png 1217w\" sizes=\"auto, (max-width: 657px) 100vw, 657px\" \/><\/a><\/figure>\n\n<p>Za dovr\u0161etak i generiranje izvje\u0161\u0107a korisnik mora kliknuti gumb <strong>Generiraj<\/strong> . Za otkazivanje izrade izvje\u0161\u0107a korisnik mora kliknuti gumb <strong>Otka\u017ei<\/strong> . <\/p>\n\n<figure class=\"wp-block-image\"><a href=\"https:\/\/www.fmsdocumentation.com\/wp-content\/uploads\/2017\/04\/202.png\"><img loading=\"lazy\" decoding=\"async\" width=\"569\" height=\"79\" src=\"https:\/\/www.fmsdocumentation.com\/wp-content\/uploads\/2017\/04\/202.png\" alt=\"\" class=\"wp-image-398\" srcset=\"https:\/\/www.fmsdocumentation.com\/wp-content\/uploads\/2017\/04\/202.png 569w, https:\/\/www.fmsdocumentation.com\/wp-content\/uploads\/2017\/04\/202-300x42.png 300w\" sizes=\"auto, (max-width: 569px) 100vw, 569px\" \/><\/a><\/figure>\n\n<hr class=\"wp-block-separator\"\/>\n\n<p><div class=\"alignleft\"><a href=\"https:\/\/www.fmsdocumentation.com\/hr\/izbornik-izvjesca\/izvjesce-o-parametrima-preko-ogranicenja\/\" title=\"Izvje\u0161\u0107e o parametrima preko ograni\u010denja\"><span class=\"arrow\">\u2039 &nbsp <\/span> Izvje\u0161\u0107e o parametrima preko ograni\u010denja <\/a><\/div> <div class=\"alignright\"><a href=\"https:\/\/www.fmsdocumentation.com\/hr\/izbornik-izvjesca\/izvjesce-o-temperaturama\/\" title=\"Izvje\u0161\u0107e o temperaturama\">Izvje\u0161\u0107e o temperaturama <span class=\"arrow\"> &nbsp\u203a <\/span> <\/a><\/div><\/p>\n","protected":false},"excerpt":{"rendered":"<p>Bilje\u0161ka Ova izvje\u0161\u0107a dostupna su samo korisnicima s planovima BASIC USA i STANDARD USA. Bilje\u0161ka Aljaska, Havaji i Distrikt Columbia nisu uklju\u010deni u izvje\u0161\u0107e. Izvje\u0161\u0107e po dr\u017eavama \u2013 ova vrsta izvje\u0161\u0107a pru\u017ea informacije o aktivnosti vozila u dr\u017eavama Sjedinjenih Ameri\u010dkih Dr\u017eava ili Kanade. Objekti \u2013 s padaju\u0107eg izbornika odaberite objekte za koje \u0107e se generirati &hellip; <a href=\"https:\/\/www.fmsdocumentation.com\/hr\/izbornik-izvjesca\/izvjesce-drzava\/\" class=\"more-link\">Continue reading <span class=\"screen-reader-text\">Izvje\u0161\u0107e dr\u017eava<\/span><\/a><\/p>\n","protected":false},"author":13,"featured_media":0,"parent":15255,"menu_order":10,"comment_status":"closed","ping_status":"closed","template":"","meta":{"footnotes":""},"class_list":["post-14586","page","type-page","status-publish","hentry"],"_links":{"self":[{"href":"https:\/\/www.fmsdocumentation.com\/hr\/wp-json\/wp\/v2\/pages\/14586","targetHints":{"allow":["GET"]}}],"collection":[{"href":"https:\/\/www.fmsdocumentation.com\/hr\/wp-json\/wp\/v2\/pages"}],"about":[{"href":"https:\/\/www.fmsdocumentation.com\/hr\/wp-json\/wp\/v2\/types\/page"}],"author":[{"embeddable":true,"href":"https:\/\/www.fmsdocumentation.com\/hr\/wp-json\/wp\/v2\/users\/13"}],"replies":[{"embeddable":true,"href":"https:\/\/www.fmsdocumentation.com\/hr\/wp-json\/wp\/v2\/comments?post=14586"}],"version-history":[{"count":1,"href":"https:\/\/www.fmsdocumentation.com\/hr\/wp-json\/wp\/v2\/pages\/14586\/revisions"}],"predecessor-version":[{"id":14611,"href":"https:\/\/www.fmsdocumentation.com\/hr\/wp-json\/wp\/v2\/pages\/14586\/revisions\/14611"}],"up":[{"embeddable":true,"href":"https:\/\/www.fmsdocumentation.com\/hr\/wp-json\/wp\/v2\/pages\/15255"}],"wp:attachment":[{"href":"https:\/\/www.fmsdocumentation.com\/hr\/wp-json\/wp\/v2\/media?parent=14586"}],"curies":[{"name":"wp","href":"https:\/\/api.w.org\/{rel}","templated":true}]}}